{"id":420,"date":"2025-06-25T00:59:05","date_gmt":"2025-06-25T00:59:05","guid":{"rendered":"https:\/\/arabpouches.com\/?post_type=product&#038;p=420"},"modified":"2025-09-17T02:29:36","modified_gmt":"2025-09-17T02:29:36","slug":"x-summer-dive-slim-extra-strong-9-6-mg-pouch","status":"publish","type":"product","link":"https:\/\/arabpouches.com\/fr\/x-summer-dive-slim-extra-strong-9-6-mg-pouch\/","title":{"rendered":"X Summer Dive Slim Extra Strong"},"content":{"rendered":"<p data-pm-slice=\"1 1 []\"><span>D\u00e9couvrez une sensation vibrante et fruit\u00e9e avec X Summer Dive Slim Extra Strong - un sachet de nicotine sans tabac de Skruf Snus sous la marque X. Ce produit offre une exp\u00e9rience gustative audacieuse et rafra\u00eechissante sans tabac, ce qui en fait un choix id\u00e9al pour ceux qui recherchent un go\u00fbt fruit\u00e9 distinct.<\/span><\/p>\n<p><span>Intensit\u00e9 et saveur de la nicotine<\/span><\/p>\n<p><span>X Summer Dive Slim Extra Strong appartient \u00e0 la cat\u00e9gorie des sachets de nicotine blanche et pr\u00e9sente une saveur fruit\u00e9e et rafra\u00eechissante inspir\u00e9e de la past\u00e8que sal\u00e9e, qui rappelle l'\u00e9t\u00e9. Avec une teneur en nicotine de 15 mg par gramme et de 9,6 mg par portion, ce sachet au format mince procure un effet nicotinique fort et durable.<\/span><\/p>\n<p><span>D\u00e9tails du produit :<\/span><\/p>\n<ul data-spread=\"false\">\n<li>\n<p><span><strong>Saveur :<\/strong><\/span><span> Fruit\u00e9 (past\u00e8que sal\u00e9e)<\/span><\/p>\n<\/li>\n<li>\n<p><span><strong>Nicotine par gramme :<\/strong><\/span><span> 15 mg\/g<\/span><\/p>\n<\/li>\n<li>\n<p><span><strong>Nicotine par portion :<\/strong><\/span><span> 9,6 mg<\/span><\/p>\n<\/li>\n<li>\n<p><span><strong>Sachets par bo\u00eete :<\/strong><\/span><span> 24 pi\u00e8ces<\/span><\/p>\n<\/li>\n<li>\n<p><span><strong>Format :<\/strong><\/span><span> Mince<\/span><\/p>\n<\/li>\n<li>\n<p><span><strong>Fabricant :<\/strong><\/span><span> Skruf Snus<\/span><\/p>\n<\/li>\n<\/ul>\n<p><span>\u00c0 propos de X<\/span><\/p>\n<p><span>X est une marque de Skruf Snus, sp\u00e9cialis\u00e9e dans les produits snus blancs qui contiennent de la nicotine mais pas de tabac. La ligne de produits X se concentre sur l'innovation, offrant une vari\u00e9t\u00e9 de saveurs uniques et des ingr\u00e9dients de haute qualit\u00e9 pour am\u00e9liorer l'exp\u00e9rience de la nicotine.<\/span><\/p>\n<p><span>D\u00e9couvrez d'autres produits X et trouvez votre bonheur !<\/span><\/p>","protected":false},"excerpt":{"rendered":"<p data-pm-slice=\"1 1 []\"><span>D\u00e9couvrez une sensation vibrante et fruit\u00e9e avec X Summer Dive Slim Extra Strong - un sachet de nicotine sans tabac de Skruf Snus sous la marque X. Ce produit offre une exp\u00e9rience gustative audacieuse et rafra\u00eechissante sans tabac, ce qui en fait un choix id\u00e9al pour ceux qui recherchent un go\u00fbt fruit\u00e9 distinct.<\/span><\/p>\n<p><span>Intensit\u00e9 et saveur de la nicotine<\/span><\/p>\n<p><span>X Summer Dive Slim Extra Strong appartient \u00e0 la cat\u00e9gorie des sachets de nicotine blanche et pr\u00e9sente une saveur fruit\u00e9e et rafra\u00eechissante inspir\u00e9e de la past\u00e8que sal\u00e9e, qui rappelle l'\u00e9t\u00e9. Avec une teneur en nicotine de 15 mg par gramme et de 9,6 mg par portion, ce sachet au format mince procure un effet nicotinique fort et durable.<\/span><\/p>\n<p><span>D\u00e9tails du produit :<\/span><\/p>\n<ul data-spread=\"false\">\n<li>\n<p><span><strong>Saveur :<\/strong><\/span><span> Fruit\u00e9 (past\u00e8que sal\u00e9e)<\/span><\/p>\n<\/li>\n<li>\n<p><span><strong>Nicotine par gramme :<\/strong><\/span><span> 15 mg\/g<\/span><\/p>\n<\/li>\n<li>\n<p><span><strong>Nicotine par portion :<\/strong><\/span><span> 9,6 mg<\/span><\/p>\n<\/li>\n<li>\n<p><span><strong>Sachets par bo\u00eete :<\/strong><\/span><span> 24 pi\u00e8ces<\/span><\/p>\n<\/li>\n<li>\n<p><span><strong>Format :<\/strong><\/span><span> Mince<\/span><\/p>\n<\/li>\n<li>\n<p><span><strong>Fabricant :<\/strong><\/span><span> Skruf Snus<\/span><\/p>\n<\/li>\n<\/ul>\n<p><span>\u00c0 propos de X<\/span><\/p>\n<p><span>X est une marque de Skruf Snus, sp\u00e9cialis\u00e9e dans les produits snus blancs qui contiennent de la nicotine mais pas de tabac. La ligne de produits X se concentre sur l'innovation, offrant une vari\u00e9t\u00e9 de saveurs uniques et des ingr\u00e9dients de haute qualit\u00e9 pour am\u00e9liorer l'exp\u00e9rience de la nicotine.<\/span><\/p>\n<p><span>D\u00e9couvrez d'autres produits X et trouvez votre bonheur !<\/span><\/p>","protected":false},"featured_media":475,"template":"","meta":[],"product_brand":[279],"product_cat":[99],"product_tag":[170],"class_list":{"0":"post-420","1":"product","2":"type-product","3":"status-publish","4":"has-post-thumbnail","6":"product_brand-zone-x","7":"product_cat-zone-x","8":"product_tag-regular-6-12mg","10":"first","11":"outofstock","12":"sale","13":"shipping-taxable","14":"purchasable","15":"product-type-simple"},"yoast_head":"<!-- This site is optimized with the Yoast SEO Premium plugin v25.9 (Yoast SEO v26.0) - https:\/\/yoast.com\/wordpress\/plugins\/seo\/ -->\n<title>X Summer Dive Slim Extra Strong - Arab Pouches<\/title>\n<meta name=\"robots\" content=\"index, follow, max-snippet:-1, max-image-preview:large, max-video-preview:-1\" \/>\n<link rel=\"canonical\" href=\"https:\/\/arabpouches.com\/fr\/x-summer-dive-slim-extra-strong-9-6-mg-pouch\/\" \/>\n<meta property=\"og:locale\" content=\"fr_FR\" \/>\n<meta property=\"og:type\" content=\"article\" \/>\n<meta property=\"og:title\" content=\"X Summer Dive Slim Extra Strong\" \/>\n<meta property=\"og:description\" content=\"Experience a vibrant and fruity sensation with X Summer Dive Slim Extra Strong \u2013 a tobacco-free nicotine pouch from Skruf Snus under the X brand. This product offers a bold and refreshing flavor experience without any tobacco, making it an ideal choice for those seeking a distinct fruit-infused taste. Nicotine Strength &amp; Flavor X Summer Dive Slim Extra Strong belongs to the white nicotine pouch category and features a refreshing fruity flavor inspired by salty watermelon, reminiscent of summer. With a nicotine content of 15 mg per gram and 9.6 mg per portion, this slim-format pouch provides a strong and lasting nicotine effect. Product Details:  Flavor: Fruity (salty watermelon)  Nicotine per gram: 15 mg\/g  Nicotine per portion: 9.6 mg  Pouches per can: 24 pcs  Format: Slim  Manufacturer: Skruf Snus  About X X is a brand under Skruf Snus, specializing in white snus products that contain nicotine but no tobacco. The X product line focuses on innovation, offering a variety of unique flavors and high-quality ingredients to enhance the nicotine experience. Discover more X products and find your perfect match!\" \/>\n<meta property=\"og:url\" content=\"https:\/\/arabpouches.com\/fr\/x-summer-dive-slim-extra-strong-9-6-mg-pouch\/\" \/>\n<meta property=\"og:site_name\" content=\"Arab Pouches\" \/>\n<meta property=\"article:modified_time\" content=\"2025-09-17T02:29:36+00:00\" \/>\n<meta property=\"og:image\" content=\"https:\/\/arabpouches.com\/wp-content\/uploads\/2025\/06\/zone-x-summer-dive-slim-extra-strong.png\" \/>\n\t<meta property=\"og:image:width\" content=\"555\" \/>\n\t<meta property=\"og:image:height\" content=\"555\" \/>\n\t<meta property=\"og:image:type\" content=\"image\/png\" \/>\n<meta name=\"twitter:card\" content=\"summary_large_image\" \/>\n<meta name=\"twitter:label1\" content=\"Prix\" \/>\n\t<meta name=\"twitter:data1\" content=\"&#036;7.90\" \/>\n\t<meta name=\"twitter:label2\" content=\"Disponibilit\u00e9\" \/>\n\t<meta name=\"twitter:data2\" content=\"Rupture de stock\" \/>\n<script type=\"application\/ld+json\" class=\"yoast-schema-graph\">{\"@context\":\"https:\/\/schema.org\",\"@graph\":[{\"@type\":\"WebPage\",\"@id\":\"https:\/\/arabpouches.com\/x-summer-dive-slim-extra-strong-9-6-mg-pouch\/\",\"url\":\"https:\/\/arabpouches.com\/x-summer-dive-slim-extra-strong-9-6-mg-pouch\/\",\"name\":\"X Summer Dive Slim Extra Strong - Arab Pouches\",\"isPartOf\":{\"@id\":\"https:\/\/arabpouches.com\/#website\"},\"primaryImageOfPage\":{\"@id\":\"https:\/\/arabpouches.com\/x-summer-dive-slim-extra-strong-9-6-mg-pouch\/#primaryimage\"},\"image\":{\"@id\":\"https:\/\/arabpouches.com\/x-summer-dive-slim-extra-strong-9-6-mg-pouch\/#primaryimage\"},\"thumbnailUrl\":\"https:\/\/arabpouches.com\/wp-content\/uploads\/2025\/06\/zone-x-summer-dive-slim-extra-strong.png\",\"datePublished\":\"2025-06-25T00:59:05+00:00\",\"dateModified\":\"2025-09-17T02:29:36+00:00\",\"breadcrumb\":{\"@id\":\"https:\/\/arabpouches.com\/x-summer-dive-slim-extra-strong-9-6-mg-pouch\/#breadcrumb\"},\"inLanguage\":\"fr-FR\",\"potentialAction\":[{\"@type\":\"ReadAction\",\"target\":[\"https:\/\/arabpouches.com\/x-summer-dive-slim-extra-strong-9-6-mg-pouch\/\"]}]},{\"@type\":\"ImageObject\",\"inLanguage\":\"fr-FR\",\"@id\":\"https:\/\/arabpouches.com\/x-summer-dive-slim-extra-strong-9-6-mg-pouch\/#primaryimage\",\"url\":\"https:\/\/arabpouches.com\/wp-content\/uploads\/2025\/06\/zone-x-summer-dive-slim-extra-strong.png\",\"contentUrl\":\"https:\/\/arabpouches.com\/wp-content\/uploads\/2025\/06\/zone-x-summer-dive-slim-extra-strong.png\",\"width\":555,\"height\":555},{\"@type\":\"BreadcrumbList\",\"@id\":\"https:\/\/arabpouches.com\/x-summer-dive-slim-extra-strong-9-6-mg-pouch\/#breadcrumb\",\"itemListElement\":[{\"@type\":\"ListItem\",\"position\":1,\"name\":\"Home\",\"item\":\"https:\/\/arabpouches.com\/\"},{\"@type\":\"ListItem\",\"position\":2,\"name\":\"Shop\",\"item\":\"https:\/\/arabpouches.com\/shop\/\"},{\"@type\":\"ListItem\",\"position\":3,\"name\":\"X Summer Dive Slim Extra Strong\"}]},{\"@type\":\"WebSite\",\"@id\":\"https:\/\/arabpouches.com\/#website\",\"url\":\"https:\/\/arabpouches.com\/\",\"name\":\"arabpouches.com\",\"description\":\"Nicotine Pouches Middle East\",\"publisher\":{\"@id\":\"https:\/\/arabpouches.com\/#organization\"},\"potentialAction\":[{\"@type\":\"SearchAction\",\"target\":{\"@type\":\"EntryPoint\",\"urlTemplate\":\"https:\/\/arabpouches.com\/?s={search_term_string}\"},\"query-input\":{\"@type\":\"PropertyValueSpecification\",\"valueRequired\":true,\"valueName\":\"search_term_string\"}}],\"inLanguage\":\"fr-FR\"},{\"@type\":\"Organization\",\"@id\":\"https:\/\/arabpouches.com\/#organization\",\"name\":\"Arab Pouches\",\"url\":\"https:\/\/arabpouches.com\/\",\"logo\":{\"@type\":\"ImageObject\",\"inLanguage\":\"fr-FR\",\"@id\":\"https:\/\/arabpouches.com\/#\/schema\/logo\/image\/\",\"url\":\"https:\/\/arabpouches.com\/wp-content\/uploads\/2025\/06\/cropped-Untitled-design-100.png\",\"contentUrl\":\"https:\/\/arabpouches.com\/wp-content\/uploads\/2025\/06\/cropped-Untitled-design-100.png\",\"width\":512,\"height\":512,\"caption\":\"Arab Pouches\"},\"image\":{\"@id\":\"https:\/\/arabpouches.com\/#\/schema\/logo\/image\/\"},\"hasMerchantReturnPolicy\":{\"@type\":\"MerchantReturnPolicy\",\"merchantReturnLink\":\"https:\/\/arabpouches.com\/fr\/politique-de-remboursement-et-de-retour\/\"}}]}<\/script>\n<meta property=\"product:brand\" content=\"ZONE X\" \/>\n<meta property=\"product:price:amount\" content=\"7.90\" \/>\n<meta property=\"product:price:currency\" content=\"USD\" \/>\n<meta property=\"og:availability\" content=\"out of stock\" \/>\n<meta property=\"product:availability\" content=\"out of stock\" \/>\n<meta property=\"product:retailer_item_id\" content=\"X-9.6M-SUM\" \/>\n<meta property=\"product:condition\" content=\"new\" \/>\n<!-- \/ Yoast SEO Premium plugin. -->","yoast_head_json":{"title":"X Summer Dive Slim Extra Strong - Pochettes arabes","robots":{"index":"index","follow":"follow","max-snippet":"max-snippet:-1","max-image-preview":"max-image-preview:large","max-video-preview":"max-video-preview:-1"},"canonical":"https:\/\/arabpouches.com\/fr\/x-summer-dive-slim-extra-strong-9-6-mg-pouch\/","og_locale":"fr_FR","og_type":"article","og_title":"X Summer Dive Slim Extra Strong","og_description":"Experience a vibrant and fruity sensation with X Summer Dive Slim Extra Strong \u2013 a tobacco-free nicotine pouch from Skruf Snus under the X brand. This product offers a bold and refreshing flavor experience without any tobacco, making it an ideal choice for those seeking a distinct fruit-infused taste. Nicotine Strength &amp; Flavor X Summer Dive Slim Extra Strong belongs to the white nicotine pouch category and features a refreshing fruity flavor inspired by salty watermelon, reminiscent of summer. With a nicotine content of 15 mg per gram and 9.6 mg per portion, this slim-format pouch provides a strong and lasting nicotine effect. Product Details:  Flavor: Fruity (salty watermelon)  Nicotine per gram: 15 mg\/g  Nicotine per portion: 9.6 mg  Pouches per can: 24 pcs  Format: Slim  Manufacturer: Skruf Snus  About X X is a brand under Skruf Snus, specializing in white snus products that contain nicotine but no tobacco. The X product line focuses on innovation, offering a variety of unique flavors and high-quality ingredients to enhance the nicotine experience. Discover more X products and find your perfect match!","og_url":"https:\/\/arabpouches.com\/fr\/x-summer-dive-slim-extra-strong-9-6-mg-pouch\/","og_site_name":"Arab Pouches","article_modified_time":"2025-09-17T02:29:36+00:00","og_image":[{"width":555,"height":555,"url":"https:\/\/arabpouches.com\/wp-content\/uploads\/2025\/06\/zone-x-summer-dive-slim-extra-strong.png","type":"image\/png"}],"twitter_card":"summary_large_image","twitter_misc":{"Prix":"&#36;7.90","Disponibilit\u00e9":"Rupture de stock"},"schema":{"@context":"https:\/\/schema.org","@graph":[{"@type":"WebPage","@id":"https:\/\/arabpouches.com\/x-summer-dive-slim-extra-strong-9-6-mg-pouch\/","url":"https:\/\/arabpouches.com\/x-summer-dive-slim-extra-strong-9-6-mg-pouch\/","name":"X Summer Dive Slim Extra Strong - Pochettes arabes","isPartOf":{"@id":"https:\/\/arabpouches.com\/#website"},"primaryImageOfPage":{"@id":"https:\/\/arabpouches.com\/x-summer-dive-slim-extra-strong-9-6-mg-pouch\/#primaryimage"},"image":{"@id":"https:\/\/arabpouches.com\/x-summer-dive-slim-extra-strong-9-6-mg-pouch\/#primaryimage"},"thumbnailUrl":"https:\/\/arabpouches.com\/wp-content\/uploads\/2025\/06\/zone-x-summer-dive-slim-extra-strong.png","datePublished":"2025-06-25T00:59:05+00:00","dateModified":"2025-09-17T02:29:36+00:00","breadcrumb":{"@id":"https:\/\/arabpouches.com\/x-summer-dive-slim-extra-strong-9-6-mg-pouch\/#breadcrumb"},"inLanguage":"fr-FR","potentialAction":[{"@type":"ReadAction","target":["https:\/\/arabpouches.com\/x-summer-dive-slim-extra-strong-9-6-mg-pouch\/"]}]},{"@type":"ImageObject","inLanguage":"fr-FR","@id":"https:\/\/arabpouches.com\/x-summer-dive-slim-extra-strong-9-6-mg-pouch\/#primaryimage","url":"https:\/\/arabpouches.com\/wp-content\/uploads\/2025\/06\/zone-x-summer-dive-slim-extra-strong.png","contentUrl":"https:\/\/arabpouches.com\/wp-content\/uploads\/2025\/06\/zone-x-summer-dive-slim-extra-strong.png","width":555,"height":555},{"@type":"BreadcrumbList","@id":"https:\/\/arabpouches.com\/x-summer-dive-slim-extra-strong-9-6-mg-pouch\/#breadcrumb","itemListElement":[{"@type":"ListItem","position":1,"name":"Home","item":"https:\/\/arabpouches.com\/"},{"@type":"ListItem","position":2,"name":"Shop","item":"https:\/\/arabpouches.com\/shop\/"},{"@type":"ListItem","position":3,"name":"X Summer Dive Slim Extra Strong"}]},{"@type":"WebSite","@id":"https:\/\/arabpouches.com\/#website","url":"https:\/\/arabpouches.com\/","name":"arabpouches.com","description":"Sachets de nicotine Moyen-Orient","publisher":{"@id":"https:\/\/arabpouches.com\/#organization"},"potentialAction":[{"@type":"SearchAction","target":{"@type":"EntryPoint","urlTemplate":"https:\/\/arabpouches.com\/?s={search_term_string}"},"query-input":{"@type":"PropertyValueSpecification","valueRequired":true,"valueName":"search_term_string"}}],"inLanguage":"fr-FR"},{"@type":"Organization","@id":"https:\/\/arabpouches.com\/#organization","name":"Pochettes arabes","url":"https:\/\/arabpouches.com\/","logo":{"@type":"ImageObject","inLanguage":"fr-FR","@id":"https:\/\/arabpouches.com\/#\/schema\/logo\/image\/","url":"https:\/\/arabpouches.com\/wp-content\/uploads\/2025\/06\/cropped-Untitled-design-100.png","contentUrl":"https:\/\/arabpouches.com\/wp-content\/uploads\/2025\/06\/cropped-Untitled-design-100.png","width":512,"height":512,"caption":"Arab Pouches"},"image":{"@id":"https:\/\/arabpouches.com\/#\/schema\/logo\/image\/"},"hasMerchantReturnPolicy":{"@type":"MerchantReturnPolicy","merchantReturnLink":"https:\/\/arabpouches.com\/fr\/politique-de-remboursement-et-de-retour\/"}}]},"product_brand":"ZONE X","product_price_amount":"7.90","product_price_currency":"USD","og_availability":"out of stock","product_availability":"out of stock","product_retailer_item_id":"X-9.6M-SUM","product_condition":"new"},"_links":{"self":[{"href":"https:\/\/arabpouches.com\/fr\/wp-json\/wp\/v2\/product\/420","targetHints":{"allow":["GET"]}}],"collection":[{"href":"https:\/\/arabpouches.com\/fr\/wp-json\/wp\/v2\/product"}],"about":[{"href":"https:\/\/arabpouches.com\/fr\/wp-json\/wp\/v2\/types\/product"}],"wp:featuredmedia":[{"embeddable":true,"href":"https:\/\/arabpouches.com\/fr\/wp-json\/wp\/v2\/media\/475"}],"wp:attachment":[{"href":"https:\/\/arabpouches.com\/fr\/wp-json\/wp\/v2\/media?parent=420"}],"wp:term":[{"taxonomy":"product_brand","embeddable":true,"href":"https:\/\/arabpouches.com\/fr\/wp-json\/wp\/v2\/product_brand?post=420"},{"taxonomy":"product_cat","embeddable":true,"href":"https:\/\/arabpouches.com\/fr\/wp-json\/wp\/v2\/product_cat?post=420"},{"taxonomy":"product_tag","embeddable":true,"href":"https:\/\/arabpouches.com\/fr\/wp-json\/wp\/v2\/product_tag?post=420"}],"curies":[{"name":"wp","href":"https:\/\/api.w.org\/{rel}","templated":true}]}}