{"id":417,"date":"2025-06-25T00:59:05","date_gmt":"2025-06-25T00:59:05","guid":{"rendered":"https:\/\/arabpouches.com\/?post_type=product&#038;p=417"},"modified":"2025-09-17T02:29:37","modified_gmt":"2025-09-17T02:29:37","slug":"x-cosmic-blast-slim-extra-strong-10-mg-pouch","status":"publish","type":"product","link":"https:\/\/arabpouches.com\/fr\/x-cosmic-blast-slim-extra-strong-10-mg-pouch\/","title":{"rendered":"X Cosmic Blast Slim Extra Strong"},"content":{"rendered":"<p data-pm-slice=\"1 1 []\"><span>D\u00e9couvrez une sensation audacieuse et savoureuse avec X Cosmic Blast Slim Extra Strong - un sachet de nicotine sans tabac de Skruf Snus. Ce produit fait partie de la gamme X All White, qui offre une exp\u00e9rience nicotinique moderne et innovante sans tabac. Avec des notes de baies rouges et de vanille, X Cosmic Blast Slim Extra Strong offre un go\u00fbt riche et doux combin\u00e9 \u00e0 un kick de nicotine extra fort.<\/span><\/p>\n<p><span>Teneur en nicotine<\/span><\/p>\n<p><span>X Cosmic Blast Slim Extra Strong est class\u00e9 comme Extra Strong, contenant 15 mg de nicotine par gramme et 10 mg par portion. Con\u00e7ue dans un format mince, elle assure une tenue confortable et discr\u00e8te sous la l\u00e8vre. Chaque bo\u00eete contient 24 portions fines.<\/span><\/p>\n<p><span>D\u00e9tails du produit :<\/span><\/p>\n<ul data-spread=\"false\">\n<li>\n<p><span><strong>Saveur :<\/strong><\/span><span> Baies rouges et vanille<\/span><\/p>\n<\/li>\n<li>\n<p><span><strong>Nicotine par gramme :<\/strong><\/span><span> 15 mg\/g<\/span><\/p>\n<\/li>\n<li>\n<p><span><strong>Nicotine par portion :<\/strong><\/span><span> 10 mg<\/span><\/p>\n<\/li>\n<li>\n<p><span><strong>Sachets par bo\u00eete :<\/strong><\/span><span> 24 pi\u00e8ces<\/span><\/p>\n<\/li>\n<li>\n<p><span><strong>Format :<\/strong><\/span><span> Mince<\/span><\/p>\n<\/li>\n<li>\n<p><span><strong>Fabricant :<\/strong><\/span><span> Skruf Snus<\/span><\/p>\n<\/li>\n<\/ul>\n<p><span>Ingr\u00e9dients<\/span><\/p>\n<p><span>Ce produit est compos\u00e9 de fibres v\u00e9g\u00e9tales, d'eau, d'humectant (E422), d'ar\u00f4mes, de sel, de nicotine, de salmiak, de r\u00e9gulateurs d'acidit\u00e9 (E500) et d'\u00e9dulcorants (E950). Les ingr\u00e9dients soigneusement s\u00e9lectionn\u00e9s garantissent une exp\u00e9rience gustative \u00e9quilibr\u00e9e et durable.<\/span><\/p>\n<p><span>D\u00e9couvrez d'autres produits X et trouvez votre bonheur !<\/span><\/p>","protected":false},"excerpt":{"rendered":"<p data-pm-slice=\"1 1 []\"><span>D\u00e9couvrez une sensation audacieuse et savoureuse avec X Cosmic Blast Slim Extra Strong - un sachet de nicotine sans tabac de Skruf Snus. Ce produit fait partie de la gamme X All White, qui offre une exp\u00e9rience nicotinique moderne et innovante sans tabac. Avec des notes de baies rouges et de vanille, X Cosmic Blast Slim Extra Strong offre un go\u00fbt riche et doux combin\u00e9 \u00e0 un kick de nicotine extra fort.<\/span><\/p>\n<p><span>Teneur en nicotine<\/span><\/p>\n<p><span>X Cosmic Blast Slim Extra Strong est class\u00e9 comme Extra Strong, contenant 15 mg de nicotine par gramme et 10 mg par portion. Con\u00e7ue dans un format mince, elle assure une tenue confortable et discr\u00e8te sous la l\u00e8vre. Chaque bo\u00eete contient 24 portions fines.<\/span><\/p>\n<p><span>D\u00e9tails du produit :<\/span><\/p>\n<ul data-spread=\"false\">\n<li>\n<p><span><strong>Saveur :<\/strong><\/span><span> Baies rouges et vanille<\/span><\/p>\n<\/li>\n<li>\n<p><span><strong>Nicotine par gramme :<\/strong><\/span><span> 15 mg\/g<\/span><\/p>\n<\/li>\n<li>\n<p><span><strong>Nicotine par portion :<\/strong><\/span><span> 10 mg<\/span><\/p>\n<\/li>\n<li>\n<p><span><strong>Sachets par bo\u00eete :<\/strong><\/span><span> 24 pi\u00e8ces<\/span><\/p>\n<\/li>\n<li>\n<p><span><strong>Format :<\/strong><\/span><span> Mince<\/span><\/p>\n<\/li>\n<li>\n<p><span><strong>Fabricant :<\/strong><\/span><span> Skruf Snus<\/span><\/p>\n<\/li>\n<\/ul>\n<p><span>Ingr\u00e9dients<\/span><\/p>\n<p><span>Ce produit est compos\u00e9 de fibres v\u00e9g\u00e9tales, d'eau, d'humectant (E422), d'ar\u00f4mes, de sel, de nicotine, de salmiak, de r\u00e9gulateurs d'acidit\u00e9 (E500) et d'\u00e9dulcorants (E950). Les ingr\u00e9dients soigneusement s\u00e9lectionn\u00e9s garantissent une exp\u00e9rience gustative \u00e9quilibr\u00e9e et durable.<\/span><\/p>\n<p><span>D\u00e9couvrez d'autres produits X et trouvez votre bonheur !<\/span><\/p>","protected":false},"featured_media":472,"template":"","meta":[],"product_brand":[279],"product_cat":[99],"product_tag":[170],"class_list":{"0":"post-417","1":"product","2":"type-product","3":"status-publish","4":"has-post-thumbnail","6":"product_brand-zone-x","7":"product_cat-zone-x","8":"product_tag-regular-6-12mg","10":"first","11":"outofstock","12":"sale","13":"shipping-taxable","14":"purchasable","15":"product-type-simple"},"yoast_head":"<!-- This site is optimized with the Yoast SEO Premium plugin v25.9 (Yoast SEO v26.0) - https:\/\/yoast.com\/wordpress\/plugins\/seo\/ -->\n<title>X Cosmic Blast Slim Extra Strong - Arab Pouches<\/title>\n<meta name=\"robots\" content=\"index, follow, max-snippet:-1, max-image-preview:large, max-video-preview:-1\" \/>\n<link rel=\"canonical\" href=\"https:\/\/arabpouches.com\/fr\/x-cosmic-blast-slim-extra-strong-10-mg-pouch\/\" \/>\n<meta property=\"og:locale\" content=\"fr_FR\" \/>\n<meta property=\"og:type\" content=\"article\" \/>\n<meta property=\"og:title\" content=\"X Cosmic Blast Slim Extra Strong\" \/>\n<meta property=\"og:description\" content=\"Experience a bold and flavorful sensation with X Cosmic Blast Slim Extra Strong \u2013 a tobacco-free nicotine pouch from Skruf Snus. This product is part of the X All White range, offering a modern and innovative nicotine experience without tobacco. With notes of red berries and vanilla, X Cosmic Blast Slim Extra Strong delivers a rich and smooth taste combined with an extra-strong nicotine kick. Nicotine Strength &amp; Content X Cosmic Blast Slim Extra Strong is classified as Extra Strong, containing 15 mg of nicotine per gram and 10 mg per portion. Designed in a slim format, it ensures a comfortable and discreet fit under the lip. Each can contains 24 slim portions. Product Details:  Flavor: Red berries &amp; vanilla  Nicotine per gram: 15 mg\/g  Nicotine per portion: 10 mg  Pouches per can: 24 pcs  Format: Slim  Manufacturer: Skruf Snus  Ingredients This product consists of plant fibers, water, humectant (E422), flavorings, salt, nicotine, salmiak, acidity regulators (E500), and sweeteners (E950). The carefully curated ingredients ensure a well-balanced and long-lasting flavor experience. Discover more X products and find your perfect match!\" \/>\n<meta property=\"og:url\" content=\"https:\/\/arabpouches.com\/fr\/x-cosmic-blast-slim-extra-strong-10-mg-pouch\/\" \/>\n<meta property=\"og:site_name\" content=\"Arab Pouches\" \/>\n<meta property=\"article:modified_time\" content=\"2025-09-17T02:29:37+00:00\" \/>\n<meta property=\"og:image\" content=\"https:\/\/arabpouches.com\/wp-content\/uploads\/2025\/06\/zone-x-cosmic-blast-slim-extra-strong.png\" \/>\n\t<meta property=\"og:image:width\" content=\"555\" \/>\n\t<meta property=\"og:image:height\" content=\"555\" \/>\n\t<meta property=\"og:image:type\" content=\"image\/png\" \/>\n<meta name=\"twitter:card\" content=\"summary_large_image\" \/>\n<meta name=\"twitter:label1\" content=\"Prix\" \/>\n\t<meta name=\"twitter:data1\" content=\"&#036;7.90\" \/>\n\t<meta name=\"twitter:label2\" content=\"Disponibilit\u00e9\" \/>\n\t<meta name=\"twitter:data2\" content=\"Rupture de stock\" \/>\n<script type=\"application\/ld+json\" class=\"yoast-schema-graph\">{\"@context\":\"https:\/\/schema.org\",\"@graph\":[{\"@type\":\"WebPage\",\"@id\":\"https:\/\/arabpouches.com\/x-cosmic-blast-slim-extra-strong-10-mg-pouch\/\",\"url\":\"https:\/\/arabpouches.com\/x-cosmic-blast-slim-extra-strong-10-mg-pouch\/\",\"name\":\"X Cosmic Blast Slim Extra Strong - Arab Pouches\",\"isPartOf\":{\"@id\":\"https:\/\/arabpouches.com\/#website\"},\"primaryImageOfPage\":{\"@id\":\"https:\/\/arabpouches.com\/x-cosmic-blast-slim-extra-strong-10-mg-pouch\/#primaryimage\"},\"image\":{\"@id\":\"https:\/\/arabpouches.com\/x-cosmic-blast-slim-extra-strong-10-mg-pouch\/#primaryimage\"},\"thumbnailUrl\":\"https:\/\/arabpouches.com\/wp-content\/uploads\/2025\/06\/zone-x-cosmic-blast-slim-extra-strong.png\",\"datePublished\":\"2025-06-25T00:59:05+00:00\",\"dateModified\":\"2025-09-17T02:29:37+00:00\",\"breadcrumb\":{\"@id\":\"https:\/\/arabpouches.com\/x-cosmic-blast-slim-extra-strong-10-mg-pouch\/#breadcrumb\"},\"inLanguage\":\"fr-FR\",\"potentialAction\":[{\"@type\":\"ReadAction\",\"target\":[\"https:\/\/arabpouches.com\/x-cosmic-blast-slim-extra-strong-10-mg-pouch\/\"]}]},{\"@type\":\"ImageObject\",\"inLanguage\":\"fr-FR\",\"@id\":\"https:\/\/arabpouches.com\/x-cosmic-blast-slim-extra-strong-10-mg-pouch\/#primaryimage\",\"url\":\"https:\/\/arabpouches.com\/wp-content\/uploads\/2025\/06\/zone-x-cosmic-blast-slim-extra-strong.png\",\"contentUrl\":\"https:\/\/arabpouches.com\/wp-content\/uploads\/2025\/06\/zone-x-cosmic-blast-slim-extra-strong.png\",\"width\":555,\"height\":555},{\"@type\":\"BreadcrumbList\",\"@id\":\"https:\/\/arabpouches.com\/x-cosmic-blast-slim-extra-strong-10-mg-pouch\/#breadcrumb\",\"itemListElement\":[{\"@type\":\"ListItem\",\"position\":1,\"name\":\"Home\",\"item\":\"https:\/\/arabpouches.com\/\"},{\"@type\":\"ListItem\",\"position\":2,\"name\":\"Shop\",\"item\":\"https:\/\/arabpouches.com\/shop\/\"},{\"@type\":\"ListItem\",\"position\":3,\"name\":\"X Cosmic Blast Slim Extra Strong\"}]},{\"@type\":\"WebSite\",\"@id\":\"https:\/\/arabpouches.com\/#website\",\"url\":\"https:\/\/arabpouches.com\/\",\"name\":\"arabpouches.com\",\"description\":\"Nicotine Pouches Middle East\",\"publisher\":{\"@id\":\"https:\/\/arabpouches.com\/#organization\"},\"potentialAction\":[{\"@type\":\"SearchAction\",\"target\":{\"@type\":\"EntryPoint\",\"urlTemplate\":\"https:\/\/arabpouches.com\/?s={search_term_string}\"},\"query-input\":{\"@type\":\"PropertyValueSpecification\",\"valueRequired\":true,\"valueName\":\"search_term_string\"}}],\"inLanguage\":\"fr-FR\"},{\"@type\":\"Organization\",\"@id\":\"https:\/\/arabpouches.com\/#organization\",\"name\":\"Arab Pouches\",\"url\":\"https:\/\/arabpouches.com\/\",\"logo\":{\"@type\":\"ImageObject\",\"inLanguage\":\"fr-FR\",\"@id\":\"https:\/\/arabpouches.com\/#\/schema\/logo\/image\/\",\"url\":\"https:\/\/arabpouches.com\/wp-content\/uploads\/2025\/06\/cropped-Untitled-design-100.png\",\"contentUrl\":\"https:\/\/arabpouches.com\/wp-content\/uploads\/2025\/06\/cropped-Untitled-design-100.png\",\"width\":512,\"height\":512,\"caption\":\"Arab Pouches\"},\"image\":{\"@id\":\"https:\/\/arabpouches.com\/#\/schema\/logo\/image\/\"},\"hasMerchantReturnPolicy\":{\"@type\":\"MerchantReturnPolicy\",\"merchantReturnLink\":\"https:\/\/arabpouches.com\/fr\/politique-de-remboursement-et-de-retour\/\"}}]}<\/script>\n<meta property=\"product:brand\" content=\"ZONE X\" \/>\n<meta property=\"product:price:amount\" content=\"7.90\" \/>\n<meta property=\"product:price:currency\" content=\"USD\" \/>\n<meta property=\"og:availability\" content=\"out of stock\" \/>\n<meta property=\"product:availability\" content=\"out of stock\" \/>\n<meta property=\"product:retailer_item_id\" content=\"X-10M-COS\" \/>\n<meta property=\"product:condition\" content=\"new\" \/>\n<!-- \/ Yoast SEO Premium plugin. -->","yoast_head_json":{"title":"X Cosmic Blast Slim Extra Strong - Sachets Arabes","robots":{"index":"index","follow":"follow","max-snippet":"max-snippet:-1","max-image-preview":"max-image-preview:large","max-video-preview":"max-video-preview:-1"},"canonical":"https:\/\/arabpouches.com\/fr\/x-cosmic-blast-slim-extra-strong-10-mg-pouch\/","og_locale":"fr_FR","og_type":"article","og_title":"X Cosmic Blast Slim Extra Strong","og_description":"Experience a bold and flavorful sensation with X Cosmic Blast Slim Extra Strong \u2013 a tobacco-free nicotine pouch from Skruf Snus. This product is part of the X All White range, offering a modern and innovative nicotine experience without tobacco. With notes of red berries and vanilla, X Cosmic Blast Slim Extra Strong delivers a rich and smooth taste combined with an extra-strong nicotine kick. Nicotine Strength &amp; Content X Cosmic Blast Slim Extra Strong is classified as Extra Strong, containing 15 mg of nicotine per gram and 10 mg per portion. Designed in a slim format, it ensures a comfortable and discreet fit under the lip. Each can contains 24 slim portions. Product Details:  Flavor: Red berries &amp; vanilla  Nicotine per gram: 15 mg\/g  Nicotine per portion: 10 mg  Pouches per can: 24 pcs  Format: Slim  Manufacturer: Skruf Snus  Ingredients This product consists of plant fibers, water, humectant (E422), flavorings, salt, nicotine, salmiak, acidity regulators (E500), and sweeteners (E950). The carefully curated ingredients ensure a well-balanced and long-lasting flavor experience. Discover more X products and find your perfect match!","og_url":"https:\/\/arabpouches.com\/fr\/x-cosmic-blast-slim-extra-strong-10-mg-pouch\/","og_site_name":"Arab Pouches","article_modified_time":"2025-09-17T02:29:37+00:00","og_image":[{"width":555,"height":555,"url":"https:\/\/arabpouches.com\/wp-content\/uploads\/2025\/06\/zone-x-cosmic-blast-slim-extra-strong.png","type":"image\/png"}],"twitter_card":"summary_large_image","twitter_misc":{"Prix":"&#36;7.90","Disponibilit\u00e9":"Rupture de stock"},"schema":{"@context":"https:\/\/schema.org","@graph":[{"@type":"WebPage","@id":"https:\/\/arabpouches.com\/x-cosmic-blast-slim-extra-strong-10-mg-pouch\/","url":"https:\/\/arabpouches.com\/x-cosmic-blast-slim-extra-strong-10-mg-pouch\/","name":"X Cosmic Blast Slim Extra Strong - Sachets Arabes","isPartOf":{"@id":"https:\/\/arabpouches.com\/#website"},"primaryImageOfPage":{"@id":"https:\/\/arabpouches.com\/x-cosmic-blast-slim-extra-strong-10-mg-pouch\/#primaryimage"},"image":{"@id":"https:\/\/arabpouches.com\/x-cosmic-blast-slim-extra-strong-10-mg-pouch\/#primaryimage"},"thumbnailUrl":"https:\/\/arabpouches.com\/wp-content\/uploads\/2025\/06\/zone-x-cosmic-blast-slim-extra-strong.png","datePublished":"2025-06-25T00:59:05+00:00","dateModified":"2025-09-17T02:29:37+00:00","breadcrumb":{"@id":"https:\/\/arabpouches.com\/x-cosmic-blast-slim-extra-strong-10-mg-pouch\/#breadcrumb"},"inLanguage":"fr-FR","potentialAction":[{"@type":"ReadAction","target":["https:\/\/arabpouches.com\/x-cosmic-blast-slim-extra-strong-10-mg-pouch\/"]}]},{"@type":"ImageObject","inLanguage":"fr-FR","@id":"https:\/\/arabpouches.com\/x-cosmic-blast-slim-extra-strong-10-mg-pouch\/#primaryimage","url":"https:\/\/arabpouches.com\/wp-content\/uploads\/2025\/06\/zone-x-cosmic-blast-slim-extra-strong.png","contentUrl":"https:\/\/arabpouches.com\/wp-content\/uploads\/2025\/06\/zone-x-cosmic-blast-slim-extra-strong.png","width":555,"height":555},{"@type":"BreadcrumbList","@id":"https:\/\/arabpouches.com\/x-cosmic-blast-slim-extra-strong-10-mg-pouch\/#breadcrumb","itemListElement":[{"@type":"ListItem","position":1,"name":"Home","item":"https:\/\/arabpouches.com\/"},{"@type":"ListItem","position":2,"name":"Shop","item":"https:\/\/arabpouches.com\/shop\/"},{"@type":"ListItem","position":3,"name":"X Cosmic Blast Slim Extra Strong"}]},{"@type":"WebSite","@id":"https:\/\/arabpouches.com\/#website","url":"https:\/\/arabpouches.com\/","name":"arabpouches.com","description":"Sachets de nicotine Moyen-Orient","publisher":{"@id":"https:\/\/arabpouches.com\/#organization"},"potentialAction":[{"@type":"SearchAction","target":{"@type":"EntryPoint","urlTemplate":"https:\/\/arabpouches.com\/?s={search_term_string}"},"query-input":{"@type":"PropertyValueSpecification","valueRequired":true,"valueName":"search_term_string"}}],"inLanguage":"fr-FR"},{"@type":"Organization","@id":"https:\/\/arabpouches.com\/#organization","name":"Pochettes arabes","url":"https:\/\/arabpouches.com\/","logo":{"@type":"ImageObject","inLanguage":"fr-FR","@id":"https:\/\/arabpouches.com\/#\/schema\/logo\/image\/","url":"https:\/\/arabpouches.com\/wp-content\/uploads\/2025\/06\/cropped-Untitled-design-100.png","contentUrl":"https:\/\/arabpouches.com\/wp-content\/uploads\/2025\/06\/cropped-Untitled-design-100.png","width":512,"height":512,"caption":"Arab Pouches"},"image":{"@id":"https:\/\/arabpouches.com\/#\/schema\/logo\/image\/"},"hasMerchantReturnPolicy":{"@type":"MerchantReturnPolicy","merchantReturnLink":"https:\/\/arabpouches.com\/fr\/politique-de-remboursement-et-de-retour\/"}}]},"product_brand":"ZONE X","product_price_amount":"7.90","product_price_currency":"USD","og_availability":"out of stock","product_availability":"out of stock","product_retailer_item_id":"X-10M-COS","product_condition":"new"},"_links":{"self":[{"href":"https:\/\/arabpouches.com\/fr\/wp-json\/wp\/v2\/product\/417","targetHints":{"allow":["GET"]}}],"collection":[{"href":"https:\/\/arabpouches.com\/fr\/wp-json\/wp\/v2\/product"}],"about":[{"href":"https:\/\/arabpouches.com\/fr\/wp-json\/wp\/v2\/types\/product"}],"wp:featuredmedia":[{"embeddable":true,"href":"https:\/\/arabpouches.com\/fr\/wp-json\/wp\/v2\/media\/472"}],"wp:attachment":[{"href":"https:\/\/arabpouches.com\/fr\/wp-json\/wp\/v2\/media?parent=417"}],"wp:term":[{"taxonomy":"product_brand","embeddable":true,"href":"https:\/\/arabpouches.com\/fr\/wp-json\/wp\/v2\/product_brand?post=417"},{"taxonomy":"product_cat","embeddable":true,"href":"https:\/\/arabpouches.com\/fr\/wp-json\/wp\/v2\/product_cat?post=417"},{"taxonomy":"product_tag","embeddable":true,"href":"https:\/\/arabpouches.com\/fr\/wp-json\/wp\/v2\/product_tag?post=417"}],"curies":[{"name":"wp","href":"https:\/\/api.w.org\/{rel}","templated":true}]}}