{"id":359,"date":"2025-06-25T00:56:23","date_gmt":"2025-06-25T00:56:23","guid":{"rendered":"https:\/\/arabpouches.com\/?post_type=product&#038;p=359"},"modified":"2025-09-17T02:20:55","modified_gmt":"2025-09-17T02:20:55","slug":"ace-x-guarana-chili-boost","status":"publish","type":"product","link":"https:\/\/arabpouches.com\/fr\/ace-x-guarana-chili-boost\/","title":{"rendered":"ACE X Guarana Chili Boost"},"content":{"rendered":"<p data-start=\"0\" data-end=\"210\"><strong data-start=\"0\" data-end=\"29\">ACE X Guarana Chili Boost<\/strong> de <strong data-start=\"35\" data-end=\"55\">Minist\u00e8re du Snus<\/strong> offre une exp\u00e9rience audacieuse et ardente, en combinant le <strong data-start=\"108\" data-end=\"139\">go\u00fbt \u00e9nergisant du guarana<\/strong>-qu'on ne trouve que dans les boissons \u00e9nergisantes- avec le <strong data-start=\"181\" data-end=\"207\">le piquant du habanero<\/strong>.<\/p>\n<p data-start=\"212\" data-end=\"473\">Ce produit appartient \u00e0 la cat\u00e9gorie <strong data-start=\"240\" data-end=\"253\">Tout blanc<\/strong> \u00e9galement connu sous le nom de sachets de nicotine ou de snus blanc. Il est <strong data-start=\"316\" data-end=\"343\">sans tabac<\/strong> tout en contenant de la nicotine. Les sachets sont dot\u00e9s d'un <strong data-start=\"396\" data-end=\"411\">Format \u00e9troit<\/strong>, offrant une <strong data-start=\"424\" data-end=\"456\">un ajustement confortable et discret<\/strong> sous la l\u00e8vre.<\/p>\n<h3 data-start=\"475\" data-end=\"504\"><strong data-start=\"479\" data-end=\"502\">Saveur et exp\u00e9rience<\/strong><\/h3>\n<p data-start=\"505\" data-end=\"736\">L'ACE X Guarana Chili Boost d\u00e9livre une <strong data-start=\"542\" data-end=\"591\">fusion unique de guarana fruit\u00e9 et de piment fort<\/strong>, cr\u00e9ant ainsi une <strong data-start=\"604\" data-end=\"641\">sensation stimulante et intense<\/strong>. Les sachets assurent <strong data-start=\"662\" data-end=\"689\">lib\u00e9ration r\u00e9guli\u00e8re de nicotine<\/strong>L'effet est fort et durable.<\/p>\n<h3 data-start=\"738\" data-end=\"763\"><strong data-start=\"742\" data-end=\"761\">D\u00e9tails du produit<\/strong><\/h3>\n<ul data-start=\"764\" data-end=\"1044\">\n<li data-start=\"764\" data-end=\"798\">\n<strong data-start=\"766\" data-end=\"779\">La force :<\/strong> 4 (Extra fort)<\/li>\n<li data-start=\"799\" data-end=\"822\">\n<strong data-start=\"801\" data-end=\"810\">Type :<\/strong> Tout blanc<\/li>\n<li data-start=\"823\" data-end=\"843\">\n<strong data-start=\"825\" data-end=\"836\">Format :<\/strong> Mince<\/li>\n<li data-start=\"844\" data-end=\"878\">\n<strong data-start=\"846\" data-end=\"857\">Saveur :<\/strong> Guarana et Habanero<\/li>\n<li data-start=\"879\" data-end=\"909\">\n<strong data-start=\"881\" data-end=\"902\">Teneur en nicotine :<\/strong> 1.6%<\/li>\n<li data-start=\"910\" data-end=\"944\">\n<strong data-start=\"912\" data-end=\"935\">Nicotine par sachet :<\/strong> 9,6 mg<\/li>\n<li data-start=\"945\" data-end=\"976\">\n<strong data-start=\"947\" data-end=\"968\">Poids par pochette :<\/strong> 0.6 g<\/li>\n<li data-start=\"977\" data-end=\"1016\">\n<strong data-start=\"979\" data-end=\"1009\">Poids total du snus par bo\u00eete :<\/strong> 12 g<\/li>\n<li data-start=\"1017\" data-end=\"1044\">\n<strong data-start=\"1019\" data-end=\"1039\">Sachets par bo\u00eete :<\/strong> 20<\/li>\n<\/ul>\n<h3 data-start=\"1046\" data-end=\"1082\"><strong data-start=\"1050\" data-end=\"1080\">Un coup de fouet ardent et \u00e9nergisant<\/strong><\/h3>\n<p data-start=\"1083\" data-end=\"1304\">Con\u00e7ue pour ceux qui appr\u00e9cient une <strong data-start=\"1114\" data-end=\"1139\">puissant coup de nicotine<\/strong>L'ACE X Guarana Chili Boost se d\u00e9marque par sa <strong data-start=\"1187\" data-end=\"1229\">caract\u00e8re \u00e9pic\u00e9 et go\u00fbt vivifiant<\/strong>-Parfait pour les utilisateurs qui recherchent quelque chose de plus que les saveurs traditionnelles de menthe.<\/p>\n<h3 data-start=\"1306\" data-end=\"1327\"><strong data-start=\"1310\" data-end=\"1325\">Ingr\u00e9dients<\/strong><\/h3>\n<p data-start=\"1328\" data-end=\"1469\">Fibre, eau, agents aromatiques, \u00e9rythritol, xylitol, r\u00e9gulateurs d'acidit\u00e9, agents \u00e9paississants, \u00e9dulcorants, chlorure de sodium et conservateurs.<\/p>\n<p data-start=\"1471\" data-end=\"1553\" data-is-last-node=\"\" data-is-only-node=\"\">Explorer le <strong data-start=\"1483\" data-end=\"1508\">Collection compl\u00e8te ACE X<\/strong> pour plus d'informations <strong data-start=\"1518\" data-end=\"1552\">des saveurs intenses et innovantes<\/strong>!<\/p>","protected":false},"excerpt":{"rendered":"<p data-start=\"0\" data-end=\"210\"><strong data-start=\"0\" data-end=\"29\">ACE X Guarana Chili Boost<\/strong> de <strong data-start=\"35\" data-end=\"55\">Minist\u00e8re du Snus<\/strong> offre une exp\u00e9rience audacieuse et ardente, en combinant le <strong data-start=\"108\" data-end=\"139\">go\u00fbt \u00e9nergisant du guarana<\/strong>-qu'on ne trouve que dans les boissons \u00e9nergisantes- avec le <strong data-start=\"181\" data-end=\"207\">le piquant du habanero<\/strong>.<\/p>\n<p data-start=\"212\" data-end=\"473\">Ce produit appartient \u00e0 la cat\u00e9gorie <strong data-start=\"240\" data-end=\"253\">Tout blanc<\/strong> \u00e9galement connu sous le nom de sachets de nicotine ou de snus blanc. Il est <strong data-start=\"316\" data-end=\"343\">sans tabac<\/strong> tout en contenant de la nicotine. Les sachets sont dot\u00e9s d'un <strong data-start=\"396\" data-end=\"411\">Format \u00e9troit<\/strong>, offrant une <strong data-start=\"424\" data-end=\"456\">un ajustement confortable et discret<\/strong> sous la l\u00e8vre.<\/p>\n<h3 data-start=\"475\" data-end=\"504\"><strong data-start=\"479\" data-end=\"502\">Saveur et exp\u00e9rience<\/strong><\/h3>\n<p data-start=\"505\" data-end=\"736\">L'ACE X Guarana Chili Boost d\u00e9livre une <strong data-start=\"542\" data-end=\"591\">fusion unique de guarana fruit\u00e9 et de piment fort<\/strong>, cr\u00e9ant ainsi une <strong data-start=\"604\" data-end=\"641\">sensation stimulante et intense<\/strong>. Les sachets assurent <strong data-start=\"662\" data-end=\"689\">lib\u00e9ration r\u00e9guli\u00e8re de nicotine<\/strong>L'effet est fort et durable.<\/p>\n<h3 data-start=\"738\" data-end=\"763\"><strong data-start=\"742\" data-end=\"761\">D\u00e9tails du produit<\/strong><\/h3>\n<ul data-start=\"764\" data-end=\"1044\">\n<li data-start=\"764\" data-end=\"798\">\n<strong data-start=\"766\" data-end=\"779\">La force :<\/strong> 4 (Extra fort)<\/li>\n<li data-start=\"799\" data-end=\"822\">\n<strong data-start=\"801\" data-end=\"810\">Type :<\/strong> Tout blanc<\/li>\n<li data-start=\"823\" data-end=\"843\">\n<strong data-start=\"825\" data-end=\"836\">Format :<\/strong> Mince<\/li>\n<li data-start=\"844\" data-end=\"878\">\n<strong data-start=\"846\" data-end=\"857\">Saveur :<\/strong> Guarana et Habanero<\/li>\n<li data-start=\"879\" data-end=\"909\">\n<strong data-start=\"881\" data-end=\"902\">Teneur en nicotine :<\/strong> 1.6%<\/li>\n<li data-start=\"910\" data-end=\"944\">\n<strong data-start=\"912\" data-end=\"935\">Nicotine par sachet :<\/strong> 9,6 mg<\/li>\n<li data-start=\"945\" data-end=\"976\">\n<strong data-start=\"947\" data-end=\"968\">Poids par pochette :<\/strong> 0.6 g<\/li>\n<li data-start=\"977\" data-end=\"1016\">\n<strong data-start=\"979\" data-end=\"1009\">Poids total du snus par bo\u00eete :<\/strong> 12 g<\/li>\n<li data-start=\"1017\" data-end=\"1044\">\n<strong data-start=\"1019\" data-end=\"1039\">Sachets par bo\u00eete :<\/strong> 20<\/li>\n<\/ul>\n<h3 data-start=\"1046\" data-end=\"1082\"><strong data-start=\"1050\" data-end=\"1080\">Un coup de fouet ardent et \u00e9nergisant<\/strong><\/h3>\n<p data-start=\"1083\" data-end=\"1304\">Con\u00e7ue pour ceux qui appr\u00e9cient une <strong data-start=\"1114\" data-end=\"1139\">puissant coup de nicotine<\/strong>L'ACE X Guarana Chili Boost se d\u00e9marque par sa <strong data-start=\"1187\" data-end=\"1229\">caract\u00e8re \u00e9pic\u00e9 et go\u00fbt vivifiant<\/strong>-Parfait pour les utilisateurs qui recherchent quelque chose de plus que les saveurs traditionnelles de menthe.<\/p>\n<h3 data-start=\"1306\" data-end=\"1327\"><strong data-start=\"1310\" data-end=\"1325\">Ingr\u00e9dients<\/strong><\/h3>\n<p data-start=\"1328\" data-end=\"1469\">Fibre, eau, agents aromatiques, \u00e9rythritol, xylitol, r\u00e9gulateurs d'acidit\u00e9, agents \u00e9paississants, \u00e9dulcorants, chlorure de sodium et conservateurs.<\/p>\n<p data-start=\"1471\" data-end=\"1553\" data-is-last-node=\"\" data-is-only-node=\"\">Explorer le <strong data-start=\"1483\" data-end=\"1508\">Collection compl\u00e8te ACE X<\/strong> pour plus d'informations <strong data-start=\"1518\" data-end=\"1552\">des saveurs intenses et innovantes<\/strong>!<\/p>","protected":false},"featured_media":415,"template":"","meta":[],"product_brand":[264],"product_cat":[87],"product_tag":[171],"class_list":{"0":"post-359","1":"product","2":"type-product","3":"status-publish","4":"has-post-thumbnail","6":"product_brand-ace","7":"product_cat-ace","8":"product_tag-strong-12-20mg","10":"first","11":"instock","12":"sale","13":"shipping-taxable","14":"purchasable","15":"product-type-simple"},"yoast_head":"<!-- This site is optimized with the Yoast SEO Premium plugin v25.9 (Yoast SEO v27.4) - https:\/\/yoast.com\/product\/yoast-seo-premium-wordpress\/ -->\n<title>ACE X Guarana Chili Boost - Arab Pouches<\/title>\n<meta name=\"description\" content=\"Try ACE x Guarana Chili Boost\ud83c\udf36\ufe0ffrom Aces Collection of Super White Premium Nicotine Pouches\" \/>\n<meta name=\"robots\" content=\"index, follow, max-snippet:-1, max-image-preview:large, max-video-preview:-1\" \/>\n<link rel=\"canonical\" href=\"https:\/\/arabpouches.com\/fr\/ace-x-guarana-chili-boost\/\" \/>\n<meta property=\"og:locale\" content=\"fr_FR\" \/>\n<meta property=\"og:type\" content=\"article\" \/>\n<meta property=\"og:title\" content=\"ACE X Guarana Chili Boost\" \/>\n<meta property=\"og:description\" content=\"Try ACE x Guarana Chili Boost\ud83c\udf36\ufe0ffrom Aces Collection of Super White Premium Nicotine Pouches\" \/>\n<meta property=\"og:url\" content=\"https:\/\/arabpouches.com\/fr\/ace-x-guarana-chili-boost\/\" \/>\n<meta property=\"og:site_name\" content=\"Arab Pouches\" \/>\n<meta property=\"article:modified_time\" content=\"2025-09-17T02:20:55+00:00\" \/>\n<meta property=\"og:image\" content=\"https:\/\/arabpouches.com\/wp-content\/uploads\/2025\/06\/372_ee5652fb28-6199_ace-x-guarana-chili-boost-original.png\" \/>\n\t<meta property=\"og:image:width\" content=\"800\" \/>\n\t<meta property=\"og:image:height\" content=\"800\" \/>\n\t<meta property=\"og:image:type\" content=\"image\/png\" \/>\n<meta name=\"twitter:card\" content=\"summary_large_image\" \/>\n<meta name=\"twitter:label1\" content=\"Prix\" \/>\n\t<meta name=\"twitter:data1\" content=\"&#036;7.90\" \/>\n\t<meta name=\"twitter:label2\" content=\"Disponibilit\u00e9\" \/>\n\t<meta name=\"twitter:data2\" content=\"En stock\" \/>\n<script type=\"application\/ld+json\" class=\"yoast-schema-graph\">{\"@context\":\"https:\\\/\\\/schema.org\",\"@graph\":[{\"@type\":\"WebPage\",\"@id\":\"https:\\\/\\\/arabpouches.com\\\/ace-x-guarana-chili-boost\\\/\",\"url\":\"https:\\\/\\\/arabpouches.com\\\/ace-x-guarana-chili-boost\\\/\",\"name\":\"ACE X Guarana Chili Boost - Arab Pouches\",\"isPartOf\":{\"@id\":\"https:\\\/\\\/arabpouches.com\\\/#website\"},\"primaryImageOfPage\":{\"@id\":\"https:\\\/\\\/arabpouches.com\\\/ace-x-guarana-chili-boost\\\/#primaryimage\"},\"image\":{\"@id\":\"https:\\\/\\\/arabpouches.com\\\/ace-x-guarana-chili-boost\\\/#primaryimage\"},\"thumbnailUrl\":\"https:\\\/\\\/arabpouches.com\\\/wp-content\\\/uploads\\\/2025\\\/06\\\/372_ee5652fb28-6199_ace-x-guarana-chili-boost-original.png\",\"datePublished\":\"2025-06-25T00:56:23+00:00\",\"dateModified\":\"2025-09-17T02:20:55+00:00\",\"description\":\"Try ACE x Guarana Chili Boost\ud83c\udf36\ufe0ffrom Aces Collection of Super White Premium Nicotine Pouches\",\"breadcrumb\":{\"@id\":\"https:\\\/\\\/arabpouches.com\\\/ace-x-guarana-chili-boost\\\/#breadcrumb\"},\"inLanguage\":\"fr-FR\",\"potentialAction\":[{\"@type\":\"ReadAction\",\"target\":[\"https:\\\/\\\/arabpouches.com\\\/ace-x-guarana-chili-boost\\\/\"]}]},{\"@type\":\"ImageObject\",\"inLanguage\":\"fr-FR\",\"@id\":\"https:\\\/\\\/arabpouches.com\\\/ace-x-guarana-chili-boost\\\/#primaryimage\",\"url\":\"https:\\\/\\\/arabpouches.com\\\/wp-content\\\/uploads\\\/2025\\\/06\\\/372_ee5652fb28-6199_ace-x-guarana-chili-boost-original.png\",\"contentUrl\":\"https:\\\/\\\/arabpouches.com\\\/wp-content\\\/uploads\\\/2025\\\/06\\\/372_ee5652fb28-6199_ace-x-guarana-chili-boost-original.png\",\"width\":800,\"height\":800},{\"@type\":\"BreadcrumbList\",\"@id\":\"https:\\\/\\\/arabpouches.com\\\/ace-x-guarana-chili-boost\\\/#breadcrumb\",\"itemListElement\":[{\"@type\":\"ListItem\",\"position\":1,\"name\":\"Home\",\"item\":\"https:\\\/\\\/arabpouches.com\\\/\"},{\"@type\":\"ListItem\",\"position\":2,\"name\":\"Shop\",\"item\":\"https:\\\/\\\/arabpouches.com\\\/shop\\\/\"},{\"@type\":\"ListItem\",\"position\":3,\"name\":\"ACE X Guarana Chili Boost\"}]},{\"@type\":\"WebSite\",\"@id\":\"https:\\\/\\\/arabpouches.com\\\/#website\",\"url\":\"https:\\\/\\\/arabpouches.com\\\/\",\"name\":\"arabpouches.com\",\"description\":\"Nicotine Pouches Middle East\",\"publisher\":{\"@id\":\"https:\\\/\\\/arabpouches.com\\\/#organization\"},\"potentialAction\":[{\"@type\":\"SearchAction\",\"target\":{\"@type\":\"EntryPoint\",\"urlTemplate\":\"https:\\\/\\\/arabpouches.com\\\/?s={search_term_string}\"},\"query-input\":{\"@type\":\"PropertyValueSpecification\",\"valueRequired\":true,\"valueName\":\"search_term_string\"}}],\"inLanguage\":\"fr-FR\"},{\"@type\":\"Organization\",\"@id\":\"https:\\\/\\\/arabpouches.com\\\/#organization\",\"name\":\"Arab Pouches\",\"url\":\"https:\\\/\\\/arabpouches.com\\\/\",\"logo\":{\"@type\":\"ImageObject\",\"inLanguage\":\"fr-FR\",\"@id\":\"https:\\\/\\\/arabpouches.com\\\/#\\\/schema\\\/logo\\\/image\\\/\",\"url\":\"https:\\\/\\\/arabpouches.com\\\/wp-content\\\/uploads\\\/2025\\\/06\\\/cropped-Untitled-design-100.png\",\"contentUrl\":\"https:\\\/\\\/arabpouches.com\\\/wp-content\\\/uploads\\\/2025\\\/06\\\/cropped-Untitled-design-100.png\",\"width\":512,\"height\":512,\"caption\":\"Arab Pouches\"},\"image\":{\"@id\":\"https:\\\/\\\/arabpouches.com\\\/#\\\/schema\\\/logo\\\/image\\\/\"},\"hasMerchantReturnPolicy\":{\"@type\":\"MerchantReturnPolicy\",\"merchantReturnLink\":\"https:\\\/\\\/arabpouches.com\\\/fr\\\/politique-de-remboursement-et-de-retour\\\/\"}}]}<\/script>\n<meta property=\"product:brand\" content=\"ACE\" \/>\n<meta property=\"product:price:amount\" content=\"7.90\" \/>\n<meta property=\"product:price:currency\" content=\"USD\" \/>\n<meta property=\"og:availability\" content=\"instock\" \/>\n<meta property=\"product:availability\" content=\"instock\" \/>\n<meta property=\"product:retailer_item_id\" content=\"ACE-8M-CHILI\" \/>\n<meta property=\"product:condition\" content=\"new\" \/>\n<!-- \/ Yoast SEO Premium plugin. -->","yoast_head_json":{"title":"ACE X Guarana Chili Boost - Sachets Arabes","description":"Essayez ACE x Guarana Chili Boost\ud83c\udf36\ufe0ffrom Collection Aces de sachets de nicotine Super White Premium","robots":{"index":"index","follow":"follow","max-snippet":"max-snippet:-1","max-image-preview":"max-image-preview:large","max-video-preview":"max-video-preview:-1"},"canonical":"https:\/\/arabpouches.com\/fr\/ace-x-guarana-chili-boost\/","og_locale":"fr_FR","og_type":"article","og_title":"ACE X Guarana Chili Boost","og_description":"Try ACE x Guarana Chili Boost\ud83c\udf36\ufe0ffrom Aces Collection of Super White Premium Nicotine Pouches","og_url":"https:\/\/arabpouches.com\/fr\/ace-x-guarana-chili-boost\/","og_site_name":"Arab Pouches","article_modified_time":"2025-09-17T02:20:55+00:00","og_image":[{"width":800,"height":800,"url":"https:\/\/arabpouches.com\/wp-content\/uploads\/2025\/06\/372_ee5652fb28-6199_ace-x-guarana-chili-boost-original.png","type":"image\/png"}],"twitter_card":"summary_large_image","twitter_misc":{"Prix":"&#36;7.90","Disponibilit\u00e9":"En stock"},"schema":{"@context":"https:\/\/schema.org","@graph":[{"@type":"WebPage","@id":"https:\/\/arabpouches.com\/ace-x-guarana-chili-boost\/","url":"https:\/\/arabpouches.com\/ace-x-guarana-chili-boost\/","name":"ACE X Guarana Chili Boost - Sachets Arabes","isPartOf":{"@id":"https:\/\/arabpouches.com\/#website"},"primaryImageOfPage":{"@id":"https:\/\/arabpouches.com\/ace-x-guarana-chili-boost\/#primaryimage"},"image":{"@id":"https:\/\/arabpouches.com\/ace-x-guarana-chili-boost\/#primaryimage"},"thumbnailUrl":"https:\/\/arabpouches.com\/wp-content\/uploads\/2025\/06\/372_ee5652fb28-6199_ace-x-guarana-chili-boost-original.png","datePublished":"2025-06-25T00:56:23+00:00","dateModified":"2025-09-17T02:20:55+00:00","description":"Essayez ACE x Guarana Chili Boost\ud83c\udf36\ufe0ffrom Collection Aces de sachets de nicotine Super White Premium","breadcrumb":{"@id":"https:\/\/arabpouches.com\/ace-x-guarana-chili-boost\/#breadcrumb"},"inLanguage":"fr-FR","potentialAction":[{"@type":"ReadAction","target":["https:\/\/arabpouches.com\/ace-x-guarana-chili-boost\/"]}]},{"@type":"ImageObject","inLanguage":"fr-FR","@id":"https:\/\/arabpouches.com\/ace-x-guarana-chili-boost\/#primaryimage","url":"https:\/\/arabpouches.com\/wp-content\/uploads\/2025\/06\/372_ee5652fb28-6199_ace-x-guarana-chili-boost-original.png","contentUrl":"https:\/\/arabpouches.com\/wp-content\/uploads\/2025\/06\/372_ee5652fb28-6199_ace-x-guarana-chili-boost-original.png","width":800,"height":800},{"@type":"BreadcrumbList","@id":"https:\/\/arabpouches.com\/ace-x-guarana-chili-boost\/#breadcrumb","itemListElement":[{"@type":"ListItem","position":1,"name":"Home","item":"https:\/\/arabpouches.com\/"},{"@type":"ListItem","position":2,"name":"Shop","item":"https:\/\/arabpouches.com\/shop\/"},{"@type":"ListItem","position":3,"name":"ACE X Guarana Chili Boost"}]},{"@type":"WebSite","@id":"https:\/\/arabpouches.com\/#website","url":"https:\/\/arabpouches.com\/","name":"arabpouches.com","description":"Sachets de nicotine Moyen-Orient","publisher":{"@id":"https:\/\/arabpouches.com\/#organization"},"potentialAction":[{"@type":"SearchAction","target":{"@type":"EntryPoint","urlTemplate":"https:\/\/arabpouches.com\/?s={search_term_string}"},"query-input":{"@type":"PropertyValueSpecification","valueRequired":true,"valueName":"search_term_string"}}],"inLanguage":"fr-FR"},{"@type":"Organization","@id":"https:\/\/arabpouches.com\/#organization","name":"Pochettes arabes","url":"https:\/\/arabpouches.com\/","logo":{"@type":"ImageObject","inLanguage":"fr-FR","@id":"https:\/\/arabpouches.com\/#\/schema\/logo\/image\/","url":"https:\/\/arabpouches.com\/wp-content\/uploads\/2025\/06\/cropped-Untitled-design-100.png","contentUrl":"https:\/\/arabpouches.com\/wp-content\/uploads\/2025\/06\/cropped-Untitled-design-100.png","width":512,"height":512,"caption":"Arab Pouches"},"image":{"@id":"https:\/\/arabpouches.com\/#\/schema\/logo\/image\/"},"hasMerchantReturnPolicy":{"@type":"MerchantReturnPolicy","merchantReturnLink":"https:\/\/arabpouches.com\/fr\/politique-de-remboursement-et-de-retour\/"}}]},"product_brand":"ACE","product_price_amount":"7.90","product_price_currency":"USD","og_availability":"instock","product_availability":"instock","product_retailer_item_id":"ACE-8M-CHILI","product_condition":"new"},"_links":{"self":[{"href":"https:\/\/arabpouches.com\/fr\/wp-json\/wp\/v2\/product\/359","targetHints":{"allow":["GET"]}}],"collection":[{"href":"https:\/\/arabpouches.com\/fr\/wp-json\/wp\/v2\/product"}],"about":[{"href":"https:\/\/arabpouches.com\/fr\/wp-json\/wp\/v2\/types\/product"}],"wp:featuredmedia":[{"embeddable":true,"href":"https:\/\/arabpouches.com\/fr\/wp-json\/wp\/v2\/media\/415"}],"wp:attachment":[{"href":"https:\/\/arabpouches.com\/fr\/wp-json\/wp\/v2\/media?parent=359"}],"wp:term":[{"taxonomy":"product_brand","embeddable":true,"href":"https:\/\/arabpouches.com\/fr\/wp-json\/wp\/v2\/product_brand?post=359"},{"taxonomy":"product_cat","embeddable":true,"href":"https:\/\/arabpouches.com\/fr\/wp-json\/wp\/v2\/product_cat?post=359"},{"taxonomy":"product_tag","embeddable":true,"href":"https:\/\/arabpouches.com\/fr\/wp-json\/wp\/v2\/product_tag?post=359"}],"curies":[{"name":"wp","href":"https:\/\/api.w.org\/{rel}","templated":true}]}}