{"id":351,"date":"2025-06-25T00:55:53","date_gmt":"2025-06-25T00:55:53","guid":{"rendered":"https:\/\/arabpouches.com\/?post_type=product&#038;p=351"},"modified":"2025-09-17T02:20:55","modified_gmt":"2025-09-17T02:20:55","slug":"ace-x-cool-mint","status":"publish","type":"product","link":"https:\/\/arabpouches.com\/fr\/ace-x-cool-mint\/","title":{"rendered":"ACE X Cool Mint"},"content":{"rendered":"<p data-start=\"0\" data-end=\"296\"><strong data-start=\"0\" data-end=\"19\">ACE X Cool Mint<\/strong> de <strong data-start=\"25\" data-end=\"45\">Minist\u00e8re du Snus<\/strong> est un <strong data-start=\"52\" data-end=\"65\">Tout blanc<\/strong> sachet de nicotine, \u00e9galement connu sous le nom de snus blanc. Il s'agit d'un <strong data-start=\"113\" data-end=\"129\">sans tabac<\/strong> d\u00e9livre de la nicotine sans utiliser de tabac traditionnel. Con\u00e7u dans un <strong data-start=\"210\" data-end=\"225\">format mince<\/strong>Les poches sont discr\u00e8tes et s'ins\u00e8rent confortablement sous la l\u00e8vre.<\/p>\n<h3 data-start=\"298\" data-end=\"326\"><strong data-start=\"302\" data-end=\"324\">Saveur et sensation<\/strong><\/h3>\n<p data-start=\"327\" data-end=\"647\">ACE X Cool Mint offre une <strong data-start=\"353\" data-end=\"384\">sensation intense de menthe glac\u00e9e<\/strong> combin\u00e9e avec <strong data-start=\"399\" data-end=\"418\">menthe poivr\u00e9e audacieuse<\/strong> pour un effet rafra\u00eechissant puissant. Les sachets sont dot\u00e9s d'un <strong data-start=\"474\" data-end=\"501\">lib\u00e9ration am\u00e9lior\u00e9e des ar\u00f4mes<\/strong> et un <strong data-start=\"508\" data-end=\"535\">une teneur en nicotine plus \u00e9lev\u00e9e<\/strong>Le produit a une dur\u00e9e de conservation d'environ un an. La dur\u00e9e de conservation du produit est d'environ <strong data-start=\"631\" data-end=\"644\">12 mois<\/strong>.<\/p>\n<h3 data-start=\"649\" data-end=\"674\"><strong data-start=\"653\" data-end=\"672\">D\u00e9tails du produit<\/strong><\/h3>\n<ul data-start=\"675\" data-end=\"958\">\n<li data-start=\"675\" data-end=\"709\">\n<strong data-start=\"677\" data-end=\"690\">La force :<\/strong> 4 (Extra fort)<\/li>\n<li data-start=\"710\" data-end=\"733\">\n<strong data-start=\"712\" data-end=\"721\">Type :<\/strong> Tout blanc<\/li>\n<li data-start=\"734\" data-end=\"754\">\n<strong data-start=\"736\" data-end=\"747\">Format :<\/strong> Mince<\/li>\n<li data-start=\"755\" data-end=\"792\">\n<strong data-start=\"757\" data-end=\"768\">Saveur :<\/strong> Menthe glaciale et menthe poivr\u00e9e<\/li>\n<li data-start=\"793\" data-end=\"823\">\n<strong data-start=\"795\" data-end=\"816\">Teneur en nicotine :<\/strong> 1.6%<\/li>\n<li data-start=\"824\" data-end=\"858\">\n<strong data-start=\"826\" data-end=\"849\">Nicotine par sachet :<\/strong> 9,6 mg<\/li>\n<li data-start=\"859\" data-end=\"890\">\n<strong data-start=\"861\" data-end=\"882\">Poids par pochette :<\/strong> 0.6 g<\/li>\n<li data-start=\"891\" data-end=\"930\">\n<strong data-start=\"893\" data-end=\"923\">Poids total du snus par bo\u00eete :<\/strong> 12 g<\/li>\n<li data-start=\"931\" data-end=\"958\">\n<strong data-start=\"933\" data-end=\"953\">Sachets par bo\u00eete :<\/strong> 20<\/li>\n<\/ul>\n<h3 data-start=\"960\" data-end=\"1004\"><strong data-start=\"964\" data-end=\"1002\">Exp\u00e9rience puissante et durable<\/strong><\/h3>\n<p data-start=\"1005\" data-end=\"1154\">ACE X Cool Mint est con\u00e7u pour <strong data-start=\"1037\" data-end=\"1058\">utilisateurs exp\u00e9riment\u00e9s<\/strong> \u00e0 la recherche d'un <strong data-start=\"1073\" data-end=\"1099\">un coup de pouce de la nicotine plus fort<\/strong> et un go\u00fbt de menthe intense et rafra\u00eechissant qui persiste.<\/p>\n<h3 data-start=\"1156\" data-end=\"1177\"><strong data-start=\"1160\" data-end=\"1175\">Ingr\u00e9dients<\/strong><\/h3>\n<p data-start=\"1178\" data-end=\"1337\">Fibre, eau, humectants, agents aromatiques, \u00e9dulcorants, nicotine, g\u00e9lifiants, anti-agglom\u00e9rants, chlorure de sodium, conservateurs et r\u00e9gulateurs d'acidit\u00e9.<\/p>\n<p data-start=\"1339\" data-end=\"1409\" data-is-last-node=\"\" data-is-only-node=\"\">D\u00e9couvrez l'ensemble de nos <strong data-start=\"1356\" data-end=\"1376\">Collection ACE X<\/strong> pour des saveurs plus intenses !<\/p>","protected":false},"excerpt":{"rendered":"<p data-start=\"0\" data-end=\"296\"><strong data-start=\"0\" data-end=\"19\">ACE X Cool Mint<\/strong> de <strong data-start=\"25\" data-end=\"45\">Minist\u00e8re du Snus<\/strong> est un <strong data-start=\"52\" data-end=\"65\">Tout blanc<\/strong> sachet de nicotine, \u00e9galement connu sous le nom de snus blanc. Il s'agit d'un <strong data-start=\"113\" data-end=\"129\">sans tabac<\/strong> d\u00e9livre de la nicotine sans utiliser de tabac traditionnel. Con\u00e7u dans un <strong data-start=\"210\" data-end=\"225\">format mince<\/strong>Les poches sont discr\u00e8tes et s'ins\u00e8rent confortablement sous la l\u00e8vre.<\/p>\n<h3 data-start=\"298\" data-end=\"326\"><strong data-start=\"302\" data-end=\"324\">Saveur et sensation<\/strong><\/h3>\n<p data-start=\"327\" data-end=\"647\">ACE X Cool Mint offre une <strong data-start=\"353\" data-end=\"384\">sensation intense de menthe glac\u00e9e<\/strong> combin\u00e9e avec <strong data-start=\"399\" data-end=\"418\">menthe poivr\u00e9e audacieuse<\/strong> pour un effet rafra\u00eechissant puissant. Les sachets sont dot\u00e9s d'un <strong data-start=\"474\" data-end=\"501\">lib\u00e9ration am\u00e9lior\u00e9e des ar\u00f4mes<\/strong> et un <strong data-start=\"508\" data-end=\"535\">une teneur en nicotine plus \u00e9lev\u00e9e<\/strong>Le produit a une dur\u00e9e de conservation d'environ un an. La dur\u00e9e de conservation du produit est d'environ <strong data-start=\"631\" data-end=\"644\">12 mois<\/strong>.<\/p>\n<h3 data-start=\"649\" data-end=\"674\"><strong data-start=\"653\" data-end=\"672\">D\u00e9tails du produit<\/strong><\/h3>\n<ul data-start=\"675\" data-end=\"958\">\n<li data-start=\"675\" data-end=\"709\">\n<strong data-start=\"677\" data-end=\"690\">La force :<\/strong> 4 (Extra fort)<\/li>\n<li data-start=\"710\" data-end=\"733\">\n<strong data-start=\"712\" data-end=\"721\">Type :<\/strong> Tout blanc<\/li>\n<li data-start=\"734\" data-end=\"754\">\n<strong data-start=\"736\" data-end=\"747\">Format :<\/strong> Mince<\/li>\n<li data-start=\"755\" data-end=\"792\">\n<strong data-start=\"757\" data-end=\"768\">Saveur :<\/strong> Menthe glaciale et menthe poivr\u00e9e<\/li>\n<li data-start=\"793\" data-end=\"823\">\n<strong data-start=\"795\" data-end=\"816\">Teneur en nicotine :<\/strong> 1.6%<\/li>\n<li data-start=\"824\" data-end=\"858\">\n<strong data-start=\"826\" data-end=\"849\">Nicotine par sachet :<\/strong> 9,6 mg<\/li>\n<li data-start=\"859\" data-end=\"890\">\n<strong data-start=\"861\" data-end=\"882\">Poids par pochette :<\/strong> 0.6 g<\/li>\n<li data-start=\"891\" data-end=\"930\">\n<strong data-start=\"893\" data-end=\"923\">Poids total du snus par bo\u00eete :<\/strong> 12 g<\/li>\n<li data-start=\"931\" data-end=\"958\">\n<strong data-start=\"933\" data-end=\"953\">Sachets par bo\u00eete :<\/strong> 20<\/li>\n<\/ul>\n<h3 data-start=\"960\" data-end=\"1004\"><strong data-start=\"964\" data-end=\"1002\">Exp\u00e9rience puissante et durable<\/strong><\/h3>\n<p data-start=\"1005\" data-end=\"1154\">ACE X Cool Mint est con\u00e7u pour <strong data-start=\"1037\" data-end=\"1058\">utilisateurs exp\u00e9riment\u00e9s<\/strong> \u00e0 la recherche d'un <strong data-start=\"1073\" data-end=\"1099\">un coup de pouce de la nicotine plus fort<\/strong> et un go\u00fbt de menthe intense et rafra\u00eechissant qui persiste.<\/p>\n<h3 data-start=\"1156\" data-end=\"1177\"><strong data-start=\"1160\" data-end=\"1175\">Ingr\u00e9dients<\/strong><\/h3>\n<p data-start=\"1178\" data-end=\"1337\">Fibre, eau, humectants, agents aromatiques, \u00e9dulcorants, nicotine, g\u00e9lifiants, anti-agglom\u00e9rants, chlorure de sodium, conservateurs et r\u00e9gulateurs d'acidit\u00e9.<\/p>\n<p data-start=\"1339\" data-end=\"1409\" data-is-last-node=\"\" data-is-only-node=\"\">D\u00e9couvrez l'ensemble de nos <strong data-start=\"1356\" data-end=\"1376\">Collection ACE X<\/strong> pour des saveurs plus intenses !<\/p>","protected":false},"featured_media":413,"template":"","meta":[],"product_brand":[264],"product_cat":[87],"product_tag":[171],"class_list":{"0":"post-351","1":"product","2":"type-product","3":"status-publish","4":"has-post-thumbnail","6":"product_brand-ace","7":"product_cat-ace","8":"product_tag-strong-12-20mg","10":"first","11":"instock","12":"sale","13":"shipping-taxable","14":"purchasable","15":"product-type-simple"},"yoast_head":"<!-- This site is optimized with the Yoast SEO Premium plugin v25.9 (Yoast SEO v27.4) - https:\/\/yoast.com\/product\/yoast-seo-premium-wordpress\/ -->\n<title>ACE X Cool Mint - Arab Pouches<\/title>\n<meta name=\"description\" content=\"Try ACE x Cool Mint\ud83c\udf43 from Aces Collection of Super White Premium Nicotine Pouches\" \/>\n<meta name=\"robots\" content=\"index, follow, max-snippet:-1, max-image-preview:large, max-video-preview:-1\" \/>\n<link rel=\"canonical\" href=\"https:\/\/arabpouches.com\/fr\/ace-x-cool-mint\/\" \/>\n<meta property=\"og:locale\" content=\"fr_FR\" \/>\n<meta property=\"og:type\" content=\"article\" \/>\n<meta property=\"og:title\" content=\"ACE X Cool Mint\" \/>\n<meta property=\"og:description\" content=\"Try ACE x Cool Mint\ud83c\udf43 from Aces Collection of Super White Premium Nicotine Pouches\" \/>\n<meta property=\"og:url\" content=\"https:\/\/arabpouches.com\/fr\/ace-x-cool-mint\/\" \/>\n<meta property=\"og:site_name\" content=\"Arab Pouches\" \/>\n<meta property=\"article:modified_time\" content=\"2025-09-17T02:20:55+00:00\" \/>\n<meta property=\"og:image\" content=\"https:\/\/arabpouches.com\/wp-content\/uploads\/2025\/06\/165_ac3767a0d5-ace-x-cm-10_ace-x-cool-mint-original.png\" \/>\n\t<meta property=\"og:image:width\" content=\"800\" \/>\n\t<meta property=\"og:image:height\" content=\"800\" \/>\n\t<meta property=\"og:image:type\" content=\"image\/png\" \/>\n<meta name=\"twitter:card\" content=\"summary_large_image\" \/>\n<meta name=\"twitter:label1\" content=\"Prix\" \/>\n\t<meta name=\"twitter:data1\" content=\"&#036;7.90\" \/>\n\t<meta name=\"twitter:label2\" content=\"Disponibilit\u00e9\" \/>\n\t<meta name=\"twitter:data2\" content=\"En stock\" \/>\n<script type=\"application\/ld+json\" class=\"yoast-schema-graph\">{\"@context\":\"https:\\\/\\\/schema.org\",\"@graph\":[{\"@type\":\"WebPage\",\"@id\":\"https:\\\/\\\/arabpouches.com\\\/ace-x-cool-mint\\\/\",\"url\":\"https:\\\/\\\/arabpouches.com\\\/ace-x-cool-mint\\\/\",\"name\":\"ACE X Cool Mint - Arab Pouches\",\"isPartOf\":{\"@id\":\"https:\\\/\\\/arabpouches.com\\\/#website\"},\"primaryImageOfPage\":{\"@id\":\"https:\\\/\\\/arabpouches.com\\\/ace-x-cool-mint\\\/#primaryimage\"},\"image\":{\"@id\":\"https:\\\/\\\/arabpouches.com\\\/ace-x-cool-mint\\\/#primaryimage\"},\"thumbnailUrl\":\"https:\\\/\\\/arabpouches.com\\\/wp-content\\\/uploads\\\/2025\\\/06\\\/165_ac3767a0d5-ace-x-cm-10_ace-x-cool-mint-original.png\",\"datePublished\":\"2025-06-25T00:55:53+00:00\",\"dateModified\":\"2025-09-17T02:20:55+00:00\",\"description\":\"Try ACE x Cool Mint\ud83c\udf43 from Aces Collection of Super White Premium Nicotine Pouches\",\"breadcrumb\":{\"@id\":\"https:\\\/\\\/arabpouches.com\\\/ace-x-cool-mint\\\/#breadcrumb\"},\"inLanguage\":\"fr-FR\",\"potentialAction\":[{\"@type\":\"ReadAction\",\"target\":[\"https:\\\/\\\/arabpouches.com\\\/ace-x-cool-mint\\\/\"]}]},{\"@type\":\"ImageObject\",\"inLanguage\":\"fr-FR\",\"@id\":\"https:\\\/\\\/arabpouches.com\\\/ace-x-cool-mint\\\/#primaryimage\",\"url\":\"https:\\\/\\\/arabpouches.com\\\/wp-content\\\/uploads\\\/2025\\\/06\\\/165_ac3767a0d5-ace-x-cm-10_ace-x-cool-mint-original.png\",\"contentUrl\":\"https:\\\/\\\/arabpouches.com\\\/wp-content\\\/uploads\\\/2025\\\/06\\\/165_ac3767a0d5-ace-x-cm-10_ace-x-cool-mint-original.png\",\"width\":800,\"height\":800},{\"@type\":\"BreadcrumbList\",\"@id\":\"https:\\\/\\\/arabpouches.com\\\/ace-x-cool-mint\\\/#breadcrumb\",\"itemListElement\":[{\"@type\":\"ListItem\",\"position\":1,\"name\":\"Home\",\"item\":\"https:\\\/\\\/arabpouches.com\\\/\"},{\"@type\":\"ListItem\",\"position\":2,\"name\":\"Shop\",\"item\":\"https:\\\/\\\/arabpouches.com\\\/shop\\\/\"},{\"@type\":\"ListItem\",\"position\":3,\"name\":\"ACE X Cool Mint\"}]},{\"@type\":\"WebSite\",\"@id\":\"https:\\\/\\\/arabpouches.com\\\/#website\",\"url\":\"https:\\\/\\\/arabpouches.com\\\/\",\"name\":\"arabpouches.com\",\"description\":\"Nicotine Pouches Middle East\",\"publisher\":{\"@id\":\"https:\\\/\\\/arabpouches.com\\\/#organization\"},\"potentialAction\":[{\"@type\":\"SearchAction\",\"target\":{\"@type\":\"EntryPoint\",\"urlTemplate\":\"https:\\\/\\\/arabpouches.com\\\/?s={search_term_string}\"},\"query-input\":{\"@type\":\"PropertyValueSpecification\",\"valueRequired\":true,\"valueName\":\"search_term_string\"}}],\"inLanguage\":\"fr-FR\"},{\"@type\":\"Organization\",\"@id\":\"https:\\\/\\\/arabpouches.com\\\/#organization\",\"name\":\"Arab Pouches\",\"url\":\"https:\\\/\\\/arabpouches.com\\\/\",\"logo\":{\"@type\":\"ImageObject\",\"inLanguage\":\"fr-FR\",\"@id\":\"https:\\\/\\\/arabpouches.com\\\/#\\\/schema\\\/logo\\\/image\\\/\",\"url\":\"https:\\\/\\\/arabpouches.com\\\/wp-content\\\/uploads\\\/2025\\\/06\\\/cropped-Untitled-design-100.png\",\"contentUrl\":\"https:\\\/\\\/arabpouches.com\\\/wp-content\\\/uploads\\\/2025\\\/06\\\/cropped-Untitled-design-100.png\",\"width\":512,\"height\":512,\"caption\":\"Arab Pouches\"},\"image\":{\"@id\":\"https:\\\/\\\/arabpouches.com\\\/#\\\/schema\\\/logo\\\/image\\\/\"},\"hasMerchantReturnPolicy\":{\"@type\":\"MerchantReturnPolicy\",\"merchantReturnLink\":\"https:\\\/\\\/arabpouches.com\\\/fr\\\/politique-de-remboursement-et-de-retour\\\/\"}}]}<\/script>\n<meta property=\"product:brand\" content=\"ACE\" \/>\n<meta property=\"product:price:amount\" content=\"7.90\" \/>\n<meta property=\"product:price:currency\" content=\"USD\" \/>\n<meta property=\"og:availability\" content=\"instock\" \/>\n<meta property=\"product:availability\" content=\"instock\" \/>\n<meta property=\"product:retailer_item_id\" content=\"ACE-8M-MINT\" \/>\n<meta property=\"product:condition\" content=\"new\" \/>\n<!-- \/ Yoast SEO Premium plugin. -->","yoast_head_json":{"title":"ACE X Menthe fra\u00eeche - Sachets arabes","description":"Essayez ACE x Cool Mint\ud83c\udf43 de la collection Aces de sachets de nicotine super blanche de qualit\u00e9 sup\u00e9rieure.","robots":{"index":"index","follow":"follow","max-snippet":"max-snippet:-1","max-image-preview":"max-image-preview:large","max-video-preview":"max-video-preview:-1"},"canonical":"https:\/\/arabpouches.com\/fr\/ace-x-cool-mint\/","og_locale":"fr_FR","og_type":"article","og_title":"ACE X Cool Mint","og_description":"Try ACE x Cool Mint\ud83c\udf43 from Aces Collection of Super White Premium Nicotine Pouches","og_url":"https:\/\/arabpouches.com\/fr\/ace-x-cool-mint\/","og_site_name":"Arab Pouches","article_modified_time":"2025-09-17T02:20:55+00:00","og_image":[{"width":800,"height":800,"url":"https:\/\/arabpouches.com\/wp-content\/uploads\/2025\/06\/165_ac3767a0d5-ace-x-cm-10_ace-x-cool-mint-original.png","type":"image\/png"}],"twitter_card":"summary_large_image","twitter_misc":{"Prix":"&#36;7.90","Disponibilit\u00e9":"En stock"},"schema":{"@context":"https:\/\/schema.org","@graph":[{"@type":"WebPage","@id":"https:\/\/arabpouches.com\/ace-x-cool-mint\/","url":"https:\/\/arabpouches.com\/ace-x-cool-mint\/","name":"ACE X Menthe fra\u00eeche - Sachets arabes","isPartOf":{"@id":"https:\/\/arabpouches.com\/#website"},"primaryImageOfPage":{"@id":"https:\/\/arabpouches.com\/ace-x-cool-mint\/#primaryimage"},"image":{"@id":"https:\/\/arabpouches.com\/ace-x-cool-mint\/#primaryimage"},"thumbnailUrl":"https:\/\/arabpouches.com\/wp-content\/uploads\/2025\/06\/165_ac3767a0d5-ace-x-cm-10_ace-x-cool-mint-original.png","datePublished":"2025-06-25T00:55:53+00:00","dateModified":"2025-09-17T02:20:55+00:00","description":"Essayez ACE x Cool Mint\ud83c\udf43 de la collection Aces de sachets de nicotine super blanche de qualit\u00e9 sup\u00e9rieure.","breadcrumb":{"@id":"https:\/\/arabpouches.com\/ace-x-cool-mint\/#breadcrumb"},"inLanguage":"fr-FR","potentialAction":[{"@type":"ReadAction","target":["https:\/\/arabpouches.com\/ace-x-cool-mint\/"]}]},{"@type":"ImageObject","inLanguage":"fr-FR","@id":"https:\/\/arabpouches.com\/ace-x-cool-mint\/#primaryimage","url":"https:\/\/arabpouches.com\/wp-content\/uploads\/2025\/06\/165_ac3767a0d5-ace-x-cm-10_ace-x-cool-mint-original.png","contentUrl":"https:\/\/arabpouches.com\/wp-content\/uploads\/2025\/06\/165_ac3767a0d5-ace-x-cm-10_ace-x-cool-mint-original.png","width":800,"height":800},{"@type":"BreadcrumbList","@id":"https:\/\/arabpouches.com\/ace-x-cool-mint\/#breadcrumb","itemListElement":[{"@type":"ListItem","position":1,"name":"Home","item":"https:\/\/arabpouches.com\/"},{"@type":"ListItem","position":2,"name":"Shop","item":"https:\/\/arabpouches.com\/shop\/"},{"@type":"ListItem","position":3,"name":"ACE X Cool Mint"}]},{"@type":"WebSite","@id":"https:\/\/arabpouches.com\/#website","url":"https:\/\/arabpouches.com\/","name":"arabpouches.com","description":"Sachets de nicotine Moyen-Orient","publisher":{"@id":"https:\/\/arabpouches.com\/#organization"},"potentialAction":[{"@type":"SearchAction","target":{"@type":"EntryPoint","urlTemplate":"https:\/\/arabpouches.com\/?s={search_term_string}"},"query-input":{"@type":"PropertyValueSpecification","valueRequired":true,"valueName":"search_term_string"}}],"inLanguage":"fr-FR"},{"@type":"Organization","@id":"https:\/\/arabpouches.com\/#organization","name":"Pochettes arabes","url":"https:\/\/arabpouches.com\/","logo":{"@type":"ImageObject","inLanguage":"fr-FR","@id":"https:\/\/arabpouches.com\/#\/schema\/logo\/image\/","url":"https:\/\/arabpouches.com\/wp-content\/uploads\/2025\/06\/cropped-Untitled-design-100.png","contentUrl":"https:\/\/arabpouches.com\/wp-content\/uploads\/2025\/06\/cropped-Untitled-design-100.png","width":512,"height":512,"caption":"Arab Pouches"},"image":{"@id":"https:\/\/arabpouches.com\/#\/schema\/logo\/image\/"},"hasMerchantReturnPolicy":{"@type":"MerchantReturnPolicy","merchantReturnLink":"https:\/\/arabpouches.com\/fr\/politique-de-remboursement-et-de-retour\/"}}]},"product_brand":"ACE","product_price_amount":"7.90","product_price_currency":"USD","og_availability":"instock","product_availability":"instock","product_retailer_item_id":"ACE-8M-MINT","product_condition":"new"},"_links":{"self":[{"href":"https:\/\/arabpouches.com\/fr\/wp-json\/wp\/v2\/product\/351","targetHints":{"allow":["GET"]}}],"collection":[{"href":"https:\/\/arabpouches.com\/fr\/wp-json\/wp\/v2\/product"}],"about":[{"href":"https:\/\/arabpouches.com\/fr\/wp-json\/wp\/v2\/types\/product"}],"wp:featuredmedia":[{"embeddable":true,"href":"https:\/\/arabpouches.com\/fr\/wp-json\/wp\/v2\/media\/413"}],"wp:attachment":[{"href":"https:\/\/arabpouches.com\/fr\/wp-json\/wp\/v2\/media?parent=351"}],"wp:term":[{"taxonomy":"product_brand","embeddable":true,"href":"https:\/\/arabpouches.com\/fr\/wp-json\/wp\/v2\/product_brand?post=351"},{"taxonomy":"product_cat","embeddable":true,"href":"https:\/\/arabpouches.com\/fr\/wp-json\/wp\/v2\/product_cat?post=351"},{"taxonomy":"product_tag","embeddable":true,"href":"https:\/\/arabpouches.com\/fr\/wp-json\/wp\/v2\/product_tag?post=351"}],"curies":[{"name":"wp","href":"https:\/\/api.w.org\/{rel}","templated":true}]}}