{"id":342,"date":"2025-06-25T00:55:23","date_gmt":"2025-06-25T00:55:23","guid":{"rendered":"https:\/\/arabpouches.com\/?post_type=product&#038;p=342"},"modified":"2025-09-17T02:20:55","modified_gmt":"2025-09-17T02:20:55","slug":"ace-green-lemon-104-mg-pouch","status":"publish","type":"product","link":"https:\/\/arabpouches.com\/fr\/ace-green-lemon-104-mg-pouch\/","title":{"rendered":"ACE Citron vert"},"content":{"rendered":"<p data-start=\"0\" data-end=\"399\">ACE Green Lemon, produit par <strong data-start=\"29\" data-end=\"49\">Minist\u00e8re du Snus<\/strong>, d\u00e9livre un <strong data-start=\"62\" data-end=\"103\">go\u00fbt frais, acidul\u00e9 et net d'agrumes<\/strong> avec un <strong data-start=\"120\" data-end=\"144\">profil sans tabac<\/strong>. Dans le cadre de la <strong data-start=\"161\" data-end=\"183\">Toutes les cat\u00e9gories de blanc<\/strong>ce produit contient <strong data-start=\"207\" data-end=\"234\">de la nicotine mais pas de tabac<\/strong>Il s'agit donc d'une alternative moderne et discr\u00e8te. Les <strong data-start=\"285\" data-end=\"306\">format pochette mince<\/strong> assure une <strong data-start=\"317\" data-end=\"350\">un ajustement confortable sous la l\u00e8vre<\/strong>La mise en place d'un syst\u00e8me de gestion de l'information permet d'assurer une exp\u00e9rience harmonieuse et satisfaisante.<\/p>\n<h3 data-start=\"401\" data-end=\"442\"><strong data-start=\"405\" data-end=\"440\">Caract\u00e9ristiques principales de ACE Green Lemon<\/strong><\/h3>\n<ul data-start=\"443\" data-end=\"797\">\n<li data-start=\"443\" data-end=\"471\">\n<strong data-start=\"445\" data-end=\"458\">La force :<\/strong> 3 (fort)<\/li>\n<li data-start=\"472\" data-end=\"495\">\n<strong data-start=\"474\" data-end=\"483\">Type :<\/strong> Tout blanc<\/li>\n<li data-start=\"496\" data-end=\"516\">\n<strong data-start=\"498\" data-end=\"509\">Format :<\/strong> Mince<\/li>\n<li data-start=\"517\" data-end=\"539\">\n<strong data-start=\"519\" data-end=\"530\">Saveur :<\/strong> Agrumes<\/li>\n<li data-start=\"540\" data-end=\"633\">\n<strong data-start=\"542\" data-end=\"564\">Description du go\u00fbt :<\/strong> Une saveur d'agrumes fra\u00eeche et acidul\u00e9e avec un profil propre et sans tabac.<\/li>\n<li data-start=\"634\" data-end=\"664\">\n<strong data-start=\"636\" data-end=\"657\">Teneur en nicotine :<\/strong> 1.6%<\/li>\n<li data-start=\"665\" data-end=\"700\">\n<strong data-start=\"667\" data-end=\"690\">Nicotine par pochette :<\/strong> 10,4 mg<\/li>\n<li data-start=\"701\" data-end=\"733\">\n<strong data-start=\"703\" data-end=\"724\">Poids par pochette :<\/strong> 0.65 g<\/li>\n<li data-start=\"734\" data-end=\"768\">\n<strong data-start=\"736\" data-end=\"761\">Poids total par bo\u00eete :<\/strong> 13 g<\/li>\n<li data-start=\"769\" data-end=\"797\">\n<strong data-start=\"771\" data-end=\"792\">Portions par bo\u00eete :<\/strong> 20<\/li>\n<\/ul>\n<h3 data-start=\"799\" data-end=\"829\"><strong data-start=\"803\" data-end=\"827\">Exp\u00e9rience et lib\u00e9ration<\/strong><\/h3>\n<p data-start=\"830\" data-end=\"1135\">Le citron vert ACE est connu pour ses <strong data-start=\"863\" data-end=\"890\">une saveur franche et durable<\/strong>, avec un <strong data-start=\"899\" data-end=\"927\">lib\u00e9ration progressive de la nicotine<\/strong> qui garantit une <strong data-start=\"943\" data-end=\"975\">une exp\u00e9rience douce et puissante<\/strong>. La formule \u00e9quilibr\u00e9e fournit une <strong data-start=\"1014\" data-end=\"1036\">go\u00fbt durable<\/strong>Il s'agit donc d'une option de choix pour les amateurs d'agrumes qui pr\u00e9f\u00e8rent une boisson \u00e0 base d'huile d'olive et d'huile d'olive. <strong data-start=\"1094\" data-end=\"1132\">une exp\u00e9rience snus \u00e0 la fois forte et raffin\u00e9e<\/strong>.<\/p>\n<h3 data-start=\"1137\" data-end=\"1158\"><strong data-start=\"1141\" data-end=\"1156\">Ingr\u00e9dients<\/strong><\/h3>\n<p data-start=\"1159\" data-end=\"1289\" data-is-last-node=\"\" data-is-only-node=\"\">Fibre, eau, \u00e9rythritol, xylitol, ar\u00f4mes, r\u00e9gulateurs d'acidit\u00e9, agents \u00e9paississants, \u00e9dulcorants, chlorure de sodium et conservateurs.<\/p>","protected":false},"excerpt":{"rendered":"<p data-start=\"0\" data-end=\"399\">ACE Green Lemon, produit par <strong data-start=\"29\" data-end=\"49\">Minist\u00e8re du Snus<\/strong>, d\u00e9livre un <strong data-start=\"62\" data-end=\"103\">go\u00fbt frais, acidul\u00e9 et net d'agrumes<\/strong> avec un <strong data-start=\"120\" data-end=\"144\">profil sans tabac<\/strong>. Dans le cadre de la <strong data-start=\"161\" data-end=\"183\">Toutes les cat\u00e9gories de blanc<\/strong>ce produit contient <strong data-start=\"207\" data-end=\"234\">de la nicotine mais pas de tabac<\/strong>Il s'agit donc d'une alternative moderne et discr\u00e8te. Les <strong data-start=\"285\" data-end=\"306\">format pochette mince<\/strong> assure une <strong data-start=\"317\" data-end=\"350\">un ajustement confortable sous la l\u00e8vre<\/strong>La mise en place d'un syst\u00e8me de gestion de l'information permet d'assurer une exp\u00e9rience harmonieuse et satisfaisante.<\/p>\n<h3 data-start=\"401\" data-end=\"442\"><strong data-start=\"405\" data-end=\"440\">Caract\u00e9ristiques principales de ACE Green Lemon<\/strong><\/h3>\n<ul data-start=\"443\" data-end=\"797\">\n<li data-start=\"443\" data-end=\"471\">\n<strong data-start=\"445\" data-end=\"458\">La force :<\/strong> 3 (fort)<\/li>\n<li data-start=\"472\" data-end=\"495\">\n<strong data-start=\"474\" data-end=\"483\">Type :<\/strong> Tout blanc<\/li>\n<li data-start=\"496\" data-end=\"516\">\n<strong data-start=\"498\" data-end=\"509\">Format :<\/strong> Mince<\/li>\n<li data-start=\"517\" data-end=\"539\">\n<strong data-start=\"519\" data-end=\"530\">Saveur :<\/strong> Agrumes<\/li>\n<li data-start=\"540\" data-end=\"633\">\n<strong data-start=\"542\" data-end=\"564\">Description du go\u00fbt :<\/strong> Une saveur d'agrumes fra\u00eeche et acidul\u00e9e avec un profil propre et sans tabac.<\/li>\n<li data-start=\"634\" data-end=\"664\">\n<strong data-start=\"636\" data-end=\"657\">Teneur en nicotine :<\/strong> 1.6%<\/li>\n<li data-start=\"665\" data-end=\"700\">\n<strong data-start=\"667\" data-end=\"690\">Nicotine par pochette :<\/strong> 10,4 mg<\/li>\n<li data-start=\"701\" data-end=\"733\">\n<strong data-start=\"703\" data-end=\"724\">Poids par pochette :<\/strong> 0.65 g<\/li>\n<li data-start=\"734\" data-end=\"768\">\n<strong data-start=\"736\" data-end=\"761\">Poids total par bo\u00eete :<\/strong> 13 g<\/li>\n<li data-start=\"769\" data-end=\"797\">\n<strong data-start=\"771\" data-end=\"792\">Portions par bo\u00eete :<\/strong> 20<\/li>\n<\/ul>\n<h3 data-start=\"799\" data-end=\"829\"><strong data-start=\"803\" data-end=\"827\">Exp\u00e9rience et lib\u00e9ration<\/strong><\/h3>\n<p data-start=\"830\" data-end=\"1135\">Le citron vert ACE est connu pour ses <strong data-start=\"863\" data-end=\"890\">une saveur franche et durable<\/strong>, avec un <strong data-start=\"899\" data-end=\"927\">lib\u00e9ration progressive de la nicotine<\/strong> qui garantit une <strong data-start=\"943\" data-end=\"975\">une exp\u00e9rience douce et puissante<\/strong>. La formule \u00e9quilibr\u00e9e fournit une <strong data-start=\"1014\" data-end=\"1036\">go\u00fbt durable<\/strong>Il s'agit donc d'une option de choix pour les amateurs d'agrumes qui pr\u00e9f\u00e8rent une boisson \u00e0 base d'huile d'olive et d'huile d'olive. <strong data-start=\"1094\" data-end=\"1132\">une exp\u00e9rience snus \u00e0 la fois forte et raffin\u00e9e<\/strong>.<\/p>\n<h3 data-start=\"1137\" data-end=\"1158\"><strong data-start=\"1141\" data-end=\"1156\">Ingr\u00e9dients<\/strong><\/h3>\n<p data-start=\"1159\" data-end=\"1289\" data-is-last-node=\"\" data-is-only-node=\"\">Fibre, eau, \u00e9rythritol, xylitol, ar\u00f4mes, r\u00e9gulateurs d'acidit\u00e9, agents \u00e9paississants, \u00e9dulcorants, chlorure de sodium et conservateurs.<\/p>","protected":false},"featured_media":406,"template":"","meta":[],"product_brand":[264],"product_cat":[87],"product_tag":[170],"class_list":{"0":"post-342","1":"product","2":"type-product","3":"status-publish","4":"has-post-thumbnail","6":"product_brand-ace","7":"product_cat-ace","8":"product_tag-regular-6-12mg","10":"first","11":"instock","12":"sale","13":"shipping-taxable","14":"purchasable","15":"product-type-simple"},"yoast_head":"<!-- This site is optimized with the Yoast SEO Premium plugin v25.9 (Yoast SEO v26.0) - https:\/\/yoast.com\/wordpress\/plugins\/seo\/ -->\n<title>ACE Green Lemon - Arab Pouches<\/title>\n<meta name=\"description\" content=\"Try ACE Green Lemon (10,4 mg\/pouch)\ud83c\udf4bfrom Aces Collection of Super White Premium Nicotine Pouches\" \/>\n<meta name=\"robots\" content=\"index, follow, max-snippet:-1, max-image-preview:large, max-video-preview:-1\" \/>\n<link rel=\"canonical\" href=\"https:\/\/arabpouches.com\/fr\/ace-green-lemon-104-mg-pouch\/\" \/>\n<meta property=\"og:locale\" content=\"fr_FR\" \/>\n<meta property=\"og:type\" content=\"article\" \/>\n<meta property=\"og:title\" content=\"ACE Green Lemon\" \/>\n<meta property=\"og:description\" content=\"Try ACE Green Lemon (10,4 mg\/pouch)\ud83c\udf4bfrom Aces Collection of Super White Premium Nicotine Pouches\" \/>\n<meta property=\"og:url\" content=\"https:\/\/arabpouches.com\/fr\/ace-green-lemon-104-mg-pouch\/\" \/>\n<meta property=\"og:site_name\" content=\"Arab Pouches\" \/>\n<meta property=\"article:modified_time\" content=\"2025-09-17T02:20:55+00:00\" \/>\n<meta property=\"og:image\" content=\"https:\/\/arabpouches.com\/wp-content\/uploads\/2025\/06\/6196.png\" \/>\n\t<meta property=\"og:image:width\" content=\"1000\" \/>\n\t<meta property=\"og:image:height\" content=\"996\" \/>\n\t<meta property=\"og:image:type\" content=\"image\/png\" \/>\n<meta name=\"twitter:card\" content=\"summary_large_image\" \/>\n<meta name=\"twitter:label1\" content=\"Prix\" \/>\n\t<meta name=\"twitter:data1\" content=\"&#036;7.90\" \/>\n\t<meta name=\"twitter:label2\" content=\"Disponibilit\u00e9\" \/>\n\t<meta name=\"twitter:data2\" content=\"En stock\" \/>\n<script type=\"application\/ld+json\" class=\"yoast-schema-graph\">{\"@context\":\"https:\/\/schema.org\",\"@graph\":[{\"@type\":\"WebPage\",\"@id\":\"https:\/\/arabpouches.com\/ace-green-lemon-104-mg-pouch\/\",\"url\":\"https:\/\/arabpouches.com\/ace-green-lemon-104-mg-pouch\/\",\"name\":\"ACE Green Lemon - Arab Pouches\",\"isPartOf\":{\"@id\":\"https:\/\/arabpouches.com\/#website\"},\"primaryImageOfPage\":{\"@id\":\"https:\/\/arabpouches.com\/ace-green-lemon-104-mg-pouch\/#primaryimage\"},\"image\":{\"@id\":\"https:\/\/arabpouches.com\/ace-green-lemon-104-mg-pouch\/#primaryimage\"},\"thumbnailUrl\":\"https:\/\/arabpouches.com\/wp-content\/uploads\/2025\/06\/6196.png\",\"datePublished\":\"2025-06-25T00:55:23+00:00\",\"dateModified\":\"2025-09-17T02:20:55+00:00\",\"description\":\"Try ACE Green Lemon (10,4 mg\/pouch)\ud83c\udf4bfrom Aces Collection of Super White Premium Nicotine Pouches\",\"breadcrumb\":{\"@id\":\"https:\/\/arabpouches.com\/ace-green-lemon-104-mg-pouch\/#breadcrumb\"},\"inLanguage\":\"fr-FR\",\"potentialAction\":[{\"@type\":\"ReadAction\",\"target\":[\"https:\/\/arabpouches.com\/ace-green-lemon-104-mg-pouch\/\"]}]},{\"@type\":\"ImageObject\",\"inLanguage\":\"fr-FR\",\"@id\":\"https:\/\/arabpouches.com\/ace-green-lemon-104-mg-pouch\/#primaryimage\",\"url\":\"https:\/\/arabpouches.com\/wp-content\/uploads\/2025\/06\/6196.png\",\"contentUrl\":\"https:\/\/arabpouches.com\/wp-content\/uploads\/2025\/06\/6196.png\",\"width\":1000,\"height\":996},{\"@type\":\"BreadcrumbList\",\"@id\":\"https:\/\/arabpouches.com\/ace-green-lemon-104-mg-pouch\/#breadcrumb\",\"itemListElement\":[{\"@type\":\"ListItem\",\"position\":1,\"name\":\"Home\",\"item\":\"https:\/\/arabpouches.com\/\"},{\"@type\":\"ListItem\",\"position\":2,\"name\":\"Shop\",\"item\":\"https:\/\/arabpouches.com\/shop\/\"},{\"@type\":\"ListItem\",\"position\":3,\"name\":\"ACE Green Lemon\"}]},{\"@type\":\"WebSite\",\"@id\":\"https:\/\/arabpouches.com\/#website\",\"url\":\"https:\/\/arabpouches.com\/\",\"name\":\"arabpouches.com\",\"description\":\"Nicotine Pouches Middle East\",\"publisher\":{\"@id\":\"https:\/\/arabpouches.com\/#organization\"},\"potentialAction\":[{\"@type\":\"SearchAction\",\"target\":{\"@type\":\"EntryPoint\",\"urlTemplate\":\"https:\/\/arabpouches.com\/?s={search_term_string}\"},\"query-input\":{\"@type\":\"PropertyValueSpecification\",\"valueRequired\":true,\"valueName\":\"search_term_string\"}}],\"inLanguage\":\"fr-FR\"},{\"@type\":\"Organization\",\"@id\":\"https:\/\/arabpouches.com\/#organization\",\"name\":\"Arab Pouches\",\"url\":\"https:\/\/arabpouches.com\/\",\"logo\":{\"@type\":\"ImageObject\",\"inLanguage\":\"fr-FR\",\"@id\":\"https:\/\/arabpouches.com\/#\/schema\/logo\/image\/\",\"url\":\"https:\/\/arabpouches.com\/wp-content\/uploads\/2025\/06\/cropped-Untitled-design-100.png\",\"contentUrl\":\"https:\/\/arabpouches.com\/wp-content\/uploads\/2025\/06\/cropped-Untitled-design-100.png\",\"width\":512,\"height\":512,\"caption\":\"Arab Pouches\"},\"image\":{\"@id\":\"https:\/\/arabpouches.com\/#\/schema\/logo\/image\/\"},\"hasMerchantReturnPolicy\":{\"@type\":\"MerchantReturnPolicy\",\"merchantReturnLink\":\"https:\/\/arabpouches.com\/fr\/politique-de-remboursement-et-de-retour\/\"}}]}<\/script>\n<meta property=\"product:brand\" content=\"ACE\" \/>\n<meta property=\"product:price:amount\" content=\"7.90\" \/>\n<meta property=\"product:price:currency\" content=\"USD\" \/>\n<meta property=\"og:availability\" content=\"instock\" \/>\n<meta property=\"product:availability\" content=\"instock\" \/>\n<meta property=\"product:retailer_item_id\" content=\"ACE-10.4M-LEM\" \/>\n<meta property=\"product:condition\" content=\"new\" \/>\n<!-- \/ Yoast SEO Premium plugin. -->","yoast_head_json":{"title":"ACE Green Lemon - Sachets arabes","description":"Essayez ACE Green Lemon (10,4 mg\/pochette)\ud83c\udf4bde la collection Aces de pochettes de nicotine Super White Premium.","robots":{"index":"index","follow":"follow","max-snippet":"max-snippet:-1","max-image-preview":"max-image-preview:large","max-video-preview":"max-video-preview:-1"},"canonical":"https:\/\/arabpouches.com\/fr\/ace-green-lemon-104-mg-pouch\/","og_locale":"fr_FR","og_type":"article","og_title":"ACE Green Lemon","og_description":"Try ACE Green Lemon (10,4 mg\/pouch)\ud83c\udf4bfrom Aces Collection of Super White Premium Nicotine Pouches","og_url":"https:\/\/arabpouches.com\/fr\/ace-green-lemon-104-mg-pouch\/","og_site_name":"Arab Pouches","article_modified_time":"2025-09-17T02:20:55+00:00","og_image":[{"width":1000,"height":996,"url":"https:\/\/arabpouches.com\/wp-content\/uploads\/2025\/06\/6196.png","type":"image\/png"}],"twitter_card":"summary_large_image","twitter_misc":{"Prix":"&#36;7.90","Disponibilit\u00e9":"En stock"},"schema":{"@context":"https:\/\/schema.org","@graph":[{"@type":"WebPage","@id":"https:\/\/arabpouches.com\/ace-green-lemon-104-mg-pouch\/","url":"https:\/\/arabpouches.com\/ace-green-lemon-104-mg-pouch\/","name":"ACE Green Lemon - Sachets arabes","isPartOf":{"@id":"https:\/\/arabpouches.com\/#website"},"primaryImageOfPage":{"@id":"https:\/\/arabpouches.com\/ace-green-lemon-104-mg-pouch\/#primaryimage"},"image":{"@id":"https:\/\/arabpouches.com\/ace-green-lemon-104-mg-pouch\/#primaryimage"},"thumbnailUrl":"https:\/\/arabpouches.com\/wp-content\/uploads\/2025\/06\/6196.png","datePublished":"2025-06-25T00:55:23+00:00","dateModified":"2025-09-17T02:20:55+00:00","description":"Essayez ACE Green Lemon (10,4 mg\/pochette)\ud83c\udf4bde la collection Aces de pochettes de nicotine Super White Premium.","breadcrumb":{"@id":"https:\/\/arabpouches.com\/ace-green-lemon-104-mg-pouch\/#breadcrumb"},"inLanguage":"fr-FR","potentialAction":[{"@type":"ReadAction","target":["https:\/\/arabpouches.com\/ace-green-lemon-104-mg-pouch\/"]}]},{"@type":"ImageObject","inLanguage":"fr-FR","@id":"https:\/\/arabpouches.com\/ace-green-lemon-104-mg-pouch\/#primaryimage","url":"https:\/\/arabpouches.com\/wp-content\/uploads\/2025\/06\/6196.png","contentUrl":"https:\/\/arabpouches.com\/wp-content\/uploads\/2025\/06\/6196.png","width":1000,"height":996},{"@type":"BreadcrumbList","@id":"https:\/\/arabpouches.com\/ace-green-lemon-104-mg-pouch\/#breadcrumb","itemListElement":[{"@type":"ListItem","position":1,"name":"Home","item":"https:\/\/arabpouches.com\/"},{"@type":"ListItem","position":2,"name":"Shop","item":"https:\/\/arabpouches.com\/shop\/"},{"@type":"ListItem","position":3,"name":"ACE Green Lemon"}]},{"@type":"WebSite","@id":"https:\/\/arabpouches.com\/#website","url":"https:\/\/arabpouches.com\/","name":"arabpouches.com","description":"Sachets de nicotine Moyen-Orient","publisher":{"@id":"https:\/\/arabpouches.com\/#organization"},"potentialAction":[{"@type":"SearchAction","target":{"@type":"EntryPoint","urlTemplate":"https:\/\/arabpouches.com\/?s={search_term_string}"},"query-input":{"@type":"PropertyValueSpecification","valueRequired":true,"valueName":"search_term_string"}}],"inLanguage":"fr-FR"},{"@type":"Organization","@id":"https:\/\/arabpouches.com\/#organization","name":"Pochettes arabes","url":"https:\/\/arabpouches.com\/","logo":{"@type":"ImageObject","inLanguage":"fr-FR","@id":"https:\/\/arabpouches.com\/#\/schema\/logo\/image\/","url":"https:\/\/arabpouches.com\/wp-content\/uploads\/2025\/06\/cropped-Untitled-design-100.png","contentUrl":"https:\/\/arabpouches.com\/wp-content\/uploads\/2025\/06\/cropped-Untitled-design-100.png","width":512,"height":512,"caption":"Arab Pouches"},"image":{"@id":"https:\/\/arabpouches.com\/#\/schema\/logo\/image\/"},"hasMerchantReturnPolicy":{"@type":"MerchantReturnPolicy","merchantReturnLink":"https:\/\/arabpouches.com\/fr\/politique-de-remboursement-et-de-retour\/"}}]},"product_brand":"ACE","product_price_amount":"7.90","product_price_currency":"USD","og_availability":"instock","product_availability":"instock","product_retailer_item_id":"ACE-10.4M-LEM","product_condition":"new"},"_links":{"self":[{"href":"https:\/\/arabpouches.com\/fr\/wp-json\/wp\/v2\/product\/342","targetHints":{"allow":["GET"]}}],"collection":[{"href":"https:\/\/arabpouches.com\/fr\/wp-json\/wp\/v2\/product"}],"about":[{"href":"https:\/\/arabpouches.com\/fr\/wp-json\/wp\/v2\/types\/product"}],"wp:featuredmedia":[{"embeddable":true,"href":"https:\/\/arabpouches.com\/fr\/wp-json\/wp\/v2\/media\/406"}],"wp:attachment":[{"href":"https:\/\/arabpouches.com\/fr\/wp-json\/wp\/v2\/media?parent=342"}],"wp:term":[{"taxonomy":"product_brand","embeddable":true,"href":"https:\/\/arabpouches.com\/fr\/wp-json\/wp\/v2\/product_brand?post=342"},{"taxonomy":"product_cat","embeddable":true,"href":"https:\/\/arabpouches.com\/fr\/wp-json\/wp\/v2\/product_cat?post=342"},{"taxonomy":"product_tag","embeddable":true,"href":"https:\/\/arabpouches.com\/fr\/wp-json\/wp\/v2\/product_tag?post=342"}],"curies":[{"name":"wp","href":"https:\/\/api.w.org\/{rel}","templated":true}]}}