{"id":341,"date":"2025-06-25T00:55:23","date_gmt":"2025-06-25T00:55:23","guid":{"rendered":"https:\/\/arabpouches.com\/?post_type=product&#038;p=341"},"modified":"2025-09-23T15:29:07","modified_gmt":"2025-09-23T15:29:07","slug":"ace-spearmint-6-mg-pouch","status":"publish","type":"product","link":"https:\/\/arabpouches.com\/fr\/ace-spearmint-6-mg-pouch\/","title":{"rendered":"Menthe verte ACE"},"content":{"rendered":"<p data-start=\"0\" data-end=\"422\">ACE Spearmint, produit par <strong data-start=\"27\" data-end=\"47\">Minist\u00e8re du Snus<\/strong>est un <strong data-start=\"54\" data-end=\"95\">sachet de nicotine All White sans tabac<\/strong> con\u00e7u pour une exp\u00e9rience rafra\u00eechissante. Cette <strong data-start=\"139\" data-end=\"160\">pochette de format r\u00e9duit<\/strong> d\u00e9livre un <strong data-start=\"172\" data-end=\"211\">go\u00fbt de menthe doux et l\u00e9g\u00e8rement sucr\u00e9<\/strong>Il s'agit donc d'une excellente option pour ceux qui pr\u00e9f\u00e8rent un go\u00fbt plus doux. Fabriqu\u00e9 en <strong data-start=\"293\" data-end=\"304\">Danemark<\/strong>ACE Spearmint est compos\u00e9 de <strong data-start=\"333\" data-end=\"380\">des ingr\u00e9dients de haute qualit\u00e9 soigneusement s\u00e9lectionn\u00e9s<\/strong> et se pr\u00e9sente sous la forme d'un <strong data-start=\"396\" data-end=\"419\">Bo\u00eete recyclable 100%<\/strong>.<\/p>\n<p data-start=\"424\" data-end=\"730\">Avec un <strong data-start=\"431\" data-end=\"463\">niveau de r\u00e9sistance de 3 (Fort)<\/strong>Chaque sachet contient <strong data-start=\"485\" data-end=\"505\">6 mg de nicotine<\/strong>, se traduisant par une <strong data-start=\"524\" data-end=\"552\">teneur en nicotine de 1,2%<\/strong>. Une bo\u00eete de conserve contient <strong data-start=\"566\" data-end=\"585\">20 pochettes fines<\/strong>, chacun d'entre eux pesant <strong data-start=\"601\" data-end=\"614\">0,5 grammes<\/strong>Le poids total est donc de <strong data-start=\"647\" data-end=\"667\">10 grammes par bo\u00eete<\/strong>. Le produit a une dur\u00e9e de vie approximative de <strong data-start=\"700\" data-end=\"727\">dur\u00e9e de conservation de 12 mois<\/strong>.<\/p>\n<p data-start=\"732\" data-end=\"966\" data-is-last-node=\"\" data-is-only-node=\"\"><strong data-start=\"732\" data-end=\"748\">Ingr\u00e9dients :<\/strong> Fibre, eau, ar\u00f4mes, humectants, \u00e9dulcorants, copolym\u00e8re acrylique, viscose, stabilisant, antiagglom\u00e9rants, poly\u00e9thyl\u00e8ne t\u00e9r\u00e9phtalate, nicotine, chlorure de sodium, poly\u00e9thyl\u00e8ne, r\u00e9gulateurs d'acidit\u00e9 et conservateurs.<\/p>","protected":false},"excerpt":{"rendered":"<p data-start=\"0\" data-end=\"422\">ACE Spearmint, produit par <strong data-start=\"27\" data-end=\"47\">Minist\u00e8re du Snus<\/strong>est un <strong data-start=\"54\" data-end=\"95\">sachet de nicotine All White sans tabac<\/strong> con\u00e7u pour une exp\u00e9rience rafra\u00eechissante. Cette <strong data-start=\"139\" data-end=\"160\">pochette de format r\u00e9duit<\/strong> d\u00e9livre un <strong data-start=\"172\" data-end=\"211\">go\u00fbt de menthe doux et l\u00e9g\u00e8rement sucr\u00e9<\/strong>Il s'agit donc d'une excellente option pour ceux qui pr\u00e9f\u00e8rent un go\u00fbt plus doux. Fabriqu\u00e9 en <strong data-start=\"293\" data-end=\"304\">Danemark<\/strong>ACE Spearmint est compos\u00e9 de <strong data-start=\"333\" data-end=\"380\">des ingr\u00e9dients de haute qualit\u00e9 soigneusement s\u00e9lectionn\u00e9s<\/strong> et se pr\u00e9sente sous la forme d'un <strong data-start=\"396\" data-end=\"419\">Bo\u00eete recyclable 100%<\/strong>.<\/p>\n<p data-start=\"424\" data-end=\"730\">Avec un <strong data-start=\"431\" data-end=\"463\">niveau de r\u00e9sistance de 3 (Fort)<\/strong>Chaque sachet contient <strong data-start=\"485\" data-end=\"505\">6 mg de nicotine<\/strong>, se traduisant par une <strong data-start=\"524\" data-end=\"552\">teneur en nicotine de 1,2%<\/strong>. Une bo\u00eete de conserve contient <strong data-start=\"566\" data-end=\"585\">20 pochettes fines<\/strong>, chacun d'entre eux pesant <strong data-start=\"601\" data-end=\"614\">0,5 grammes<\/strong>Le poids total est donc de <strong data-start=\"647\" data-end=\"667\">10 grammes par bo\u00eete<\/strong>. Le produit a une dur\u00e9e de vie approximative de <strong data-start=\"700\" data-end=\"727\">dur\u00e9e de conservation de 12 mois<\/strong>.<\/p>\n<p data-start=\"732\" data-end=\"966\" data-is-last-node=\"\" data-is-only-node=\"\"><strong data-start=\"732\" data-end=\"748\">Ingr\u00e9dients :<\/strong> Fibre, eau, ar\u00f4mes, humectants, \u00e9dulcorants, copolym\u00e8re acrylique, viscose, stabilisant, antiagglom\u00e9rants, poly\u00e9thyl\u00e8ne t\u00e9r\u00e9phtalate, nicotine, chlorure de sodium, poly\u00e9thyl\u00e8ne, r\u00e9gulateurs d'acidit\u00e9 et conservateurs.<\/p>","protected":false},"featured_media":405,"template":"","meta":[],"product_brand":[264],"product_cat":[87],"product_tag":[169],"class_list":{"0":"post-341","1":"product","2":"type-product","3":"status-publish","4":"has-post-thumbnail","6":"product_brand-ace","7":"product_cat-ace","8":"product_tag-light-1-6mg","10":"first","11":"instock","12":"sale","13":"shipping-taxable","14":"purchasable","15":"product-type-simple"},"yoast_head":"<!-- This site is optimized with the Yoast SEO Premium plugin v25.9 (Yoast SEO v26.0) - https:\/\/yoast.com\/wordpress\/plugins\/seo\/ -->\n<title>ACE Spearmint - Arab Pouches<\/title>\n<meta name=\"description\" content=\"Try ACE Spearmint (6 mg\/pouch)\ud83c\udf43 from Aces Collection of Super White Premium Nicotine Pouches\" \/>\n<meta name=\"robots\" content=\"index, follow, max-snippet:-1, max-image-preview:large, max-video-preview:-1\" \/>\n<link rel=\"canonical\" href=\"https:\/\/arabpouches.com\/fr\/ace-spearmint-6-mg-pouch\/\" \/>\n<meta property=\"og:locale\" content=\"fr_FR\" \/>\n<meta property=\"og:type\" content=\"article\" \/>\n<meta property=\"og:title\" content=\"ACE Spearmint\" \/>\n<meta property=\"og:description\" content=\"Try ACE Spearmint (6 mg\/pouch)\ud83c\udf43 from Aces Collection of Super White Premium Nicotine Pouches\" \/>\n<meta property=\"og:url\" content=\"https:\/\/arabpouches.com\/fr\/ace-spearmint-6-mg-pouch\/\" \/>\n<meta property=\"og:site_name\" content=\"Arab Pouches\" \/>\n<meta property=\"article:modified_time\" content=\"2025-09-23T15:29:07+00:00\" \/>\n<meta property=\"og:image\" content=\"https:\/\/arabpouches.com\/wp-content\/uploads\/2025\/06\/6213.png\" \/>\n\t<meta property=\"og:image:width\" content=\"1000\" \/>\n\t<meta property=\"og:image:height\" content=\"1001\" \/>\n\t<meta property=\"og:image:type\" content=\"image\/png\" \/>\n<meta name=\"twitter:card\" content=\"summary_large_image\" \/>\n<meta name=\"twitter:label1\" content=\"Prix\" \/>\n\t<meta name=\"twitter:data1\" content=\"&#036;7.90\" \/>\n\t<meta name=\"twitter:label2\" content=\"Disponibilit\u00e9\" \/>\n\t<meta name=\"twitter:data2\" content=\"En stock\" \/>\n<script type=\"application\/ld+json\" class=\"yoast-schema-graph\">{\"@context\":\"https:\/\/schema.org\",\"@graph\":[{\"@type\":\"WebPage\",\"@id\":\"https:\/\/arabpouches.com\/ace-spearmint-6-mg-pouch\/\",\"url\":\"https:\/\/arabpouches.com\/ace-spearmint-6-mg-pouch\/\",\"name\":\"ACE Spearmint - Arab Pouches\",\"isPartOf\":{\"@id\":\"https:\/\/arabpouches.com\/#website\"},\"primaryImageOfPage\":{\"@id\":\"https:\/\/arabpouches.com\/ace-spearmint-6-mg-pouch\/#primaryimage\"},\"image\":{\"@id\":\"https:\/\/arabpouches.com\/ace-spearmint-6-mg-pouch\/#primaryimage\"},\"thumbnailUrl\":\"https:\/\/arabpouches.com\/wp-content\/uploads\/2025\/06\/6213.png\",\"datePublished\":\"2025-06-25T00:55:23+00:00\",\"dateModified\":\"2025-09-23T15:29:07+00:00\",\"description\":\"Try ACE Spearmint (6 mg\/pouch)\ud83c\udf43 from Aces Collection of Super White Premium Nicotine Pouches\",\"breadcrumb\":{\"@id\":\"https:\/\/arabpouches.com\/ace-spearmint-6-mg-pouch\/#breadcrumb\"},\"inLanguage\":\"fr-FR\",\"potentialAction\":[{\"@type\":\"ReadAction\",\"target\":[\"https:\/\/arabpouches.com\/ace-spearmint-6-mg-pouch\/\"]}]},{\"@type\":\"ImageObject\",\"inLanguage\":\"fr-FR\",\"@id\":\"https:\/\/arabpouches.com\/ace-spearmint-6-mg-pouch\/#primaryimage\",\"url\":\"https:\/\/arabpouches.com\/wp-content\/uploads\/2025\/06\/6213.png\",\"contentUrl\":\"https:\/\/arabpouches.com\/wp-content\/uploads\/2025\/06\/6213.png\",\"width\":1000,\"height\":1001},{\"@type\":\"BreadcrumbList\",\"@id\":\"https:\/\/arabpouches.com\/ace-spearmint-6-mg-pouch\/#breadcrumb\",\"itemListElement\":[{\"@type\":\"ListItem\",\"position\":1,\"name\":\"Home\",\"item\":\"https:\/\/arabpouches.com\/\"},{\"@type\":\"ListItem\",\"position\":2,\"name\":\"Shop\",\"item\":\"https:\/\/arabpouches.com\/shop\/\"},{\"@type\":\"ListItem\",\"position\":3,\"name\":\"ACE Spearmint\"}]},{\"@type\":\"WebSite\",\"@id\":\"https:\/\/arabpouches.com\/#website\",\"url\":\"https:\/\/arabpouches.com\/\",\"name\":\"arabpouches.com\",\"description\":\"Nicotine Pouches Middle East\",\"publisher\":{\"@id\":\"https:\/\/arabpouches.com\/#organization\"},\"potentialAction\":[{\"@type\":\"SearchAction\",\"target\":{\"@type\":\"EntryPoint\",\"urlTemplate\":\"https:\/\/arabpouches.com\/?s={search_term_string}\"},\"query-input\":{\"@type\":\"PropertyValueSpecification\",\"valueRequired\":true,\"valueName\":\"search_term_string\"}}],\"inLanguage\":\"fr-FR\"},{\"@type\":\"Organization\",\"@id\":\"https:\/\/arabpouches.com\/#organization\",\"name\":\"Arab Pouches\",\"url\":\"https:\/\/arabpouches.com\/\",\"logo\":{\"@type\":\"ImageObject\",\"inLanguage\":\"fr-FR\",\"@id\":\"https:\/\/arabpouches.com\/#\/schema\/logo\/image\/\",\"url\":\"https:\/\/arabpouches.com\/wp-content\/uploads\/2025\/06\/cropped-Untitled-design-100.png\",\"contentUrl\":\"https:\/\/arabpouches.com\/wp-content\/uploads\/2025\/06\/cropped-Untitled-design-100.png\",\"width\":512,\"height\":512,\"caption\":\"Arab Pouches\"},\"image\":{\"@id\":\"https:\/\/arabpouches.com\/#\/schema\/logo\/image\/\"},\"hasMerchantReturnPolicy\":{\"@type\":\"MerchantReturnPolicy\",\"merchantReturnLink\":\"https:\/\/arabpouches.com\/fr\/politique-de-remboursement-et-de-retour\/\"}}]}<\/script>\n<meta property=\"product:brand\" content=\"ACE\" \/>\n<meta property=\"product:price:amount\" content=\"7.90\" \/>\n<meta property=\"product:price:currency\" content=\"USD\" \/>\n<meta property=\"og:availability\" content=\"instock\" \/>\n<meta property=\"product:availability\" content=\"instock\" \/>\n<meta property=\"product:retailer_item_id\" content=\"ACE-6M-SPER\" \/>\n<meta property=\"product:condition\" content=\"new\" \/>\n<!-- \/ Yoast SEO Premium plugin. -->","yoast_head_json":{"title":"ACE Menthe verte - Sachets arabes","description":"Essayez ACE Spearmint (6 mg\/pochette)\ud83c\udf43 de la collection Aces de pochettes de nicotine Super White Premium.","robots":{"index":"index","follow":"follow","max-snippet":"max-snippet:-1","max-image-preview":"max-image-preview:large","max-video-preview":"max-video-preview:-1"},"canonical":"https:\/\/arabpouches.com\/fr\/ace-spearmint-6-mg-pouch\/","og_locale":"fr_FR","og_type":"article","og_title":"ACE Spearmint","og_description":"Try ACE Spearmint (6 mg\/pouch)\ud83c\udf43 from Aces Collection of Super White Premium Nicotine Pouches","og_url":"https:\/\/arabpouches.com\/fr\/ace-spearmint-6-mg-pouch\/","og_site_name":"Arab Pouches","article_modified_time":"2025-09-23T15:29:07+00:00","og_image":[{"width":1000,"height":1001,"url":"https:\/\/arabpouches.com\/wp-content\/uploads\/2025\/06\/6213.png","type":"image\/png"}],"twitter_card":"summary_large_image","twitter_misc":{"Prix":"&#36;7.90","Disponibilit\u00e9":"En stock"},"schema":{"@context":"https:\/\/schema.org","@graph":[{"@type":"WebPage","@id":"https:\/\/arabpouches.com\/ace-spearmint-6-mg-pouch\/","url":"https:\/\/arabpouches.com\/ace-spearmint-6-mg-pouch\/","name":"ACE Menthe verte - Sachets arabes","isPartOf":{"@id":"https:\/\/arabpouches.com\/#website"},"primaryImageOfPage":{"@id":"https:\/\/arabpouches.com\/ace-spearmint-6-mg-pouch\/#primaryimage"},"image":{"@id":"https:\/\/arabpouches.com\/ace-spearmint-6-mg-pouch\/#primaryimage"},"thumbnailUrl":"https:\/\/arabpouches.com\/wp-content\/uploads\/2025\/06\/6213.png","datePublished":"2025-06-25T00:55:23+00:00","dateModified":"2025-09-23T15:29:07+00:00","description":"Essayez ACE Spearmint (6 mg\/pochette)\ud83c\udf43 de la collection Aces de pochettes de nicotine Super White Premium.","breadcrumb":{"@id":"https:\/\/arabpouches.com\/ace-spearmint-6-mg-pouch\/#breadcrumb"},"inLanguage":"fr-FR","potentialAction":[{"@type":"ReadAction","target":["https:\/\/arabpouches.com\/ace-spearmint-6-mg-pouch\/"]}]},{"@type":"ImageObject","inLanguage":"fr-FR","@id":"https:\/\/arabpouches.com\/ace-spearmint-6-mg-pouch\/#primaryimage","url":"https:\/\/arabpouches.com\/wp-content\/uploads\/2025\/06\/6213.png","contentUrl":"https:\/\/arabpouches.com\/wp-content\/uploads\/2025\/06\/6213.png","width":1000,"height":1001},{"@type":"BreadcrumbList","@id":"https:\/\/arabpouches.com\/ace-spearmint-6-mg-pouch\/#breadcrumb","itemListElement":[{"@type":"ListItem","position":1,"name":"Home","item":"https:\/\/arabpouches.com\/"},{"@type":"ListItem","position":2,"name":"Shop","item":"https:\/\/arabpouches.com\/shop\/"},{"@type":"ListItem","position":3,"name":"ACE Spearmint"}]},{"@type":"WebSite","@id":"https:\/\/arabpouches.com\/#website","url":"https:\/\/arabpouches.com\/","name":"arabpouches.com","description":"Sachets de nicotine Moyen-Orient","publisher":{"@id":"https:\/\/arabpouches.com\/#organization"},"potentialAction":[{"@type":"SearchAction","target":{"@type":"EntryPoint","urlTemplate":"https:\/\/arabpouches.com\/?s={search_term_string}"},"query-input":{"@type":"PropertyValueSpecification","valueRequired":true,"valueName":"search_term_string"}}],"inLanguage":"fr-FR"},{"@type":"Organization","@id":"https:\/\/arabpouches.com\/#organization","name":"Pochettes arabes","url":"https:\/\/arabpouches.com\/","logo":{"@type":"ImageObject","inLanguage":"fr-FR","@id":"https:\/\/arabpouches.com\/#\/schema\/logo\/image\/","url":"https:\/\/arabpouches.com\/wp-content\/uploads\/2025\/06\/cropped-Untitled-design-100.png","contentUrl":"https:\/\/arabpouches.com\/wp-content\/uploads\/2025\/06\/cropped-Untitled-design-100.png","width":512,"height":512,"caption":"Arab Pouches"},"image":{"@id":"https:\/\/arabpouches.com\/#\/schema\/logo\/image\/"},"hasMerchantReturnPolicy":{"@type":"MerchantReturnPolicy","merchantReturnLink":"https:\/\/arabpouches.com\/fr\/politique-de-remboursement-et-de-retour\/"}}]},"product_brand":"ACE","product_price_amount":"7.90","product_price_currency":"USD","og_availability":"instock","product_availability":"instock","product_retailer_item_id":"ACE-6M-SPER","product_condition":"new"},"_links":{"self":[{"href":"https:\/\/arabpouches.com\/fr\/wp-json\/wp\/v2\/product\/341","targetHints":{"allow":["GET"]}}],"collection":[{"href":"https:\/\/arabpouches.com\/fr\/wp-json\/wp\/v2\/product"}],"about":[{"href":"https:\/\/arabpouches.com\/fr\/wp-json\/wp\/v2\/types\/product"}],"wp:featuredmedia":[{"embeddable":true,"href":"https:\/\/arabpouches.com\/fr\/wp-json\/wp\/v2\/media\/405"}],"wp:attachment":[{"href":"https:\/\/arabpouches.com\/fr\/wp-json\/wp\/v2\/media?parent=341"}],"wp:term":[{"taxonomy":"product_brand","embeddable":true,"href":"https:\/\/arabpouches.com\/fr\/wp-json\/wp\/v2\/product_brand?post=341"},{"taxonomy":"product_cat","embeddable":true,"href":"https:\/\/arabpouches.com\/fr\/wp-json\/wp\/v2\/product_cat?post=341"},{"taxonomy":"product_tag","embeddable":true,"href":"https:\/\/arabpouches.com\/fr\/wp-json\/wp\/v2\/product_tag?post=341"}],"curies":[{"name":"wp","href":"https:\/\/api.w.org\/{rel}","templated":true}]}}