{"id":329,"date":"2025-06-25T00:53:00","date_gmt":"2025-06-25T00:53:00","guid":{"rendered":"https:\/\/arabpouches.com\/?post_type=product&#038;p=329"},"modified":"2025-09-17T02:22:19","modified_gmt":"2025-09-17T02:22:19","slug":"iceberg-arasaka-slim-strong-50-mg-g","status":"publish","type":"product","link":"https:\/\/arabpouches.com\/fr\/iceberg-arasaka-slim-strong-50-mg-g\/","title":{"rendered":"ICEBERG Arasaka Slim Strong"},"content":{"rendered":"<p>Faites l'exp\u00e9rience d'une explosion de saveur d'abricot incroyablement juteuse d\u00e8s la premi\u00e8re seconde avec nos sachets de nicotine Iceberg, un changement rafra\u00eechissant par rapport au go\u00fbt de menthe classique. Con\u00e7us pour la chaleur de l'\u00e9t\u00e9, ces sachets offrent une exp\u00e9rience gustative vibrante qui s'intensifie au fil des minutes, ce qui en fait un choix de pr\u00e9dilection pour les amateurs de snus qui ont envie d'un puissant coup de fouet nicotinique.<\/p>\n<ul>\n<li><strong>Ar\u00f4me d'abricot juteux<\/strong>: Un go\u00fbt d'abricot juteux, imm\u00e9diat et intense, qui constitue un rafra\u00eechissement parfait pour les chaudes journ\u00e9es d'\u00e9t\u00e9, offrant un d\u00e9licieux changement par rapport aux saveurs traditionnelles.<\/li>\n<li><strong>Teneur \u00e9lev\u00e9e en nicotine<\/strong>: Avec un taux de nicotine de 50 mg\/g, ces sachets font partie de la cat\u00e9gorie Ultra Strong, con\u00e7ue sp\u00e9cifiquement pour les utilisateurs exp\u00e9riment\u00e9s \u00e0 la recherche d'une satisfaction nicotinique intense.<\/li>\n<li><strong>Lib\u00e9ration prolong\u00e9e d'ar\u00f4mes<\/strong>: La composition humide des sachets garantit une saveur durable et une lib\u00e9ration de nicotine pendant 30 minutes, dans une bo\u00eete \u00e9l\u00e9gante de format mince contenant 20 sachets.<\/li>\n<\/ul>\n<p>Id\u00e9ales pour ceux qui recherchent une exp\u00e9rience nicotinique puissante et savoureuse, nos pochettes de nicotine Iceberg \u00e0 l'ar\u00f4me d'abricot procurent une sensation gustative extraordinaire, ce qui en fait un choix exceptionnel pour tous ceux qui recherchent une alternative aux vari\u00e9t\u00e9s de menthe conventionnelles.<\/p>","protected":false},"excerpt":{"rendered":"<p>Faites l'exp\u00e9rience d'une explosion de saveur d'abricot incroyablement juteuse d\u00e8s la premi\u00e8re seconde avec nos sachets de nicotine Iceberg, un changement rafra\u00eechissant par rapport au go\u00fbt de menthe classique. Con\u00e7us pour la chaleur de l'\u00e9t\u00e9, ces sachets offrent une exp\u00e9rience gustative vibrante qui s'intensifie au fil des minutes, ce qui en fait un choix de pr\u00e9dilection pour les amateurs de snus qui ont envie d'un puissant coup de fouet nicotinique.<\/p>\n<p><strong>Ar\u00f4me d'abricot juteux<\/strong>: Un go\u00fbt d'abricot juteux, imm\u00e9diat et intense, qui constitue un rafra\u00eechissement parfait pour les chaudes journ\u00e9es d'\u00e9t\u00e9, offrant un d\u00e9licieux changement par rapport aux saveurs traditionnelles.<\/p>\n<p><strong>Teneur \u00e9lev\u00e9e en nicotine<\/strong>: Avec un taux de nicotine de 50 mg\/g, ces sachets font partie de la cat\u00e9gorie Ultra Strong, con\u00e7ue sp\u00e9cifiquement pour les utilisateurs exp\u00e9riment\u00e9s \u00e0 la recherche d'une satisfaction nicotinique intense.<\/p>\n<p><strong>Lib\u00e9ration prolong\u00e9e d'ar\u00f4mes<\/strong>: La composition humide des sachets garantit une saveur durable et une lib\u00e9ration de nicotine pendant 30 minutes, dans une bo\u00eete \u00e9l\u00e9gante de format mince contenant 20 sachets.<\/p>\n<p>Id\u00e9ales pour ceux qui recherchent une exp\u00e9rience nicotinique puissante et savoureuse, nos pochettes de nicotine Iceberg \u00e0 l'ar\u00f4me d'abricot procurent une sensation gustative extraordinaire, ce qui en fait un choix exceptionnel pour tous ceux qui recherchent une alternative aux vari\u00e9t\u00e9s de menthe conventionnelles.<\/p>","protected":false},"featured_media":1549,"template":"","meta":[],"product_brand":[269],"product_cat":[83],"product_tag":[172],"class_list":{"0":"post-329","1":"product","2":"type-product","3":"status-publish","4":"has-post-thumbnail","6":"product_brand-iceberg","7":"product_cat-iceberg","8":"product_tag-extreme-20mg","10":"first","11":"instock","12":"sale","13":"shipping-taxable","14":"purchasable","15":"product-type-simple"},"yoast_head":"<!-- This site is optimized with the Yoast SEO Premium plugin v25.9 (Yoast SEO v26.0) - https:\/\/yoast.com\/wordpress\/plugins\/seo\/ -->\n<title>ICEBERG Arasaka Slim Strong - Arab Pouches<\/title>\n<meta name=\"robots\" content=\"index, follow, max-snippet:-1, max-image-preview:large, max-video-preview:-1\" \/>\n<link rel=\"canonical\" href=\"https:\/\/arabpouches.com\/fr\/iceberg-arasaka-slim-strong-50-mg-g\/\" \/>\n<meta property=\"og:locale\" content=\"fr_FR\" \/>\n<meta property=\"og:type\" content=\"article\" \/>\n<meta property=\"og:title\" content=\"ICEBERG Arasaka Slim Strong\" \/>\n<meta property=\"og:description\" content=\"Experience the burst of incredibly juicy apricot flavor from the very first second with our Iceberg Nicotine Pouches, a refreshing departure from the classic mint taste. Tailor-made for the heat of summer, these pouches offer a vibrant flavor experience that intensifies with every passing minute, making them a favorite choice for snus enthusiasts who crave a potent nicotine kick. Juicy Apricot Flavor: An immediate and intensifying juicy apricot taste that serves as a perfect refreshment for hot summer days, offering a delightful change from traditional flavors. High Nicotine Content: With a nicotine strength of 50 mg\/g, these pouches fall into the Ultra Strong category, designed specifically for experienced users seeking intense nicotine satisfaction. Extended Flavor Release: The moist composition of the pouches ensures a lasting flavor and nicotine release for up to 30 minutes, contained in a sleek slim-format can with 20 pouches. Ideal for those in search of a powerful and flavorful nicotine experience, our Iceberg Nicotine Pouches with apricot flavor bring an extraordinary taste sensation, making them a standout choice for anyone looking for an alternative to conventional mint varieties.\" \/>\n<meta property=\"og:url\" content=\"https:\/\/arabpouches.com\/fr\/iceberg-arasaka-slim-strong-50-mg-g\/\" \/>\n<meta property=\"og:site_name\" content=\"Arab Pouches\" \/>\n<meta property=\"article:modified_time\" content=\"2025-09-17T02:22:19+00:00\" \/>\n<meta property=\"og:image\" content=\"https:\/\/arabpouches.com\/wp-content\/uploads\/2025\/08\/2.png\" \/>\n\t<meta property=\"og:image:width\" content=\"500\" \/>\n\t<meta property=\"og:image:height\" content=\"500\" \/>\n\t<meta property=\"og:image:type\" content=\"image\/png\" \/>\n<meta name=\"twitter:card\" content=\"summary_large_image\" \/>\n<meta name=\"twitter:label1\" content=\"Prix\" \/>\n\t<meta name=\"twitter:data1\" content=\"&#036;7.90\" \/>\n\t<meta name=\"twitter:label2\" content=\"Disponibilit\u00e9\" \/>\n\t<meta name=\"twitter:data2\" content=\"En stock\" \/>\n<script type=\"application\/ld+json\" class=\"yoast-schema-graph\">{\"@context\":\"https:\/\/schema.org\",\"@graph\":[{\"@type\":\"WebPage\",\"@id\":\"https:\/\/arabpouches.com\/iceberg-arasaka-slim-strong-50-mg-g\/\",\"url\":\"https:\/\/arabpouches.com\/iceberg-arasaka-slim-strong-50-mg-g\/\",\"name\":\"ICEBERG Arasaka Slim Strong - Arab Pouches\",\"isPartOf\":{\"@id\":\"https:\/\/arabpouches.com\/#website\"},\"primaryImageOfPage\":{\"@id\":\"https:\/\/arabpouches.com\/iceberg-arasaka-slim-strong-50-mg-g\/#primaryimage\"},\"image\":{\"@id\":\"https:\/\/arabpouches.com\/iceberg-arasaka-slim-strong-50-mg-g\/#primaryimage\"},\"thumbnailUrl\":\"https:\/\/arabpouches.com\/wp-content\/uploads\/2025\/08\/2.png\",\"datePublished\":\"2025-06-25T00:53:00+00:00\",\"dateModified\":\"2025-09-17T02:22:19+00:00\",\"breadcrumb\":{\"@id\":\"https:\/\/arabpouches.com\/iceberg-arasaka-slim-strong-50-mg-g\/#breadcrumb\"},\"inLanguage\":\"fr-FR\",\"potentialAction\":[{\"@type\":\"ReadAction\",\"target\":[\"https:\/\/arabpouches.com\/iceberg-arasaka-slim-strong-50-mg-g\/\"]}]},{\"@type\":\"ImageObject\",\"inLanguage\":\"fr-FR\",\"@id\":\"https:\/\/arabpouches.com\/iceberg-arasaka-slim-strong-50-mg-g\/#primaryimage\",\"url\":\"https:\/\/arabpouches.com\/wp-content\/uploads\/2025\/08\/2.png\",\"contentUrl\":\"https:\/\/arabpouches.com\/wp-content\/uploads\/2025\/08\/2.png\",\"width\":500,\"height\":500},{\"@type\":\"BreadcrumbList\",\"@id\":\"https:\/\/arabpouches.com\/iceberg-arasaka-slim-strong-50-mg-g\/#breadcrumb\",\"itemListElement\":[{\"@type\":\"ListItem\",\"position\":1,\"name\":\"Home\",\"item\":\"https:\/\/arabpouches.com\/\"},{\"@type\":\"ListItem\",\"position\":2,\"name\":\"Shop\",\"item\":\"https:\/\/arabpouches.com\/shop\/\"},{\"@type\":\"ListItem\",\"position\":3,\"name\":\"ICEBERG Arasaka Slim Strong\"}]},{\"@type\":\"WebSite\",\"@id\":\"https:\/\/arabpouches.com\/#website\",\"url\":\"https:\/\/arabpouches.com\/\",\"name\":\"arabpouches.com\",\"description\":\"Nicotine Pouches Middle East\",\"publisher\":{\"@id\":\"https:\/\/arabpouches.com\/#organization\"},\"potentialAction\":[{\"@type\":\"SearchAction\",\"target\":{\"@type\":\"EntryPoint\",\"urlTemplate\":\"https:\/\/arabpouches.com\/?s={search_term_string}\"},\"query-input\":{\"@type\":\"PropertyValueSpecification\",\"valueRequired\":true,\"valueName\":\"search_term_string\"}}],\"inLanguage\":\"fr-FR\"},{\"@type\":\"Organization\",\"@id\":\"https:\/\/arabpouches.com\/#organization\",\"name\":\"Arab Pouches\",\"url\":\"https:\/\/arabpouches.com\/\",\"logo\":{\"@type\":\"ImageObject\",\"inLanguage\":\"fr-FR\",\"@id\":\"https:\/\/arabpouches.com\/#\/schema\/logo\/image\/\",\"url\":\"https:\/\/arabpouches.com\/wp-content\/uploads\/2025\/06\/cropped-Untitled-design-100.png\",\"contentUrl\":\"https:\/\/arabpouches.com\/wp-content\/uploads\/2025\/06\/cropped-Untitled-design-100.png\",\"width\":512,\"height\":512,\"caption\":\"Arab Pouches\"},\"image\":{\"@id\":\"https:\/\/arabpouches.com\/#\/schema\/logo\/image\/\"},\"hasMerchantReturnPolicy\":{\"@type\":\"MerchantReturnPolicy\",\"merchantReturnLink\":\"https:\/\/arabpouches.com\/fr\/politique-de-remboursement-et-de-retour\/\"}}]}<\/script>\n<meta property=\"product:brand\" content=\"ICEBERG\" \/>\n<meta property=\"product:price:amount\" content=\"7.90\" \/>\n<meta property=\"product:price:currency\" content=\"USD\" \/>\n<meta property=\"og:availability\" content=\"instock\" \/>\n<meta property=\"product:availability\" content=\"instock\" \/>\n<meta property=\"product:retailer_item_id\" content=\"ICE-35M-FRU-1\" \/>\n<meta property=\"product:condition\" content=\"new\" \/>\n<!-- \/ Yoast SEO Premium plugin. -->","yoast_head_json":{"title":"ICEBERG Arasaka Slim Strong - Pochettes arabes","robots":{"index":"index","follow":"follow","max-snippet":"max-snippet:-1","max-image-preview":"max-image-preview:large","max-video-preview":"max-video-preview:-1"},"canonical":"https:\/\/arabpouches.com\/fr\/iceberg-arasaka-slim-strong-50-mg-g\/","og_locale":"fr_FR","og_type":"article","og_title":"ICEBERG Arasaka Slim Strong","og_description":"Experience the burst of incredibly juicy apricot flavor from the very first second with our Iceberg Nicotine Pouches, a refreshing departure from the classic mint taste. Tailor-made for the heat of summer, these pouches offer a vibrant flavor experience that intensifies with every passing minute, making them a favorite choice for snus enthusiasts who crave a potent nicotine kick. Juicy Apricot Flavor: An immediate and intensifying juicy apricot taste that serves as a perfect refreshment for hot summer days, offering a delightful change from traditional flavors. High Nicotine Content: With a nicotine strength of 50 mg\/g, these pouches fall into the Ultra Strong category, designed specifically for experienced users seeking intense nicotine satisfaction. Extended Flavor Release: The moist composition of the pouches ensures a lasting flavor and nicotine release for up to 30 minutes, contained in a sleek slim-format can with 20 pouches. Ideal for those in search of a powerful and flavorful nicotine experience, our Iceberg Nicotine Pouches with apricot flavor bring an extraordinary taste sensation, making them a standout choice for anyone looking for an alternative to conventional mint varieties.","og_url":"https:\/\/arabpouches.com\/fr\/iceberg-arasaka-slim-strong-50-mg-g\/","og_site_name":"Arab Pouches","article_modified_time":"2025-09-17T02:22:19+00:00","og_image":[{"width":500,"height":500,"url":"https:\/\/arabpouches.com\/wp-content\/uploads\/2025\/08\/2.png","type":"image\/png"}],"twitter_card":"summary_large_image","twitter_misc":{"Prix":"&#36;7.90","Disponibilit\u00e9":"En stock"},"schema":{"@context":"https:\/\/schema.org","@graph":[{"@type":"WebPage","@id":"https:\/\/arabpouches.com\/iceberg-arasaka-slim-strong-50-mg-g\/","url":"https:\/\/arabpouches.com\/iceberg-arasaka-slim-strong-50-mg-g\/","name":"ICEBERG Arasaka Slim Strong - Pochettes arabes","isPartOf":{"@id":"https:\/\/arabpouches.com\/#website"},"primaryImageOfPage":{"@id":"https:\/\/arabpouches.com\/iceberg-arasaka-slim-strong-50-mg-g\/#primaryimage"},"image":{"@id":"https:\/\/arabpouches.com\/iceberg-arasaka-slim-strong-50-mg-g\/#primaryimage"},"thumbnailUrl":"https:\/\/arabpouches.com\/wp-content\/uploads\/2025\/08\/2.png","datePublished":"2025-06-25T00:53:00+00:00","dateModified":"2025-09-17T02:22:19+00:00","breadcrumb":{"@id":"https:\/\/arabpouches.com\/iceberg-arasaka-slim-strong-50-mg-g\/#breadcrumb"},"inLanguage":"fr-FR","potentialAction":[{"@type":"ReadAction","target":["https:\/\/arabpouches.com\/iceberg-arasaka-slim-strong-50-mg-g\/"]}]},{"@type":"ImageObject","inLanguage":"fr-FR","@id":"https:\/\/arabpouches.com\/iceberg-arasaka-slim-strong-50-mg-g\/#primaryimage","url":"https:\/\/arabpouches.com\/wp-content\/uploads\/2025\/08\/2.png","contentUrl":"https:\/\/arabpouches.com\/wp-content\/uploads\/2025\/08\/2.png","width":500,"height":500},{"@type":"BreadcrumbList","@id":"https:\/\/arabpouches.com\/iceberg-arasaka-slim-strong-50-mg-g\/#breadcrumb","itemListElement":[{"@type":"ListItem","position":1,"name":"Home","item":"https:\/\/arabpouches.com\/"},{"@type":"ListItem","position":2,"name":"Shop","item":"https:\/\/arabpouches.com\/shop\/"},{"@type":"ListItem","position":3,"name":"ICEBERG Arasaka Slim Strong"}]},{"@type":"WebSite","@id":"https:\/\/arabpouches.com\/#website","url":"https:\/\/arabpouches.com\/","name":"arabpouches.com","description":"Sachets de nicotine Moyen-Orient","publisher":{"@id":"https:\/\/arabpouches.com\/#organization"},"potentialAction":[{"@type":"SearchAction","target":{"@type":"EntryPoint","urlTemplate":"https:\/\/arabpouches.com\/?s={search_term_string}"},"query-input":{"@type":"PropertyValueSpecification","valueRequired":true,"valueName":"search_term_string"}}],"inLanguage":"fr-FR"},{"@type":"Organization","@id":"https:\/\/arabpouches.com\/#organization","name":"Pochettes arabes","url":"https:\/\/arabpouches.com\/","logo":{"@type":"ImageObject","inLanguage":"fr-FR","@id":"https:\/\/arabpouches.com\/#\/schema\/logo\/image\/","url":"https:\/\/arabpouches.com\/wp-content\/uploads\/2025\/06\/cropped-Untitled-design-100.png","contentUrl":"https:\/\/arabpouches.com\/wp-content\/uploads\/2025\/06\/cropped-Untitled-design-100.png","width":512,"height":512,"caption":"Arab Pouches"},"image":{"@id":"https:\/\/arabpouches.com\/#\/schema\/logo\/image\/"},"hasMerchantReturnPolicy":{"@type":"MerchantReturnPolicy","merchantReturnLink":"https:\/\/arabpouches.com\/fr\/politique-de-remboursement-et-de-retour\/"}}]},"product_brand":"ICEBERG","product_price_amount":"7.90","product_price_currency":"USD","og_availability":"instock","product_availability":"instock","product_retailer_item_id":"ICE-35M-FRU-1","product_condition":"new"},"_links":{"self":[{"href":"https:\/\/arabpouches.com\/fr\/wp-json\/wp\/v2\/product\/329","targetHints":{"allow":["GET"]}}],"collection":[{"href":"https:\/\/arabpouches.com\/fr\/wp-json\/wp\/v2\/product"}],"about":[{"href":"https:\/\/arabpouches.com\/fr\/wp-json\/wp\/v2\/types\/product"}],"wp:featuredmedia":[{"embeddable":true,"href":"https:\/\/arabpouches.com\/fr\/wp-json\/wp\/v2\/media\/1549"}],"wp:attachment":[{"href":"https:\/\/arabpouches.com\/fr\/wp-json\/wp\/v2\/media?parent=329"}],"wp:term":[{"taxonomy":"product_brand","embeddable":true,"href":"https:\/\/arabpouches.com\/fr\/wp-json\/wp\/v2\/product_brand?post=329"},{"taxonomy":"product_cat","embeddable":true,"href":"https:\/\/arabpouches.com\/fr\/wp-json\/wp\/v2\/product_cat?post=329"},{"taxonomy":"product_tag","embeddable":true,"href":"https:\/\/arabpouches.com\/fr\/wp-json\/wp\/v2\/product_tag?post=329"}],"curies":[{"name":"wp","href":"https:\/\/api.w.org\/{rel}","templated":true}]}}