{"id":327,"date":"2025-06-25T00:52:00","date_gmt":"2025-06-25T00:52:00","guid":{"rendered":"https:\/\/arabpouches.com\/?post_type=product&#038;p=327"},"modified":"2025-09-17T02:22:19","modified_gmt":"2025-09-17T02:22:19","slug":"iceberg-black-slim-strong-50-mg-g","status":"publish","type":"product","link":"https:\/\/arabpouches.com\/fr\/iceberg-black-slim-strong-50-mg-g\/","title":{"rendered":"ICEBERG Noir Slim Strong"},"content":{"rendered":"<p>Plongez dans le monde vibrant de Tutti Frutti avec nos sachets de nicotine blancs et super doux, un d\u00e9licieux m\u00e9lange de saveurs sucr\u00e9es et fruit\u00e9es con\u00e7u pour offrir un voyage de nicotine et de saveurs in\u00e9gal\u00e9. Fabriqu\u00e9s avec soin en Russie et aux Pays-Bas, ces sachets gagnent du terrain dans le monde entier gr\u00e2ce \u00e0 leur qualit\u00e9 et \u00e0 leur go\u00fbt agr\u00e9able.<\/p>\n<ul>\n<li>\n<p><strong>Ar\u00f4me intense et lib\u00e9ration de la nicotine<\/strong>: Les sachets humides assurent une lib\u00e9ration rapide et intense de nicotine et d'ar\u00f4me, pendant 30 minutes, pour une exp\u00e9rience satisfaisante.<\/li>\n<li>\n<p><strong>L'artisanat mondial<\/strong>: Fabriqu\u00e9s avec pr\u00e9cision en Russie et aux Pays-Bas, nos sachets t\u00e9moignent d'un engagement en faveur de la qualit\u00e9 et de la demande mondiale croissante de produits innovants \u00e0 base de nicotine.<\/li>\n<li>\n<p><strong>Une vari\u00e9t\u00e9 pour toutes les pr\u00e9f\u00e9rences<\/strong>: Disponible dans un format mince avec 20 sachets par bo\u00eete, nous r\u00e9pondons \u00e0 diff\u00e9rents go\u00fbts et pr\u00e9f\u00e9rences en mati\u00e8re de nicotine, y compris une option plus douce de 20 mg\/g dans cinq d\u00e9licieux ar\u00f4mes.<\/li>\n<\/ul>\n<p>Id\u00e9ales pour ceux qui ch\u00e9rissent une exp\u00e9rience nicotinique douce et fruit\u00e9e, nos poches de nicotine Tutti Frutti sont le choix parfait pour une aventure savoureuse, offrant \u00e0 la fois intensit\u00e9 et vari\u00e9t\u00e9 pour r\u00e9pondre aux d\u00e9sirs des utilisateurs partout dans le monde.<\/p>","protected":false},"excerpt":{"rendered":"<p>Plongez dans le monde vibrant de Tutti Frutti avec nos sachets de nicotine blancs et super doux, un d\u00e9licieux m\u00e9lange de saveurs sucr\u00e9es et fruit\u00e9es con\u00e7u pour offrir un voyage de nicotine et de saveurs in\u00e9gal\u00e9. Fabriqu\u00e9s avec soin en Russie et aux Pays-Bas, ces sachets gagnent du terrain dans le monde entier gr\u00e2ce \u00e0 leur qualit\u00e9 et \u00e0 leur go\u00fbt agr\u00e9able.<\/p>\n<p><strong>Ar\u00f4me intense et lib\u00e9ration de la nicotine<\/strong>: Les sachets humides assurent une lib\u00e9ration rapide et intense de nicotine et d'ar\u00f4me, pendant 30 minutes, pour une exp\u00e9rience satisfaisante.<\/p>\n<p><strong>L'artisanat mondial<\/strong>: Fabriqu\u00e9s avec pr\u00e9cision en Russie et aux Pays-Bas, nos sachets t\u00e9moignent d'un engagement en faveur de la qualit\u00e9 et de la demande mondiale croissante de produits innovants \u00e0 base de nicotine.<\/p>\n<p><strong>Une vari\u00e9t\u00e9 pour toutes les pr\u00e9f\u00e9rences<\/strong>: Disponible dans un format mince avec 20 sachets par bo\u00eete, nous r\u00e9pondons \u00e0 diff\u00e9rents go\u00fbts et pr\u00e9f\u00e9rences en mati\u00e8re de nicotine, y compris une option plus douce de 20 mg\/g dans cinq d\u00e9licieux ar\u00f4mes.<\/p>\n<p>Id\u00e9ales pour ceux qui ch\u00e9rissent une exp\u00e9rience nicotinique douce et fruit\u00e9e, nos poches de nicotine Tutti Frutti sont le choix parfait pour une aventure savoureuse, offrant \u00e0 la fois intensit\u00e9 et vari\u00e9t\u00e9 pour r\u00e9pondre aux d\u00e9sirs des utilisateurs partout dans le monde.<\/p>","protected":false},"featured_media":1547,"template":"","meta":[],"product_brand":[269],"product_cat":[83],"product_tag":[172],"class_list":{"0":"post-327","1":"product","2":"type-product","3":"status-publish","4":"has-post-thumbnail","6":"product_brand-iceberg","7":"product_cat-iceberg","8":"product_tag-extreme-20mg","10":"first","11":"instock","12":"sale","13":"shipping-taxable","14":"purchasable","15":"product-type-simple"},"yoast_head":"<!-- This site is optimized with the Yoast SEO Premium plugin v25.9 (Yoast SEO v26.0) - https:\/\/yoast.com\/wordpress\/plugins\/seo\/ -->\n<title>ICEBERG Black Slim Strong - Arab Pouches<\/title>\n<meta name=\"robots\" content=\"index, follow, max-snippet:-1, max-image-preview:large, max-video-preview:-1\" \/>\n<link rel=\"canonical\" href=\"https:\/\/arabpouches.com\/fr\/iceberg-black-slim-strong-50-mg-g\/\" \/>\n<meta property=\"og:locale\" content=\"fr_FR\" \/>\n<meta property=\"og:type\" content=\"article\" \/>\n<meta property=\"og:title\" content=\"ICEBERG Black Slim Strong\" \/>\n<meta property=\"og:description\" content=\"Dive into the vibrant world of Tutti Frutti with our super soft and white nicotine pouches, a delightful blend of sweet and fruity flavors designed to offer an unparalleled nicotine and flavor journey. Crafted with care in Russia and the Netherlands, these pouches are gaining traction worldwide for their quality and enjoyable taste. Intense Flavor and Nicotine Release: The moist pouches ensure a rapid and intense release of nicotine and flavor, lasting up to 30 minutes for a satisfying experience. Global Craftsmanship: Manufactured with precision in Russia and the Netherlands, our pouches reflect a commitment to quality and the growing global demand for innovative nicotine products. Variety for Every Preference: Available in a slim format with 20 pouches per can, we cater to different tastes and nicotine preferences, including a milder 20 mg\/g option in five delightful flavors. Ideal for those who cherish a sweet and fruity nicotine experience, our Tutti Frutti nicotine pouches are the perfect choice for a flavorful adventure, offering both intensity and variety to meet the desires of users everywhere.\" \/>\n<meta property=\"og:url\" content=\"https:\/\/arabpouches.com\/fr\/iceberg-black-slim-strong-50-mg-g\/\" \/>\n<meta property=\"og:site_name\" content=\"Arab Pouches\" \/>\n<meta property=\"article:modified_time\" content=\"2025-09-17T02:22:19+00:00\" \/>\n<meta property=\"og:image\" content=\"https:\/\/arabpouches.com\/wp-content\/uploads\/2025\/08\/5.png\" \/>\n\t<meta property=\"og:image:width\" content=\"500\" \/>\n\t<meta property=\"og:image:height\" content=\"500\" \/>\n\t<meta property=\"og:image:type\" content=\"image\/png\" \/>\n<meta name=\"twitter:card\" content=\"summary_large_image\" \/>\n<meta name=\"twitter:label1\" content=\"Prix\" \/>\n\t<meta name=\"twitter:data1\" content=\"&#036;7.90\" \/>\n\t<meta name=\"twitter:label2\" content=\"Disponibilit\u00e9\" \/>\n\t<meta name=\"twitter:data2\" content=\"En stock\" \/>\n<script type=\"application\/ld+json\" class=\"yoast-schema-graph\">{\"@context\":\"https:\/\/schema.org\",\"@graph\":[{\"@type\":\"WebPage\",\"@id\":\"https:\/\/arabpouches.com\/iceberg-black-slim-strong-50-mg-g\/\",\"url\":\"https:\/\/arabpouches.com\/iceberg-black-slim-strong-50-mg-g\/\",\"name\":\"ICEBERG Black Slim Strong - Arab Pouches\",\"isPartOf\":{\"@id\":\"https:\/\/arabpouches.com\/#website\"},\"primaryImageOfPage\":{\"@id\":\"https:\/\/arabpouches.com\/iceberg-black-slim-strong-50-mg-g\/#primaryimage\"},\"image\":{\"@id\":\"https:\/\/arabpouches.com\/iceberg-black-slim-strong-50-mg-g\/#primaryimage\"},\"thumbnailUrl\":\"https:\/\/arabpouches.com\/wp-content\/uploads\/2025\/08\/5.png\",\"datePublished\":\"2025-06-25T00:52:00+00:00\",\"dateModified\":\"2025-09-17T02:22:19+00:00\",\"breadcrumb\":{\"@id\":\"https:\/\/arabpouches.com\/iceberg-black-slim-strong-50-mg-g\/#breadcrumb\"},\"inLanguage\":\"fr-FR\",\"potentialAction\":[{\"@type\":\"ReadAction\",\"target\":[\"https:\/\/arabpouches.com\/iceberg-black-slim-strong-50-mg-g\/\"]}]},{\"@type\":\"ImageObject\",\"inLanguage\":\"fr-FR\",\"@id\":\"https:\/\/arabpouches.com\/iceberg-black-slim-strong-50-mg-g\/#primaryimage\",\"url\":\"https:\/\/arabpouches.com\/wp-content\/uploads\/2025\/08\/5.png\",\"contentUrl\":\"https:\/\/arabpouches.com\/wp-content\/uploads\/2025\/08\/5.png\",\"width\":500,\"height\":500},{\"@type\":\"BreadcrumbList\",\"@id\":\"https:\/\/arabpouches.com\/iceberg-black-slim-strong-50-mg-g\/#breadcrumb\",\"itemListElement\":[{\"@type\":\"ListItem\",\"position\":1,\"name\":\"Home\",\"item\":\"https:\/\/arabpouches.com\/\"},{\"@type\":\"ListItem\",\"position\":2,\"name\":\"Shop\",\"item\":\"https:\/\/arabpouches.com\/shop\/\"},{\"@type\":\"ListItem\",\"position\":3,\"name\":\"ICEBERG Black Slim Strong\"}]},{\"@type\":\"WebSite\",\"@id\":\"https:\/\/arabpouches.com\/#website\",\"url\":\"https:\/\/arabpouches.com\/\",\"name\":\"arabpouches.com\",\"description\":\"Nicotine Pouches Middle East\",\"publisher\":{\"@id\":\"https:\/\/arabpouches.com\/#organization\"},\"potentialAction\":[{\"@type\":\"SearchAction\",\"target\":{\"@type\":\"EntryPoint\",\"urlTemplate\":\"https:\/\/arabpouches.com\/?s={search_term_string}\"},\"query-input\":{\"@type\":\"PropertyValueSpecification\",\"valueRequired\":true,\"valueName\":\"search_term_string\"}}],\"inLanguage\":\"fr-FR\"},{\"@type\":\"Organization\",\"@id\":\"https:\/\/arabpouches.com\/#organization\",\"name\":\"Arab Pouches\",\"url\":\"https:\/\/arabpouches.com\/\",\"logo\":{\"@type\":\"ImageObject\",\"inLanguage\":\"fr-FR\",\"@id\":\"https:\/\/arabpouches.com\/#\/schema\/logo\/image\/\",\"url\":\"https:\/\/arabpouches.com\/wp-content\/uploads\/2025\/06\/cropped-Untitled-design-100.png\",\"contentUrl\":\"https:\/\/arabpouches.com\/wp-content\/uploads\/2025\/06\/cropped-Untitled-design-100.png\",\"width\":512,\"height\":512,\"caption\":\"Arab Pouches\"},\"image\":{\"@id\":\"https:\/\/arabpouches.com\/#\/schema\/logo\/image\/\"},\"hasMerchantReturnPolicy\":{\"@type\":\"MerchantReturnPolicy\",\"merchantReturnLink\":\"https:\/\/arabpouches.com\/fr\/politique-de-remboursement-et-de-retour\/\"}}]}<\/script>\n<meta property=\"product:brand\" content=\"ICEBERG\" \/>\n<meta property=\"product:price:amount\" content=\"7.90\" \/>\n<meta property=\"product:price:currency\" content=\"USD\" \/>\n<meta property=\"og:availability\" content=\"instock\" \/>\n<meta property=\"product:availability\" content=\"instock\" \/>\n<meta property=\"product:retailer_item_id\" content=\"ICE-35M-FRU\" \/>\n<meta property=\"product:condition\" content=\"new\" \/>\n<!-- \/ Yoast SEO Premium plugin. -->","yoast_head_json":{"title":"ICEBERG Black Slim Strong - Pochettes arabes","robots":{"index":"index","follow":"follow","max-snippet":"max-snippet:-1","max-image-preview":"max-image-preview:large","max-video-preview":"max-video-preview:-1"},"canonical":"https:\/\/arabpouches.com\/fr\/iceberg-black-slim-strong-50-mg-g\/","og_locale":"fr_FR","og_type":"article","og_title":"ICEBERG Black Slim Strong","og_description":"Dive into the vibrant world of Tutti Frutti with our super soft and white nicotine pouches, a delightful blend of sweet and fruity flavors designed to offer an unparalleled nicotine and flavor journey. Crafted with care in Russia and the Netherlands, these pouches are gaining traction worldwide for their quality and enjoyable taste. Intense Flavor and Nicotine Release: The moist pouches ensure a rapid and intense release of nicotine and flavor, lasting up to 30 minutes for a satisfying experience. Global Craftsmanship: Manufactured with precision in Russia and the Netherlands, our pouches reflect a commitment to quality and the growing global demand for innovative nicotine products. Variety for Every Preference: Available in a slim format with 20 pouches per can, we cater to different tastes and nicotine preferences, including a milder 20 mg\/g option in five delightful flavors. Ideal for those who cherish a sweet and fruity nicotine experience, our Tutti Frutti nicotine pouches are the perfect choice for a flavorful adventure, offering both intensity and variety to meet the desires of users everywhere.","og_url":"https:\/\/arabpouches.com\/fr\/iceberg-black-slim-strong-50-mg-g\/","og_site_name":"Arab Pouches","article_modified_time":"2025-09-17T02:22:19+00:00","og_image":[{"width":500,"height":500,"url":"https:\/\/arabpouches.com\/wp-content\/uploads\/2025\/08\/5.png","type":"image\/png"}],"twitter_card":"summary_large_image","twitter_misc":{"Prix":"&#36;7.90","Disponibilit\u00e9":"En stock"},"schema":{"@context":"https:\/\/schema.org","@graph":[{"@type":"WebPage","@id":"https:\/\/arabpouches.com\/iceberg-black-slim-strong-50-mg-g\/","url":"https:\/\/arabpouches.com\/iceberg-black-slim-strong-50-mg-g\/","name":"ICEBERG Black Slim Strong - Pochettes arabes","isPartOf":{"@id":"https:\/\/arabpouches.com\/#website"},"primaryImageOfPage":{"@id":"https:\/\/arabpouches.com\/iceberg-black-slim-strong-50-mg-g\/#primaryimage"},"image":{"@id":"https:\/\/arabpouches.com\/iceberg-black-slim-strong-50-mg-g\/#primaryimage"},"thumbnailUrl":"https:\/\/arabpouches.com\/wp-content\/uploads\/2025\/08\/5.png","datePublished":"2025-06-25T00:52:00+00:00","dateModified":"2025-09-17T02:22:19+00:00","breadcrumb":{"@id":"https:\/\/arabpouches.com\/iceberg-black-slim-strong-50-mg-g\/#breadcrumb"},"inLanguage":"fr-FR","potentialAction":[{"@type":"ReadAction","target":["https:\/\/arabpouches.com\/iceberg-black-slim-strong-50-mg-g\/"]}]},{"@type":"ImageObject","inLanguage":"fr-FR","@id":"https:\/\/arabpouches.com\/iceberg-black-slim-strong-50-mg-g\/#primaryimage","url":"https:\/\/arabpouches.com\/wp-content\/uploads\/2025\/08\/5.png","contentUrl":"https:\/\/arabpouches.com\/wp-content\/uploads\/2025\/08\/5.png","width":500,"height":500},{"@type":"BreadcrumbList","@id":"https:\/\/arabpouches.com\/iceberg-black-slim-strong-50-mg-g\/#breadcrumb","itemListElement":[{"@type":"ListItem","position":1,"name":"Home","item":"https:\/\/arabpouches.com\/"},{"@type":"ListItem","position":2,"name":"Shop","item":"https:\/\/arabpouches.com\/shop\/"},{"@type":"ListItem","position":3,"name":"ICEBERG Black Slim Strong"}]},{"@type":"WebSite","@id":"https:\/\/arabpouches.com\/#website","url":"https:\/\/arabpouches.com\/","name":"arabpouches.com","description":"Sachets de nicotine Moyen-Orient","publisher":{"@id":"https:\/\/arabpouches.com\/#organization"},"potentialAction":[{"@type":"SearchAction","target":{"@type":"EntryPoint","urlTemplate":"https:\/\/arabpouches.com\/?s={search_term_string}"},"query-input":{"@type":"PropertyValueSpecification","valueRequired":true,"valueName":"search_term_string"}}],"inLanguage":"fr-FR"},{"@type":"Organization","@id":"https:\/\/arabpouches.com\/#organization","name":"Pochettes arabes","url":"https:\/\/arabpouches.com\/","logo":{"@type":"ImageObject","inLanguage":"fr-FR","@id":"https:\/\/arabpouches.com\/#\/schema\/logo\/image\/","url":"https:\/\/arabpouches.com\/wp-content\/uploads\/2025\/06\/cropped-Untitled-design-100.png","contentUrl":"https:\/\/arabpouches.com\/wp-content\/uploads\/2025\/06\/cropped-Untitled-design-100.png","width":512,"height":512,"caption":"Arab Pouches"},"image":{"@id":"https:\/\/arabpouches.com\/#\/schema\/logo\/image\/"},"hasMerchantReturnPolicy":{"@type":"MerchantReturnPolicy","merchantReturnLink":"https:\/\/arabpouches.com\/fr\/politique-de-remboursement-et-de-retour\/"}}]},"product_brand":"ICEBERG","product_price_amount":"7.90","product_price_currency":"USD","og_availability":"instock","product_availability":"instock","product_retailer_item_id":"ICE-35M-FRU","product_condition":"new"},"_links":{"self":[{"href":"https:\/\/arabpouches.com\/fr\/wp-json\/wp\/v2\/product\/327","targetHints":{"allow":["GET"]}}],"collection":[{"href":"https:\/\/arabpouches.com\/fr\/wp-json\/wp\/v2\/product"}],"about":[{"href":"https:\/\/arabpouches.com\/fr\/wp-json\/wp\/v2\/types\/product"}],"wp:featuredmedia":[{"embeddable":true,"href":"https:\/\/arabpouches.com\/fr\/wp-json\/wp\/v2\/media\/1547"}],"wp:attachment":[{"href":"https:\/\/arabpouches.com\/fr\/wp-json\/wp\/v2\/media?parent=327"}],"wp:term":[{"taxonomy":"product_brand","embeddable":true,"href":"https:\/\/arabpouches.com\/fr\/wp-json\/wp\/v2\/product_brand?post=327"},{"taxonomy":"product_cat","embeddable":true,"href":"https:\/\/arabpouches.com\/fr\/wp-json\/wp\/v2\/product_cat?post=327"},{"taxonomy":"product_tag","embeddable":true,"href":"https:\/\/arabpouches.com\/fr\/wp-json\/wp\/v2\/product_tag?post=327"}],"curies":[{"name":"wp","href":"https:\/\/api.w.org\/{rel}","templated":true}]}}