{"id":326,"date":"2025-06-25T00:52:00","date_gmt":"2025-06-25T00:52:00","guid":{"rendered":"https:\/\/arabpouches.com\/?post_type=product&#038;p=326"},"modified":"2025-09-17T02:22:19","modified_gmt":"2025-09-17T02:22:19","slug":"iceberg-bubblegum-strong-slim-50-mg-g","status":"publish","type":"product","link":"https:\/\/arabpouches.com\/fr\/iceberg-bubblegum-strong-slim-50-mg-g\/","title":{"rendered":"ICEBERG Bubblegum Strong Slim"},"content":{"rendered":"<p>D\u00e9couvrez la d\u00e9licieuse saveur des sachets de nicotine Iceberg dans un go\u00fbt de bubblegum s\u00e9duisant, offrant une alternative vibrante aux vari\u00e9t\u00e9s de menthe traditionnelles. Ces sachets sont con\u00e7us pour ceux qui recherchent \u00e0 la fois une exp\u00e9rience gustative unique et une forte dose de nicotine.<\/p>\n<ul>\n<li>\n<p><strong>Saveur unique de chewing-gum<\/strong>: Laissez-vous tenter par la saveur sucr\u00e9e et nostalgique du bubblegum, un changement rafra\u00eechissant qui se distingue par son caract\u00e8re d\u00e9licieusement unique.<\/li>\n<li>\n<p><strong>Teneur \u00e9lev\u00e9e en nicotine<\/strong>: Avec un taux de nicotine de 20 mg\/g, ces sachets sont con\u00e7us pour les utilisateurs exp\u00e9riment\u00e9s \u00e0 la recherche d'une satisfaction nicotinique puissante.<\/li>\n<li>\n<p><strong>Une alternative rafra\u00eechissante<\/strong>: Con\u00e7us pour s'\u00e9loigner des saveurs classiques de menthe, les sachets de nicotine bubblegum d'Iceberg promettent une exp\u00e9rience amusante et savoureuse.<\/li>\n<\/ul>\n<p>Id\u00e9ales pour les amateurs de snus \u00e0 la recherche d'une option d\u00e9licieuse et puissante, les pochettes de nicotine Iceberg \u00e0 l'ar\u00f4me de bubblegum offrent un changement garanti vers une exp\u00e9rience nicotinique plus vibrante et plus agr\u00e9able.<\/p>","protected":false},"excerpt":{"rendered":"<p>D\u00e9couvrez la d\u00e9licieuse saveur des sachets de nicotine Iceberg dans un go\u00fbt de bubblegum s\u00e9duisant, offrant une alternative vibrante aux vari\u00e9t\u00e9s de menthe traditionnelles. Ces sachets sont con\u00e7us pour ceux qui recherchent \u00e0 la fois une exp\u00e9rience gustative unique et une forte dose de nicotine.<\/p>\n<p><strong>Saveur unique de chewing-gum<\/strong>: Laissez-vous tenter par la saveur sucr\u00e9e et nostalgique du bubblegum, un changement rafra\u00eechissant qui se distingue par son caract\u00e8re d\u00e9licieusement unique.<\/p>\n<p><strong>Teneur \u00e9lev\u00e9e en nicotine<\/strong>: Avec un taux de nicotine de 20 mg\/g, ces sachets sont con\u00e7us pour les utilisateurs exp\u00e9riment\u00e9s \u00e0 la recherche d'une satisfaction nicotinique puissante.<\/p>\n<p><strong>Une alternative rafra\u00eechissante<\/strong>: Con\u00e7us pour s'\u00e9loigner des saveurs classiques de menthe, les sachets de nicotine bubblegum d'Iceberg promettent une exp\u00e9rience amusante et savoureuse.<\/p>\n<p>Id\u00e9ales pour les amateurs de snus \u00e0 la recherche d'une option d\u00e9licieuse et puissante, les pochettes de nicotine Iceberg \u00e0 l'ar\u00f4me de bubblegum offrent un changement garanti vers une exp\u00e9rience nicotinique plus vibrante et plus agr\u00e9able.<\/p>","protected":false},"featured_media":1550,"template":"","meta":[],"product_brand":[269],"product_cat":[83],"product_tag":[172],"class_list":{"0":"post-326","1":"product","2":"type-product","3":"status-publish","4":"has-post-thumbnail","6":"product_brand-iceberg","7":"product_cat-iceberg","8":"product_tag-extreme-20mg","10":"first","11":"outofstock","12":"sale","13":"shipping-taxable","14":"purchasable","15":"product-type-simple"},"yoast_head":"<!-- This site is optimized with the Yoast SEO Premium plugin v25.9 (Yoast SEO v26.0) - https:\/\/yoast.com\/wordpress\/plugins\/seo\/ -->\n<title>ICEBERG Bubblegum Strong Slim - Arab Pouches<\/title>\n<meta name=\"robots\" content=\"index, follow, max-snippet:-1, max-image-preview:large, max-video-preview:-1\" \/>\n<link rel=\"canonical\" href=\"https:\/\/arabpouches.com\/fr\/iceberg-bubblegum-strong-slim-50-mg-g\/\" \/>\n<meta property=\"og:locale\" content=\"fr_FR\" \/>\n<meta property=\"og:type\" content=\"article\" \/>\n<meta property=\"og:title\" content=\"ICEBERG Bubblegum Strong Slim\" \/>\n<meta property=\"og:description\" content=\"Experience the delightful twist of Iceberg nicotine pouches in an enticing bubblegum flavor, offering a vibrant alternative to the traditional mint varieties. These pouches are crafted for those who seek both a unique taste experience and a robust nicotine hit. Unique Bubblegum Flavor: Indulge in the sweet and nostalgic flavor of bubblegum, a refreshing change that stands out with its delicious uniqueness. High Nicotine Content: With a nicotine strength of 20 mg\/g, these pouches are tailored for experienced users looking for a potent nicotine satisfaction. Refreshing Alternative: Designed as a delightful departure from the classic mint flavors, Iceberg&#039;s bubblegum nicotine pouches promise a fun and flavorful experience. Ideal for snus enthusiasts seeking a delicious and potent option, Iceberg&#039;s bubblegum flavor nicotine pouches offer a guaranteed shift towards a more vibrant and enjoyable nicotine experience.\" \/>\n<meta property=\"og:url\" content=\"https:\/\/arabpouches.com\/fr\/iceberg-bubblegum-strong-slim-50-mg-g\/\" \/>\n<meta property=\"og:site_name\" content=\"Arab Pouches\" \/>\n<meta property=\"article:modified_time\" content=\"2025-09-17T02:22:19+00:00\" \/>\n<meta property=\"og:image\" content=\"https:\/\/arabpouches.com\/wp-content\/uploads\/2025\/08\/3.png\" \/>\n\t<meta property=\"og:image:width\" content=\"500\" \/>\n\t<meta property=\"og:image:height\" content=\"500\" \/>\n\t<meta property=\"og:image:type\" content=\"image\/png\" \/>\n<meta name=\"twitter:card\" content=\"summary_large_image\" \/>\n<meta name=\"twitter:label1\" content=\"Prix\" \/>\n\t<meta name=\"twitter:data1\" content=\"&#036;7.90\" \/>\n\t<meta name=\"twitter:label2\" content=\"Disponibilit\u00e9\" \/>\n\t<meta name=\"twitter:data2\" content=\"Rupture de stock\" \/>\n<script type=\"application\/ld+json\" class=\"yoast-schema-graph\">{\"@context\":\"https:\/\/schema.org\",\"@graph\":[{\"@type\":\"WebPage\",\"@id\":\"https:\/\/arabpouches.com\/iceberg-bubblegum-strong-slim-50-mg-g\/\",\"url\":\"https:\/\/arabpouches.com\/iceberg-bubblegum-strong-slim-50-mg-g\/\",\"name\":\"ICEBERG Bubblegum Strong Slim - Arab Pouches\",\"isPartOf\":{\"@id\":\"https:\/\/arabpouches.com\/#website\"},\"primaryImageOfPage\":{\"@id\":\"https:\/\/arabpouches.com\/iceberg-bubblegum-strong-slim-50-mg-g\/#primaryimage\"},\"image\":{\"@id\":\"https:\/\/arabpouches.com\/iceberg-bubblegum-strong-slim-50-mg-g\/#primaryimage\"},\"thumbnailUrl\":\"https:\/\/arabpouches.com\/wp-content\/uploads\/2025\/08\/3.png\",\"datePublished\":\"2025-06-25T00:52:00+00:00\",\"dateModified\":\"2025-09-17T02:22:19+00:00\",\"breadcrumb\":{\"@id\":\"https:\/\/arabpouches.com\/iceberg-bubblegum-strong-slim-50-mg-g\/#breadcrumb\"},\"inLanguage\":\"fr-FR\",\"potentialAction\":[{\"@type\":\"ReadAction\",\"target\":[\"https:\/\/arabpouches.com\/iceberg-bubblegum-strong-slim-50-mg-g\/\"]}]},{\"@type\":\"ImageObject\",\"inLanguage\":\"fr-FR\",\"@id\":\"https:\/\/arabpouches.com\/iceberg-bubblegum-strong-slim-50-mg-g\/#primaryimage\",\"url\":\"https:\/\/arabpouches.com\/wp-content\/uploads\/2025\/08\/3.png\",\"contentUrl\":\"https:\/\/arabpouches.com\/wp-content\/uploads\/2025\/08\/3.png\",\"width\":500,\"height\":500},{\"@type\":\"BreadcrumbList\",\"@id\":\"https:\/\/arabpouches.com\/iceberg-bubblegum-strong-slim-50-mg-g\/#breadcrumb\",\"itemListElement\":[{\"@type\":\"ListItem\",\"position\":1,\"name\":\"Home\",\"item\":\"https:\/\/arabpouches.com\/\"},{\"@type\":\"ListItem\",\"position\":2,\"name\":\"Shop\",\"item\":\"https:\/\/arabpouches.com\/shop\/\"},{\"@type\":\"ListItem\",\"position\":3,\"name\":\"ICEBERG Bubblegum Strong Slim\"}]},{\"@type\":\"WebSite\",\"@id\":\"https:\/\/arabpouches.com\/#website\",\"url\":\"https:\/\/arabpouches.com\/\",\"name\":\"arabpouches.com\",\"description\":\"Nicotine Pouches Middle East\",\"publisher\":{\"@id\":\"https:\/\/arabpouches.com\/#organization\"},\"potentialAction\":[{\"@type\":\"SearchAction\",\"target\":{\"@type\":\"EntryPoint\",\"urlTemplate\":\"https:\/\/arabpouches.com\/?s={search_term_string}\"},\"query-input\":{\"@type\":\"PropertyValueSpecification\",\"valueRequired\":true,\"valueName\":\"search_term_string\"}}],\"inLanguage\":\"fr-FR\"},{\"@type\":\"Organization\",\"@id\":\"https:\/\/arabpouches.com\/#organization\",\"name\":\"Arab Pouches\",\"url\":\"https:\/\/arabpouches.com\/\",\"logo\":{\"@type\":\"ImageObject\",\"inLanguage\":\"fr-FR\",\"@id\":\"https:\/\/arabpouches.com\/#\/schema\/logo\/image\/\",\"url\":\"https:\/\/arabpouches.com\/wp-content\/uploads\/2025\/06\/cropped-Untitled-design-100.png\",\"contentUrl\":\"https:\/\/arabpouches.com\/wp-content\/uploads\/2025\/06\/cropped-Untitled-design-100.png\",\"width\":512,\"height\":512,\"caption\":\"Arab Pouches\"},\"image\":{\"@id\":\"https:\/\/arabpouches.com\/#\/schema\/logo\/image\/\"},\"hasMerchantReturnPolicy\":{\"@type\":\"MerchantReturnPolicy\",\"merchantReturnLink\":\"https:\/\/arabpouches.com\/fr\/politique-de-remboursement-et-de-retour\/\"}}]}<\/script>\n<meta property=\"product:brand\" content=\"ICEBERG\" \/>\n<meta property=\"product:price:amount\" content=\"7.90\" \/>\n<meta property=\"product:price:currency\" content=\"USD\" \/>\n<meta property=\"og:availability\" content=\"out of stock\" \/>\n<meta property=\"product:availability\" content=\"out of stock\" \/>\n<meta property=\"product:retailer_item_id\" content=\"ICE-30M-BUBB\" \/>\n<meta property=\"product:condition\" content=\"new\" \/>\n<!-- \/ Yoast SEO Premium plugin. -->","yoast_head_json":{"title":"ICEBERG Bubblegum Strong Slim - sachets arabes","robots":{"index":"index","follow":"follow","max-snippet":"max-snippet:-1","max-image-preview":"max-image-preview:large","max-video-preview":"max-video-preview:-1"},"canonical":"https:\/\/arabpouches.com\/fr\/iceberg-bubblegum-strong-slim-50-mg-g\/","og_locale":"fr_FR","og_type":"article","og_title":"ICEBERG Bubblegum Strong Slim","og_description":"Experience the delightful twist of Iceberg nicotine pouches in an enticing bubblegum flavor, offering a vibrant alternative to the traditional mint varieties. These pouches are crafted for those who seek both a unique taste experience and a robust nicotine hit. Unique Bubblegum Flavor: Indulge in the sweet and nostalgic flavor of bubblegum, a refreshing change that stands out with its delicious uniqueness. High Nicotine Content: With a nicotine strength of 20 mg\/g, these pouches are tailored for experienced users looking for a potent nicotine satisfaction. Refreshing Alternative: Designed as a delightful departure from the classic mint flavors, Iceberg's bubblegum nicotine pouches promise a fun and flavorful experience. Ideal for snus enthusiasts seeking a delicious and potent option, Iceberg's bubblegum flavor nicotine pouches offer a guaranteed shift towards a more vibrant and enjoyable nicotine experience.","og_url":"https:\/\/arabpouches.com\/fr\/iceberg-bubblegum-strong-slim-50-mg-g\/","og_site_name":"Arab Pouches","article_modified_time":"2025-09-17T02:22:19+00:00","og_image":[{"width":500,"height":500,"url":"https:\/\/arabpouches.com\/wp-content\/uploads\/2025\/08\/3.png","type":"image\/png"}],"twitter_card":"summary_large_image","twitter_misc":{"Prix":"&#36;7.90","Disponibilit\u00e9":"Rupture de stock"},"schema":{"@context":"https:\/\/schema.org","@graph":[{"@type":"WebPage","@id":"https:\/\/arabpouches.com\/iceberg-bubblegum-strong-slim-50-mg-g\/","url":"https:\/\/arabpouches.com\/iceberg-bubblegum-strong-slim-50-mg-g\/","name":"ICEBERG Bubblegum Strong Slim - sachets arabes","isPartOf":{"@id":"https:\/\/arabpouches.com\/#website"},"primaryImageOfPage":{"@id":"https:\/\/arabpouches.com\/iceberg-bubblegum-strong-slim-50-mg-g\/#primaryimage"},"image":{"@id":"https:\/\/arabpouches.com\/iceberg-bubblegum-strong-slim-50-mg-g\/#primaryimage"},"thumbnailUrl":"https:\/\/arabpouches.com\/wp-content\/uploads\/2025\/08\/3.png","datePublished":"2025-06-25T00:52:00+00:00","dateModified":"2025-09-17T02:22:19+00:00","breadcrumb":{"@id":"https:\/\/arabpouches.com\/iceberg-bubblegum-strong-slim-50-mg-g\/#breadcrumb"},"inLanguage":"fr-FR","potentialAction":[{"@type":"ReadAction","target":["https:\/\/arabpouches.com\/iceberg-bubblegum-strong-slim-50-mg-g\/"]}]},{"@type":"ImageObject","inLanguage":"fr-FR","@id":"https:\/\/arabpouches.com\/iceberg-bubblegum-strong-slim-50-mg-g\/#primaryimage","url":"https:\/\/arabpouches.com\/wp-content\/uploads\/2025\/08\/3.png","contentUrl":"https:\/\/arabpouches.com\/wp-content\/uploads\/2025\/08\/3.png","width":500,"height":500},{"@type":"BreadcrumbList","@id":"https:\/\/arabpouches.com\/iceberg-bubblegum-strong-slim-50-mg-g\/#breadcrumb","itemListElement":[{"@type":"ListItem","position":1,"name":"Home","item":"https:\/\/arabpouches.com\/"},{"@type":"ListItem","position":2,"name":"Shop","item":"https:\/\/arabpouches.com\/shop\/"},{"@type":"ListItem","position":3,"name":"ICEBERG Bubblegum Strong Slim"}]},{"@type":"WebSite","@id":"https:\/\/arabpouches.com\/#website","url":"https:\/\/arabpouches.com\/","name":"arabpouches.com","description":"Sachets de nicotine Moyen-Orient","publisher":{"@id":"https:\/\/arabpouches.com\/#organization"},"potentialAction":[{"@type":"SearchAction","target":{"@type":"EntryPoint","urlTemplate":"https:\/\/arabpouches.com\/?s={search_term_string}"},"query-input":{"@type":"PropertyValueSpecification","valueRequired":true,"valueName":"search_term_string"}}],"inLanguage":"fr-FR"},{"@type":"Organization","@id":"https:\/\/arabpouches.com\/#organization","name":"Pochettes arabes","url":"https:\/\/arabpouches.com\/","logo":{"@type":"ImageObject","inLanguage":"fr-FR","@id":"https:\/\/arabpouches.com\/#\/schema\/logo\/image\/","url":"https:\/\/arabpouches.com\/wp-content\/uploads\/2025\/06\/cropped-Untitled-design-100.png","contentUrl":"https:\/\/arabpouches.com\/wp-content\/uploads\/2025\/06\/cropped-Untitled-design-100.png","width":512,"height":512,"caption":"Arab Pouches"},"image":{"@id":"https:\/\/arabpouches.com\/#\/schema\/logo\/image\/"},"hasMerchantReturnPolicy":{"@type":"MerchantReturnPolicy","merchantReturnLink":"https:\/\/arabpouches.com\/fr\/politique-de-remboursement-et-de-retour\/"}}]},"product_brand":"ICEBERG","product_price_amount":"7.90","product_price_currency":"USD","og_availability":"out of stock","product_availability":"out of stock","product_retailer_item_id":"ICE-30M-BUBB","product_condition":"new"},"_links":{"self":[{"href":"https:\/\/arabpouches.com\/fr\/wp-json\/wp\/v2\/product\/326","targetHints":{"allow":["GET"]}}],"collection":[{"href":"https:\/\/arabpouches.com\/fr\/wp-json\/wp\/v2\/product"}],"about":[{"href":"https:\/\/arabpouches.com\/fr\/wp-json\/wp\/v2\/types\/product"}],"wp:featuredmedia":[{"embeddable":true,"href":"https:\/\/arabpouches.com\/fr\/wp-json\/wp\/v2\/media\/1550"}],"wp:attachment":[{"href":"https:\/\/arabpouches.com\/fr\/wp-json\/wp\/v2\/media?parent=326"}],"wp:term":[{"taxonomy":"product_brand","embeddable":true,"href":"https:\/\/arabpouches.com\/fr\/wp-json\/wp\/v2\/product_brand?post=326"},{"taxonomy":"product_cat","embeddable":true,"href":"https:\/\/arabpouches.com\/fr\/wp-json\/wp\/v2\/product_cat?post=326"},{"taxonomy":"product_tag","embeddable":true,"href":"https:\/\/arabpouches.com\/fr\/wp-json\/wp\/v2\/product_tag?post=326"}],"curies":[{"name":"wp","href":"https:\/\/api.w.org\/{rel}","templated":true}]}}