{"id":320,"date":"2025-06-25T00:51:00","date_gmt":"2025-06-25T00:51:00","guid":{"rendered":"https:\/\/arabpouches.com\/?post_type=product&#038;p=320"},"modified":"2025-09-17T02:22:18","modified_gmt":"2025-09-17T02:22:18","slug":"cuba-black-peach-strong-slim-43-mg-g","status":"publish","type":"product","link":"https:\/\/arabpouches.com\/fr\/cuba-black-peach-strong-slim-43-mg-g\/","title":{"rendered":"CUBA Noir Peach Strong Slim"},"content":{"rendered":"<p>D\u00e9couvrez l'essence succulente et sucr\u00e9e de la p\u00eache avec CUBA Black Peach. Cette alternative au snus sans tabac pr\u00e9sente une saveur de p\u00eache robuste, conditionn\u00e9e dans des sachets noirs \u00e9l\u00e9gants qui contiennent une teneur en nicotine tr\u00e8s \u00e9lev\u00e9e pour ceux qui souhaitent une exp\u00e9rience forte et savoureuse.<\/p>\n<ul>\n<li>\n<p><strong>Riche go\u00fbt de p\u00eache<\/strong>: D\u00e9lectez-vous du go\u00fbt puissant et sucr\u00e9 de la p\u00eache, offrant une sensation de fra\u00eecheur et de plaisir \u00e0 chaque sachet.<\/li>\n<li>\n<p><strong>Teneur en nicotine tr\u00e8s \u00e9lev\u00e9e<\/strong>: Chaque sachet noir est rempli d'une forte teneur en nicotine, pour les utilisateurs qui recherchent une dose importante de nicotine en plus de la d\u00e9licieuse saveur de p\u00eache.<\/li>\n<li>\n<p><strong>Pochettes fines et discr\u00e8tes<\/strong>: Contenant 20 sachets minces par bo\u00eete, CUBA Black Peach est con\u00e7u pour la commodit\u00e9 et la discr\u00e9tion, permettant une exp\u00e9rience de snus confortable et subtile sans compromis sur le go\u00fbt ou la force.<\/li>\n<\/ul>\n<p>CUBA Black Peach associe la saveur s\u00e9duisante de la p\u00eache \u00e0 un punch nicotinique puissant, le tout dans un format compact et discret de slim pouch, ce qui en fait un choix parfait pour ceux qui recherchent un produit savoureux et \u00e0 forte teneur en nicotine.<\/p>","protected":false},"excerpt":{"rendered":"<p>D\u00e9couvrez l'essence succulente et sucr\u00e9e de la p\u00eache avec CUBA Black Peach. Cette alternative au snus sans tabac pr\u00e9sente une saveur de p\u00eache robuste, conditionn\u00e9e dans des sachets noirs \u00e9l\u00e9gants qui contiennent une teneur en nicotine tr\u00e8s \u00e9lev\u00e9e pour ceux qui souhaitent une exp\u00e9rience forte et savoureuse.<\/p>\n<p><strong>Riche go\u00fbt de p\u00eache<\/strong>: D\u00e9lectez-vous du go\u00fbt puissant et sucr\u00e9 de la p\u00eache, offrant une sensation de fra\u00eecheur et de plaisir \u00e0 chaque sachet.<\/p>\n<p><strong>Teneur en nicotine tr\u00e8s \u00e9lev\u00e9e<\/strong>: Chaque sachet noir est rempli d'une forte teneur en nicotine, pour les utilisateurs qui recherchent une dose importante de nicotine en plus de la d\u00e9licieuse saveur de p\u00eache.<\/p>\n<p><strong>Pochettes fines et discr\u00e8tes<\/strong>: Contenant 20 sachets minces par bo\u00eete, CUBA Black Peach est con\u00e7u pour la commodit\u00e9 et la discr\u00e9tion, permettant une exp\u00e9rience de snus confortable et subtile sans compromis sur le go\u00fbt ou la force.<\/p>\n<p>CUBA Black Peach associe la saveur s\u00e9duisante de la p\u00eache \u00e0 un punch nicotinique puissant, le tout dans un format compact et discret de slim pouch, ce qui en fait un choix parfait pour ceux qui recherchent un produit savoureux et \u00e0 forte teneur en nicotine.<\/p>","protected":false},"featured_media":1506,"template":"","meta":[],"product_brand":[265],"product_cat":[80],"product_tag":[172],"class_list":{"0":"post-320","1":"product","2":"type-product","3":"status-publish","4":"has-post-thumbnail","6":"product_brand-cuba","7":"product_cat-cuba","8":"product_tag-extreme-20mg","10":"first","11":"outofstock","12":"sale","13":"shipping-taxable","14":"purchasable","15":"product-type-simple"},"yoast_head":"<!-- This site is optimized with the Yoast SEO Premium plugin v25.9 (Yoast SEO v27.4) - https:\/\/yoast.com\/product\/yoast-seo-premium-wordpress\/ -->\n<title>CUBA Black Peach Strong Slim - Arab Pouches<\/title>\n<meta name=\"description\" content=\"CUBA Black Peach, tobacco-free snus with a peach flavor\ud83c\udf51. Super high nicotine content. For experienced Users only.\" \/>\n<meta name=\"robots\" content=\"index, follow, max-snippet:-1, max-image-preview:large, max-video-preview:-1\" \/>\n<link rel=\"canonical\" href=\"https:\/\/arabpouches.com\/fr\/cuba-black-peach-strong-slim-43-mg-g\/\" \/>\n<meta property=\"og:locale\" content=\"fr_FR\" \/>\n<meta property=\"og:type\" content=\"article\" \/>\n<meta property=\"og:title\" content=\"CUBA Black Peach Strong Slim\" \/>\n<meta property=\"og:description\" content=\"CUBA Black Peach, tobacco-free snus with a peach flavor\ud83c\udf51. Super high nicotine content. For experienced Users only.\" \/>\n<meta property=\"og:url\" content=\"https:\/\/arabpouches.com\/fr\/cuba-black-peach-strong-slim-43-mg-g\/\" \/>\n<meta property=\"og:site_name\" content=\"Arab Pouches\" \/>\n<meta property=\"article:modified_time\" content=\"2025-09-17T02:22:18+00:00\" \/>\n<meta property=\"og:image\" content=\"https:\/\/arabpouches.com\/wp-content\/uploads\/2025\/08\/cuba-2.png\" \/>\n\t<meta property=\"og:image:width\" content=\"500\" \/>\n\t<meta property=\"og:image:height\" content=\"500\" \/>\n\t<meta property=\"og:image:type\" content=\"image\/png\" \/>\n<meta name=\"twitter:card\" content=\"summary_large_image\" \/>\n<meta name=\"twitter:label1\" content=\"Prix\" \/>\n\t<meta name=\"twitter:data1\" content=\"&#036;7.90\" \/>\n\t<meta name=\"twitter:label2\" content=\"Disponibilit\u00e9\" \/>\n\t<meta name=\"twitter:data2\" content=\"Rupture de stock\" \/>\n<script type=\"application\/ld+json\" class=\"yoast-schema-graph\">{\"@context\":\"https:\\\/\\\/schema.org\",\"@graph\":[{\"@type\":\"WebPage\",\"@id\":\"https:\\\/\\\/arabpouches.com\\\/cuba-black-peach-strong-slim-43-mg-g\\\/\",\"url\":\"https:\\\/\\\/arabpouches.com\\\/cuba-black-peach-strong-slim-43-mg-g\\\/\",\"name\":\"CUBA Black Peach Strong Slim - Arab Pouches\",\"isPartOf\":{\"@id\":\"https:\\\/\\\/arabpouches.com\\\/#website\"},\"primaryImageOfPage\":{\"@id\":\"https:\\\/\\\/arabpouches.com\\\/cuba-black-peach-strong-slim-43-mg-g\\\/#primaryimage\"},\"image\":{\"@id\":\"https:\\\/\\\/arabpouches.com\\\/cuba-black-peach-strong-slim-43-mg-g\\\/#primaryimage\"},\"thumbnailUrl\":\"https:\\\/\\\/arabpouches.com\\\/wp-content\\\/uploads\\\/2025\\\/08\\\/cuba-2.png\",\"datePublished\":\"2025-06-25T00:51:00+00:00\",\"dateModified\":\"2025-09-17T02:22:18+00:00\",\"description\":\"CUBA Black Peach, tobacco-free snus with a peach flavor\ud83c\udf51. Super high nicotine content. For experienced Users only.\",\"breadcrumb\":{\"@id\":\"https:\\\/\\\/arabpouches.com\\\/cuba-black-peach-strong-slim-43-mg-g\\\/#breadcrumb\"},\"inLanguage\":\"fr-FR\",\"potentialAction\":[{\"@type\":\"ReadAction\",\"target\":[\"https:\\\/\\\/arabpouches.com\\\/cuba-black-peach-strong-slim-43-mg-g\\\/\"]}]},{\"@type\":\"ImageObject\",\"inLanguage\":\"fr-FR\",\"@id\":\"https:\\\/\\\/arabpouches.com\\\/cuba-black-peach-strong-slim-43-mg-g\\\/#primaryimage\",\"url\":\"https:\\\/\\\/arabpouches.com\\\/wp-content\\\/uploads\\\/2025\\\/08\\\/cuba-2.png\",\"contentUrl\":\"https:\\\/\\\/arabpouches.com\\\/wp-content\\\/uploads\\\/2025\\\/08\\\/cuba-2.png\",\"width\":500,\"height\":500},{\"@type\":\"BreadcrumbList\",\"@id\":\"https:\\\/\\\/arabpouches.com\\\/cuba-black-peach-strong-slim-43-mg-g\\\/#breadcrumb\",\"itemListElement\":[{\"@type\":\"ListItem\",\"position\":1,\"name\":\"Home\",\"item\":\"https:\\\/\\\/arabpouches.com\\\/\"},{\"@type\":\"ListItem\",\"position\":2,\"name\":\"Shop\",\"item\":\"https:\\\/\\\/arabpouches.com\\\/shop\\\/\"},{\"@type\":\"ListItem\",\"position\":3,\"name\":\"CUBA Black Peach Strong Slim\"}]},{\"@type\":\"WebSite\",\"@id\":\"https:\\\/\\\/arabpouches.com\\\/#website\",\"url\":\"https:\\\/\\\/arabpouches.com\\\/\",\"name\":\"arabpouches.com\",\"description\":\"Nicotine Pouches Middle East\",\"publisher\":{\"@id\":\"https:\\\/\\\/arabpouches.com\\\/#organization\"},\"potentialAction\":[{\"@type\":\"SearchAction\",\"target\":{\"@type\":\"EntryPoint\",\"urlTemplate\":\"https:\\\/\\\/arabpouches.com\\\/?s={search_term_string}\"},\"query-input\":{\"@type\":\"PropertyValueSpecification\",\"valueRequired\":true,\"valueName\":\"search_term_string\"}}],\"inLanguage\":\"fr-FR\"},{\"@type\":\"Organization\",\"@id\":\"https:\\\/\\\/arabpouches.com\\\/#organization\",\"name\":\"Arab Pouches\",\"url\":\"https:\\\/\\\/arabpouches.com\\\/\",\"logo\":{\"@type\":\"ImageObject\",\"inLanguage\":\"fr-FR\",\"@id\":\"https:\\\/\\\/arabpouches.com\\\/#\\\/schema\\\/logo\\\/image\\\/\",\"url\":\"https:\\\/\\\/arabpouches.com\\\/wp-content\\\/uploads\\\/2025\\\/06\\\/cropped-Untitled-design-100.png\",\"contentUrl\":\"https:\\\/\\\/arabpouches.com\\\/wp-content\\\/uploads\\\/2025\\\/06\\\/cropped-Untitled-design-100.png\",\"width\":512,\"height\":512,\"caption\":\"Arab Pouches\"},\"image\":{\"@id\":\"https:\\\/\\\/arabpouches.com\\\/#\\\/schema\\\/logo\\\/image\\\/\"},\"hasMerchantReturnPolicy\":{\"@type\":\"MerchantReturnPolicy\",\"merchantReturnLink\":\"https:\\\/\\\/arabpouches.com\\\/fr\\\/politique-de-remboursement-et-de-retour\\\/\"}}]}<\/script>\n<meta property=\"product:brand\" content=\"CUBA\" \/>\n<meta property=\"product:price:amount\" content=\"7.90\" \/>\n<meta property=\"product:price:currency\" content=\"USD\" \/>\n<meta property=\"og:availability\" content=\"out of stock\" \/>\n<meta property=\"product:availability\" content=\"out of stock\" \/>\n<meta property=\"product:retailer_item_id\" content=\"CUB-43M-PEA\" \/>\n<meta property=\"product:condition\" content=\"new\" \/>\n<!-- \/ Yoast SEO Premium plugin. -->","yoast_head_json":{"title":"CUBA Black Peach Strong Slim - Pochettes arabes","description":"CUBA Black Peach, snus sans tabac \u00e0 l'ar\u00f4me de p\u00eache\ud83c\udf51. Teneur en nicotine tr\u00e8s \u00e9lev\u00e9e. Pour les utilisateurs exp\u00e9riment\u00e9s uniquement.","robots":{"index":"index","follow":"follow","max-snippet":"max-snippet:-1","max-image-preview":"max-image-preview:large","max-video-preview":"max-video-preview:-1"},"canonical":"https:\/\/arabpouches.com\/fr\/cuba-black-peach-strong-slim-43-mg-g\/","og_locale":"fr_FR","og_type":"article","og_title":"CUBA Black Peach Strong Slim","og_description":"CUBA Black Peach, tobacco-free snus with a peach flavor\ud83c\udf51. Super high nicotine content. For experienced Users only.","og_url":"https:\/\/arabpouches.com\/fr\/cuba-black-peach-strong-slim-43-mg-g\/","og_site_name":"Arab Pouches","article_modified_time":"2025-09-17T02:22:18+00:00","og_image":[{"width":500,"height":500,"url":"https:\/\/arabpouches.com\/wp-content\/uploads\/2025\/08\/cuba-2.png","type":"image\/png"}],"twitter_card":"summary_large_image","twitter_misc":{"Prix":"&#36;7.90","Disponibilit\u00e9":"Rupture de stock"},"schema":{"@context":"https:\/\/schema.org","@graph":[{"@type":"WebPage","@id":"https:\/\/arabpouches.com\/cuba-black-peach-strong-slim-43-mg-g\/","url":"https:\/\/arabpouches.com\/cuba-black-peach-strong-slim-43-mg-g\/","name":"CUBA Black Peach Strong Slim - Pochettes arabes","isPartOf":{"@id":"https:\/\/arabpouches.com\/#website"},"primaryImageOfPage":{"@id":"https:\/\/arabpouches.com\/cuba-black-peach-strong-slim-43-mg-g\/#primaryimage"},"image":{"@id":"https:\/\/arabpouches.com\/cuba-black-peach-strong-slim-43-mg-g\/#primaryimage"},"thumbnailUrl":"https:\/\/arabpouches.com\/wp-content\/uploads\/2025\/08\/cuba-2.png","datePublished":"2025-06-25T00:51:00+00:00","dateModified":"2025-09-17T02:22:18+00:00","description":"CUBA Black Peach, snus sans tabac \u00e0 l'ar\u00f4me de p\u00eache\ud83c\udf51. Teneur en nicotine tr\u00e8s \u00e9lev\u00e9e. Pour les utilisateurs exp\u00e9riment\u00e9s uniquement.","breadcrumb":{"@id":"https:\/\/arabpouches.com\/cuba-black-peach-strong-slim-43-mg-g\/#breadcrumb"},"inLanguage":"fr-FR","potentialAction":[{"@type":"ReadAction","target":["https:\/\/arabpouches.com\/cuba-black-peach-strong-slim-43-mg-g\/"]}]},{"@type":"ImageObject","inLanguage":"fr-FR","@id":"https:\/\/arabpouches.com\/cuba-black-peach-strong-slim-43-mg-g\/#primaryimage","url":"https:\/\/arabpouches.com\/wp-content\/uploads\/2025\/08\/cuba-2.png","contentUrl":"https:\/\/arabpouches.com\/wp-content\/uploads\/2025\/08\/cuba-2.png","width":500,"height":500},{"@type":"BreadcrumbList","@id":"https:\/\/arabpouches.com\/cuba-black-peach-strong-slim-43-mg-g\/#breadcrumb","itemListElement":[{"@type":"ListItem","position":1,"name":"Home","item":"https:\/\/arabpouches.com\/"},{"@type":"ListItem","position":2,"name":"Shop","item":"https:\/\/arabpouches.com\/shop\/"},{"@type":"ListItem","position":3,"name":"CUBA Black Peach Strong Slim"}]},{"@type":"WebSite","@id":"https:\/\/arabpouches.com\/#website","url":"https:\/\/arabpouches.com\/","name":"arabpouches.com","description":"Sachets de nicotine Moyen-Orient","publisher":{"@id":"https:\/\/arabpouches.com\/#organization"},"potentialAction":[{"@type":"SearchAction","target":{"@type":"EntryPoint","urlTemplate":"https:\/\/arabpouches.com\/?s={search_term_string}"},"query-input":{"@type":"PropertyValueSpecification","valueRequired":true,"valueName":"search_term_string"}}],"inLanguage":"fr-FR"},{"@type":"Organization","@id":"https:\/\/arabpouches.com\/#organization","name":"Pochettes arabes","url":"https:\/\/arabpouches.com\/","logo":{"@type":"ImageObject","inLanguage":"fr-FR","@id":"https:\/\/arabpouches.com\/#\/schema\/logo\/image\/","url":"https:\/\/arabpouches.com\/wp-content\/uploads\/2025\/06\/cropped-Untitled-design-100.png","contentUrl":"https:\/\/arabpouches.com\/wp-content\/uploads\/2025\/06\/cropped-Untitled-design-100.png","width":512,"height":512,"caption":"Arab Pouches"},"image":{"@id":"https:\/\/arabpouches.com\/#\/schema\/logo\/image\/"},"hasMerchantReturnPolicy":{"@type":"MerchantReturnPolicy","merchantReturnLink":"https:\/\/arabpouches.com\/fr\/politique-de-remboursement-et-de-retour\/"}}]},"product_brand":"CUBA","product_price_amount":"7.90","product_price_currency":"USD","og_availability":"out of stock","product_availability":"out of stock","product_retailer_item_id":"CUB-43M-PEA","product_condition":"new"},"_links":{"self":[{"href":"https:\/\/arabpouches.com\/fr\/wp-json\/wp\/v2\/product\/320","targetHints":{"allow":["GET"]}}],"collection":[{"href":"https:\/\/arabpouches.com\/fr\/wp-json\/wp\/v2\/product"}],"about":[{"href":"https:\/\/arabpouches.com\/fr\/wp-json\/wp\/v2\/types\/product"}],"wp:featuredmedia":[{"embeddable":true,"href":"https:\/\/arabpouches.com\/fr\/wp-json\/wp\/v2\/media\/1506"}],"wp:attachment":[{"href":"https:\/\/arabpouches.com\/fr\/wp-json\/wp\/v2\/media?parent=320"}],"wp:term":[{"taxonomy":"product_brand","embeddable":true,"href":"https:\/\/arabpouches.com\/fr\/wp-json\/wp\/v2\/product_brand?post=320"},{"taxonomy":"product_cat","embeddable":true,"href":"https:\/\/arabpouches.com\/fr\/wp-json\/wp\/v2\/product_cat?post=320"},{"taxonomy":"product_tag","embeddable":true,"href":"https:\/\/arabpouches.com\/fr\/wp-json\/wp\/v2\/product_tag?post=320"}],"curies":[{"name":"wp","href":"https:\/\/api.w.org\/{rel}","templated":true}]}}