{"id":316,"date":"2025-06-25T00:50:00","date_gmt":"2025-06-25T00:50:00","guid":{"rendered":"https:\/\/arabpouches.com\/?post_type=product&#038;p=316"},"modified":"2025-09-17T02:22:18","modified_gmt":"2025-09-17T02:22:18","slug":"cuba-black-cola-strong-slim-66mg-g","status":"publish","type":"product","link":"https:\/\/arabpouches.com\/fr\/cuba-black-cola-strong-slim-66mg-g\/","title":{"rendered":"Cuba Black Cola Strong Slim"},"content":{"rendered":"<p>Faites l'exp\u00e9rience d'un retour dans le pass\u00e9 avec Cuba Black Cola, un sachet de nicotine mince qui apporte le go\u00fbt intemporel du cola classique au bout de vos doigts. Con\u00e7u pour ceux qui ont envie d'une forte dose de nicotine tout en savourant la saveur famili\u00e8re et bien-aim\u00e9e du soda, ce produit est un m\u00e9lange parfait de nostalgie et d'intensit\u00e9.<\/p>\n<ul>\n<li><strong>Go\u00fbt classique de cola<\/strong>: Savourez le go\u00fbt nostalgique du cola classique dans chaque sachet. Cuba Black Cola offre une exp\u00e9rience snus unique qui combine la saveur de soda tant appr\u00e9ci\u00e9e avec la commodit\u00e9 et la propret\u00e9 d'un sachet de nicotine.<\/li>\n<li><strong>Forte teneur en nicotine<\/strong>: Avec un taux de nicotine puissant de 66mg\/g, ces sachets minces sont con\u00e7us pour les personnes \u00e0 la recherche d'une exp\u00e9rience nicotinique robuste et percutante. C'est le choix id\u00e9al pour ceux qui souhaitent un buzz puissant sans compromettre la saveur.<\/li>\n<li><strong>Conception d'une pochette mince<\/strong>: Profitez de la forme discr\u00e8te et confortable des sachets minces, con\u00e7us pour offrir une exp\u00e9rience transparente et agr\u00e9able sans l'encombrement des snus traditionnels. Parfaits pour une utilisation nomade, ils vous permettent de savourer le go\u00fbt et l'effet de la nicotine \u00e0 tout moment et en tout lieu.<\/li>\n<\/ul>\n<p>Cuba Black Cola est le choix ultime pour les amateurs qui cherchent \u00e0 combiner la forte satisfaction de la nicotine avec le go\u00fbt nostalgique et universellement aim\u00e9 du cola.<\/p>","protected":false},"excerpt":{"rendered":"<p>Faites l'exp\u00e9rience d'un retour dans le pass\u00e9 avec Cuba Black Cola, un sachet de nicotine mince qui apporte le go\u00fbt intemporel du cola classique au bout de vos doigts. Con\u00e7u pour ceux qui ont envie d'une forte dose de nicotine tout en savourant la saveur famili\u00e8re et bien-aim\u00e9e du soda, ce produit est un m\u00e9lange parfait de nostalgie et d'intensit\u00e9.<\/p>\n<p><strong>Go\u00fbt classique de cola<\/strong>: Savourez le go\u00fbt nostalgique du cola classique dans chaque sachet. Cuba Black Cola offre une exp\u00e9rience snus unique qui combine la saveur de soda tant appr\u00e9ci\u00e9e avec la commodit\u00e9 et la propret\u00e9 d'un sachet de nicotine.<\/p>\n<p><strong>Forte teneur en nicotine<\/strong>: Avec un taux de nicotine puissant de 66mg\/g, ces sachets minces sont con\u00e7us pour les personnes \u00e0 la recherche d'une exp\u00e9rience nicotinique robuste et percutante. C'est le choix id\u00e9al pour ceux qui souhaitent un buzz puissant sans compromettre la saveur.<\/p>\n<p><strong>Conception d'une pochette mince<\/strong>: Profitez de la forme discr\u00e8te et confortable des sachets minces, con\u00e7us pour offrir une exp\u00e9rience transparente et agr\u00e9able sans l'encombrement des snus traditionnels. Parfaits pour une utilisation nomade, ils vous permettent de savourer le go\u00fbt et l'effet de la nicotine \u00e0 tout moment et en tout lieu.<\/p>\n<p>Cuba Black Cola est le choix ultime pour les amateurs qui cherchent \u00e0 combiner la forte satisfaction de la nicotine avec le go\u00fbt nostalgique et universellement aim\u00e9 du cola.<\/p>","protected":false},"featured_media":1508,"template":"","meta":[],"product_brand":[265],"product_cat":[80],"product_tag":[172],"class_list":{"0":"post-316","1":"product","2":"type-product","3":"status-publish","4":"has-post-thumbnail","6":"product_brand-cuba","7":"product_cat-cuba","8":"product_tag-extreme-20mg","10":"first","11":"outofstock","12":"sale","13":"shipping-taxable","14":"purchasable","15":"product-type-simple"},"yoast_head":"<!-- This site is optimized with the Yoast SEO Premium plugin v25.9 (Yoast SEO v26.0) - https:\/\/yoast.com\/wordpress\/plugins\/seo\/ -->\n<title>Cuba Black Cola Strong Slim - Arab Pouches<\/title>\n<meta name=\"description\" content=\"Cuba Black Cola, a slim nicotine pouch that brings you the taste of cola. Designed for those who crave a super STRONG nicotine kick\" \/>\n<meta name=\"robots\" content=\"index, follow, max-snippet:-1, max-image-preview:large, max-video-preview:-1\" \/>\n<link rel=\"canonical\" href=\"https:\/\/arabpouches.com\/fr\/cuba-black-cola-strong-slim-66mg-g\/\" \/>\n<meta property=\"og:locale\" content=\"fr_FR\" \/>\n<meta property=\"og:type\" content=\"article\" \/>\n<meta property=\"og:title\" content=\"Cuba Black Cola Strong Slim\" \/>\n<meta property=\"og:description\" content=\"Cuba Black Cola, a slim nicotine pouch that brings you the taste of cola. Designed for those who crave a super STRONG nicotine kick\" \/>\n<meta property=\"og:url\" content=\"https:\/\/arabpouches.com\/fr\/cuba-black-cola-strong-slim-66mg-g\/\" \/>\n<meta property=\"og:site_name\" content=\"Arab Pouches\" \/>\n<meta property=\"article:modified_time\" content=\"2025-09-17T02:22:18+00:00\" \/>\n<meta property=\"og:image\" content=\"https:\/\/arabpouches.com\/wp-content\/uploads\/2025\/08\/cuba-4.png\" \/>\n\t<meta property=\"og:image:width\" content=\"500\" \/>\n\t<meta property=\"og:image:height\" content=\"500\" \/>\n\t<meta property=\"og:image:type\" content=\"image\/png\" \/>\n<meta name=\"twitter:card\" content=\"summary_large_image\" \/>\n<meta name=\"twitter:label1\" content=\"Prix\" \/>\n\t<meta name=\"twitter:data1\" content=\"&#036;7.90\" \/>\n\t<meta name=\"twitter:label2\" content=\"Disponibilit\u00e9\" \/>\n\t<meta name=\"twitter:data2\" content=\"Rupture de stock\" \/>\n<script type=\"application\/ld+json\" class=\"yoast-schema-graph\">{\"@context\":\"https:\/\/schema.org\",\"@graph\":[{\"@type\":\"WebPage\",\"@id\":\"https:\/\/arabpouches.com\/cuba-black-cola-strong-slim-66mg-g\/\",\"url\":\"https:\/\/arabpouches.com\/cuba-black-cola-strong-slim-66mg-g\/\",\"name\":\"Cuba Black Cola Strong Slim - Arab Pouches\",\"isPartOf\":{\"@id\":\"https:\/\/arabpouches.com\/#website\"},\"primaryImageOfPage\":{\"@id\":\"https:\/\/arabpouches.com\/cuba-black-cola-strong-slim-66mg-g\/#primaryimage\"},\"image\":{\"@id\":\"https:\/\/arabpouches.com\/cuba-black-cola-strong-slim-66mg-g\/#primaryimage\"},\"thumbnailUrl\":\"https:\/\/arabpouches.com\/wp-content\/uploads\/2025\/08\/cuba-4.png\",\"datePublished\":\"2025-06-25T00:50:00+00:00\",\"dateModified\":\"2025-09-17T02:22:18+00:00\",\"description\":\"Cuba Black Cola, a slim nicotine pouch that brings you the taste of cola. Designed for those who crave a super STRONG nicotine kick\",\"breadcrumb\":{\"@id\":\"https:\/\/arabpouches.com\/cuba-black-cola-strong-slim-66mg-g\/#breadcrumb\"},\"inLanguage\":\"fr-FR\",\"potentialAction\":[{\"@type\":\"ReadAction\",\"target\":[\"https:\/\/arabpouches.com\/cuba-black-cola-strong-slim-66mg-g\/\"]}]},{\"@type\":\"ImageObject\",\"inLanguage\":\"fr-FR\",\"@id\":\"https:\/\/arabpouches.com\/cuba-black-cola-strong-slim-66mg-g\/#primaryimage\",\"url\":\"https:\/\/arabpouches.com\/wp-content\/uploads\/2025\/08\/cuba-4.png\",\"contentUrl\":\"https:\/\/arabpouches.com\/wp-content\/uploads\/2025\/08\/cuba-4.png\",\"width\":500,\"height\":500},{\"@type\":\"BreadcrumbList\",\"@id\":\"https:\/\/arabpouches.com\/cuba-black-cola-strong-slim-66mg-g\/#breadcrumb\",\"itemListElement\":[{\"@type\":\"ListItem\",\"position\":1,\"name\":\"Home\",\"item\":\"https:\/\/arabpouches.com\/\"},{\"@type\":\"ListItem\",\"position\":2,\"name\":\"Shop\",\"item\":\"https:\/\/arabpouches.com\/shop\/\"},{\"@type\":\"ListItem\",\"position\":3,\"name\":\"Cuba Black Cola Strong Slim\"}]},{\"@type\":\"WebSite\",\"@id\":\"https:\/\/arabpouches.com\/#website\",\"url\":\"https:\/\/arabpouches.com\/\",\"name\":\"arabpouches.com\",\"description\":\"Nicotine Pouches Middle East\",\"publisher\":{\"@id\":\"https:\/\/arabpouches.com\/#organization\"},\"potentialAction\":[{\"@type\":\"SearchAction\",\"target\":{\"@type\":\"EntryPoint\",\"urlTemplate\":\"https:\/\/arabpouches.com\/?s={search_term_string}\"},\"query-input\":{\"@type\":\"PropertyValueSpecification\",\"valueRequired\":true,\"valueName\":\"search_term_string\"}}],\"inLanguage\":\"fr-FR\"},{\"@type\":\"Organization\",\"@id\":\"https:\/\/arabpouches.com\/#organization\",\"name\":\"Arab Pouches\",\"url\":\"https:\/\/arabpouches.com\/\",\"logo\":{\"@type\":\"ImageObject\",\"inLanguage\":\"fr-FR\",\"@id\":\"https:\/\/arabpouches.com\/#\/schema\/logo\/image\/\",\"url\":\"https:\/\/arabpouches.com\/wp-content\/uploads\/2025\/06\/cropped-Untitled-design-100.png\",\"contentUrl\":\"https:\/\/arabpouches.com\/wp-content\/uploads\/2025\/06\/cropped-Untitled-design-100.png\",\"width\":512,\"height\":512,\"caption\":\"Arab Pouches\"},\"image\":{\"@id\":\"https:\/\/arabpouches.com\/#\/schema\/logo\/image\/\"},\"hasMerchantReturnPolicy\":{\"@type\":\"MerchantReturnPolicy\",\"merchantReturnLink\":\"https:\/\/arabpouches.com\/fr\/politique-de-remboursement-et-de-retour\/\"}}]}<\/script>\n<meta property=\"product:brand\" content=\"CUBA\" \/>\n<meta property=\"product:price:amount\" content=\"7.90\" \/>\n<meta property=\"product:price:currency\" content=\"USD\" \/>\n<meta property=\"og:availability\" content=\"out of stock\" \/>\n<meta property=\"product:availability\" content=\"out of stock\" \/>\n<meta property=\"product:retailer_item_id\" content=\"CUB-43M-COL\" \/>\n<meta property=\"product:condition\" content=\"new\" \/>\n<!-- \/ Yoast SEO Premium plugin. -->","yoast_head_json":{"title":"Cuba Black Cola Strong Slim - Sachets arabes","description":"Cuba Black Cola, un sachet de nicotine mince qui vous apporte le go\u00fbt du cola. Con\u00e7u pour ceux qui ont envie d'un coup de pouce nicotinique super fort.","robots":{"index":"index","follow":"follow","max-snippet":"max-snippet:-1","max-image-preview":"max-image-preview:large","max-video-preview":"max-video-preview:-1"},"canonical":"https:\/\/arabpouches.com\/fr\/cuba-black-cola-strong-slim-66mg-g\/","og_locale":"fr_FR","og_type":"article","og_title":"Cuba Black Cola Strong Slim","og_description":"Cuba Black Cola, a slim nicotine pouch that brings you the taste of cola. Designed for those who crave a super STRONG nicotine kick","og_url":"https:\/\/arabpouches.com\/fr\/cuba-black-cola-strong-slim-66mg-g\/","og_site_name":"Arab Pouches","article_modified_time":"2025-09-17T02:22:18+00:00","og_image":[{"width":500,"height":500,"url":"https:\/\/arabpouches.com\/wp-content\/uploads\/2025\/08\/cuba-4.png","type":"image\/png"}],"twitter_card":"summary_large_image","twitter_misc":{"Prix":"&#36;7.90","Disponibilit\u00e9":"Rupture de stock"},"schema":{"@context":"https:\/\/schema.org","@graph":[{"@type":"WebPage","@id":"https:\/\/arabpouches.com\/cuba-black-cola-strong-slim-66mg-g\/","url":"https:\/\/arabpouches.com\/cuba-black-cola-strong-slim-66mg-g\/","name":"Cuba Black Cola Strong Slim - Sachets arabes","isPartOf":{"@id":"https:\/\/arabpouches.com\/#website"},"primaryImageOfPage":{"@id":"https:\/\/arabpouches.com\/cuba-black-cola-strong-slim-66mg-g\/#primaryimage"},"image":{"@id":"https:\/\/arabpouches.com\/cuba-black-cola-strong-slim-66mg-g\/#primaryimage"},"thumbnailUrl":"https:\/\/arabpouches.com\/wp-content\/uploads\/2025\/08\/cuba-4.png","datePublished":"2025-06-25T00:50:00+00:00","dateModified":"2025-09-17T02:22:18+00:00","description":"Cuba Black Cola, un sachet de nicotine mince qui vous apporte le go\u00fbt du cola. Con\u00e7u pour ceux qui ont envie d'un coup de pouce nicotinique super fort.","breadcrumb":{"@id":"https:\/\/arabpouches.com\/cuba-black-cola-strong-slim-66mg-g\/#breadcrumb"},"inLanguage":"fr-FR","potentialAction":[{"@type":"ReadAction","target":["https:\/\/arabpouches.com\/cuba-black-cola-strong-slim-66mg-g\/"]}]},{"@type":"ImageObject","inLanguage":"fr-FR","@id":"https:\/\/arabpouches.com\/cuba-black-cola-strong-slim-66mg-g\/#primaryimage","url":"https:\/\/arabpouches.com\/wp-content\/uploads\/2025\/08\/cuba-4.png","contentUrl":"https:\/\/arabpouches.com\/wp-content\/uploads\/2025\/08\/cuba-4.png","width":500,"height":500},{"@type":"BreadcrumbList","@id":"https:\/\/arabpouches.com\/cuba-black-cola-strong-slim-66mg-g\/#breadcrumb","itemListElement":[{"@type":"ListItem","position":1,"name":"Home","item":"https:\/\/arabpouches.com\/"},{"@type":"ListItem","position":2,"name":"Shop","item":"https:\/\/arabpouches.com\/shop\/"},{"@type":"ListItem","position":3,"name":"Cuba Black Cola Strong Slim"}]},{"@type":"WebSite","@id":"https:\/\/arabpouches.com\/#website","url":"https:\/\/arabpouches.com\/","name":"arabpouches.com","description":"Sachets de nicotine Moyen-Orient","publisher":{"@id":"https:\/\/arabpouches.com\/#organization"},"potentialAction":[{"@type":"SearchAction","target":{"@type":"EntryPoint","urlTemplate":"https:\/\/arabpouches.com\/?s={search_term_string}"},"query-input":{"@type":"PropertyValueSpecification","valueRequired":true,"valueName":"search_term_string"}}],"inLanguage":"fr-FR"},{"@type":"Organization","@id":"https:\/\/arabpouches.com\/#organization","name":"Pochettes arabes","url":"https:\/\/arabpouches.com\/","logo":{"@type":"ImageObject","inLanguage":"fr-FR","@id":"https:\/\/arabpouches.com\/#\/schema\/logo\/image\/","url":"https:\/\/arabpouches.com\/wp-content\/uploads\/2025\/06\/cropped-Untitled-design-100.png","contentUrl":"https:\/\/arabpouches.com\/wp-content\/uploads\/2025\/06\/cropped-Untitled-design-100.png","width":512,"height":512,"caption":"Arab Pouches"},"image":{"@id":"https:\/\/arabpouches.com\/#\/schema\/logo\/image\/"},"hasMerchantReturnPolicy":{"@type":"MerchantReturnPolicy","merchantReturnLink":"https:\/\/arabpouches.com\/fr\/politique-de-remboursement-et-de-retour\/"}}]},"product_brand":"CUBA","product_price_amount":"7.90","product_price_currency":"USD","og_availability":"out of stock","product_availability":"out of stock","product_retailer_item_id":"CUB-43M-COL","product_condition":"new"},"_links":{"self":[{"href":"https:\/\/arabpouches.com\/fr\/wp-json\/wp\/v2\/product\/316","targetHints":{"allow":["GET"]}}],"collection":[{"href":"https:\/\/arabpouches.com\/fr\/wp-json\/wp\/v2\/product"}],"about":[{"href":"https:\/\/arabpouches.com\/fr\/wp-json\/wp\/v2\/types\/product"}],"wp:featuredmedia":[{"embeddable":true,"href":"https:\/\/arabpouches.com\/fr\/wp-json\/wp\/v2\/media\/1508"}],"wp:attachment":[{"href":"https:\/\/arabpouches.com\/fr\/wp-json\/wp\/v2\/media?parent=316"}],"wp:term":[{"taxonomy":"product_brand","embeddable":true,"href":"https:\/\/arabpouches.com\/fr\/wp-json\/wp\/v2\/product_brand?post=316"},{"taxonomy":"product_cat","embeddable":true,"href":"https:\/\/arabpouches.com\/fr\/wp-json\/wp\/v2\/product_cat?post=316"},{"taxonomy":"product_tag","embeddable":true,"href":"https:\/\/arabpouches.com\/fr\/wp-json\/wp\/v2\/product_tag?post=316"}],"curies":[{"name":"wp","href":"https:\/\/api.w.org\/{rel}","templated":true}]}}