{"id":269,"date":"2025-06-25T00:48:01","date_gmt":"2025-06-25T00:48:01","guid":{"rendered":"https:\/\/arabpouches.com\/?post_type=product&#038;p=269"},"modified":"2025-09-17T02:18:19","modified_gmt":"2025-09-17T02:18:19","slug":"pablo-exclusive-grape-ice-slim-30-mg-pouch","status":"publish","type":"product","link":"https:\/\/arabpouches.com\/fr\/pablo-exclusive-grape-ice-slim-30-mg-pouch\/","title":{"rendered":"PABLO Exclusive Grape Ice SLIM"},"content":{"rendered":"<p data-mce-fragment=\"1\"><strong data-mce-fragment=\"1\">PABLO Exclusive Grape Ice<\/strong><\/p>\n<p data-mce-fragment=\"1\">Le snus PABLO Exclusive Grape Ice offre une version unique et savoureuse du snus traditionnel, qui ne manquera pas de titiller vos papilles gustatives. Avec un go\u00fbt exquis de raisin et un format mince, ce snus offre une exp\u00e9rience douce et discr\u00e8te, id\u00e9ale pour un plaisir tout au long de la journ\u00e9e. Chaque sachet contient une quantit\u00e9 impressionnante de 50 mg de nicotine, ce qui fait que PABLO Exclusive Grape Ice ne convient pas aux d\u00e9butants.<\/p>\n<ul data-mce-fragment=\"1\">\n<li data-mce-fragment=\"1\">\n<p data-mce-fragment=\"1\"><strong data-mce-fragment=\"1\">Go\u00fbt exquis de raisin<\/strong>: D\u00e9couvrez le d\u00e9licieux go\u00fbt du raisin dans chaque sachet, offrant une sensation rafra\u00eechissante et satisfaisante pour votre palais.<\/p>\n<\/li>\n<li data-mce-fragment=\"1\">\n<p data-mce-fragment=\"1\"><strong data-mce-fragment=\"1\">Sans tabac et naturel<\/strong>: Fabriqu\u00e9 sans tabac, ce snus offre une alternative plus saine pour ceux qui recherchent une option plus naturelle. Avec 20 pi\u00e8ces par bo\u00eete, vous aurez suffisamment de snus \u00e0 d\u00e9guster tout au long de la journ\u00e9e, tandis que la teneur incroyablement \u00e9lev\u00e9e en nicotine vous procurera un regain d'\u00e9nergie satisfaisant.<\/p>\n<\/li>\n<li data-mce-fragment=\"1\">\n<p data-mce-fragment=\"1\"><strong data-mce-fragment=\"1\">Incroyablement fort<\/strong>: Avec un taux de nicotine de 50mg, PABLO Exclusive Grape Ice offre une exp\u00e9rience snus audacieuse et savoureuse, parfaite pour ceux qui recherchent un hit de nicotine audacieux et intense.<\/p>\n<\/li>\n<\/ul>","protected":false},"excerpt":{"rendered":"<p data-mce-fragment=\"1\"><strong data-mce-fragment=\"1\">PABLO Exclusive Grape Ice<\/strong><\/p>\n<p data-mce-fragment=\"1\">Le snus PABLO Exclusive Grape Ice offre une version unique et savoureuse du snus traditionnel, qui ne manquera pas de titiller vos papilles gustatives. Avec un go\u00fbt exquis de raisin et un format mince, ce snus offre une exp\u00e9rience douce et discr\u00e8te, id\u00e9ale pour un plaisir tout au long de la journ\u00e9e. Chaque sachet contient une quantit\u00e9 impressionnante de 50 mg de nicotine, ce qui fait que PABLO Exclusive Grape Ice ne convient pas aux d\u00e9butants.<\/p>\n<p data-mce-fragment=\"1\"><strong data-mce-fragment=\"1\">Go\u00fbt exquis de raisin<\/strong>: D\u00e9couvrez le d\u00e9licieux go\u00fbt du raisin dans chaque sachet, offrant une sensation rafra\u00eechissante et satisfaisante pour votre palais.<\/p>\n<p data-mce-fragment=\"1\"><strong data-mce-fragment=\"1\">Sans tabac et naturel<\/strong>: Fabriqu\u00e9 sans tabac, ce snus offre une alternative plus saine pour ceux qui recherchent une option plus naturelle. Avec 20 pi\u00e8ces par bo\u00eete, vous aurez suffisamment de snus \u00e0 d\u00e9guster tout au long de la journ\u00e9e, tandis que la teneur incroyablement \u00e9lev\u00e9e en nicotine vous procurera un regain d'\u00e9nergie satisfaisant.<\/p>\n<p data-mce-fragment=\"1\"><strong data-mce-fragment=\"1\">Incroyablement fort<\/strong>: Avec un taux de nicotine de 50mg, PABLO Exclusive Grape Ice offre une exp\u00e9rience snus audacieuse et savoureuse, parfaite pour ceux qui recherchent un hit de nicotine audacieux et intense.<\/p>","protected":false},"featured_media":356,"template":"","meta":[],"product_brand":[274],"product_cat":[73],"product_tag":[172],"class_list":{"0":"post-269","1":"product","2":"type-product","3":"status-publish","4":"has-post-thumbnail","6":"product_brand-pablo","7":"product_cat-pablo","8":"product_tag-extreme-20mg","10":"first","11":"outofstock","12":"sale","13":"shipping-taxable","14":"purchasable","15":"product-type-simple"},"yoast_head":"<!-- This site is optimized with the Yoast SEO Premium plugin v25.9 (Yoast SEO v26.0) - https:\/\/yoast.com\/wordpress\/plugins\/seo\/ -->\n<title>PABLO Exclusive Grape Ice SLIM - Arab Pouches<\/title>\n<meta name=\"robots\" content=\"index, follow, max-snippet:-1, max-image-preview:large, max-video-preview:-1\" \/>\n<link rel=\"canonical\" href=\"https:\/\/arabpouches.com\/fr\/pablo-exclusive-grape-ice-slim-30-mg-pouch\/\" \/>\n<meta property=\"og:locale\" content=\"fr_FR\" \/>\n<meta property=\"og:type\" content=\"article\" \/>\n<meta property=\"og:title\" content=\"PABLO Exclusive Grape Ice SLIM\" \/>\n<meta property=\"og:description\" content=\"PABLO Exclusive Grape Ice PABLO Exclusive Grape Ice snus offers a unique and flavorful twist on traditional snus, guaranteed to tantalize your taste buds. With an exquisite grape flavor and a slim format, this snus provides a smooth and discreet experience, ideal for all-day enjoyment. Each pouch boasts an impressive 50mg of nicotine, making PABLO Exclusive Grape Ice not suitable for beginners. Exquisite Grape Flavor: Experience the delightful taste of grapes with every pouch, providing a refreshing and satisfying sensation for your palate. Tobacco-Free and Natural: Made without tobacco, this snus offers a healthier alternative for those seeking a more natural option. With 20 pieces per can, you&#039;ll have plenty of snus to enjoy throughout the day, while the incredibly strong nicotine content delivers a satisfying energy boost. Incredibly Strong: With a nicotine strength of 50mg, PABLO Exclusive Grape Ice offers a bold and flavorful snus experience, perfect for those seeking a bold and intense nicotine hit.\" \/>\n<meta property=\"og:url\" content=\"https:\/\/arabpouches.com\/fr\/pablo-exclusive-grape-ice-slim-30-mg-pouch\/\" \/>\n<meta property=\"og:site_name\" content=\"Arab Pouches\" \/>\n<meta property=\"article:modified_time\" content=\"2025-09-17T02:18:19+00:00\" \/>\n<meta property=\"og:image\" content=\"https:\/\/arabpouches.com\/wp-content\/uploads\/2025\/06\/43f0d324-2923-4665-a872-e7399cf48301.png\" \/>\n\t<meta property=\"og:image:width\" content=\"556\" \/>\n\t<meta property=\"og:image:height\" content=\"556\" \/>\n\t<meta property=\"og:image:type\" content=\"image\/png\" \/>\n<meta name=\"twitter:card\" content=\"summary_large_image\" \/>\n<meta name=\"twitter:label1\" content=\"Prix\" \/>\n\t<meta name=\"twitter:data1\" content=\"&#036;7.90\" \/>\n\t<meta name=\"twitter:label2\" content=\"Disponibilit\u00e9\" \/>\n\t<meta name=\"twitter:data2\" content=\"Rupture de stock\" \/>\n<script type=\"application\/ld+json\" class=\"yoast-schema-graph\">{\"@context\":\"https:\/\/schema.org\",\"@graph\":[{\"@type\":\"WebPage\",\"@id\":\"https:\/\/arabpouches.com\/pablo-exclusive-grape-ice-slim-30-mg-pouch\/\",\"url\":\"https:\/\/arabpouches.com\/pablo-exclusive-grape-ice-slim-30-mg-pouch\/\",\"name\":\"PABLO Exclusive Grape Ice SLIM - Arab Pouches\",\"isPartOf\":{\"@id\":\"https:\/\/arabpouches.com\/#website\"},\"primaryImageOfPage\":{\"@id\":\"https:\/\/arabpouches.com\/pablo-exclusive-grape-ice-slim-30-mg-pouch\/#primaryimage\"},\"image\":{\"@id\":\"https:\/\/arabpouches.com\/pablo-exclusive-grape-ice-slim-30-mg-pouch\/#primaryimage\"},\"thumbnailUrl\":\"https:\/\/arabpouches.com\/wp-content\/uploads\/2025\/06\/43f0d324-2923-4665-a872-e7399cf48301.png\",\"datePublished\":\"2025-06-25T00:48:01+00:00\",\"dateModified\":\"2025-09-17T02:18:19+00:00\",\"breadcrumb\":{\"@id\":\"https:\/\/arabpouches.com\/pablo-exclusive-grape-ice-slim-30-mg-pouch\/#breadcrumb\"},\"inLanguage\":\"fr-FR\",\"potentialAction\":[{\"@type\":\"ReadAction\",\"target\":[\"https:\/\/arabpouches.com\/pablo-exclusive-grape-ice-slim-30-mg-pouch\/\"]}]},{\"@type\":\"ImageObject\",\"inLanguage\":\"fr-FR\",\"@id\":\"https:\/\/arabpouches.com\/pablo-exclusive-grape-ice-slim-30-mg-pouch\/#primaryimage\",\"url\":\"https:\/\/arabpouches.com\/wp-content\/uploads\/2025\/06\/43f0d324-2923-4665-a872-e7399cf48301.png\",\"contentUrl\":\"https:\/\/arabpouches.com\/wp-content\/uploads\/2025\/06\/43f0d324-2923-4665-a872-e7399cf48301.png\",\"width\":556,\"height\":556},{\"@type\":\"BreadcrumbList\",\"@id\":\"https:\/\/arabpouches.com\/pablo-exclusive-grape-ice-slim-30-mg-pouch\/#breadcrumb\",\"itemListElement\":[{\"@type\":\"ListItem\",\"position\":1,\"name\":\"Home\",\"item\":\"https:\/\/arabpouches.com\/\"},{\"@type\":\"ListItem\",\"position\":2,\"name\":\"Shop\",\"item\":\"https:\/\/arabpouches.com\/shop\/\"},{\"@type\":\"ListItem\",\"position\":3,\"name\":\"PABLO Exclusive Grape Ice SLIM\"}]},{\"@type\":\"WebSite\",\"@id\":\"https:\/\/arabpouches.com\/#website\",\"url\":\"https:\/\/arabpouches.com\/\",\"name\":\"arabpouches.com\",\"description\":\"Nicotine Pouches Middle East\",\"publisher\":{\"@id\":\"https:\/\/arabpouches.com\/#organization\"},\"potentialAction\":[{\"@type\":\"SearchAction\",\"target\":{\"@type\":\"EntryPoint\",\"urlTemplate\":\"https:\/\/arabpouches.com\/?s={search_term_string}\"},\"query-input\":{\"@type\":\"PropertyValueSpecification\",\"valueRequired\":true,\"valueName\":\"search_term_string\"}}],\"inLanguage\":\"fr-FR\"},{\"@type\":\"Organization\",\"@id\":\"https:\/\/arabpouches.com\/#organization\",\"name\":\"Arab Pouches\",\"url\":\"https:\/\/arabpouches.com\/\",\"logo\":{\"@type\":\"ImageObject\",\"inLanguage\":\"fr-FR\",\"@id\":\"https:\/\/arabpouches.com\/#\/schema\/logo\/image\/\",\"url\":\"https:\/\/arabpouches.com\/wp-content\/uploads\/2025\/06\/cropped-Untitled-design-100.png\",\"contentUrl\":\"https:\/\/arabpouches.com\/wp-content\/uploads\/2025\/06\/cropped-Untitled-design-100.png\",\"width\":512,\"height\":512,\"caption\":\"Arab Pouches\"},\"image\":{\"@id\":\"https:\/\/arabpouches.com\/#\/schema\/logo\/image\/\"},\"hasMerchantReturnPolicy\":{\"@type\":\"MerchantReturnPolicy\",\"merchantReturnLink\":\"https:\/\/arabpouches.com\/fr\/politique-de-remboursement-et-de-retour\/\"}}]}<\/script>\n<meta property=\"product:brand\" content=\"PABLO\" \/>\n<meta property=\"product:price:amount\" content=\"7.90\" \/>\n<meta property=\"product:price:currency\" content=\"USD\" \/>\n<meta property=\"og:availability\" content=\"out of stock\" \/>\n<meta property=\"product:availability\" content=\"out of stock\" \/>\n<meta property=\"product:retailer_item_id\" content=\"PAB-30M-GRA\" \/>\n<meta property=\"product:condition\" content=\"new\" \/>\n<!-- \/ Yoast SEO Premium plugin. -->","yoast_head_json":{"title":"PABLO Exclusive Grape Ice SLIM - Sachets arabes","robots":{"index":"index","follow":"follow","max-snippet":"max-snippet:-1","max-image-preview":"max-image-preview:large","max-video-preview":"max-video-preview:-1"},"canonical":"https:\/\/arabpouches.com\/fr\/pablo-exclusive-grape-ice-slim-30-mg-pouch\/","og_locale":"fr_FR","og_type":"article","og_title":"PABLO Exclusive Grape Ice SLIM","og_description":"PABLO Exclusive Grape Ice PABLO Exclusive Grape Ice snus offers a unique and flavorful twist on traditional snus, guaranteed to tantalize your taste buds. With an exquisite grape flavor and a slim format, this snus provides a smooth and discreet experience, ideal for all-day enjoyment. Each pouch boasts an impressive 50mg of nicotine, making PABLO Exclusive Grape Ice not suitable for beginners. Exquisite Grape Flavor: Experience the delightful taste of grapes with every pouch, providing a refreshing and satisfying sensation for your palate. Tobacco-Free and Natural: Made without tobacco, this snus offers a healthier alternative for those seeking a more natural option. With 20 pieces per can, you'll have plenty of snus to enjoy throughout the day, while the incredibly strong nicotine content delivers a satisfying energy boost. Incredibly Strong: With a nicotine strength of 50mg, PABLO Exclusive Grape Ice offers a bold and flavorful snus experience, perfect for those seeking a bold and intense nicotine hit.","og_url":"https:\/\/arabpouches.com\/fr\/pablo-exclusive-grape-ice-slim-30-mg-pouch\/","og_site_name":"Arab Pouches","article_modified_time":"2025-09-17T02:18:19+00:00","og_image":[{"width":556,"height":556,"url":"https:\/\/arabpouches.com\/wp-content\/uploads\/2025\/06\/43f0d324-2923-4665-a872-e7399cf48301.png","type":"image\/png"}],"twitter_card":"summary_large_image","twitter_misc":{"Prix":"&#36;7.90","Disponibilit\u00e9":"Rupture de stock"},"schema":{"@context":"https:\/\/schema.org","@graph":[{"@type":"WebPage","@id":"https:\/\/arabpouches.com\/pablo-exclusive-grape-ice-slim-30-mg-pouch\/","url":"https:\/\/arabpouches.com\/pablo-exclusive-grape-ice-slim-30-mg-pouch\/","name":"PABLO Exclusive Grape Ice SLIM - Sachets arabes","isPartOf":{"@id":"https:\/\/arabpouches.com\/#website"},"primaryImageOfPage":{"@id":"https:\/\/arabpouches.com\/pablo-exclusive-grape-ice-slim-30-mg-pouch\/#primaryimage"},"image":{"@id":"https:\/\/arabpouches.com\/pablo-exclusive-grape-ice-slim-30-mg-pouch\/#primaryimage"},"thumbnailUrl":"https:\/\/arabpouches.com\/wp-content\/uploads\/2025\/06\/43f0d324-2923-4665-a872-e7399cf48301.png","datePublished":"2025-06-25T00:48:01+00:00","dateModified":"2025-09-17T02:18:19+00:00","breadcrumb":{"@id":"https:\/\/arabpouches.com\/pablo-exclusive-grape-ice-slim-30-mg-pouch\/#breadcrumb"},"inLanguage":"fr-FR","potentialAction":[{"@type":"ReadAction","target":["https:\/\/arabpouches.com\/pablo-exclusive-grape-ice-slim-30-mg-pouch\/"]}]},{"@type":"ImageObject","inLanguage":"fr-FR","@id":"https:\/\/arabpouches.com\/pablo-exclusive-grape-ice-slim-30-mg-pouch\/#primaryimage","url":"https:\/\/arabpouches.com\/wp-content\/uploads\/2025\/06\/43f0d324-2923-4665-a872-e7399cf48301.png","contentUrl":"https:\/\/arabpouches.com\/wp-content\/uploads\/2025\/06\/43f0d324-2923-4665-a872-e7399cf48301.png","width":556,"height":556},{"@type":"BreadcrumbList","@id":"https:\/\/arabpouches.com\/pablo-exclusive-grape-ice-slim-30-mg-pouch\/#breadcrumb","itemListElement":[{"@type":"ListItem","position":1,"name":"Home","item":"https:\/\/arabpouches.com\/"},{"@type":"ListItem","position":2,"name":"Shop","item":"https:\/\/arabpouches.com\/shop\/"},{"@type":"ListItem","position":3,"name":"PABLO Exclusive Grape Ice SLIM"}]},{"@type":"WebSite","@id":"https:\/\/arabpouches.com\/#website","url":"https:\/\/arabpouches.com\/","name":"arabpouches.com","description":"Sachets de nicotine Moyen-Orient","publisher":{"@id":"https:\/\/arabpouches.com\/#organization"},"potentialAction":[{"@type":"SearchAction","target":{"@type":"EntryPoint","urlTemplate":"https:\/\/arabpouches.com\/?s={search_term_string}"},"query-input":{"@type":"PropertyValueSpecification","valueRequired":true,"valueName":"search_term_string"}}],"inLanguage":"fr-FR"},{"@type":"Organization","@id":"https:\/\/arabpouches.com\/#organization","name":"Pochettes arabes","url":"https:\/\/arabpouches.com\/","logo":{"@type":"ImageObject","inLanguage":"fr-FR","@id":"https:\/\/arabpouches.com\/#\/schema\/logo\/image\/","url":"https:\/\/arabpouches.com\/wp-content\/uploads\/2025\/06\/cropped-Untitled-design-100.png","contentUrl":"https:\/\/arabpouches.com\/wp-content\/uploads\/2025\/06\/cropped-Untitled-design-100.png","width":512,"height":512,"caption":"Arab Pouches"},"image":{"@id":"https:\/\/arabpouches.com\/#\/schema\/logo\/image\/"},"hasMerchantReturnPolicy":{"@type":"MerchantReturnPolicy","merchantReturnLink":"https:\/\/arabpouches.com\/fr\/politique-de-remboursement-et-de-retour\/"}}]},"product_brand":"PABLO","product_price_amount":"7.90","product_price_currency":"USD","og_availability":"out of stock","product_availability":"out of stock","product_retailer_item_id":"PAB-30M-GRA","product_condition":"new"},"_links":{"self":[{"href":"https:\/\/arabpouches.com\/fr\/wp-json\/wp\/v2\/product\/269","targetHints":{"allow":["GET"]}}],"collection":[{"href":"https:\/\/arabpouches.com\/fr\/wp-json\/wp\/v2\/product"}],"about":[{"href":"https:\/\/arabpouches.com\/fr\/wp-json\/wp\/v2\/types\/product"}],"wp:featuredmedia":[{"embeddable":true,"href":"https:\/\/arabpouches.com\/fr\/wp-json\/wp\/v2\/media\/356"}],"wp:attachment":[{"href":"https:\/\/arabpouches.com\/fr\/wp-json\/wp\/v2\/media?parent=269"}],"wp:term":[{"taxonomy":"product_brand","embeddable":true,"href":"https:\/\/arabpouches.com\/fr\/wp-json\/wp\/v2\/product_brand?post=269"},{"taxonomy":"product_cat","embeddable":true,"href":"https:\/\/arabpouches.com\/fr\/wp-json\/wp\/v2\/product_cat?post=269"},{"taxonomy":"product_tag","embeddable":true,"href":"https:\/\/arabpouches.com\/fr\/wp-json\/wp\/v2\/product_tag?post=269"}],"curies":[{"name":"wp","href":"https:\/\/api.w.org\/{rel}","templated":true}]}}