{"id":169,"date":"2025-06-25T00:44:00","date_gmt":"2025-06-25T00:44:00","guid":{"rendered":"https:\/\/arabpouches.com\/?post_type=product&#038;p=169"},"modified":"2025-09-17T02:52:14","modified_gmt":"2025-09-17T02:52:14","slug":"zyn-espressino-mini-dry-extra-strong-6-mg-pouch","status":"publish","type":"product","link":"https:\/\/arabpouches.com\/fr\/zyn-espressino-mini-dry-extra-strong-6-mg-pouch\/","title":{"rendered":"ZYN Coffee Mini Dry Extra Strong"},"content":{"rendered":"<p><meta charset=\"utf-8\"><meta charset=\"utf-8\"><\/p>\n<p data-mce-fragment=\"1\">Embarquez pour un voyage de satisfaction intense avec ZYN Mini Espressino Strong, o\u00f9 chaque sachet d\u00e9voile une exp\u00e9rience de caf\u00e9 robuste, enrichie de notes d\u00e9cadentes de chocolat, de nougat et de vanille. Am\u00e9liorez votre plaisir avec le snus gr\u00e2ce \u00e0 l'audace de ZYN Mini Espressino Strong.<\/p>\n<p data-mce-fragment=\"1\"><strong data-mce-fragment=\"1\">Caract\u00e9ristiques principales de ZYN Mini Espressino Strong :<\/strong><\/p>\n<ul data-mce-fragment=\"1\">\n<li data-mce-fragment=\"1\">\n<p data-mce-fragment=\"1\"><strong data-mce-fragment=\"1\">Symphonie de caf\u00e9s robustes :<\/strong> Ravissez vos sens avec le go\u00fbt fort et captivant du caf\u00e9 qui impr\u00e8gne chaque sachet, cr\u00e9ant un snus audacieux et satisfaisant pour les aficionados du caf\u00e9.<\/p>\n<\/li>\n<li data-mce-fragment=\"1\">\n<p data-mce-fragment=\"1\"><strong data-mce-fragment=\"1\">Fusion de saveurs d\u00e9cadentes :<\/strong> Plongez dans la d\u00e9cadence de ZYN Mini Espressino Strong, qui m\u00e9lange harmonieusement les riches notes de chocolat, de nougat et de vanille, ajoutant des couches de complexit\u00e9 \u00e0 votre exp\u00e9rience snus.<\/p>\n<\/li>\n<\/ul>\n<p data-mce-fragment=\"1\">Plongez dans le monde de ZYN Mini Espressino Strong, o\u00f9 la robustesse rencontre la d\u00e9cadence. Red\u00e9finissez vos moments snus avec ce m\u00e9lange soigneusement \u00e9labor\u00e9, parfait pour ceux qui recherchent un snus fort et savoureux infus\u00e9 au caf\u00e9. Choisissez ZYN Mini Espressino Strong et \u00e9levez votre voyage nicotinique avec une symphonie de saveurs audacieuses et d\u00e9cadentes.<\/p>\n<p><\/p>","protected":false},"excerpt":{"rendered":"<p data-mce-fragment=\"1\">Embarquez pour un voyage de satisfaction intense avec ZYN Mini Espressino Strong, o\u00f9 chaque sachet d\u00e9voile une exp\u00e9rience de caf\u00e9 robuste, enrichie de notes d\u00e9cadentes de chocolat, de nougat et de vanille. Am\u00e9liorez votre plaisir avec le snus gr\u00e2ce \u00e0 l'audace de ZYN Mini Espressino Strong.<\/p>\n<p data-mce-fragment=\"1\"><strong data-mce-fragment=\"1\">Caract\u00e9ristiques principales de ZYN Mini Espressino Strong :<\/strong><\/p>\n<ul data-mce-fragment=\"1\">\n<li data-mce-fragment=\"1\">\n<p data-mce-fragment=\"1\"><strong data-mce-fragment=\"1\">Symphonie de caf\u00e9s robustes :<\/strong> Ravissez vos sens avec le go\u00fbt fort et captivant du caf\u00e9 qui impr\u00e8gne chaque sachet, cr\u00e9ant un snus audacieux et satisfaisant pour les aficionados du caf\u00e9.<\/p>\n<\/li>\n<li data-mce-fragment=\"1\">\n<p data-mce-fragment=\"1\"><strong data-mce-fragment=\"1\">Fusion de saveurs d\u00e9cadentes :<\/strong> Plongez dans la d\u00e9cadence de ZYN Mini Espressino Strong, qui m\u00e9lange harmonieusement les riches notes de chocolat, de nougat et de vanille, ajoutant des couches de complexit\u00e9 \u00e0 votre exp\u00e9rience snus.<\/p>\n<\/li>\n<\/ul>\n<p data-mce-fragment=\"1\">Plongez dans le monde de ZYN Mini Espressino Strong, o\u00f9 la robustesse rencontre la d\u00e9cadence. Red\u00e9finissez vos moments snus avec ce m\u00e9lange soigneusement \u00e9labor\u00e9, parfait pour ceux qui recherchent un snus fort et savoureux infus\u00e9 au caf\u00e9. Choisissez ZYN Mini Espressino Strong et \u00e9levez votre voyage nicotinique avec une symphonie de saveurs audacieuses et d\u00e9cadentes.<\/p>\n<p><\/p>","protected":false},"featured_media":1555,"template":"","meta":[],"product_brand":[294],"product_cat":[49],"product_tag":[169],"class_list":{"0":"post-169","1":"product","2":"type-product","3":"status-publish","4":"has-post-thumbnail","6":"product_brand-zyn","7":"product_cat-zyn","8":"product_tag-light-1-6mg","10":"first","11":"outofstock","12":"sale","13":"shipping-taxable","14":"purchasable","15":"product-type-simple"},"yoast_head":"<!-- This site is optimized with the Yoast SEO Premium plugin v25.9 (Yoast SEO v27.4) - https:\/\/yoast.com\/product\/yoast-seo-premium-wordpress\/ -->\n<title>ZYN Coffee Mini Dry Extra Strong - Arab Pouches<\/title>\n<meta name=\"robots\" content=\"index, follow, max-snippet:-1, max-image-preview:large, max-video-preview:-1\" \/>\n<link rel=\"canonical\" href=\"https:\/\/arabpouches.com\/fr\/zyn-espressino-mini-dry-extra-strong-6-mg-pouch\/\" \/>\n<meta property=\"og:locale\" content=\"fr_FR\" \/>\n<meta property=\"og:type\" content=\"article\" \/>\n<meta property=\"og:title\" content=\"ZYN Coffee Mini Dry Extra Strong\" \/>\n<meta property=\"og:description\" content=\"Embark on a journey of intense satisfaction with ZYN Mini Espressino Strong, where each pouch unveils a robust coffee experience, enriched with decadent notes of chocolate, nougat, and vanilla. Elevate your snus enjoyment with the boldness of ZYN Mini Espressino Strong. Key Features of ZYN Mini Espressino Strong:  Robust Coffee Symphony: Delight your senses with the strong and captivating taste of coffee that permeates every pouch, creating a bold and satisfying snus encounter for coffee aficionados.  Decadent Flavor Fusion: Immerse yourself in the decadence of ZYN Mini Espressino Strong, as it seamlessly blends the rich notes of chocolate, nougat, and vanilla, adding layers of complexity to your snus experience.  Immerse yourself in the world of ZYN Mini Espressino Strong, where robustness meets decadence. Redefine your snus moments with this carefully crafted blend, perfect for those who seek a strong and flavorful coffee-infused snus. Choose ZYN Mini Espressino Strong and elevate your nicotine journey with a symphony of bold and decadent flavors.\" \/>\n<meta property=\"og:url\" content=\"https:\/\/arabpouches.com\/fr\/zyn-espressino-mini-dry-extra-strong-6-mg-pouch\/\" \/>\n<meta property=\"og:site_name\" content=\"Arab Pouches\" \/>\n<meta property=\"article:modified_time\" content=\"2025-09-17T02:52:14+00:00\" \/>\n<meta property=\"og:image\" content=\"https:\/\/arabpouches.com\/wp-content\/uploads\/2025\/08\/1_ffdced2b-4823-4adb-b6fd-af3d97f9e050.png\" \/>\n\t<meta property=\"og:image:width\" content=\"500\" \/>\n\t<meta property=\"og:image:height\" content=\"500\" \/>\n\t<meta property=\"og:image:type\" content=\"image\/png\" \/>\n<meta name=\"twitter:card\" content=\"summary_large_image\" \/>\n<meta name=\"twitter:label1\" content=\"Prix\" \/>\n\t<meta name=\"twitter:data1\" content=\"&#036;7.90\" \/>\n\t<meta name=\"twitter:label2\" content=\"Disponibilit\u00e9\" \/>\n\t<meta name=\"twitter:data2\" content=\"Rupture de stock\" \/>\n<script type=\"application\/ld+json\" class=\"yoast-schema-graph\">{\"@context\":\"https:\\\/\\\/schema.org\",\"@graph\":[{\"@type\":\"WebPage\",\"@id\":\"https:\\\/\\\/arabpouches.com\\\/zyn-espressino-mini-dry-extra-strong-6-mg-pouch\\\/\",\"url\":\"https:\\\/\\\/arabpouches.com\\\/zyn-espressino-mini-dry-extra-strong-6-mg-pouch\\\/\",\"name\":\"ZYN Coffee Mini Dry Extra Strong - Arab Pouches\",\"isPartOf\":{\"@id\":\"https:\\\/\\\/arabpouches.com\\\/#website\"},\"primaryImageOfPage\":{\"@id\":\"https:\\\/\\\/arabpouches.com\\\/zyn-espressino-mini-dry-extra-strong-6-mg-pouch\\\/#primaryimage\"},\"image\":{\"@id\":\"https:\\\/\\\/arabpouches.com\\\/zyn-espressino-mini-dry-extra-strong-6-mg-pouch\\\/#primaryimage\"},\"thumbnailUrl\":\"https:\\\/\\\/arabpouches.com\\\/wp-content\\\/uploads\\\/2025\\\/08\\\/1_ffdced2b-4823-4adb-b6fd-af3d97f9e050.png\",\"datePublished\":\"2025-06-25T00:44:00+00:00\",\"dateModified\":\"2025-09-17T02:52:14+00:00\",\"breadcrumb\":{\"@id\":\"https:\\\/\\\/arabpouches.com\\\/zyn-espressino-mini-dry-extra-strong-6-mg-pouch\\\/#breadcrumb\"},\"inLanguage\":\"fr-FR\",\"potentialAction\":[{\"@type\":\"ReadAction\",\"target\":[\"https:\\\/\\\/arabpouches.com\\\/zyn-espressino-mini-dry-extra-strong-6-mg-pouch\\\/\"]}]},{\"@type\":\"ImageObject\",\"inLanguage\":\"fr-FR\",\"@id\":\"https:\\\/\\\/arabpouches.com\\\/zyn-espressino-mini-dry-extra-strong-6-mg-pouch\\\/#primaryimage\",\"url\":\"https:\\\/\\\/arabpouches.com\\\/wp-content\\\/uploads\\\/2025\\\/08\\\/1_ffdced2b-4823-4adb-b6fd-af3d97f9e050.png\",\"contentUrl\":\"https:\\\/\\\/arabpouches.com\\\/wp-content\\\/uploads\\\/2025\\\/08\\\/1_ffdced2b-4823-4adb-b6fd-af3d97f9e050.png\",\"width\":500,\"height\":500},{\"@type\":\"BreadcrumbList\",\"@id\":\"https:\\\/\\\/arabpouches.com\\\/zyn-espressino-mini-dry-extra-strong-6-mg-pouch\\\/#breadcrumb\",\"itemListElement\":[{\"@type\":\"ListItem\",\"position\":1,\"name\":\"Home\",\"item\":\"https:\\\/\\\/arabpouches.com\\\/\"},{\"@type\":\"ListItem\",\"position\":2,\"name\":\"Shop\",\"item\":\"https:\\\/\\\/arabpouches.com\\\/shop\\\/\"},{\"@type\":\"ListItem\",\"position\":3,\"name\":\"ZYN Coffee Mini Dry Extra Strong\"}]},{\"@type\":\"WebSite\",\"@id\":\"https:\\\/\\\/arabpouches.com\\\/#website\",\"url\":\"https:\\\/\\\/arabpouches.com\\\/\",\"name\":\"arabpouches.com\",\"description\":\"Nicotine Pouches Middle East\",\"publisher\":{\"@id\":\"https:\\\/\\\/arabpouches.com\\\/#organization\"},\"potentialAction\":[{\"@type\":\"SearchAction\",\"target\":{\"@type\":\"EntryPoint\",\"urlTemplate\":\"https:\\\/\\\/arabpouches.com\\\/?s={search_term_string}\"},\"query-input\":{\"@type\":\"PropertyValueSpecification\",\"valueRequired\":true,\"valueName\":\"search_term_string\"}}],\"inLanguage\":\"fr-FR\"},{\"@type\":\"Organization\",\"@id\":\"https:\\\/\\\/arabpouches.com\\\/#organization\",\"name\":\"Arab Pouches\",\"url\":\"https:\\\/\\\/arabpouches.com\\\/\",\"logo\":{\"@type\":\"ImageObject\",\"inLanguage\":\"fr-FR\",\"@id\":\"https:\\\/\\\/arabpouches.com\\\/#\\\/schema\\\/logo\\\/image\\\/\",\"url\":\"https:\\\/\\\/arabpouches.com\\\/wp-content\\\/uploads\\\/2025\\\/06\\\/cropped-Untitled-design-100.png\",\"contentUrl\":\"https:\\\/\\\/arabpouches.com\\\/wp-content\\\/uploads\\\/2025\\\/06\\\/cropped-Untitled-design-100.png\",\"width\":512,\"height\":512,\"caption\":\"Arab Pouches\"},\"image\":{\"@id\":\"https:\\\/\\\/arabpouches.com\\\/#\\\/schema\\\/logo\\\/image\\\/\"},\"hasMerchantReturnPolicy\":{\"@type\":\"MerchantReturnPolicy\",\"merchantReturnLink\":\"https:\\\/\\\/arabpouches.com\\\/fr\\\/politique-de-remboursement-et-de-retour\\\/\"}}]}<\/script>\n<meta property=\"product:brand\" content=\"ZYN\" \/>\n<meta property=\"product:price:amount\" content=\"7.90\" \/>\n<meta property=\"product:price:currency\" content=\"USD\" \/>\n<meta property=\"og:availability\" content=\"out of stock\" \/>\n<meta property=\"product:availability\" content=\"out of stock\" \/>\n<meta property=\"product:retailer_item_id\" content=\"ZYN-6MG-ESP\" \/>\n<meta property=\"product:condition\" content=\"new\" \/>\n<!-- \/ Yoast SEO Premium plugin. -->","yoast_head_json":{"title":"ZYN Coffee Mini Dry Extra Strong - Sachets Arabes","robots":{"index":"index","follow":"follow","max-snippet":"max-snippet:-1","max-image-preview":"max-image-preview:large","max-video-preview":"max-video-preview:-1"},"canonical":"https:\/\/arabpouches.com\/fr\/zyn-espressino-mini-dry-extra-strong-6-mg-pouch\/","og_locale":"fr_FR","og_type":"article","og_title":"ZYN Coffee Mini Dry Extra Strong","og_description":"Embark on a journey of intense satisfaction with ZYN Mini Espressino Strong, where each pouch unveils a robust coffee experience, enriched with decadent notes of chocolate, nougat, and vanilla. Elevate your snus enjoyment with the boldness of ZYN Mini Espressino Strong. Key Features of ZYN Mini Espressino Strong:  Robust Coffee Symphony: Delight your senses with the strong and captivating taste of coffee that permeates every pouch, creating a bold and satisfying snus encounter for coffee aficionados.  Decadent Flavor Fusion: Immerse yourself in the decadence of ZYN Mini Espressino Strong, as it seamlessly blends the rich notes of chocolate, nougat, and vanilla, adding layers of complexity to your snus experience.  Immerse yourself in the world of ZYN Mini Espressino Strong, where robustness meets decadence. Redefine your snus moments with this carefully crafted blend, perfect for those who seek a strong and flavorful coffee-infused snus. Choose ZYN Mini Espressino Strong and elevate your nicotine journey with a symphony of bold and decadent flavors.","og_url":"https:\/\/arabpouches.com\/fr\/zyn-espressino-mini-dry-extra-strong-6-mg-pouch\/","og_site_name":"Arab Pouches","article_modified_time":"2025-09-17T02:52:14+00:00","og_image":[{"width":500,"height":500,"url":"https:\/\/arabpouches.com\/wp-content\/uploads\/2025\/08\/1_ffdced2b-4823-4adb-b6fd-af3d97f9e050.png","type":"image\/png"}],"twitter_card":"summary_large_image","twitter_misc":{"Prix":"&#36;7.90","Disponibilit\u00e9":"Rupture de stock"},"schema":{"@context":"https:\/\/schema.org","@graph":[{"@type":"WebPage","@id":"https:\/\/arabpouches.com\/zyn-espressino-mini-dry-extra-strong-6-mg-pouch\/","url":"https:\/\/arabpouches.com\/zyn-espressino-mini-dry-extra-strong-6-mg-pouch\/","name":"ZYN Coffee Mini Dry Extra Strong - Sachets Arabes","isPartOf":{"@id":"https:\/\/arabpouches.com\/#website"},"primaryImageOfPage":{"@id":"https:\/\/arabpouches.com\/zyn-espressino-mini-dry-extra-strong-6-mg-pouch\/#primaryimage"},"image":{"@id":"https:\/\/arabpouches.com\/zyn-espressino-mini-dry-extra-strong-6-mg-pouch\/#primaryimage"},"thumbnailUrl":"https:\/\/arabpouches.com\/wp-content\/uploads\/2025\/08\/1_ffdced2b-4823-4adb-b6fd-af3d97f9e050.png","datePublished":"2025-06-25T00:44:00+00:00","dateModified":"2025-09-17T02:52:14+00:00","breadcrumb":{"@id":"https:\/\/arabpouches.com\/zyn-espressino-mini-dry-extra-strong-6-mg-pouch\/#breadcrumb"},"inLanguage":"fr-FR","potentialAction":[{"@type":"ReadAction","target":["https:\/\/arabpouches.com\/zyn-espressino-mini-dry-extra-strong-6-mg-pouch\/"]}]},{"@type":"ImageObject","inLanguage":"fr-FR","@id":"https:\/\/arabpouches.com\/zyn-espressino-mini-dry-extra-strong-6-mg-pouch\/#primaryimage","url":"https:\/\/arabpouches.com\/wp-content\/uploads\/2025\/08\/1_ffdced2b-4823-4adb-b6fd-af3d97f9e050.png","contentUrl":"https:\/\/arabpouches.com\/wp-content\/uploads\/2025\/08\/1_ffdced2b-4823-4adb-b6fd-af3d97f9e050.png","width":500,"height":500},{"@type":"BreadcrumbList","@id":"https:\/\/arabpouches.com\/zyn-espressino-mini-dry-extra-strong-6-mg-pouch\/#breadcrumb","itemListElement":[{"@type":"ListItem","position":1,"name":"Home","item":"https:\/\/arabpouches.com\/"},{"@type":"ListItem","position":2,"name":"Shop","item":"https:\/\/arabpouches.com\/shop\/"},{"@type":"ListItem","position":3,"name":"ZYN Coffee Mini Dry Extra Strong"}]},{"@type":"WebSite","@id":"https:\/\/arabpouches.com\/#website","url":"https:\/\/arabpouches.com\/","name":"arabpouches.com","description":"Sachets de nicotine Moyen-Orient","publisher":{"@id":"https:\/\/arabpouches.com\/#organization"},"potentialAction":[{"@type":"SearchAction","target":{"@type":"EntryPoint","urlTemplate":"https:\/\/arabpouches.com\/?s={search_term_string}"},"query-input":{"@type":"PropertyValueSpecification","valueRequired":true,"valueName":"search_term_string"}}],"inLanguage":"fr-FR"},{"@type":"Organization","@id":"https:\/\/arabpouches.com\/#organization","name":"Pochettes arabes","url":"https:\/\/arabpouches.com\/","logo":{"@type":"ImageObject","inLanguage":"fr-FR","@id":"https:\/\/arabpouches.com\/#\/schema\/logo\/image\/","url":"https:\/\/arabpouches.com\/wp-content\/uploads\/2025\/06\/cropped-Untitled-design-100.png","contentUrl":"https:\/\/arabpouches.com\/wp-content\/uploads\/2025\/06\/cropped-Untitled-design-100.png","width":512,"height":512,"caption":"Arab Pouches"},"image":{"@id":"https:\/\/arabpouches.com\/#\/schema\/logo\/image\/"},"hasMerchantReturnPolicy":{"@type":"MerchantReturnPolicy","merchantReturnLink":"https:\/\/arabpouches.com\/fr\/politique-de-remboursement-et-de-retour\/"}}]},"product_brand":"ZYN","product_price_amount":"7.90","product_price_currency":"USD","og_availability":"out of stock","product_availability":"out of stock","product_retailer_item_id":"ZYN-6MG-ESP","product_condition":"new"},"_links":{"self":[{"href":"https:\/\/arabpouches.com\/fr\/wp-json\/wp\/v2\/product\/169","targetHints":{"allow":["GET"]}}],"collection":[{"href":"https:\/\/arabpouches.com\/fr\/wp-json\/wp\/v2\/product"}],"about":[{"href":"https:\/\/arabpouches.com\/fr\/wp-json\/wp\/v2\/types\/product"}],"wp:featuredmedia":[{"embeddable":true,"href":"https:\/\/arabpouches.com\/fr\/wp-json\/wp\/v2\/media\/1555"}],"wp:attachment":[{"href":"https:\/\/arabpouches.com\/fr\/wp-json\/wp\/v2\/media?parent=169"}],"wp:term":[{"taxonomy":"product_brand","embeddable":true,"href":"https:\/\/arabpouches.com\/fr\/wp-json\/wp\/v2\/product_brand?post=169"},{"taxonomy":"product_cat","embeddable":true,"href":"https:\/\/arabpouches.com\/fr\/wp-json\/wp\/v2\/product_cat?post=169"},{"taxonomy":"product_tag","embeddable":true,"href":"https:\/\/arabpouches.com\/fr\/wp-json\/wp\/v2\/product_tag?post=169"}],"curies":[{"name":"wp","href":"https:\/\/api.w.org\/{rel}","templated":true}]}}