{"id":1471,"date":"2025-07-31T17:06:00","date_gmt":"2025-07-31T17:06:00","guid":{"rendered":"https:\/\/arabpouches.com\/cuba-black-banana-hit-43-mg-pouch\/"},"modified":"2025-09-17T02:22:17","modified_gmt":"2025-09-17T02:22:17","slug":"cuba-black-banana-hit-43-mg-pouch","status":"publish","type":"product","link":"https:\/\/arabpouches.com\/fr\/cuba-black-banana-hit-43-mg-pouch\/","title":{"rendered":"CUBA Banane noire frapp\u00e9e"},"content":{"rendered":"<p>CUBA Black Banana Hit est un sachet de nicotine sans tabac au go\u00fbt unique et fruit\u00e9 de banane. L'ar\u00f4me de fruit doux mais distinctif est combin\u00e9 \u00e0 une teneur en nicotine extr\u00eamement \u00e9lev\u00e9e de 66 mg\/g, ce qui correspond \u00e0 43 mg de nicotine par sachet - un choix parfait pour ceux qui veulent \u00e0 la fois du caract\u00e8re et de la force.<\/p>\n<p>Chaque bo\u00eete contient 20 sachets \u00e0 portion fine, pour un poids total de 13 grammes, ce qui rend l'utilisation discr\u00e8te et confortable pendant la journ\u00e9e.<\/p>\n<p>Informations sur le produit :<\/p>\n<p>Type : Sachet de nicotine (sans tabac)<\/p>\n<p>Saveur : Fruit (banane)<\/p>\n<p>Format : Slim<\/p>\n<p>Nicotine : 66 mg\/g (43 mg\/pochette)<\/p>\n<p>Nombre de sachets : 20<\/p>\n<p>Poids net : 13 g<\/p>","protected":false},"excerpt":{"rendered":"<p>CUBA Black Banana Hit est un sachet de nicotine sans tabac au go\u00fbt unique et fruit\u00e9 de banane. L'ar\u00f4me de fruit doux mais distinctif est combin\u00e9 \u00e0 une teneur en nicotine extr\u00eamement \u00e9lev\u00e9e de 66 mg\/g, ce qui correspond \u00e0 43 mg de nicotine par sachet - un choix parfait pour ceux qui veulent \u00e0 la fois du caract\u00e8re et de la force.<\/p>\n<p>Chaque bo\u00eete contient 20 sachets \u00e0 portion fine, pour un poids total de 13 grammes, ce qui rend l'utilisation discr\u00e8te et confortable pendant la journ\u00e9e.<\/p>\n<p>Informations sur le produit :<\/p>\n<p>Type : Sachet de nicotine (sans tabac)<\/p>\n<p>Saveur : Fruit (banane)<\/p>\n<p>Format : Slim<\/p>\n<p>Nicotine : 66 mg\/g (43 mg\/pochette)<\/p>\n<p>Nombre de sachets : 20<\/p>\n<p>Poids net : 13 g<\/p>","protected":false},"featured_media":1512,"template":"","meta":[],"product_brand":[265],"product_cat":[80],"product_tag":[172],"class_list":{"0":"post-1471","1":"product","2":"type-product","3":"status-publish","4":"has-post-thumbnail","6":"product_brand-cuba","7":"product_cat-cuba","8":"product_tag-extreme-20mg","10":"first","11":"instock","12":"sale","13":"shipping-taxable","14":"purchasable","15":"product-type-simple"},"yoast_head":"<!-- This site is optimized with the Yoast SEO Premium plugin v25.9 (Yoast SEO v26.0) - https:\/\/yoast.com\/wordpress\/plugins\/seo\/ -->\n<title>CUBA Black Banana Hit - Arab Pouches<\/title>\n<meta name=\"robots\" content=\"index, follow, max-snippet:-1, max-image-preview:large, max-video-preview:-1\" \/>\n<link rel=\"canonical\" href=\"https:\/\/arabpouches.com\/fr\/cuba-black-banana-hit-43-mg-pouch\/\" \/>\n<meta property=\"og:locale\" content=\"fr_FR\" \/>\n<meta property=\"og:type\" content=\"article\" \/>\n<meta property=\"og:title\" content=\"CUBA Black Banana Hit\" \/>\n<meta property=\"og:description\" content=\"CUBA Black Banana Hit is a tobacco-free nicotine pouch with a unique and fruity banana flavor. The smooth but distinctive fruit flavor is combined with an extremely high nicotine content of 66 mg\/g, which corresponds to a full 43 mg of nicotine per pouch \u2013 a perfect choice for those who want both character and strength. Each box contains 20 slim portion pouches, with a total weight of 13 grams, making it both discreet and comfortable to use during the day. Product info: Type: Nicotine pouch (tobacco-free) Flavor: Fruit (banana) Format: Slim Nicotine: 66 mg\/g (43 mg\/pouch) Number of pouches: 20 Net weight: 13 g\" \/>\n<meta property=\"og:url\" content=\"https:\/\/arabpouches.com\/fr\/cuba-black-banana-hit-43-mg-pouch\/\" \/>\n<meta property=\"og:site_name\" content=\"Arab Pouches\" \/>\n<meta property=\"article:modified_time\" content=\"2025-09-17T02:22:17+00:00\" \/>\n<meta property=\"og:image\" content=\"https:\/\/arabpouches.com\/wp-content\/uploads\/2025\/08\/cuba-8.png\" \/>\n\t<meta property=\"og:image:width\" content=\"500\" \/>\n\t<meta property=\"og:image:height\" content=\"500\" \/>\n\t<meta property=\"og:image:type\" content=\"image\/png\" \/>\n<meta name=\"twitter:card\" content=\"summary_large_image\" \/>\n<meta name=\"twitter:label1\" content=\"Prix\" \/>\n\t<meta name=\"twitter:data1\" content=\"&#036;7.90\" \/>\n\t<meta name=\"twitter:label2\" content=\"Disponibilit\u00e9\" \/>\n\t<meta name=\"twitter:data2\" content=\"En stock\" \/>\n<script type=\"application\/ld+json\" class=\"yoast-schema-graph\">{\"@context\":\"https:\/\/schema.org\",\"@graph\":[{\"@type\":\"WebPage\",\"@id\":\"https:\/\/arabpouches.com\/cuba-black-banana-hit-43-mg-pouch\/\",\"url\":\"https:\/\/arabpouches.com\/cuba-black-banana-hit-43-mg-pouch\/\",\"name\":\"CUBA Black Banana Hit - Arab Pouches\",\"isPartOf\":{\"@id\":\"https:\/\/arabpouches.com\/#website\"},\"primaryImageOfPage\":{\"@id\":\"https:\/\/arabpouches.com\/cuba-black-banana-hit-43-mg-pouch\/#primaryimage\"},\"image\":{\"@id\":\"https:\/\/arabpouches.com\/cuba-black-banana-hit-43-mg-pouch\/#primaryimage\"},\"thumbnailUrl\":\"https:\/\/arabpouches.com\/wp-content\/uploads\/2025\/08\/cuba-8.png\",\"datePublished\":\"2025-07-31T17:06:00+00:00\",\"dateModified\":\"2025-09-17T02:22:17+00:00\",\"breadcrumb\":{\"@id\":\"https:\/\/arabpouches.com\/cuba-black-banana-hit-43-mg-pouch\/#breadcrumb\"},\"inLanguage\":\"fr-FR\",\"potentialAction\":[{\"@type\":\"ReadAction\",\"target\":[\"https:\/\/arabpouches.com\/cuba-black-banana-hit-43-mg-pouch\/\"]}]},{\"@type\":\"ImageObject\",\"inLanguage\":\"fr-FR\",\"@id\":\"https:\/\/arabpouches.com\/cuba-black-banana-hit-43-mg-pouch\/#primaryimage\",\"url\":\"https:\/\/arabpouches.com\/wp-content\/uploads\/2025\/08\/cuba-8.png\",\"contentUrl\":\"https:\/\/arabpouches.com\/wp-content\/uploads\/2025\/08\/cuba-8.png\",\"width\":500,\"height\":500},{\"@type\":\"BreadcrumbList\",\"@id\":\"https:\/\/arabpouches.com\/cuba-black-banana-hit-43-mg-pouch\/#breadcrumb\",\"itemListElement\":[{\"@type\":\"ListItem\",\"position\":1,\"name\":\"Home\",\"item\":\"https:\/\/arabpouches.com\/\"},{\"@type\":\"ListItem\",\"position\":2,\"name\":\"Shop\",\"item\":\"https:\/\/arabpouches.com\/shop\/\"},{\"@type\":\"ListItem\",\"position\":3,\"name\":\"CUBA Black Banana Hit\"}]},{\"@type\":\"WebSite\",\"@id\":\"https:\/\/arabpouches.com\/#website\",\"url\":\"https:\/\/arabpouches.com\/\",\"name\":\"arabpouches.com\",\"description\":\"Nicotine Pouches Middle East\",\"publisher\":{\"@id\":\"https:\/\/arabpouches.com\/#organization\"},\"potentialAction\":[{\"@type\":\"SearchAction\",\"target\":{\"@type\":\"EntryPoint\",\"urlTemplate\":\"https:\/\/arabpouches.com\/?s={search_term_string}\"},\"query-input\":{\"@type\":\"PropertyValueSpecification\",\"valueRequired\":true,\"valueName\":\"search_term_string\"}}],\"inLanguage\":\"fr-FR\"},{\"@type\":\"Organization\",\"@id\":\"https:\/\/arabpouches.com\/#organization\",\"name\":\"Arab Pouches\",\"url\":\"https:\/\/arabpouches.com\/\",\"logo\":{\"@type\":\"ImageObject\",\"inLanguage\":\"fr-FR\",\"@id\":\"https:\/\/arabpouches.com\/#\/schema\/logo\/image\/\",\"url\":\"https:\/\/arabpouches.com\/wp-content\/uploads\/2025\/06\/cropped-Untitled-design-100.png\",\"contentUrl\":\"https:\/\/arabpouches.com\/wp-content\/uploads\/2025\/06\/cropped-Untitled-design-100.png\",\"width\":512,\"height\":512,\"caption\":\"Arab Pouches\"},\"image\":{\"@id\":\"https:\/\/arabpouches.com\/#\/schema\/logo\/image\/\"},\"hasMerchantReturnPolicy\":{\"@type\":\"MerchantReturnPolicy\",\"merchantReturnLink\":\"https:\/\/arabpouches.com\/fr\/politique-de-remboursement-et-de-retour\/\"}}]}<\/script>\n<meta property=\"product:brand\" content=\"CUBA\" \/>\n<meta property=\"product:price:amount\" content=\"7.90\" \/>\n<meta property=\"product:price:currency\" content=\"USD\" \/>\n<meta property=\"og:availability\" content=\"instock\" \/>\n<meta property=\"product:availability\" content=\"instock\" \/>\n<meta property=\"product:retailer_item_id\" content=\"CUBA-BANAN-43MG\" \/>\n<meta property=\"product:condition\" content=\"new\" \/>\n<!-- \/ Yoast SEO Premium plugin. -->","yoast_head_json":{"title":"CUBA Banane noire Hit - Pochettes arabes","robots":{"index":"index","follow":"follow","max-snippet":"max-snippet:-1","max-image-preview":"max-image-preview:large","max-video-preview":"max-video-preview:-1"},"canonical":"https:\/\/arabpouches.com\/fr\/cuba-black-banana-hit-43-mg-pouch\/","og_locale":"fr_FR","og_type":"article","og_title":"CUBA Black Banana Hit","og_description":"CUBA Black Banana Hit is a tobacco-free nicotine pouch with a unique and fruity banana flavor. The smooth but distinctive fruit flavor is combined with an extremely high nicotine content of 66 mg\/g, which corresponds to a full 43 mg of nicotine per pouch \u2013 a perfect choice for those who want both character and strength. Each box contains 20 slim portion pouches, with a total weight of 13 grams, making it both discreet and comfortable to use during the day. Product info: Type: Nicotine pouch (tobacco-free) Flavor: Fruit (banana) Format: Slim Nicotine: 66 mg\/g (43 mg\/pouch) Number of pouches: 20 Net weight: 13 g","og_url":"https:\/\/arabpouches.com\/fr\/cuba-black-banana-hit-43-mg-pouch\/","og_site_name":"Arab Pouches","article_modified_time":"2025-09-17T02:22:17+00:00","og_image":[{"width":500,"height":500,"url":"https:\/\/arabpouches.com\/wp-content\/uploads\/2025\/08\/cuba-8.png","type":"image\/png"}],"twitter_card":"summary_large_image","twitter_misc":{"Prix":"&#36;7.90","Disponibilit\u00e9":"En stock"},"schema":{"@context":"https:\/\/schema.org","@graph":[{"@type":"WebPage","@id":"https:\/\/arabpouches.com\/cuba-black-banana-hit-43-mg-pouch\/","url":"https:\/\/arabpouches.com\/cuba-black-banana-hit-43-mg-pouch\/","name":"CUBA Banane noire Hit - Pochettes arabes","isPartOf":{"@id":"https:\/\/arabpouches.com\/#website"},"primaryImageOfPage":{"@id":"https:\/\/arabpouches.com\/cuba-black-banana-hit-43-mg-pouch\/#primaryimage"},"image":{"@id":"https:\/\/arabpouches.com\/cuba-black-banana-hit-43-mg-pouch\/#primaryimage"},"thumbnailUrl":"https:\/\/arabpouches.com\/wp-content\/uploads\/2025\/08\/cuba-8.png","datePublished":"2025-07-31T17:06:00+00:00","dateModified":"2025-09-17T02:22:17+00:00","breadcrumb":{"@id":"https:\/\/arabpouches.com\/cuba-black-banana-hit-43-mg-pouch\/#breadcrumb"},"inLanguage":"fr-FR","potentialAction":[{"@type":"ReadAction","target":["https:\/\/arabpouches.com\/cuba-black-banana-hit-43-mg-pouch\/"]}]},{"@type":"ImageObject","inLanguage":"fr-FR","@id":"https:\/\/arabpouches.com\/cuba-black-banana-hit-43-mg-pouch\/#primaryimage","url":"https:\/\/arabpouches.com\/wp-content\/uploads\/2025\/08\/cuba-8.png","contentUrl":"https:\/\/arabpouches.com\/wp-content\/uploads\/2025\/08\/cuba-8.png","width":500,"height":500},{"@type":"BreadcrumbList","@id":"https:\/\/arabpouches.com\/cuba-black-banana-hit-43-mg-pouch\/#breadcrumb","itemListElement":[{"@type":"ListItem","position":1,"name":"Home","item":"https:\/\/arabpouches.com\/"},{"@type":"ListItem","position":2,"name":"Shop","item":"https:\/\/arabpouches.com\/shop\/"},{"@type":"ListItem","position":3,"name":"CUBA Black Banana Hit"}]},{"@type":"WebSite","@id":"https:\/\/arabpouches.com\/#website","url":"https:\/\/arabpouches.com\/","name":"arabpouches.com","description":"Sachets de nicotine Moyen-Orient","publisher":{"@id":"https:\/\/arabpouches.com\/#organization"},"potentialAction":[{"@type":"SearchAction","target":{"@type":"EntryPoint","urlTemplate":"https:\/\/arabpouches.com\/?s={search_term_string}"},"query-input":{"@type":"PropertyValueSpecification","valueRequired":true,"valueName":"search_term_string"}}],"inLanguage":"fr-FR"},{"@type":"Organization","@id":"https:\/\/arabpouches.com\/#organization","name":"Pochettes arabes","url":"https:\/\/arabpouches.com\/","logo":{"@type":"ImageObject","inLanguage":"fr-FR","@id":"https:\/\/arabpouches.com\/#\/schema\/logo\/image\/","url":"https:\/\/arabpouches.com\/wp-content\/uploads\/2025\/06\/cropped-Untitled-design-100.png","contentUrl":"https:\/\/arabpouches.com\/wp-content\/uploads\/2025\/06\/cropped-Untitled-design-100.png","width":512,"height":512,"caption":"Arab Pouches"},"image":{"@id":"https:\/\/arabpouches.com\/#\/schema\/logo\/image\/"},"hasMerchantReturnPolicy":{"@type":"MerchantReturnPolicy","merchantReturnLink":"https:\/\/arabpouches.com\/fr\/politique-de-remboursement-et-de-retour\/"}}]},"product_brand":"CUBA","product_price_amount":"7.90","product_price_currency":"USD","og_availability":"instock","product_availability":"instock","product_retailer_item_id":"CUBA-BANAN-43MG","product_condition":"new"},"_links":{"self":[{"href":"https:\/\/arabpouches.com\/fr\/wp-json\/wp\/v2\/product\/1471","targetHints":{"allow":["GET"]}}],"collection":[{"href":"https:\/\/arabpouches.com\/fr\/wp-json\/wp\/v2\/product"}],"about":[{"href":"https:\/\/arabpouches.com\/fr\/wp-json\/wp\/v2\/types\/product"}],"wp:featuredmedia":[{"embeddable":true,"href":"https:\/\/arabpouches.com\/fr\/wp-json\/wp\/v2\/media\/1512"}],"wp:attachment":[{"href":"https:\/\/arabpouches.com\/fr\/wp-json\/wp\/v2\/media?parent=1471"}],"wp:term":[{"taxonomy":"product_brand","embeddable":true,"href":"https:\/\/arabpouches.com\/fr\/wp-json\/wp\/v2\/product_brand?post=1471"},{"taxonomy":"product_cat","embeddable":true,"href":"https:\/\/arabpouches.com\/fr\/wp-json\/wp\/v2\/product_cat?post=1471"},{"taxonomy":"product_tag","embeddable":true,"href":"https:\/\/arabpouches.com\/fr\/wp-json\/wp\/v2\/product_tag?post=1471"}],"curies":[{"name":"wp","href":"https:\/\/api.w.org\/{rel}","templated":true}]}}