{"id":1464,"date":"2025-07-31T17:06:00","date_gmt":"2025-07-31T17:06:00","guid":{"rendered":"https:\/\/arabpouches.com\/killa-watermelon-13-2-mg-pouch\/"},"modified":"2025-09-17T02:29:19","modified_gmt":"2025-09-17T02:29:19","slug":"killa-watermelon-13-2-mg-pouch","status":"publish","type":"product","link":"https:\/\/arabpouches.com\/fr\/killa-watermelon-13-2-mg-pouch\/","title":{"rendered":"KILLA Past\u00e8que"},"content":{"rendered":"<p>KILLA Watermelon est un sachet de nicotine sans tabac au go\u00fbt sucr\u00e9 et juteux de past\u00e8que - parfait pour ceux qui recherchent un profil de go\u00fbt frais, fruit\u00e9 et revigorant. Avec une teneur en nicotine de 16 mg\/g, ce qui correspond \u00e0 13,2 mg de nicotine par sachet, il offre une exp\u00e9rience puissante dans un format savoureux.<\/p>\n<p>Chaque bo\u00eete contient 20 sachets \u00e0 portion fine d'un poids net de 16 grammes, ce qui les rend \u00e0 la fois discrets et faciles \u00e0 utiliser, quelle que soit l'occasion.<\/p>\n<p>Informations sur le produit :<\/p>\n<p>Type : Sachet de nicotine (sans tabac)<\/p>\n<p>Saveur : Fruit (past\u00e8que)<\/p>\n<p>Format : Slim<\/p>\n<p>Nicotine : 16 mg\/g (13,2 mg\/pochette)<\/p>\n<p>Nombre de sachets : 20<\/p>\n<p>Poids net : 16 g<\/p>","protected":false},"excerpt":{"rendered":"<p>KILLA Watermelon est un sachet de nicotine sans tabac au go\u00fbt sucr\u00e9 et juteux de past\u00e8que - parfait pour ceux qui recherchent un profil de go\u00fbt frais, fruit\u00e9 et revigorant. Avec une teneur en nicotine de 16 mg\/g, ce qui correspond \u00e0 13,2 mg de nicotine par sachet, il offre une exp\u00e9rience puissante dans un format savoureux.<\/p>\n<p>Chaque bo\u00eete contient 20 sachets \u00e0 portion fine d'un poids net de 16 grammes, ce qui les rend \u00e0 la fois discrets et faciles \u00e0 utiliser, quelle que soit l'occasion.<\/p>\n<p>Informations sur le produit :<\/p>\n<p>Type : Sachet de nicotine (sans tabac)<\/p>\n<p>Saveur : Fruit (past\u00e8que)<\/p>\n<p>Format : Slim<\/p>\n<p>Nicotine : 16 mg\/g (13,2 mg\/pochette)<\/p>\n<p>Nombre de sachets : 20<\/p>\n<p>Poids net : 16 g<\/p>","protected":false},"featured_media":1525,"template":"","meta":[],"product_brand":[271],"product_cat":[68],"product_tag":[171],"class_list":{"0":"post-1464","1":"product","2":"type-product","3":"status-publish","4":"has-post-thumbnail","6":"product_brand-killa","7":"product_cat-killa","8":"product_tag-strong-12-20mg","10":"first","11":"instock","12":"sale","13":"shipping-taxable","14":"purchasable","15":"product-type-simple"},"yoast_head":"<!-- This site is optimized with the Yoast SEO Premium plugin v25.9 (Yoast SEO v26.0) - https:\/\/yoast.com\/wordpress\/plugins\/seo\/ -->\n<title>KILLA Watermelon - Arab Pouches<\/title>\n<meta name=\"robots\" content=\"index, follow, max-snippet:-1, max-image-preview:large, max-video-preview:-1\" \/>\n<link rel=\"canonical\" href=\"https:\/\/arabpouches.com\/fr\/killa-watermelon-13-2-mg-pouch\/\" \/>\n<meta property=\"og:locale\" content=\"fr_FR\" \/>\n<meta property=\"og:type\" content=\"article\" \/>\n<meta property=\"og:title\" content=\"KILLA Watermelon\" \/>\n<meta property=\"og:description\" content=\"KILLA Watermelon is a tobacco-free nicotine pouch with a sweet and juicy watermelon flavor \u2013 perfect for those who want a fresh, fruity and invigorating flavor profile. With a nicotine content of 16 mg\/g, which corresponds to 13.2 mg of nicotine per pouch, it offers a powerful experience in a tasty format. Each box contains 20 slim portion pouches with a net weight of 16 grams, making it both discreet and easy to use, regardless of the occasion. Product info: Type: Nicotine pouch (tobacco-free) Flavor: Fruit (watermelon) Format: Slim Nicotine: 16 mg\/g (13.2 mg\/pouch) Number of pouches: 20 Net weight: 16 g\" \/>\n<meta property=\"og:url\" content=\"https:\/\/arabpouches.com\/fr\/killa-watermelon-13-2-mg-pouch\/\" \/>\n<meta property=\"og:site_name\" content=\"Arab Pouches\" \/>\n<meta property=\"article:modified_time\" content=\"2025-09-17T02:29:19+00:00\" \/>\n<meta property=\"og:image\" content=\"https:\/\/arabpouches.com\/wp-content\/uploads\/2025\/08\/killa-5.png\" \/>\n\t<meta property=\"og:image:width\" content=\"500\" \/>\n\t<meta property=\"og:image:height\" content=\"500\" \/>\n\t<meta property=\"og:image:type\" content=\"image\/png\" \/>\n<meta name=\"twitter:card\" content=\"summary_large_image\" \/>\n<meta name=\"twitter:label1\" content=\"Prix\" \/>\n\t<meta name=\"twitter:data1\" content=\"&#036;7.90\" \/>\n\t<meta name=\"twitter:label2\" content=\"Disponibilit\u00e9\" \/>\n\t<meta name=\"twitter:data2\" content=\"En stock\" \/>\n<script type=\"application\/ld+json\" class=\"yoast-schema-graph\">{\"@context\":\"https:\/\/schema.org\",\"@graph\":[{\"@type\":\"WebPage\",\"@id\":\"https:\/\/arabpouches.com\/killa-watermelon-13-2-mg-pouch\/\",\"url\":\"https:\/\/arabpouches.com\/killa-watermelon-13-2-mg-pouch\/\",\"name\":\"KILLA Watermelon - Arab Pouches\",\"isPartOf\":{\"@id\":\"https:\/\/arabpouches.com\/#website\"},\"primaryImageOfPage\":{\"@id\":\"https:\/\/arabpouches.com\/killa-watermelon-13-2-mg-pouch\/#primaryimage\"},\"image\":{\"@id\":\"https:\/\/arabpouches.com\/killa-watermelon-13-2-mg-pouch\/#primaryimage\"},\"thumbnailUrl\":\"https:\/\/arabpouches.com\/wp-content\/uploads\/2025\/08\/killa-5.png\",\"datePublished\":\"2025-07-31T17:06:00+00:00\",\"dateModified\":\"2025-09-17T02:29:19+00:00\",\"breadcrumb\":{\"@id\":\"https:\/\/arabpouches.com\/killa-watermelon-13-2-mg-pouch\/#breadcrumb\"},\"inLanguage\":\"fr-FR\",\"potentialAction\":[{\"@type\":\"ReadAction\",\"target\":[\"https:\/\/arabpouches.com\/killa-watermelon-13-2-mg-pouch\/\"]}]},{\"@type\":\"ImageObject\",\"inLanguage\":\"fr-FR\",\"@id\":\"https:\/\/arabpouches.com\/killa-watermelon-13-2-mg-pouch\/#primaryimage\",\"url\":\"https:\/\/arabpouches.com\/wp-content\/uploads\/2025\/08\/killa-5.png\",\"contentUrl\":\"https:\/\/arabpouches.com\/wp-content\/uploads\/2025\/08\/killa-5.png\",\"width\":500,\"height\":500},{\"@type\":\"BreadcrumbList\",\"@id\":\"https:\/\/arabpouches.com\/killa-watermelon-13-2-mg-pouch\/#breadcrumb\",\"itemListElement\":[{\"@type\":\"ListItem\",\"position\":1,\"name\":\"Home\",\"item\":\"https:\/\/arabpouches.com\/\"},{\"@type\":\"ListItem\",\"position\":2,\"name\":\"Shop\",\"item\":\"https:\/\/arabpouches.com\/shop\/\"},{\"@type\":\"ListItem\",\"position\":3,\"name\":\"KILLA Watermelon\"}]},{\"@type\":\"WebSite\",\"@id\":\"https:\/\/arabpouches.com\/#website\",\"url\":\"https:\/\/arabpouches.com\/\",\"name\":\"arabpouches.com\",\"description\":\"Nicotine Pouches Middle East\",\"publisher\":{\"@id\":\"https:\/\/arabpouches.com\/#organization\"},\"potentialAction\":[{\"@type\":\"SearchAction\",\"target\":{\"@type\":\"EntryPoint\",\"urlTemplate\":\"https:\/\/arabpouches.com\/?s={search_term_string}\"},\"query-input\":{\"@type\":\"PropertyValueSpecification\",\"valueRequired\":true,\"valueName\":\"search_term_string\"}}],\"inLanguage\":\"fr-FR\"},{\"@type\":\"Organization\",\"@id\":\"https:\/\/arabpouches.com\/#organization\",\"name\":\"Arab Pouches\",\"url\":\"https:\/\/arabpouches.com\/\",\"logo\":{\"@type\":\"ImageObject\",\"inLanguage\":\"fr-FR\",\"@id\":\"https:\/\/arabpouches.com\/#\/schema\/logo\/image\/\",\"url\":\"https:\/\/arabpouches.com\/wp-content\/uploads\/2025\/06\/cropped-Untitled-design-100.png\",\"contentUrl\":\"https:\/\/arabpouches.com\/wp-content\/uploads\/2025\/06\/cropped-Untitled-design-100.png\",\"width\":512,\"height\":512,\"caption\":\"Arab Pouches\"},\"image\":{\"@id\":\"https:\/\/arabpouches.com\/#\/schema\/logo\/image\/\"},\"hasMerchantReturnPolicy\":{\"@type\":\"MerchantReturnPolicy\",\"merchantReturnLink\":\"https:\/\/arabpouches.com\/fr\/politique-de-remboursement-et-de-retour\/\"}}]}<\/script>\n<meta property=\"product:brand\" content=\"KILLA\" \/>\n<meta property=\"product:price:amount\" content=\"7.90\" \/>\n<meta property=\"product:price:currency\" content=\"USD\" \/>\n<meta property=\"og:availability\" content=\"instock\" \/>\n<meta property=\"product:availability\" content=\"instock\" \/>\n<meta property=\"product:retailer_item_id\" content=\"KILLA-MELON-13.2MG\" \/>\n<meta property=\"product:condition\" content=\"new\" \/>\n<!-- \/ Yoast SEO Premium plugin. -->","yoast_head_json":{"title":"KILLA Past\u00e8que - Sachets arabes","robots":{"index":"index","follow":"follow","max-snippet":"max-snippet:-1","max-image-preview":"max-image-preview:large","max-video-preview":"max-video-preview:-1"},"canonical":"https:\/\/arabpouches.com\/fr\/killa-watermelon-13-2-mg-pouch\/","og_locale":"fr_FR","og_type":"article","og_title":"KILLA Watermelon","og_description":"KILLA Watermelon is a tobacco-free nicotine pouch with a sweet and juicy watermelon flavor \u2013 perfect for those who want a fresh, fruity and invigorating flavor profile. With a nicotine content of 16 mg\/g, which corresponds to 13.2 mg of nicotine per pouch, it offers a powerful experience in a tasty format. Each box contains 20 slim portion pouches with a net weight of 16 grams, making it both discreet and easy to use, regardless of the occasion. Product info: Type: Nicotine pouch (tobacco-free) Flavor: Fruit (watermelon) Format: Slim Nicotine: 16 mg\/g (13.2 mg\/pouch) Number of pouches: 20 Net weight: 16 g","og_url":"https:\/\/arabpouches.com\/fr\/killa-watermelon-13-2-mg-pouch\/","og_site_name":"Arab Pouches","article_modified_time":"2025-09-17T02:29:19+00:00","og_image":[{"width":500,"height":500,"url":"https:\/\/arabpouches.com\/wp-content\/uploads\/2025\/08\/killa-5.png","type":"image\/png"}],"twitter_card":"summary_large_image","twitter_misc":{"Prix":"&#36;7.90","Disponibilit\u00e9":"En stock"},"schema":{"@context":"https:\/\/schema.org","@graph":[{"@type":"WebPage","@id":"https:\/\/arabpouches.com\/killa-watermelon-13-2-mg-pouch\/","url":"https:\/\/arabpouches.com\/killa-watermelon-13-2-mg-pouch\/","name":"KILLA Past\u00e8que - Sachets arabes","isPartOf":{"@id":"https:\/\/arabpouches.com\/#website"},"primaryImageOfPage":{"@id":"https:\/\/arabpouches.com\/killa-watermelon-13-2-mg-pouch\/#primaryimage"},"image":{"@id":"https:\/\/arabpouches.com\/killa-watermelon-13-2-mg-pouch\/#primaryimage"},"thumbnailUrl":"https:\/\/arabpouches.com\/wp-content\/uploads\/2025\/08\/killa-5.png","datePublished":"2025-07-31T17:06:00+00:00","dateModified":"2025-09-17T02:29:19+00:00","breadcrumb":{"@id":"https:\/\/arabpouches.com\/killa-watermelon-13-2-mg-pouch\/#breadcrumb"},"inLanguage":"fr-FR","potentialAction":[{"@type":"ReadAction","target":["https:\/\/arabpouches.com\/killa-watermelon-13-2-mg-pouch\/"]}]},{"@type":"ImageObject","inLanguage":"fr-FR","@id":"https:\/\/arabpouches.com\/killa-watermelon-13-2-mg-pouch\/#primaryimage","url":"https:\/\/arabpouches.com\/wp-content\/uploads\/2025\/08\/killa-5.png","contentUrl":"https:\/\/arabpouches.com\/wp-content\/uploads\/2025\/08\/killa-5.png","width":500,"height":500},{"@type":"BreadcrumbList","@id":"https:\/\/arabpouches.com\/killa-watermelon-13-2-mg-pouch\/#breadcrumb","itemListElement":[{"@type":"ListItem","position":1,"name":"Home","item":"https:\/\/arabpouches.com\/"},{"@type":"ListItem","position":2,"name":"Shop","item":"https:\/\/arabpouches.com\/shop\/"},{"@type":"ListItem","position":3,"name":"KILLA Watermelon"}]},{"@type":"WebSite","@id":"https:\/\/arabpouches.com\/#website","url":"https:\/\/arabpouches.com\/","name":"arabpouches.com","description":"Sachets de nicotine Moyen-Orient","publisher":{"@id":"https:\/\/arabpouches.com\/#organization"},"potentialAction":[{"@type":"SearchAction","target":{"@type":"EntryPoint","urlTemplate":"https:\/\/arabpouches.com\/?s={search_term_string}"},"query-input":{"@type":"PropertyValueSpecification","valueRequired":true,"valueName":"search_term_string"}}],"inLanguage":"fr-FR"},{"@type":"Organization","@id":"https:\/\/arabpouches.com\/#organization","name":"Pochettes arabes","url":"https:\/\/arabpouches.com\/","logo":{"@type":"ImageObject","inLanguage":"fr-FR","@id":"https:\/\/arabpouches.com\/#\/schema\/logo\/image\/","url":"https:\/\/arabpouches.com\/wp-content\/uploads\/2025\/06\/cropped-Untitled-design-100.png","contentUrl":"https:\/\/arabpouches.com\/wp-content\/uploads\/2025\/06\/cropped-Untitled-design-100.png","width":512,"height":512,"caption":"Arab Pouches"},"image":{"@id":"https:\/\/arabpouches.com\/#\/schema\/logo\/image\/"},"hasMerchantReturnPolicy":{"@type":"MerchantReturnPolicy","merchantReturnLink":"https:\/\/arabpouches.com\/fr\/politique-de-remboursement-et-de-retour\/"}}]},"product_brand":"KILLA","product_price_amount":"7.90","product_price_currency":"USD","og_availability":"instock","product_availability":"instock","product_retailer_item_id":"KILLA-MELON-13.2MG","product_condition":"new"},"_links":{"self":[{"href":"https:\/\/arabpouches.com\/fr\/wp-json\/wp\/v2\/product\/1464","targetHints":{"allow":["GET"]}}],"collection":[{"href":"https:\/\/arabpouches.com\/fr\/wp-json\/wp\/v2\/product"}],"about":[{"href":"https:\/\/arabpouches.com\/fr\/wp-json\/wp\/v2\/types\/product"}],"wp:featuredmedia":[{"embeddable":true,"href":"https:\/\/arabpouches.com\/fr\/wp-json\/wp\/v2\/media\/1525"}],"wp:attachment":[{"href":"https:\/\/arabpouches.com\/fr\/wp-json\/wp\/v2\/media?parent=1464"}],"wp:term":[{"taxonomy":"product_brand","embeddable":true,"href":"https:\/\/arabpouches.com\/fr\/wp-json\/wp\/v2\/product_brand?post=1464"},{"taxonomy":"product_cat","embeddable":true,"href":"https:\/\/arabpouches.com\/fr\/wp-json\/wp\/v2\/product_cat?post=1464"},{"taxonomy":"product_tag","embeddable":true,"href":"https:\/\/arabpouches.com\/fr\/wp-json\/wp\/v2\/product_tag?post=1464"}],"curies":[{"name":"wp","href":"https:\/\/api.w.org\/{rel}","templated":true}]}}