{"id":1462,"date":"2025-07-31T17:06:00","date_gmt":"2025-07-31T17:06:00","guid":{"rendered":"https:\/\/arabpouches.com\/iceberg-cherry-apricot-gum-30-mg-pouch\/"},"modified":"2025-09-17T02:22:19","modified_gmt":"2025-09-17T02:22:19","slug":"iceberg-cherry-apricot-gum-30-mg-pouch","status":"publish","type":"product","link":"https:\/\/arabpouches.com\/fr\/iceberg-cherry-apricot-gum-30-mg-pouch\/","title":{"rendered":"ICEBERG Gomme \u00e0 la cerise et \u00e0 l'abricot"},"content":{"rendered":"<p data-start=\"75\" data-end=\"429\" class=\"\"><strong data-start=\"75\" data-end=\"105\">ICEBERG Gomme \u00e0 la cerise et \u00e0 l'abricot<\/strong> \u00e4r en tobaksfri nikotinp\u00e5se med en fruktig och s\u00f6t smak av k\u00f6rsb\u00e4r, aprikos och ett hint av tuggummi - en unik smakupplevelse som sticker ut. Avec une touche de finition en forme d'\u00e9toile sur la t\u00eate <strong data-start=\"278\" data-end=\"289\">50 mg\/g<\/strong>, qui sont des mots d'ordre <strong data-start=\"308\" data-end=\"334\">30 mg nikotin per p\u00e5se<\/strong>Il s'agit d'un produit parfait pour les personnes qui souhaitent obtenir une bonne dose de chaleur et d'\u00e9l\u00e9gance dans un format mince.<\/p>\n<p data-start=\"431\" data-end=\"581\" class=\"\">Dosan inneh\u00e5ller <strong data-start=\"448\" data-end=\"472\">20 formats minces<\/strong> et qui a une bonne r\u00e9putation dans le monde entier <strong data-start=\"497\" data-end=\"508\">12 grammes<\/strong>C'est ainsi qu'il est possible de se rapprocher de lui et d'obtenir des informations sur son \u00e9tat de sant\u00e9.<\/p>\n<p data-start=\"583\" data-end=\"601\" class=\"\"><strong data-start=\"583\" data-end=\"599\">Produktinfo :<\/strong><\/p>\n<ul data-start=\"602\" data-end=\"790\">\n<li data-start=\"602\" data-end=\"638\" class=\"\">\n<p data-start=\"604\" data-end=\"638\" class=\"\"><strong data-start=\"604\" data-end=\"612\">Typ :<\/strong> Nikotinp\u00e5se (tobaksfri)<\/p>\n<\/li>\n<li data-start=\"639\" data-end=\"685\" class=\"\">\n<p data-start=\"641\" data-end=\"685\" class=\"\"><strong data-start=\"641\" data-end=\"650\">Smak :<\/strong> Frukt (k\u00f6rsb\u00e4r\/aprikos\/tuggummi)<\/p>\n<\/li>\n<li data-start=\"686\" data-end=\"706\" class=\"\">\n<p data-start=\"688\" data-end=\"706\" class=\"\"><strong data-start=\"688\" data-end=\"699\">Format :<\/strong> Mince<\/p>\n<\/li>\n<li data-start=\"707\" data-end=\"744\" class=\"\">\n<p data-start=\"709\" data-end=\"744\" class=\"\"><strong data-start=\"709\" data-end=\"721\">Nikotin :<\/strong> 50 mg\/g (30 mg\/p\u00e5se)<\/p>\n<\/li>\n<li data-start=\"745\" data-end=\"768\" class=\"\">\n<p data-start=\"747\" data-end=\"768\" class=\"\"><strong data-start=\"747\" data-end=\"763\">Antal p\u00e5sar :<\/strong> 20<\/p>\n<\/li>\n<li data-start=\"769\" data-end=\"790\" class=\"\">\n<p data-start=\"771\" data-end=\"790\" class=\"\"><strong data-start=\"771\" data-end=\"785\">Nettovikt :<\/strong> 12 g<\/p>\n<\/li>\n<\/ul>","protected":false},"excerpt":{"rendered":"<p data-start=\"75\" data-end=\"429\" class=\"\"><strong data-start=\"75\" data-end=\"105\">ICEBERG Gomme \u00e0 la cerise et \u00e0 l'abricot<\/strong> \u00e4r en tobaksfri nikotinp\u00e5se med en fruktig och s\u00f6t smak av k\u00f6rsb\u00e4r, aprikos och ett hint av tuggummi - en unik smakupplevelse som sticker ut. Avec une touche de finition en forme d'\u00e9toile sur la t\u00eate <strong data-start=\"278\" data-end=\"289\">50 mg\/g<\/strong>, qui sont des mots d'ordre <strong data-start=\"308\" data-end=\"334\">30 mg nikotin per p\u00e5se<\/strong>Il s'agit d'un produit parfait pour les personnes qui souhaitent obtenir une bonne dose de chaleur et d'\u00e9l\u00e9gance dans un format mince.<\/p>\n<p data-start=\"431\" data-end=\"581\" class=\"\">Dosan inneh\u00e5ller <strong data-start=\"448\" data-end=\"472\">20 formats minces<\/strong> et qui a une bonne r\u00e9putation dans le monde entier <strong data-start=\"497\" data-end=\"508\">12 grammes<\/strong>C'est ainsi qu'il est possible de se rapprocher de lui et d'obtenir des informations sur son \u00e9tat de sant\u00e9.<\/p>\n<p data-start=\"583\" data-end=\"601\" class=\"\"><strong data-start=\"583\" data-end=\"599\">Produktinfo :<\/strong><\/p>\n<ul data-start=\"602\" data-end=\"790\">\n<li data-start=\"602\" data-end=\"638\" class=\"\">\n<p data-start=\"604\" data-end=\"638\" class=\"\"><strong data-start=\"604\" data-end=\"612\">Typ :<\/strong> Nikotinp\u00e5se (tobaksfri)<\/p>\n<\/li>\n<li data-start=\"639\" data-end=\"685\" class=\"\">\n<p data-start=\"641\" data-end=\"685\" class=\"\"><strong data-start=\"641\" data-end=\"650\">Smak :<\/strong> Frukt (k\u00f6rsb\u00e4r\/aprikos\/tuggummi)<\/p>\n<\/li>\n<li data-start=\"686\" data-end=\"706\" class=\"\">\n<p data-start=\"688\" data-end=\"706\" class=\"\"><strong data-start=\"688\" data-end=\"699\">Format :<\/strong> Mince<\/p>\n<\/li>\n<li data-start=\"707\" data-end=\"744\" class=\"\">\n<p data-start=\"709\" data-end=\"744\" class=\"\"><strong data-start=\"709\" data-end=\"721\">Nikotin :<\/strong> 50 mg\/g (30 mg\/p\u00e5se)<\/p>\n<\/li>\n<li data-start=\"745\" data-end=\"768\" class=\"\">\n<p data-start=\"747\" data-end=\"768\" class=\"\"><strong data-start=\"747\" data-end=\"763\">Antal p\u00e5sar :<\/strong> 20<\/p>\n<\/li>\n<li data-start=\"769\" data-end=\"790\" class=\"\">\n<p data-start=\"771\" data-end=\"790\" class=\"\"><strong data-start=\"771\" data-end=\"785\">Nettovikt :<\/strong> 12 g<\/p>\n<\/li>\n<\/ul>","protected":false},"featured_media":1548,"template":"","meta":[],"product_brand":[269],"product_cat":[83],"product_tag":[172],"class_list":{"0":"post-1462","1":"product","2":"type-product","3":"status-publish","4":"has-post-thumbnail","6":"product_brand-iceberg","7":"product_cat-iceberg","8":"product_tag-extreme-20mg","10":"first","11":"instock","12":"sale","13":"shipping-taxable","14":"purchasable","15":"product-type-simple"},"yoast_head":"<!-- This site is optimized with the Yoast SEO Premium plugin v25.9 (Yoast SEO v26.0) - https:\/\/yoast.com\/wordpress\/plugins\/seo\/ -->\n<title>ICEBERG Cherry Apricot Gum - Arab Pouches<\/title>\n<meta name=\"robots\" content=\"index, follow, max-snippet:-1, max-image-preview:large, max-video-preview:-1\" \/>\n<link rel=\"canonical\" href=\"https:\/\/arabpouches.com\/fr\/iceberg-cherry-apricot-gum-30-mg-pouch\/\" \/>\n<meta property=\"og:locale\" content=\"fr_FR\" \/>\n<meta property=\"og:type\" content=\"article\" \/>\n<meta property=\"og:title\" content=\"ICEBERG Cherry Apricot Gum\" \/>\n<meta property=\"og:description\" content=\"ICEBERG Cherry Apricot Gum \u00e4r en tobaksfri nikotinp\u00e5se med en fruktig och s\u00f6t smak av k\u00f6rsb\u00e4r, aprikos och ett hint av tuggummi \u2013 en unik smakupplevelse som sticker ut. Med en kraftig nikotinhalt p\u00e5 50 mg\/g, vilket motsvarar 30 mg nikotin per p\u00e5se, passar den perfekt f\u00f6r erfarna anv\u00e4ndare som s\u00f6ker b\u00e5de smak och styrka i ett slimmat format. Dosan inneh\u00e5ller 20 slim-formatsp\u00e5sar och har en nettovikt p\u00e5 12 gram, vilket g\u00f6r den l\u00e4tt att b\u00e4ra med sig och anv\u00e4nda diskret n\u00e4r som helst. Produktinfo:  Typ: Nikotinp\u00e5se (tobaksfri)  Smak: Frukt (k\u00f6rsb\u00e4r\/aprikos\/tuggummi)  Format: Slim  Nikotin: 50 mg\/g (30 mg\/p\u00e5se)  Antal p\u00e5sar: 20  Nettovikt: 12 g\" \/>\n<meta property=\"og:url\" content=\"https:\/\/arabpouches.com\/fr\/iceberg-cherry-apricot-gum-30-mg-pouch\/\" \/>\n<meta property=\"og:site_name\" content=\"Arab Pouches\" \/>\n<meta property=\"article:modified_time\" content=\"2025-09-17T02:22:19+00:00\" \/>\n<meta property=\"og:image\" content=\"https:\/\/arabpouches.com\/wp-content\/uploads\/2025\/08\/1.png\" \/>\n\t<meta property=\"og:image:width\" content=\"500\" \/>\n\t<meta property=\"og:image:height\" content=\"500\" \/>\n\t<meta property=\"og:image:type\" content=\"image\/png\" \/>\n<meta name=\"twitter:card\" content=\"summary_large_image\" \/>\n<meta name=\"twitter:label1\" content=\"Prix\" \/>\n\t<meta name=\"twitter:data1\" content=\"&#036;7.90\" \/>\n\t<meta name=\"twitter:label2\" content=\"Disponibilit\u00e9\" \/>\n\t<meta name=\"twitter:data2\" content=\"En stock\" \/>\n<script type=\"application\/ld+json\" class=\"yoast-schema-graph\">{\"@context\":\"https:\/\/schema.org\",\"@graph\":[{\"@type\":\"WebPage\",\"@id\":\"https:\/\/arabpouches.com\/iceberg-cherry-apricot-gum-30-mg-pouch\/\",\"url\":\"https:\/\/arabpouches.com\/iceberg-cherry-apricot-gum-30-mg-pouch\/\",\"name\":\"ICEBERG Cherry Apricot Gum - Arab Pouches\",\"isPartOf\":{\"@id\":\"https:\/\/arabpouches.com\/#website\"},\"primaryImageOfPage\":{\"@id\":\"https:\/\/arabpouches.com\/iceberg-cherry-apricot-gum-30-mg-pouch\/#primaryimage\"},\"image\":{\"@id\":\"https:\/\/arabpouches.com\/iceberg-cherry-apricot-gum-30-mg-pouch\/#primaryimage\"},\"thumbnailUrl\":\"https:\/\/arabpouches.com\/wp-content\/uploads\/2025\/08\/1.png\",\"datePublished\":\"2025-07-31T17:06:00+00:00\",\"dateModified\":\"2025-09-17T02:22:19+00:00\",\"breadcrumb\":{\"@id\":\"https:\/\/arabpouches.com\/iceberg-cherry-apricot-gum-30-mg-pouch\/#breadcrumb\"},\"inLanguage\":\"fr-FR\",\"potentialAction\":[{\"@type\":\"ReadAction\",\"target\":[\"https:\/\/arabpouches.com\/iceberg-cherry-apricot-gum-30-mg-pouch\/\"]}]},{\"@type\":\"ImageObject\",\"inLanguage\":\"fr-FR\",\"@id\":\"https:\/\/arabpouches.com\/iceberg-cherry-apricot-gum-30-mg-pouch\/#primaryimage\",\"url\":\"https:\/\/arabpouches.com\/wp-content\/uploads\/2025\/08\/1.png\",\"contentUrl\":\"https:\/\/arabpouches.com\/wp-content\/uploads\/2025\/08\/1.png\",\"width\":500,\"height\":500},{\"@type\":\"BreadcrumbList\",\"@id\":\"https:\/\/arabpouches.com\/iceberg-cherry-apricot-gum-30-mg-pouch\/#breadcrumb\",\"itemListElement\":[{\"@type\":\"ListItem\",\"position\":1,\"name\":\"Home\",\"item\":\"https:\/\/arabpouches.com\/\"},{\"@type\":\"ListItem\",\"position\":2,\"name\":\"Shop\",\"item\":\"https:\/\/arabpouches.com\/shop\/\"},{\"@type\":\"ListItem\",\"position\":3,\"name\":\"ICEBERG Cherry Apricot Gum\"}]},{\"@type\":\"WebSite\",\"@id\":\"https:\/\/arabpouches.com\/#website\",\"url\":\"https:\/\/arabpouches.com\/\",\"name\":\"arabpouches.com\",\"description\":\"Nicotine Pouches Middle East\",\"publisher\":{\"@id\":\"https:\/\/arabpouches.com\/#organization\"},\"potentialAction\":[{\"@type\":\"SearchAction\",\"target\":{\"@type\":\"EntryPoint\",\"urlTemplate\":\"https:\/\/arabpouches.com\/?s={search_term_string}\"},\"query-input\":{\"@type\":\"PropertyValueSpecification\",\"valueRequired\":true,\"valueName\":\"search_term_string\"}}],\"inLanguage\":\"fr-FR\"},{\"@type\":\"Organization\",\"@id\":\"https:\/\/arabpouches.com\/#organization\",\"name\":\"Arab Pouches\",\"url\":\"https:\/\/arabpouches.com\/\",\"logo\":{\"@type\":\"ImageObject\",\"inLanguage\":\"fr-FR\",\"@id\":\"https:\/\/arabpouches.com\/#\/schema\/logo\/image\/\",\"url\":\"https:\/\/arabpouches.com\/wp-content\/uploads\/2025\/06\/cropped-Untitled-design-100.png\",\"contentUrl\":\"https:\/\/arabpouches.com\/wp-content\/uploads\/2025\/06\/cropped-Untitled-design-100.png\",\"width\":512,\"height\":512,\"caption\":\"Arab Pouches\"},\"image\":{\"@id\":\"https:\/\/arabpouches.com\/#\/schema\/logo\/image\/\"},\"hasMerchantReturnPolicy\":{\"@type\":\"MerchantReturnPolicy\",\"merchantReturnLink\":\"https:\/\/arabpouches.com\/fr\/politique-de-remboursement-et-de-retour\/\"}}]}<\/script>\n<meta property=\"product:brand\" content=\"ICEBERG\" \/>\n<meta property=\"product:price:amount\" content=\"7.90\" \/>\n<meta property=\"product:price:currency\" content=\"USD\" \/>\n<meta property=\"og:availability\" content=\"instock\" \/>\n<meta property=\"product:availability\" content=\"instock\" \/>\n<meta property=\"product:retailer_item_id\" content=\"ICE-CHERRY-30MG\" \/>\n<meta property=\"product:condition\" content=\"new\" \/>\n<!-- \/ Yoast SEO Premium plugin. -->","yoast_head_json":{"title":"ICEBERG Gomme \u00e0 la cerise et \u00e0 l'abricot - sachets arabes","robots":{"index":"index","follow":"follow","max-snippet":"max-snippet:-1","max-image-preview":"max-image-preview:large","max-video-preview":"max-video-preview:-1"},"canonical":"https:\/\/arabpouches.com\/fr\/iceberg-cherry-apricot-gum-30-mg-pouch\/","og_locale":"fr_FR","og_type":"article","og_title":"ICEBERG Cherry Apricot Gum","og_description":"ICEBERG Cherry Apricot Gum \u00e4r en tobaksfri nikotinp\u00e5se med en fruktig och s\u00f6t smak av k\u00f6rsb\u00e4r, aprikos och ett hint av tuggummi \u2013 en unik smakupplevelse som sticker ut. Med en kraftig nikotinhalt p\u00e5 50 mg\/g, vilket motsvarar 30 mg nikotin per p\u00e5se, passar den perfekt f\u00f6r erfarna anv\u00e4ndare som s\u00f6ker b\u00e5de smak och styrka i ett slimmat format. Dosan inneh\u00e5ller 20 slim-formatsp\u00e5sar och har en nettovikt p\u00e5 12 gram, vilket g\u00f6r den l\u00e4tt att b\u00e4ra med sig och anv\u00e4nda diskret n\u00e4r som helst. Produktinfo:  Typ: Nikotinp\u00e5se (tobaksfri)  Smak: Frukt (k\u00f6rsb\u00e4r\/aprikos\/tuggummi)  Format: Slim  Nikotin: 50 mg\/g (30 mg\/p\u00e5se)  Antal p\u00e5sar: 20  Nettovikt: 12 g","og_url":"https:\/\/arabpouches.com\/fr\/iceberg-cherry-apricot-gum-30-mg-pouch\/","og_site_name":"Arab Pouches","article_modified_time":"2025-09-17T02:22:19+00:00","og_image":[{"width":500,"height":500,"url":"https:\/\/arabpouches.com\/wp-content\/uploads\/2025\/08\/1.png","type":"image\/png"}],"twitter_card":"summary_large_image","twitter_misc":{"Prix":"&#36;7.90","Disponibilit\u00e9":"En stock"},"schema":{"@context":"https:\/\/schema.org","@graph":[{"@type":"WebPage","@id":"https:\/\/arabpouches.com\/iceberg-cherry-apricot-gum-30-mg-pouch\/","url":"https:\/\/arabpouches.com\/iceberg-cherry-apricot-gum-30-mg-pouch\/","name":"ICEBERG Gomme \u00e0 la cerise et \u00e0 l'abricot - sachets arabes","isPartOf":{"@id":"https:\/\/arabpouches.com\/#website"},"primaryImageOfPage":{"@id":"https:\/\/arabpouches.com\/iceberg-cherry-apricot-gum-30-mg-pouch\/#primaryimage"},"image":{"@id":"https:\/\/arabpouches.com\/iceberg-cherry-apricot-gum-30-mg-pouch\/#primaryimage"},"thumbnailUrl":"https:\/\/arabpouches.com\/wp-content\/uploads\/2025\/08\/1.png","datePublished":"2025-07-31T17:06:00+00:00","dateModified":"2025-09-17T02:22:19+00:00","breadcrumb":{"@id":"https:\/\/arabpouches.com\/iceberg-cherry-apricot-gum-30-mg-pouch\/#breadcrumb"},"inLanguage":"fr-FR","potentialAction":[{"@type":"ReadAction","target":["https:\/\/arabpouches.com\/iceberg-cherry-apricot-gum-30-mg-pouch\/"]}]},{"@type":"ImageObject","inLanguage":"fr-FR","@id":"https:\/\/arabpouches.com\/iceberg-cherry-apricot-gum-30-mg-pouch\/#primaryimage","url":"https:\/\/arabpouches.com\/wp-content\/uploads\/2025\/08\/1.png","contentUrl":"https:\/\/arabpouches.com\/wp-content\/uploads\/2025\/08\/1.png","width":500,"height":500},{"@type":"BreadcrumbList","@id":"https:\/\/arabpouches.com\/iceberg-cherry-apricot-gum-30-mg-pouch\/#breadcrumb","itemListElement":[{"@type":"ListItem","position":1,"name":"Home","item":"https:\/\/arabpouches.com\/"},{"@type":"ListItem","position":2,"name":"Shop","item":"https:\/\/arabpouches.com\/shop\/"},{"@type":"ListItem","position":3,"name":"ICEBERG Cherry Apricot Gum"}]},{"@type":"WebSite","@id":"https:\/\/arabpouches.com\/#website","url":"https:\/\/arabpouches.com\/","name":"arabpouches.com","description":"Sachets de nicotine Moyen-Orient","publisher":{"@id":"https:\/\/arabpouches.com\/#organization"},"potentialAction":[{"@type":"SearchAction","target":{"@type":"EntryPoint","urlTemplate":"https:\/\/arabpouches.com\/?s={search_term_string}"},"query-input":{"@type":"PropertyValueSpecification","valueRequired":true,"valueName":"search_term_string"}}],"inLanguage":"fr-FR"},{"@type":"Organization","@id":"https:\/\/arabpouches.com\/#organization","name":"Pochettes arabes","url":"https:\/\/arabpouches.com\/","logo":{"@type":"ImageObject","inLanguage":"fr-FR","@id":"https:\/\/arabpouches.com\/#\/schema\/logo\/image\/","url":"https:\/\/arabpouches.com\/wp-content\/uploads\/2025\/06\/cropped-Untitled-design-100.png","contentUrl":"https:\/\/arabpouches.com\/wp-content\/uploads\/2025\/06\/cropped-Untitled-design-100.png","width":512,"height":512,"caption":"Arab Pouches"},"image":{"@id":"https:\/\/arabpouches.com\/#\/schema\/logo\/image\/"},"hasMerchantReturnPolicy":{"@type":"MerchantReturnPolicy","merchantReturnLink":"https:\/\/arabpouches.com\/fr\/politique-de-remboursement-et-de-retour\/"}}]},"product_brand":"ICEBERG","product_price_amount":"7.90","product_price_currency":"USD","og_availability":"instock","product_availability":"instock","product_retailer_item_id":"ICE-CHERRY-30MG","product_condition":"new"},"_links":{"self":[{"href":"https:\/\/arabpouches.com\/fr\/wp-json\/wp\/v2\/product\/1462","targetHints":{"allow":["GET"]}}],"collection":[{"href":"https:\/\/arabpouches.com\/fr\/wp-json\/wp\/v2\/product"}],"about":[{"href":"https:\/\/arabpouches.com\/fr\/wp-json\/wp\/v2\/types\/product"}],"wp:featuredmedia":[{"embeddable":true,"href":"https:\/\/arabpouches.com\/fr\/wp-json\/wp\/v2\/media\/1548"}],"wp:attachment":[{"href":"https:\/\/arabpouches.com\/fr\/wp-json\/wp\/v2\/media?parent=1462"}],"wp:term":[{"taxonomy":"product_brand","embeddable":true,"href":"https:\/\/arabpouches.com\/fr\/wp-json\/wp\/v2\/product_brand?post=1462"},{"taxonomy":"product_cat","embeddable":true,"href":"https:\/\/arabpouches.com\/fr\/wp-json\/wp\/v2\/product_cat?post=1462"},{"taxonomy":"product_tag","embeddable":true,"href":"https:\/\/arabpouches.com\/fr\/wp-json\/wp\/v2\/product_tag?post=1462"}],"curies":[{"name":"wp","href":"https:\/\/api.w.org\/{rel}","templated":true}]}}