{"id":1460,"date":"2025-07-31T17:06:00","date_gmt":"2025-07-31T17:06:00","guid":{"rendered":"https:\/\/arabpouches.com\/kelly-white-hot-cherry-mini-6-5-mg-pouch\/"},"modified":"2025-09-17T02:18:06","modified_gmt":"2025-09-17T02:18:06","slug":"kelly-white-hot-cherry-mini-6-5-mg-pouch","status":"publish","type":"product","link":"https:\/\/arabpouches.com\/fr\/kelly-white-hot-cherry-mini-6-5-mg-pouch\/","title":{"rendered":"Kelly White Hot Cherry Mini"},"content":{"rendered":"<p>Kelly White Hot Cherry est un sachet de nicotine sans tabac qui offre une combinaison excitante de saveur de cerise sucr\u00e9e et de fra\u00eecheur chaude et menthol\u00e9e. Le profil de saveur unique fait de chaque utilisation une exp\u00e9rience savoureuse et revigorante. Avec une teneur en nicotine de 15 mg\/g et 7,5 mg de nicotine par sachet, il est id\u00e9al pour ceux qui recherchent une force mod\u00e9r\u00e9e avec un caract\u00e8re clair.<\/p>\n<p>Chaque bo\u00eete contient 20 sachets minces d'un poids net de 10 grammes, ce qui permet une utilisation facile et discr\u00e8te o\u00f9 que vous soyez.<\/p>\n<p>Informations sur le produit :<\/p>\n<p>Type : Sachet de nicotine (sans tabac)<\/p>\n<p>Saveur : Menthe (avec cerise)<\/p>\n<p>Format : Mini<\/p>\n<p>Nicotine : 15 mg\/g (6,5 mg\/pochette)<\/p>\n<p>Nombre de sachets : 20<\/p>\n<p>Poids net : 10 g<\/p>","protected":false},"excerpt":{"rendered":"<p>Kelly White Hot Cherry est un sachet de nicotine sans tabac qui offre une combinaison excitante de saveur de cerise sucr\u00e9e et de fra\u00eecheur chaude et menthol\u00e9e. Le profil de saveur unique fait de chaque utilisation une exp\u00e9rience savoureuse et revigorante. Avec une teneur en nicotine de 15 mg\/g et 7,5 mg de nicotine par sachet, il est id\u00e9al pour ceux qui recherchent une force mod\u00e9r\u00e9e avec un caract\u00e8re clair.<\/p>\n<p>Chaque bo\u00eete contient 20 sachets minces d'un poids net de 10 grammes, ce qui permet une utilisation facile et discr\u00e8te o\u00f9 que vous soyez.<\/p>\n<p>Informations sur le produit :<\/p>\n<p>Type : Sachet de nicotine (sans tabac)<\/p>\n<p>Saveur : Menthe (avec cerise)<\/p>\n<p>Format : Mini<\/p>\n<p>Nicotine : 15 mg\/g (6,5 mg\/pochette)<\/p>\n<p>Nombre de sachets : 20<\/p>\n<p>Poids net : 10 g<\/p>","protected":false},"featured_media":1533,"template":"","meta":[],"product_brand":[270],"product_cat":[125],"product_tag":[170],"class_list":{"0":"post-1460","1":"product","2":"type-product","3":"status-publish","4":"has-post-thumbnail","6":"product_brand-kelly-white","7":"product_cat-kelly-white","8":"product_tag-regular-6-12mg","10":"first","11":"instock","12":"sale","13":"shipping-taxable","14":"purchasable","15":"product-type-simple"},"yoast_head":"<!-- This site is optimized with the Yoast SEO Premium plugin v25.9 (Yoast SEO v26.0) - https:\/\/yoast.com\/wordpress\/plugins\/seo\/ -->\n<title>Kelly White Hot Cherry Mini - Arab Pouches<\/title>\n<meta name=\"robots\" content=\"index, follow, max-snippet:-1, max-image-preview:large, max-video-preview:-1\" \/>\n<link rel=\"canonical\" href=\"https:\/\/arabpouches.com\/fr\/kelly-white-hot-cherry-mini-6-5-mg-pouch\/\" \/>\n<meta property=\"og:locale\" content=\"fr_FR\" \/>\n<meta property=\"og:type\" content=\"article\" \/>\n<meta property=\"og:title\" content=\"Kelly White Hot Cherry Mini\" \/>\n<meta property=\"og:description\" content=\"Kelly White Hot Cherry is a tobacco-free nicotine pouch that offers an exciting combination of sweet cherry flavor and hot, minty freshness. The unique flavor profile makes each use a tasty and invigorating experience. With a nicotine content of 15 mg\/g and 7.5 mg nicotine per pouch, it is ideal for those who want moderate strength with a clear character. Each box contains 20 slim-format pouches with a net weight of 10 grams, making it easy and discreet to use wherever you are. Product info: Type: Nicotine pouch (tobacco-free) Flavor: Mint (with cherry) Format: Mini Nicotine: 15 mg\/g (6.5 mg\/pouch) Number of pouches: 20 Net weight: 10 g\" \/>\n<meta property=\"og:url\" content=\"https:\/\/arabpouches.com\/fr\/kelly-white-hot-cherry-mini-6-5-mg-pouch\/\" \/>\n<meta property=\"og:site_name\" content=\"Arab Pouches\" \/>\n<meta property=\"article:modified_time\" content=\"2025-09-17T02:18:06+00:00\" \/>\n<meta property=\"og:image\" content=\"https:\/\/arabpouches.com\/wp-content\/uploads\/2025\/08\/Skarmavbild_2025-05-02_kl._12.17.37.png\" \/>\n\t<meta property=\"og:image:width\" content=\"495\" \/>\n\t<meta property=\"og:image:height\" content=\"504\" \/>\n\t<meta property=\"og:image:type\" content=\"image\/png\" \/>\n<meta name=\"twitter:card\" content=\"summary_large_image\" \/>\n<meta name=\"twitter:label1\" content=\"Prix\" \/>\n\t<meta name=\"twitter:data1\" content=\"&#036;7.90\" \/>\n\t<meta name=\"twitter:label2\" content=\"Disponibilit\u00e9\" \/>\n\t<meta name=\"twitter:data2\" content=\"En stock\" \/>\n<script type=\"application\/ld+json\" class=\"yoast-schema-graph\">{\"@context\":\"https:\/\/schema.org\",\"@graph\":[{\"@type\":\"WebPage\",\"@id\":\"https:\/\/arabpouches.com\/kelly-white-hot-cherry-mini-6-5-mg-pouch\/\",\"url\":\"https:\/\/arabpouches.com\/kelly-white-hot-cherry-mini-6-5-mg-pouch\/\",\"name\":\"Kelly White Hot Cherry Mini - Arab Pouches\",\"isPartOf\":{\"@id\":\"https:\/\/arabpouches.com\/#website\"},\"primaryImageOfPage\":{\"@id\":\"https:\/\/arabpouches.com\/kelly-white-hot-cherry-mini-6-5-mg-pouch\/#primaryimage\"},\"image\":{\"@id\":\"https:\/\/arabpouches.com\/kelly-white-hot-cherry-mini-6-5-mg-pouch\/#primaryimage\"},\"thumbnailUrl\":\"https:\/\/arabpouches.com\/wp-content\/uploads\/2025\/08\/Skarmavbild_2025-05-02_kl._12.17.37.png\",\"datePublished\":\"2025-07-31T17:06:00+00:00\",\"dateModified\":\"2025-09-17T02:18:06+00:00\",\"breadcrumb\":{\"@id\":\"https:\/\/arabpouches.com\/kelly-white-hot-cherry-mini-6-5-mg-pouch\/#breadcrumb\"},\"inLanguage\":\"fr-FR\",\"potentialAction\":[{\"@type\":\"ReadAction\",\"target\":[\"https:\/\/arabpouches.com\/kelly-white-hot-cherry-mini-6-5-mg-pouch\/\"]}]},{\"@type\":\"ImageObject\",\"inLanguage\":\"fr-FR\",\"@id\":\"https:\/\/arabpouches.com\/kelly-white-hot-cherry-mini-6-5-mg-pouch\/#primaryimage\",\"url\":\"https:\/\/arabpouches.com\/wp-content\/uploads\/2025\/08\/Skarmavbild_2025-05-02_kl._12.17.37.png\",\"contentUrl\":\"https:\/\/arabpouches.com\/wp-content\/uploads\/2025\/08\/Skarmavbild_2025-05-02_kl._12.17.37.png\",\"width\":495,\"height\":504},{\"@type\":\"BreadcrumbList\",\"@id\":\"https:\/\/arabpouches.com\/kelly-white-hot-cherry-mini-6-5-mg-pouch\/#breadcrumb\",\"itemListElement\":[{\"@type\":\"ListItem\",\"position\":1,\"name\":\"Home\",\"item\":\"https:\/\/arabpouches.com\/\"},{\"@type\":\"ListItem\",\"position\":2,\"name\":\"Shop\",\"item\":\"https:\/\/arabpouches.com\/shop\/\"},{\"@type\":\"ListItem\",\"position\":3,\"name\":\"Kelly White Hot Cherry Mini\"}]},{\"@type\":\"WebSite\",\"@id\":\"https:\/\/arabpouches.com\/#website\",\"url\":\"https:\/\/arabpouches.com\/\",\"name\":\"arabpouches.com\",\"description\":\"Nicotine Pouches Middle East\",\"publisher\":{\"@id\":\"https:\/\/arabpouches.com\/#organization\"},\"potentialAction\":[{\"@type\":\"SearchAction\",\"target\":{\"@type\":\"EntryPoint\",\"urlTemplate\":\"https:\/\/arabpouches.com\/?s={search_term_string}\"},\"query-input\":{\"@type\":\"PropertyValueSpecification\",\"valueRequired\":true,\"valueName\":\"search_term_string\"}}],\"inLanguage\":\"fr-FR\"},{\"@type\":\"Organization\",\"@id\":\"https:\/\/arabpouches.com\/#organization\",\"name\":\"Arab Pouches\",\"url\":\"https:\/\/arabpouches.com\/\",\"logo\":{\"@type\":\"ImageObject\",\"inLanguage\":\"fr-FR\",\"@id\":\"https:\/\/arabpouches.com\/#\/schema\/logo\/image\/\",\"url\":\"https:\/\/arabpouches.com\/wp-content\/uploads\/2025\/06\/cropped-Untitled-design-100.png\",\"contentUrl\":\"https:\/\/arabpouches.com\/wp-content\/uploads\/2025\/06\/cropped-Untitled-design-100.png\",\"width\":512,\"height\":512,\"caption\":\"Arab Pouches\"},\"image\":{\"@id\":\"https:\/\/arabpouches.com\/#\/schema\/logo\/image\/\"},\"hasMerchantReturnPolicy\":{\"@type\":\"MerchantReturnPolicy\",\"merchantReturnLink\":\"https:\/\/arabpouches.com\/fr\/politique-de-remboursement-et-de-retour\/\"}}]}<\/script>\n<meta property=\"product:brand\" content=\"KELLY WHITE\" \/>\n<meta property=\"product:price:amount\" content=\"7.90\" \/>\n<meta property=\"product:price:currency\" content=\"USD\" \/>\n<meta property=\"og:availability\" content=\"instock\" \/>\n<meta property=\"product:availability\" content=\"instock\" \/>\n<meta property=\"product:retailer_item_id\" content=\"KELLY-CHE-7.5MG\" \/>\n<meta property=\"product:condition\" content=\"new\" \/>\n<!-- \/ Yoast SEO Premium plugin. -->","yoast_head_json":{"title":"Kelly White Hot Cherry Mini - Pochettes arabes","robots":{"index":"index","follow":"follow","max-snippet":"max-snippet:-1","max-image-preview":"max-image-preview:large","max-video-preview":"max-video-preview:-1"},"canonical":"https:\/\/arabpouches.com\/fr\/kelly-white-hot-cherry-mini-6-5-mg-pouch\/","og_locale":"fr_FR","og_type":"article","og_title":"Kelly White Hot Cherry Mini","og_description":"Kelly White Hot Cherry is a tobacco-free nicotine pouch that offers an exciting combination of sweet cherry flavor and hot, minty freshness. The unique flavor profile makes each use a tasty and invigorating experience. With a nicotine content of 15 mg\/g and 7.5 mg nicotine per pouch, it is ideal for those who want moderate strength with a clear character. Each box contains 20 slim-format pouches with a net weight of 10 grams, making it easy and discreet to use wherever you are. Product info: Type: Nicotine pouch (tobacco-free) Flavor: Mint (with cherry) Format: Mini Nicotine: 15 mg\/g (6.5 mg\/pouch) Number of pouches: 20 Net weight: 10 g","og_url":"https:\/\/arabpouches.com\/fr\/kelly-white-hot-cherry-mini-6-5-mg-pouch\/","og_site_name":"Arab Pouches","article_modified_time":"2025-09-17T02:18:06+00:00","og_image":[{"width":495,"height":504,"url":"https:\/\/arabpouches.com\/wp-content\/uploads\/2025\/08\/Skarmavbild_2025-05-02_kl._12.17.37.png","type":"image\/png"}],"twitter_card":"summary_large_image","twitter_misc":{"Prix":"&#36;7.90","Disponibilit\u00e9":"En stock"},"schema":{"@context":"https:\/\/schema.org","@graph":[{"@type":"WebPage","@id":"https:\/\/arabpouches.com\/kelly-white-hot-cherry-mini-6-5-mg-pouch\/","url":"https:\/\/arabpouches.com\/kelly-white-hot-cherry-mini-6-5-mg-pouch\/","name":"Kelly White Hot Cherry Mini - Pochettes arabes","isPartOf":{"@id":"https:\/\/arabpouches.com\/#website"},"primaryImageOfPage":{"@id":"https:\/\/arabpouches.com\/kelly-white-hot-cherry-mini-6-5-mg-pouch\/#primaryimage"},"image":{"@id":"https:\/\/arabpouches.com\/kelly-white-hot-cherry-mini-6-5-mg-pouch\/#primaryimage"},"thumbnailUrl":"https:\/\/arabpouches.com\/wp-content\/uploads\/2025\/08\/Skarmavbild_2025-05-02_kl._12.17.37.png","datePublished":"2025-07-31T17:06:00+00:00","dateModified":"2025-09-17T02:18:06+00:00","breadcrumb":{"@id":"https:\/\/arabpouches.com\/kelly-white-hot-cherry-mini-6-5-mg-pouch\/#breadcrumb"},"inLanguage":"fr-FR","potentialAction":[{"@type":"ReadAction","target":["https:\/\/arabpouches.com\/kelly-white-hot-cherry-mini-6-5-mg-pouch\/"]}]},{"@type":"ImageObject","inLanguage":"fr-FR","@id":"https:\/\/arabpouches.com\/kelly-white-hot-cherry-mini-6-5-mg-pouch\/#primaryimage","url":"https:\/\/arabpouches.com\/wp-content\/uploads\/2025\/08\/Skarmavbild_2025-05-02_kl._12.17.37.png","contentUrl":"https:\/\/arabpouches.com\/wp-content\/uploads\/2025\/08\/Skarmavbild_2025-05-02_kl._12.17.37.png","width":495,"height":504},{"@type":"BreadcrumbList","@id":"https:\/\/arabpouches.com\/kelly-white-hot-cherry-mini-6-5-mg-pouch\/#breadcrumb","itemListElement":[{"@type":"ListItem","position":1,"name":"Home","item":"https:\/\/arabpouches.com\/"},{"@type":"ListItem","position":2,"name":"Shop","item":"https:\/\/arabpouches.com\/shop\/"},{"@type":"ListItem","position":3,"name":"Kelly White Hot Cherry Mini"}]},{"@type":"WebSite","@id":"https:\/\/arabpouches.com\/#website","url":"https:\/\/arabpouches.com\/","name":"arabpouches.com","description":"Sachets de nicotine Moyen-Orient","publisher":{"@id":"https:\/\/arabpouches.com\/#organization"},"potentialAction":[{"@type":"SearchAction","target":{"@type":"EntryPoint","urlTemplate":"https:\/\/arabpouches.com\/?s={search_term_string}"},"query-input":{"@type":"PropertyValueSpecification","valueRequired":true,"valueName":"search_term_string"}}],"inLanguage":"fr-FR"},{"@type":"Organization","@id":"https:\/\/arabpouches.com\/#organization","name":"Pochettes arabes","url":"https:\/\/arabpouches.com\/","logo":{"@type":"ImageObject","inLanguage":"fr-FR","@id":"https:\/\/arabpouches.com\/#\/schema\/logo\/image\/","url":"https:\/\/arabpouches.com\/wp-content\/uploads\/2025\/06\/cropped-Untitled-design-100.png","contentUrl":"https:\/\/arabpouches.com\/wp-content\/uploads\/2025\/06\/cropped-Untitled-design-100.png","width":512,"height":512,"caption":"Arab Pouches"},"image":{"@id":"https:\/\/arabpouches.com\/#\/schema\/logo\/image\/"},"hasMerchantReturnPolicy":{"@type":"MerchantReturnPolicy","merchantReturnLink":"https:\/\/arabpouches.com\/fr\/politique-de-remboursement-et-de-retour\/"}}]},"product_brand":"KELLY WHITE","product_price_amount":"7.90","product_price_currency":"USD","og_availability":"instock","product_availability":"instock","product_retailer_item_id":"KELLY-CHE-7.5MG","product_condition":"new"},"_links":{"self":[{"href":"https:\/\/arabpouches.com\/fr\/wp-json\/wp\/v2\/product\/1460","targetHints":{"allow":["GET"]}}],"collection":[{"href":"https:\/\/arabpouches.com\/fr\/wp-json\/wp\/v2\/product"}],"about":[{"href":"https:\/\/arabpouches.com\/fr\/wp-json\/wp\/v2\/types\/product"}],"wp:featuredmedia":[{"embeddable":true,"href":"https:\/\/arabpouches.com\/fr\/wp-json\/wp\/v2\/media\/1533"}],"wp:attachment":[{"href":"https:\/\/arabpouches.com\/fr\/wp-json\/wp\/v2\/media?parent=1460"}],"wp:term":[{"taxonomy":"product_brand","embeddable":true,"href":"https:\/\/arabpouches.com\/fr\/wp-json\/wp\/v2\/product_brand?post=1460"},{"taxonomy":"product_cat","embeddable":true,"href":"https:\/\/arabpouches.com\/fr\/wp-json\/wp\/v2\/product_cat?post=1460"},{"taxonomy":"product_tag","embeddable":true,"href":"https:\/\/arabpouches.com\/fr\/wp-json\/wp\/v2\/product_tag?post=1460"}],"curies":[{"name":"wp","href":"https:\/\/api.w.org\/{rel}","templated":true}]}}