{"id":1453,"date":"2025-07-31T17:06:00","date_gmt":"2025-07-31T17:06:00","guid":{"rendered":"https:\/\/arabpouches.com\/kelly-white-sweet-peach-strong-6-mg-pouch\/"},"modified":"2025-09-17T02:29:18","modified_gmt":"2025-09-17T02:29:18","slug":"kelly-white-sweet-peach-strong-6-mg-pouch","status":"publish","type":"product","link":"https:\/\/arabpouches.com\/fr\/kelly-white-sweet-peach-strong-6-mg-pouch\/","title":{"rendered":"Kelly White Sweet Peach Strong"},"content":{"rendered":"<p>Kelly White Sweet Peach Strong est un sachet de nicotine sans tabac en format mini avec un go\u00fbt riche et sucr\u00e9 de p\u00eache m\u00fbrie au soleil. La douceur du fruit est associ\u00e9e \u00e0 un taux de nicotine am\u00e9lior\u00e9 de 15 mg\/g, ce qui correspond \u00e0 6 mg de nicotine par sachet - parfait pour ceux qui recherchent une exp\u00e9rience nicotinique petite mais puissante, avec beaucoup de saveur.<\/p>\n<p>Avec 20 mini-pochettes discr\u00e8tes et un poids net de 8 grammes, cette bo\u00eete est \u00e0 la fois pratique et \u00e9l\u00e9gante - facile \u00e0 emporter et \u00e0 utiliser \u00e0 tout moment.<\/p>\n<p>Informations sur le produit :<\/p>\n<p>Type : Sachet de nicotine (sans tabac)<\/p>\n<p>Saveur : Fruit (p\u00eache)<\/p>\n<p>Format : Mini<\/p>\n<p>Nicotine : 15 mg\/g (6 mg\/pochette)<\/p>\n<p>Nombre de sachets : 20<\/p>\n<p>Poids net : 8 g<\/p>","protected":false},"excerpt":{"rendered":"<p>Kelly White Sweet Peach Strong est un sachet de nicotine sans tabac en format mini avec un go\u00fbt riche et sucr\u00e9 de p\u00eache m\u00fbrie au soleil. La douceur du fruit est associ\u00e9e \u00e0 un taux de nicotine am\u00e9lior\u00e9 de 15 mg\/g, ce qui correspond \u00e0 6 mg de nicotine par sachet - parfait pour ceux qui recherchent une exp\u00e9rience nicotinique petite mais puissante, avec beaucoup de saveur.<\/p>\n<p>Avec 20 mini-pochettes discr\u00e8tes et un poids net de 8 grammes, cette bo\u00eete est \u00e0 la fois pratique et \u00e9l\u00e9gante - facile \u00e0 emporter et \u00e0 utiliser \u00e0 tout moment.<\/p>\n<p>Informations sur le produit :<\/p>\n<p>Type : Sachet de nicotine (sans tabac)<\/p>\n<p>Saveur : Fruit (p\u00eache)<\/p>\n<p>Format : Mini<\/p>\n<p>Nicotine : 15 mg\/g (6 mg\/pochette)<\/p>\n<p>Nombre de sachets : 20<\/p>\n<p>Poids net : 8 g<\/p>","protected":false},"featured_media":1541,"template":"","meta":[],"product_brand":[270],"product_cat":[125],"product_tag":[169],"class_list":{"0":"post-1453","1":"product","2":"type-product","3":"status-publish","4":"has-post-thumbnail","6":"product_brand-kelly-white","7":"product_cat-kelly-white","8":"product_tag-light-1-6mg","10":"first","11":"instock","12":"sale","13":"shipping-taxable","14":"purchasable","15":"product-type-simple"},"yoast_head":"<!-- This site is optimized with the Yoast SEO Premium plugin v25.9 (Yoast SEO v26.0) - https:\/\/yoast.com\/wordpress\/plugins\/seo\/ -->\n<title>Kelly White Sweet Peach Strong - Arab Pouches<\/title>\n<meta name=\"robots\" content=\"index, follow, max-snippet:-1, max-image-preview:large, max-video-preview:-1\" \/>\n<link rel=\"canonical\" href=\"https:\/\/arabpouches.com\/fr\/kelly-white-sweet-peach-strong-6-mg-pouch\/\" \/>\n<meta property=\"og:locale\" content=\"fr_FR\" \/>\n<meta property=\"og:type\" content=\"article\" \/>\n<meta property=\"og:title\" content=\"Kelly White Sweet Peach Strong\" \/>\n<meta property=\"og:description\" content=\"Kelly White Sweet Peach Strong is a tobacco-free nicotine pouch in mini format with a rich and sweet taste of sun-ripened peach. The smooth fruitiness is combined with an enhanced nicotine strength of 15 mg\/g, which corresponds to 6 mg of nicotine per pouch - perfect for those looking for a small but powerful nicotine experience with lots of flavor. With 20 discreet mini pouches and a net weight of 8 grams, this box is both convenient and elegant - easy to take with you and use anytime. Product info: Type: Nicotine pouch (tobacco-free) Flavor: Fruit (peach) Format: Mini Nicotine: 15 mg\/g (6 mg\/pouch) Number of pouches: 20 Net weight: 8 g\" \/>\n<meta property=\"og:url\" content=\"https:\/\/arabpouches.com\/fr\/kelly-white-sweet-peach-strong-6-mg-pouch\/\" \/>\n<meta property=\"og:site_name\" content=\"Arab Pouches\" \/>\n<meta property=\"article:modified_time\" content=\"2025-09-17T02:29:18+00:00\" \/>\n<meta property=\"og:image\" content=\"https:\/\/arabpouches.com\/wp-content\/uploads\/2025\/08\/Skarmavbild2025-05-02kl.15.07.40.png\" \/>\n\t<meta property=\"og:image:width\" content=\"492\" \/>\n\t<meta property=\"og:image:height\" content=\"507\" \/>\n\t<meta property=\"og:image:type\" content=\"image\/png\" \/>\n<meta name=\"twitter:card\" content=\"summary_large_image\" \/>\n<meta name=\"twitter:label1\" content=\"Prix\" \/>\n\t<meta name=\"twitter:data1\" content=\"&#036;7.90\" \/>\n\t<meta name=\"twitter:label2\" content=\"Disponibilit\u00e9\" \/>\n\t<meta name=\"twitter:data2\" content=\"En stock\" \/>\n<script type=\"application\/ld+json\" class=\"yoast-schema-graph\">{\"@context\":\"https:\/\/schema.org\",\"@graph\":[{\"@type\":\"WebPage\",\"@id\":\"https:\/\/arabpouches.com\/kelly-white-sweet-peach-strong-6-mg-pouch\/\",\"url\":\"https:\/\/arabpouches.com\/kelly-white-sweet-peach-strong-6-mg-pouch\/\",\"name\":\"Kelly White Sweet Peach Strong - Arab Pouches\",\"isPartOf\":{\"@id\":\"https:\/\/arabpouches.com\/#website\"},\"primaryImageOfPage\":{\"@id\":\"https:\/\/arabpouches.com\/kelly-white-sweet-peach-strong-6-mg-pouch\/#primaryimage\"},\"image\":{\"@id\":\"https:\/\/arabpouches.com\/kelly-white-sweet-peach-strong-6-mg-pouch\/#primaryimage\"},\"thumbnailUrl\":\"https:\/\/arabpouches.com\/wp-content\/uploads\/2025\/08\/Skarmavbild2025-05-02kl.15.07.40.png\",\"datePublished\":\"2025-07-31T17:06:00+00:00\",\"dateModified\":\"2025-09-17T02:29:18+00:00\",\"breadcrumb\":{\"@id\":\"https:\/\/arabpouches.com\/kelly-white-sweet-peach-strong-6-mg-pouch\/#breadcrumb\"},\"inLanguage\":\"fr-FR\",\"potentialAction\":[{\"@type\":\"ReadAction\",\"target\":[\"https:\/\/arabpouches.com\/kelly-white-sweet-peach-strong-6-mg-pouch\/\"]}]},{\"@type\":\"ImageObject\",\"inLanguage\":\"fr-FR\",\"@id\":\"https:\/\/arabpouches.com\/kelly-white-sweet-peach-strong-6-mg-pouch\/#primaryimage\",\"url\":\"https:\/\/arabpouches.com\/wp-content\/uploads\/2025\/08\/Skarmavbild2025-05-02kl.15.07.40.png\",\"contentUrl\":\"https:\/\/arabpouches.com\/wp-content\/uploads\/2025\/08\/Skarmavbild2025-05-02kl.15.07.40.png\",\"width\":492,\"height\":507},{\"@type\":\"BreadcrumbList\",\"@id\":\"https:\/\/arabpouches.com\/kelly-white-sweet-peach-strong-6-mg-pouch\/#breadcrumb\",\"itemListElement\":[{\"@type\":\"ListItem\",\"position\":1,\"name\":\"Home\",\"item\":\"https:\/\/arabpouches.com\/\"},{\"@type\":\"ListItem\",\"position\":2,\"name\":\"Shop\",\"item\":\"https:\/\/arabpouches.com\/shop\/\"},{\"@type\":\"ListItem\",\"position\":3,\"name\":\"Kelly White Sweet Peach Strong\"}]},{\"@type\":\"WebSite\",\"@id\":\"https:\/\/arabpouches.com\/#website\",\"url\":\"https:\/\/arabpouches.com\/\",\"name\":\"arabpouches.com\",\"description\":\"Nicotine Pouches Middle East\",\"publisher\":{\"@id\":\"https:\/\/arabpouches.com\/#organization\"},\"potentialAction\":[{\"@type\":\"SearchAction\",\"target\":{\"@type\":\"EntryPoint\",\"urlTemplate\":\"https:\/\/arabpouches.com\/?s={search_term_string}\"},\"query-input\":{\"@type\":\"PropertyValueSpecification\",\"valueRequired\":true,\"valueName\":\"search_term_string\"}}],\"inLanguage\":\"fr-FR\"},{\"@type\":\"Organization\",\"@id\":\"https:\/\/arabpouches.com\/#organization\",\"name\":\"Arab Pouches\",\"url\":\"https:\/\/arabpouches.com\/\",\"logo\":{\"@type\":\"ImageObject\",\"inLanguage\":\"fr-FR\",\"@id\":\"https:\/\/arabpouches.com\/#\/schema\/logo\/image\/\",\"url\":\"https:\/\/arabpouches.com\/wp-content\/uploads\/2025\/06\/cropped-Untitled-design-100.png\",\"contentUrl\":\"https:\/\/arabpouches.com\/wp-content\/uploads\/2025\/06\/cropped-Untitled-design-100.png\",\"width\":512,\"height\":512,\"caption\":\"Arab Pouches\"},\"image\":{\"@id\":\"https:\/\/arabpouches.com\/#\/schema\/logo\/image\/\"},\"hasMerchantReturnPolicy\":{\"@type\":\"MerchantReturnPolicy\",\"merchantReturnLink\":\"https:\/\/arabpouches.com\/fr\/politique-de-remboursement-et-de-retour\/\"}}]}<\/script>\n<meta property=\"product:brand\" content=\"KELLY WHITE\" \/>\n<meta property=\"product:price:amount\" content=\"7.90\" \/>\n<meta property=\"product:price:currency\" content=\"USD\" \/>\n<meta property=\"og:availability\" content=\"instock\" \/>\n<meta property=\"product:availability\" content=\"instock\" \/>\n<meta property=\"product:retailer_item_id\" content=\"KELLY-PEA-6MG\" \/>\n<meta property=\"product:condition\" content=\"new\" \/>\n<!-- \/ Yoast SEO Premium plugin. -->","yoast_head_json":{"title":"Kelly White Sweet Peach Strong - Sachets arabes","robots":{"index":"index","follow":"follow","max-snippet":"max-snippet:-1","max-image-preview":"max-image-preview:large","max-video-preview":"max-video-preview:-1"},"canonical":"https:\/\/arabpouches.com\/fr\/kelly-white-sweet-peach-strong-6-mg-pouch\/","og_locale":"fr_FR","og_type":"article","og_title":"Kelly White Sweet Peach Strong","og_description":"Kelly White Sweet Peach Strong is a tobacco-free nicotine pouch in mini format with a rich and sweet taste of sun-ripened peach. The smooth fruitiness is combined with an enhanced nicotine strength of 15 mg\/g, which corresponds to 6 mg of nicotine per pouch - perfect for those looking for a small but powerful nicotine experience with lots of flavor. With 20 discreet mini pouches and a net weight of 8 grams, this box is both convenient and elegant - easy to take with you and use anytime. Product info: Type: Nicotine pouch (tobacco-free) Flavor: Fruit (peach) Format: Mini Nicotine: 15 mg\/g (6 mg\/pouch) Number of pouches: 20 Net weight: 8 g","og_url":"https:\/\/arabpouches.com\/fr\/kelly-white-sweet-peach-strong-6-mg-pouch\/","og_site_name":"Arab Pouches","article_modified_time":"2025-09-17T02:29:18+00:00","og_image":[{"width":492,"height":507,"url":"https:\/\/arabpouches.com\/wp-content\/uploads\/2025\/08\/Skarmavbild2025-05-02kl.15.07.40.png","type":"image\/png"}],"twitter_card":"summary_large_image","twitter_misc":{"Prix":"&#36;7.90","Disponibilit\u00e9":"En stock"},"schema":{"@context":"https:\/\/schema.org","@graph":[{"@type":"WebPage","@id":"https:\/\/arabpouches.com\/kelly-white-sweet-peach-strong-6-mg-pouch\/","url":"https:\/\/arabpouches.com\/kelly-white-sweet-peach-strong-6-mg-pouch\/","name":"Kelly White Sweet Peach Strong - Sachets arabes","isPartOf":{"@id":"https:\/\/arabpouches.com\/#website"},"primaryImageOfPage":{"@id":"https:\/\/arabpouches.com\/kelly-white-sweet-peach-strong-6-mg-pouch\/#primaryimage"},"image":{"@id":"https:\/\/arabpouches.com\/kelly-white-sweet-peach-strong-6-mg-pouch\/#primaryimage"},"thumbnailUrl":"https:\/\/arabpouches.com\/wp-content\/uploads\/2025\/08\/Skarmavbild2025-05-02kl.15.07.40.png","datePublished":"2025-07-31T17:06:00+00:00","dateModified":"2025-09-17T02:29:18+00:00","breadcrumb":{"@id":"https:\/\/arabpouches.com\/kelly-white-sweet-peach-strong-6-mg-pouch\/#breadcrumb"},"inLanguage":"fr-FR","potentialAction":[{"@type":"ReadAction","target":["https:\/\/arabpouches.com\/kelly-white-sweet-peach-strong-6-mg-pouch\/"]}]},{"@type":"ImageObject","inLanguage":"fr-FR","@id":"https:\/\/arabpouches.com\/kelly-white-sweet-peach-strong-6-mg-pouch\/#primaryimage","url":"https:\/\/arabpouches.com\/wp-content\/uploads\/2025\/08\/Skarmavbild2025-05-02kl.15.07.40.png","contentUrl":"https:\/\/arabpouches.com\/wp-content\/uploads\/2025\/08\/Skarmavbild2025-05-02kl.15.07.40.png","width":492,"height":507},{"@type":"BreadcrumbList","@id":"https:\/\/arabpouches.com\/kelly-white-sweet-peach-strong-6-mg-pouch\/#breadcrumb","itemListElement":[{"@type":"ListItem","position":1,"name":"Home","item":"https:\/\/arabpouches.com\/"},{"@type":"ListItem","position":2,"name":"Shop","item":"https:\/\/arabpouches.com\/shop\/"},{"@type":"ListItem","position":3,"name":"Kelly White Sweet Peach Strong"}]},{"@type":"WebSite","@id":"https:\/\/arabpouches.com\/#website","url":"https:\/\/arabpouches.com\/","name":"arabpouches.com","description":"Sachets de nicotine Moyen-Orient","publisher":{"@id":"https:\/\/arabpouches.com\/#organization"},"potentialAction":[{"@type":"SearchAction","target":{"@type":"EntryPoint","urlTemplate":"https:\/\/arabpouches.com\/?s={search_term_string}"},"query-input":{"@type":"PropertyValueSpecification","valueRequired":true,"valueName":"search_term_string"}}],"inLanguage":"fr-FR"},{"@type":"Organization","@id":"https:\/\/arabpouches.com\/#organization","name":"Pochettes arabes","url":"https:\/\/arabpouches.com\/","logo":{"@type":"ImageObject","inLanguage":"fr-FR","@id":"https:\/\/arabpouches.com\/#\/schema\/logo\/image\/","url":"https:\/\/arabpouches.com\/wp-content\/uploads\/2025\/06\/cropped-Untitled-design-100.png","contentUrl":"https:\/\/arabpouches.com\/wp-content\/uploads\/2025\/06\/cropped-Untitled-design-100.png","width":512,"height":512,"caption":"Arab Pouches"},"image":{"@id":"https:\/\/arabpouches.com\/#\/schema\/logo\/image\/"},"hasMerchantReturnPolicy":{"@type":"MerchantReturnPolicy","merchantReturnLink":"https:\/\/arabpouches.com\/fr\/politique-de-remboursement-et-de-retour\/"}}]},"product_brand":"KELLY WHITE","product_price_amount":"7.90","product_price_currency":"USD","og_availability":"instock","product_availability":"instock","product_retailer_item_id":"KELLY-PEA-6MG","product_condition":"new"},"_links":{"self":[{"href":"https:\/\/arabpouches.com\/fr\/wp-json\/wp\/v2\/product\/1453","targetHints":{"allow":["GET"]}}],"collection":[{"href":"https:\/\/arabpouches.com\/fr\/wp-json\/wp\/v2\/product"}],"about":[{"href":"https:\/\/arabpouches.com\/fr\/wp-json\/wp\/v2\/types\/product"}],"wp:featuredmedia":[{"embeddable":true,"href":"https:\/\/arabpouches.com\/fr\/wp-json\/wp\/v2\/media\/1541"}],"wp:attachment":[{"href":"https:\/\/arabpouches.com\/fr\/wp-json\/wp\/v2\/media?parent=1453"}],"wp:term":[{"taxonomy":"product_brand","embeddable":true,"href":"https:\/\/arabpouches.com\/fr\/wp-json\/wp\/v2\/product_brand?post=1453"},{"taxonomy":"product_cat","embeddable":true,"href":"https:\/\/arabpouches.com\/fr\/wp-json\/wp\/v2\/product_cat?post=1453"},{"taxonomy":"product_tag","embeddable":true,"href":"https:\/\/arabpouches.com\/fr\/wp-json\/wp\/v2\/product_tag?post=1453"}],"curies":[{"name":"wp","href":"https:\/\/api.w.org\/{rel}","templated":true}]}}