{"id":1446,"date":"2025-07-31T17:06:01","date_gmt":"2025-07-31T17:06:01","guid":{"rendered":"https:\/\/arabpouches.com\/pablo-exclusive-pear-strong-30-mg-pouch\/"},"modified":"2025-09-17T02:18:21","modified_gmt":"2025-09-17T02:18:21","slug":"pablo-exclusive-pear-strong-30-mg-pouch","status":"publish","type":"product","link":"https:\/\/arabpouches.com\/fr\/pablo-exclusive-pear-strong-30-mg-pouch\/","title":{"rendered":"PABLO Exclusif Poire Forte"},"content":{"rendered":"<p>PABLO Exclusive Pear Strong est un sachet de nicotine sans tabac au go\u00fbt sucr\u00e9 et fruit\u00e9 de poire juteuse. Le profil fruit\u00e9 doux mais cors\u00e9 est associ\u00e9 \u00e0 une teneur en nicotine extr\u00eamement \u00e9lev\u00e9e de 50 mg\/g, ce qui correspond \u00e0 30 mg de nicotine par sachet - parfait pour l'utilisateur exp\u00e9riment\u00e9 qui souhaite un coup de fouet nicotinique puissant associ\u00e9 \u00e0 un go\u00fbt frais.<\/p>\n<p>Chaque bo\u00eete contient 20 sachets de format fin et p\u00e8se au total 12 grammes, ce qui en fait un produit \u00e0 la fois pratique et discret \u00e0 utiliser \u00e0 tout moment de la journ\u00e9e.<\/p>\n<p>Informations sur le produit :<\/p>\n<p>Type : Sachet de nicotine (sans tabac)<\/p>\n<p>Saveur : Fruit (poire)<\/p>\n<p>Format : Slim<\/p>\n<p>Nicotine : 50 mg\/g (30 mg\/pochette)<\/p>\n<p>Nombre de sachets : 20<\/p>\n<p>Poids net : 12 g<\/p>","protected":false},"excerpt":{"rendered":"<p>PABLO Exclusive Pear Strong est un sachet de nicotine sans tabac au go\u00fbt sucr\u00e9 et fruit\u00e9 de poire juteuse. Le profil fruit\u00e9 doux mais cors\u00e9 est associ\u00e9 \u00e0 une teneur en nicotine extr\u00eamement \u00e9lev\u00e9e de 50 mg\/g, ce qui correspond \u00e0 30 mg de nicotine par sachet - parfait pour l'utilisateur exp\u00e9riment\u00e9 qui souhaite un coup de fouet nicotinique puissant associ\u00e9 \u00e0 un go\u00fbt frais.<\/p>\n<p>Chaque bo\u00eete contient 20 sachets de format fin et p\u00e8se au total 12 grammes, ce qui en fait un produit \u00e0 la fois pratique et discret \u00e0 utiliser \u00e0 tout moment de la journ\u00e9e.<\/p>\n<p>Informations sur le produit :<\/p>\n<p>Type : Sachet de nicotine (sans tabac)<\/p>\n<p>Saveur : Fruit (poire)<\/p>\n<p>Format : Slim<\/p>\n<p>Nicotine : 50 mg\/g (30 mg\/pochette)<\/p>\n<p>Nombre de sachets : 20<\/p>\n<p>Poids net : 12 g<\/p>","protected":false},"featured_media":1645,"template":"","meta":[],"product_brand":[274],"product_cat":[73],"product_tag":[172],"class_list":{"0":"post-1446","1":"product","2":"type-product","3":"status-publish","4":"has-post-thumbnail","6":"product_brand-pablo","7":"product_cat-pablo","8":"product_tag-extreme-20mg","10":"first","11":"instock","12":"sale","13":"shipping-taxable","14":"purchasable","15":"product-type-simple"},"yoast_head":"<!-- This site is optimized with the Yoast SEO Premium plugin v25.9 (Yoast SEO v26.0) - https:\/\/yoast.com\/wordpress\/plugins\/seo\/ -->\n<title>PABLO Exclusive Pear Strong - Arab Pouches<\/title>\n<meta name=\"robots\" content=\"index, follow, max-snippet:-1, max-image-preview:large, max-video-preview:-1\" \/>\n<link rel=\"canonical\" href=\"https:\/\/arabpouches.com\/fr\/pablo-exclusive-pear-strong-30-mg-pouch\/\" \/>\n<meta property=\"og:locale\" content=\"fr_FR\" \/>\n<meta property=\"og:type\" content=\"article\" \/>\n<meta property=\"og:title\" content=\"PABLO Exclusive Pear Strong\" \/>\n<meta property=\"og:description\" content=\"PABLO Exclusive Pear Strong is a tobacco-free nicotine pouch with a sweet and fruity taste of juicy pear. The mild but full-bodied fruit profile is combined with an extremely high nicotine content of 50 mg\/g, which corresponds to 30 mg of nicotine per pouch \u2013 perfect for the experienced user who wants a powerful nicotine kick combined with a fresh taste. Each box contains 20 slim-format pouches and weighs a total of 12 grams, making it both convenient and discreet to use at any time of the day. Product info: Type: Nicotine pouch (tobacco-free) Flavor: Fruit (pear) Format: Slim Nicotine: 50 mg\/g (30 mg\/pouch) Number of pouches: 20 Net weight: 12 g\" \/>\n<meta property=\"og:url\" content=\"https:\/\/arabpouches.com\/fr\/pablo-exclusive-pear-strong-30-mg-pouch\/\" \/>\n<meta property=\"og:site_name\" content=\"Arab Pouches\" \/>\n<meta property=\"article:modified_time\" content=\"2025-09-17T02:18:21+00:00\" \/>\n<meta property=\"og:image\" content=\"https:\/\/arabpouches.com\/wp-content\/uploads\/2025\/08\/499e41c7-73e5-4e52-99aa-25037d7744d8.png\" \/>\n\t<meta property=\"og:image:width\" content=\"278\" \/>\n\t<meta property=\"og:image:height\" content=\"278\" \/>\n\t<meta property=\"og:image:type\" content=\"image\/png\" \/>\n<meta name=\"twitter:card\" content=\"summary_large_image\" \/>\n<meta name=\"twitter:label1\" content=\"Prix\" \/>\n\t<meta name=\"twitter:data1\" content=\"&#036;7.90\" \/>\n\t<meta name=\"twitter:label2\" content=\"Disponibilit\u00e9\" \/>\n\t<meta name=\"twitter:data2\" content=\"En stock\" \/>\n<script type=\"application\/ld+json\" class=\"yoast-schema-graph\">{\"@context\":\"https:\/\/schema.org\",\"@graph\":[{\"@type\":\"WebPage\",\"@id\":\"https:\/\/arabpouches.com\/pablo-exclusive-pear-strong-30-mg-pouch\/\",\"url\":\"https:\/\/arabpouches.com\/pablo-exclusive-pear-strong-30-mg-pouch\/\",\"name\":\"PABLO Exclusive Pear Strong - Arab Pouches\",\"isPartOf\":{\"@id\":\"https:\/\/arabpouches.com\/#website\"},\"primaryImageOfPage\":{\"@id\":\"https:\/\/arabpouches.com\/pablo-exclusive-pear-strong-30-mg-pouch\/#primaryimage\"},\"image\":{\"@id\":\"https:\/\/arabpouches.com\/pablo-exclusive-pear-strong-30-mg-pouch\/#primaryimage\"},\"thumbnailUrl\":\"https:\/\/arabpouches.com\/wp-content\/uploads\/2025\/08\/499e41c7-73e5-4e52-99aa-25037d7744d8.png\",\"datePublished\":\"2025-07-31T17:06:01+00:00\",\"dateModified\":\"2025-09-17T02:18:21+00:00\",\"breadcrumb\":{\"@id\":\"https:\/\/arabpouches.com\/pablo-exclusive-pear-strong-30-mg-pouch\/#breadcrumb\"},\"inLanguage\":\"fr-FR\",\"potentialAction\":[{\"@type\":\"ReadAction\",\"target\":[\"https:\/\/arabpouches.com\/pablo-exclusive-pear-strong-30-mg-pouch\/\"]}]},{\"@type\":\"ImageObject\",\"inLanguage\":\"fr-FR\",\"@id\":\"https:\/\/arabpouches.com\/pablo-exclusive-pear-strong-30-mg-pouch\/#primaryimage\",\"url\":\"https:\/\/arabpouches.com\/wp-content\/uploads\/2025\/08\/499e41c7-73e5-4e52-99aa-25037d7744d8.png\",\"contentUrl\":\"https:\/\/arabpouches.com\/wp-content\/uploads\/2025\/08\/499e41c7-73e5-4e52-99aa-25037d7744d8.png\",\"width\":278,\"height\":278},{\"@type\":\"BreadcrumbList\",\"@id\":\"https:\/\/arabpouches.com\/pablo-exclusive-pear-strong-30-mg-pouch\/#breadcrumb\",\"itemListElement\":[{\"@type\":\"ListItem\",\"position\":1,\"name\":\"Home\",\"item\":\"https:\/\/arabpouches.com\/\"},{\"@type\":\"ListItem\",\"position\":2,\"name\":\"Shop\",\"item\":\"https:\/\/arabpouches.com\/shop\/\"},{\"@type\":\"ListItem\",\"position\":3,\"name\":\"PABLO Exclusive Pear Strong\"}]},{\"@type\":\"WebSite\",\"@id\":\"https:\/\/arabpouches.com\/#website\",\"url\":\"https:\/\/arabpouches.com\/\",\"name\":\"arabpouches.com\",\"description\":\"Nicotine Pouches Middle East\",\"publisher\":{\"@id\":\"https:\/\/arabpouches.com\/#organization\"},\"potentialAction\":[{\"@type\":\"SearchAction\",\"target\":{\"@type\":\"EntryPoint\",\"urlTemplate\":\"https:\/\/arabpouches.com\/?s={search_term_string}\"},\"query-input\":{\"@type\":\"PropertyValueSpecification\",\"valueRequired\":true,\"valueName\":\"search_term_string\"}}],\"inLanguage\":\"fr-FR\"},{\"@type\":\"Organization\",\"@id\":\"https:\/\/arabpouches.com\/#organization\",\"name\":\"Arab Pouches\",\"url\":\"https:\/\/arabpouches.com\/\",\"logo\":{\"@type\":\"ImageObject\",\"inLanguage\":\"fr-FR\",\"@id\":\"https:\/\/arabpouches.com\/#\/schema\/logo\/image\/\",\"url\":\"https:\/\/arabpouches.com\/wp-content\/uploads\/2025\/06\/cropped-Untitled-design-100.png\",\"contentUrl\":\"https:\/\/arabpouches.com\/wp-content\/uploads\/2025\/06\/cropped-Untitled-design-100.png\",\"width\":512,\"height\":512,\"caption\":\"Arab Pouches\"},\"image\":{\"@id\":\"https:\/\/arabpouches.com\/#\/schema\/logo\/image\/\"},\"hasMerchantReturnPolicy\":{\"@type\":\"MerchantReturnPolicy\",\"merchantReturnLink\":\"https:\/\/arabpouches.com\/fr\/politique-de-remboursement-et-de-retour\/\"}}]}<\/script>\n<meta property=\"product:brand\" content=\"PABLO\" \/>\n<meta property=\"product:price:amount\" content=\"7.90\" \/>\n<meta property=\"product:price:currency\" content=\"USD\" \/>\n<meta property=\"og:availability\" content=\"instock\" \/>\n<meta property=\"product:availability\" content=\"instock\" \/>\n<meta property=\"product:retailer_item_id\" content=\"PAB-PEAR-30MG\" \/>\n<meta property=\"product:condition\" content=\"new\" \/>\n<!-- \/ Yoast SEO Premium plugin. -->","yoast_head_json":{"title":"PABLO Exclusif Poire Forte - Sachets Arabes","robots":{"index":"index","follow":"follow","max-snippet":"max-snippet:-1","max-image-preview":"max-image-preview:large","max-video-preview":"max-video-preview:-1"},"canonical":"https:\/\/arabpouches.com\/fr\/pablo-exclusive-pear-strong-30-mg-pouch\/","og_locale":"fr_FR","og_type":"article","og_title":"PABLO Exclusive Pear Strong","og_description":"PABLO Exclusive Pear Strong is a tobacco-free nicotine pouch with a sweet and fruity taste of juicy pear. The mild but full-bodied fruit profile is combined with an extremely high nicotine content of 50 mg\/g, which corresponds to 30 mg of nicotine per pouch \u2013 perfect for the experienced user who wants a powerful nicotine kick combined with a fresh taste. Each box contains 20 slim-format pouches and weighs a total of 12 grams, making it both convenient and discreet to use at any time of the day. Product info: Type: Nicotine pouch (tobacco-free) Flavor: Fruit (pear) Format: Slim Nicotine: 50 mg\/g (30 mg\/pouch) Number of pouches: 20 Net weight: 12 g","og_url":"https:\/\/arabpouches.com\/fr\/pablo-exclusive-pear-strong-30-mg-pouch\/","og_site_name":"Arab Pouches","article_modified_time":"2025-09-17T02:18:21+00:00","og_image":[{"width":278,"height":278,"url":"https:\/\/arabpouches.com\/wp-content\/uploads\/2025\/08\/499e41c7-73e5-4e52-99aa-25037d7744d8.png","type":"image\/png"}],"twitter_card":"summary_large_image","twitter_misc":{"Prix":"&#36;7.90","Disponibilit\u00e9":"En stock"},"schema":{"@context":"https:\/\/schema.org","@graph":[{"@type":"WebPage","@id":"https:\/\/arabpouches.com\/pablo-exclusive-pear-strong-30-mg-pouch\/","url":"https:\/\/arabpouches.com\/pablo-exclusive-pear-strong-30-mg-pouch\/","name":"PABLO Exclusif Poire Forte - Sachets Arabes","isPartOf":{"@id":"https:\/\/arabpouches.com\/#website"},"primaryImageOfPage":{"@id":"https:\/\/arabpouches.com\/pablo-exclusive-pear-strong-30-mg-pouch\/#primaryimage"},"image":{"@id":"https:\/\/arabpouches.com\/pablo-exclusive-pear-strong-30-mg-pouch\/#primaryimage"},"thumbnailUrl":"https:\/\/arabpouches.com\/wp-content\/uploads\/2025\/08\/499e41c7-73e5-4e52-99aa-25037d7744d8.png","datePublished":"2025-07-31T17:06:01+00:00","dateModified":"2025-09-17T02:18:21+00:00","breadcrumb":{"@id":"https:\/\/arabpouches.com\/pablo-exclusive-pear-strong-30-mg-pouch\/#breadcrumb"},"inLanguage":"fr-FR","potentialAction":[{"@type":"ReadAction","target":["https:\/\/arabpouches.com\/pablo-exclusive-pear-strong-30-mg-pouch\/"]}]},{"@type":"ImageObject","inLanguage":"fr-FR","@id":"https:\/\/arabpouches.com\/pablo-exclusive-pear-strong-30-mg-pouch\/#primaryimage","url":"https:\/\/arabpouches.com\/wp-content\/uploads\/2025\/08\/499e41c7-73e5-4e52-99aa-25037d7744d8.png","contentUrl":"https:\/\/arabpouches.com\/wp-content\/uploads\/2025\/08\/499e41c7-73e5-4e52-99aa-25037d7744d8.png","width":278,"height":278},{"@type":"BreadcrumbList","@id":"https:\/\/arabpouches.com\/pablo-exclusive-pear-strong-30-mg-pouch\/#breadcrumb","itemListElement":[{"@type":"ListItem","position":1,"name":"Home","item":"https:\/\/arabpouches.com\/"},{"@type":"ListItem","position":2,"name":"Shop","item":"https:\/\/arabpouches.com\/shop\/"},{"@type":"ListItem","position":3,"name":"PABLO Exclusive Pear Strong"}]},{"@type":"WebSite","@id":"https:\/\/arabpouches.com\/#website","url":"https:\/\/arabpouches.com\/","name":"arabpouches.com","description":"Sachets de nicotine Moyen-Orient","publisher":{"@id":"https:\/\/arabpouches.com\/#organization"},"potentialAction":[{"@type":"SearchAction","target":{"@type":"EntryPoint","urlTemplate":"https:\/\/arabpouches.com\/?s={search_term_string}"},"query-input":{"@type":"PropertyValueSpecification","valueRequired":true,"valueName":"search_term_string"}}],"inLanguage":"fr-FR"},{"@type":"Organization","@id":"https:\/\/arabpouches.com\/#organization","name":"Pochettes arabes","url":"https:\/\/arabpouches.com\/","logo":{"@type":"ImageObject","inLanguage":"fr-FR","@id":"https:\/\/arabpouches.com\/#\/schema\/logo\/image\/","url":"https:\/\/arabpouches.com\/wp-content\/uploads\/2025\/06\/cropped-Untitled-design-100.png","contentUrl":"https:\/\/arabpouches.com\/wp-content\/uploads\/2025\/06\/cropped-Untitled-design-100.png","width":512,"height":512,"caption":"Arab Pouches"},"image":{"@id":"https:\/\/arabpouches.com\/#\/schema\/logo\/image\/"},"hasMerchantReturnPolicy":{"@type":"MerchantReturnPolicy","merchantReturnLink":"https:\/\/arabpouches.com\/fr\/politique-de-remboursement-et-de-retour\/"}}]},"product_brand":"PABLO","product_price_amount":"7.90","product_price_currency":"USD","og_availability":"instock","product_availability":"instock","product_retailer_item_id":"PAB-PEAR-30MG","product_condition":"new"},"_links":{"self":[{"href":"https:\/\/arabpouches.com\/fr\/wp-json\/wp\/v2\/product\/1446","targetHints":{"allow":["GET"]}}],"collection":[{"href":"https:\/\/arabpouches.com\/fr\/wp-json\/wp\/v2\/product"}],"about":[{"href":"https:\/\/arabpouches.com\/fr\/wp-json\/wp\/v2\/types\/product"}],"wp:featuredmedia":[{"embeddable":true,"href":"https:\/\/arabpouches.com\/fr\/wp-json\/wp\/v2\/media\/1645"}],"wp:attachment":[{"href":"https:\/\/arabpouches.com\/fr\/wp-json\/wp\/v2\/media?parent=1446"}],"wp:term":[{"taxonomy":"product_brand","embeddable":true,"href":"https:\/\/arabpouches.com\/fr\/wp-json\/wp\/v2\/product_brand?post=1446"},{"taxonomy":"product_cat","embeddable":true,"href":"https:\/\/arabpouches.com\/fr\/wp-json\/wp\/v2\/product_cat?post=1446"},{"taxonomy":"product_tag","embeddable":true,"href":"https:\/\/arabpouches.com\/fr\/wp-json\/wp\/v2\/product_tag?post=1446"}],"curies":[{"name":"wp","href":"https:\/\/api.w.org\/{rel}","templated":true}]}}