{"id":1444,"date":"2025-07-31T17:06:01","date_gmt":"2025-07-31T17:06:01","guid":{"rendered":"https:\/\/arabpouches.com\/pablo-exclusive-strawberry-lychee-30-mg-pouch\/"},"modified":"2025-09-17T02:29:22","modified_gmt":"2025-09-17T02:29:22","slug":"pablo-exclusive-strawberry-lychee-30-mg-pouch","status":"publish","type":"product","link":"https:\/\/arabpouches.com\/fr\/pablo-exclusive-strawberry-lychee-30-mg-pouch\/","title":{"rendered":"PABLO Exclusif Fraise Lychee"},"content":{"rendered":"<p>PABLO Exclusive Strawberry Lychee est un sachet de nicotine sans tabac au go\u00fbt fruit\u00e9 et exotique de fraise sucr\u00e9e et de litchi tropical. Ce profil de saveur unique offre une exp\u00e9rience gustative \u00e0 la fois fra\u00eeche et profonde, associ\u00e9e \u00e0 un taux de nicotine extr\u00eamement \u00e9lev\u00e9 de 50 mg\/g, ce qui correspond \u00e0 30 mg de nicotine par sachet - parfait pour les utilisateurs exp\u00e9riment\u00e9s \u00e0 la recherche d'un effet maximal et d'une saveur compl\u00e8te.<\/p>\n<p>Avec 20 sachets minces par bo\u00eete et un poids net de 12 grammes, ce sachet de nicotine est doux, discret et puissant - pour ceux qui ne font pas de compromis sur le go\u00fbt ou la puissance.<\/p>\n<p>Informations sur le produit :<\/p>\n<p>Type : Sachet de nicotine (sans tabac)<\/p>\n<p>Saveur : Baies (fraise\/lyc\u00e9e)<\/p>\n<p>Format : Slim<\/p>\n<p>Nicotine : 50 mg\/g (30 mg\/pochette)<\/p>\n<p>Nombre de sachets : 20<\/p>\n<p>Poids net : 12 g<\/p>","protected":false},"excerpt":{"rendered":"<p>PABLO Exclusive Strawberry Lychee est un sachet de nicotine sans tabac au go\u00fbt fruit\u00e9 et exotique de fraise sucr\u00e9e et de litchi tropical. Ce profil de saveur unique offre une exp\u00e9rience gustative \u00e0 la fois fra\u00eeche et profonde, associ\u00e9e \u00e0 un taux de nicotine extr\u00eamement \u00e9lev\u00e9 de 50 mg\/g, ce qui correspond \u00e0 30 mg de nicotine par sachet - parfait pour les utilisateurs exp\u00e9riment\u00e9s \u00e0 la recherche d'un effet maximal et d'une saveur compl\u00e8te.<\/p>\n<p>Avec 20 sachets minces par bo\u00eete et un poids net de 12 grammes, ce sachet de nicotine est doux, discret et puissant - pour ceux qui ne font pas de compromis sur le go\u00fbt ou la puissance.<\/p>\n<p>Informations sur le produit :<\/p>\n<p>Type : Sachet de nicotine (sans tabac)<\/p>\n<p>Saveur : Baies (fraise\/lyc\u00e9e)<\/p>\n<p>Format : Slim<\/p>\n<p>Nicotine : 50 mg\/g (30 mg\/pochette)<\/p>\n<p>Nombre de sachets : 20<\/p>\n<p>Poids net : 12 g<\/p>","protected":false},"featured_media":1647,"template":"","meta":[],"product_brand":[274],"product_cat":[73],"product_tag":[172],"class_list":{"0":"post-1444","1":"product","2":"type-product","3":"status-publish","4":"has-post-thumbnail","6":"product_brand-pablo","7":"product_cat-pablo","8":"product_tag-extreme-20mg","10":"first","11":"instock","12":"sale","13":"shipping-taxable","14":"purchasable","15":"product-type-simple"},"yoast_head":"<!-- This site is optimized with the Yoast SEO Premium plugin v25.9 (Yoast SEO v26.0) - https:\/\/yoast.com\/wordpress\/plugins\/seo\/ -->\n<title>PABLO Exclusive Strawberry Lychee - Arab Pouches<\/title>\n<meta name=\"robots\" content=\"index, follow, max-snippet:-1, max-image-preview:large, max-video-preview:-1\" \/>\n<link rel=\"canonical\" href=\"https:\/\/arabpouches.com\/fr\/pablo-exclusive-strawberry-lychee-30-mg-pouch\/\" \/>\n<meta property=\"og:locale\" content=\"fr_FR\" \/>\n<meta property=\"og:type\" content=\"article\" \/>\n<meta property=\"og:title\" content=\"PABLO Exclusive Strawberry Lychee\" \/>\n<meta property=\"og:description\" content=\"PABLO Exclusive Strawberry Lychee is a tobacco-free nicotine pouch with a fruity and exotic taste of sweet strawberry and tropical lychee. The unique flavor profile delivers both a fresh and deep taste experience combined with an extremely high nicotine strength of 50 mg\/g, which corresponds to 30 mg nicotine per pouch \u2013 perfect for experienced users looking for maximum effect and full flavor. With 20 slim-format pouches per box and a net weight of 12 grams, this nicotine pouch is smooth, discreet and powerful \u2013 for those who do not compromise on taste or strength. Product info: Type: Nicotine pouch (tobacco-free) Flavor: Berry (strawberry\/lychee) Format: Slim Nicotine: 50 mg\/g (30 mg\/pouch) Number of pouches: 20 Net weight: 12 g\" \/>\n<meta property=\"og:url\" content=\"https:\/\/arabpouches.com\/fr\/pablo-exclusive-strawberry-lychee-30-mg-pouch\/\" \/>\n<meta property=\"og:site_name\" content=\"Arab Pouches\" \/>\n<meta property=\"article:modified_time\" content=\"2025-09-17T02:29:22+00:00\" \/>\n<meta property=\"og:image\" content=\"https:\/\/arabpouches.com\/wp-content\/uploads\/2025\/08\/b2f91b57-be98-46f2-87ce-eabb89b62ef7.png\" \/>\n\t<meta property=\"og:image:width\" content=\"278\" \/>\n\t<meta property=\"og:image:height\" content=\"278\" \/>\n\t<meta property=\"og:image:type\" content=\"image\/png\" \/>\n<meta name=\"twitter:card\" content=\"summary_large_image\" \/>\n<meta name=\"twitter:label1\" content=\"Prix\" \/>\n\t<meta name=\"twitter:data1\" content=\"&#036;7.90\" \/>\n\t<meta name=\"twitter:label2\" content=\"Disponibilit\u00e9\" \/>\n\t<meta name=\"twitter:data2\" content=\"En stock\" \/>\n<script type=\"application\/ld+json\" class=\"yoast-schema-graph\">{\"@context\":\"https:\/\/schema.org\",\"@graph\":[{\"@type\":\"WebPage\",\"@id\":\"https:\/\/arabpouches.com\/pablo-exclusive-strawberry-lychee-30-mg-pouch\/\",\"url\":\"https:\/\/arabpouches.com\/pablo-exclusive-strawberry-lychee-30-mg-pouch\/\",\"name\":\"PABLO Exclusive Strawberry Lychee - Arab Pouches\",\"isPartOf\":{\"@id\":\"https:\/\/arabpouches.com\/#website\"},\"primaryImageOfPage\":{\"@id\":\"https:\/\/arabpouches.com\/pablo-exclusive-strawberry-lychee-30-mg-pouch\/#primaryimage\"},\"image\":{\"@id\":\"https:\/\/arabpouches.com\/pablo-exclusive-strawberry-lychee-30-mg-pouch\/#primaryimage\"},\"thumbnailUrl\":\"https:\/\/arabpouches.com\/wp-content\/uploads\/2025\/08\/b2f91b57-be98-46f2-87ce-eabb89b62ef7.png\",\"datePublished\":\"2025-07-31T17:06:01+00:00\",\"dateModified\":\"2025-09-17T02:29:22+00:00\",\"breadcrumb\":{\"@id\":\"https:\/\/arabpouches.com\/pablo-exclusive-strawberry-lychee-30-mg-pouch\/#breadcrumb\"},\"inLanguage\":\"fr-FR\",\"potentialAction\":[{\"@type\":\"ReadAction\",\"target\":[\"https:\/\/arabpouches.com\/pablo-exclusive-strawberry-lychee-30-mg-pouch\/\"]}]},{\"@type\":\"ImageObject\",\"inLanguage\":\"fr-FR\",\"@id\":\"https:\/\/arabpouches.com\/pablo-exclusive-strawberry-lychee-30-mg-pouch\/#primaryimage\",\"url\":\"https:\/\/arabpouches.com\/wp-content\/uploads\/2025\/08\/b2f91b57-be98-46f2-87ce-eabb89b62ef7.png\",\"contentUrl\":\"https:\/\/arabpouches.com\/wp-content\/uploads\/2025\/08\/b2f91b57-be98-46f2-87ce-eabb89b62ef7.png\",\"width\":278,\"height\":278},{\"@type\":\"BreadcrumbList\",\"@id\":\"https:\/\/arabpouches.com\/pablo-exclusive-strawberry-lychee-30-mg-pouch\/#breadcrumb\",\"itemListElement\":[{\"@type\":\"ListItem\",\"position\":1,\"name\":\"Home\",\"item\":\"https:\/\/arabpouches.com\/\"},{\"@type\":\"ListItem\",\"position\":2,\"name\":\"Shop\",\"item\":\"https:\/\/arabpouches.com\/shop\/\"},{\"@type\":\"ListItem\",\"position\":3,\"name\":\"PABLO Exclusive Strawberry Lychee\"}]},{\"@type\":\"WebSite\",\"@id\":\"https:\/\/arabpouches.com\/#website\",\"url\":\"https:\/\/arabpouches.com\/\",\"name\":\"arabpouches.com\",\"description\":\"Nicotine Pouches Middle East\",\"publisher\":{\"@id\":\"https:\/\/arabpouches.com\/#organization\"},\"potentialAction\":[{\"@type\":\"SearchAction\",\"target\":{\"@type\":\"EntryPoint\",\"urlTemplate\":\"https:\/\/arabpouches.com\/?s={search_term_string}\"},\"query-input\":{\"@type\":\"PropertyValueSpecification\",\"valueRequired\":true,\"valueName\":\"search_term_string\"}}],\"inLanguage\":\"fr-FR\"},{\"@type\":\"Organization\",\"@id\":\"https:\/\/arabpouches.com\/#organization\",\"name\":\"Arab Pouches\",\"url\":\"https:\/\/arabpouches.com\/\",\"logo\":{\"@type\":\"ImageObject\",\"inLanguage\":\"fr-FR\",\"@id\":\"https:\/\/arabpouches.com\/#\/schema\/logo\/image\/\",\"url\":\"https:\/\/arabpouches.com\/wp-content\/uploads\/2025\/06\/cropped-Untitled-design-100.png\",\"contentUrl\":\"https:\/\/arabpouches.com\/wp-content\/uploads\/2025\/06\/cropped-Untitled-design-100.png\",\"width\":512,\"height\":512,\"caption\":\"Arab Pouches\"},\"image\":{\"@id\":\"https:\/\/arabpouches.com\/#\/schema\/logo\/image\/\"},\"hasMerchantReturnPolicy\":{\"@type\":\"MerchantReturnPolicy\",\"merchantReturnLink\":\"https:\/\/arabpouches.com\/fr\/politique-de-remboursement-et-de-retour\/\"}}]}<\/script>\n<meta property=\"product:brand\" content=\"PABLO\" \/>\n<meta property=\"product:price:amount\" content=\"7.90\" \/>\n<meta property=\"product:price:currency\" content=\"USD\" \/>\n<meta property=\"og:availability\" content=\"instock\" \/>\n<meta property=\"product:availability\" content=\"instock\" \/>\n<meta property=\"product:retailer_item_id\" content=\"PAB-LYCH-30MG\" \/>\n<meta property=\"product:condition\" content=\"new\" \/>\n<!-- \/ Yoast SEO Premium plugin. -->","yoast_head_json":{"title":"PABLO Exclusive Fraise Lychee - Sachets Arabes","robots":{"index":"index","follow":"follow","max-snippet":"max-snippet:-1","max-image-preview":"max-image-preview:large","max-video-preview":"max-video-preview:-1"},"canonical":"https:\/\/arabpouches.com\/fr\/pablo-exclusive-strawberry-lychee-30-mg-pouch\/","og_locale":"fr_FR","og_type":"article","og_title":"PABLO Exclusive Strawberry Lychee","og_description":"PABLO Exclusive Strawberry Lychee is a tobacco-free nicotine pouch with a fruity and exotic taste of sweet strawberry and tropical lychee. The unique flavor profile delivers both a fresh and deep taste experience combined with an extremely high nicotine strength of 50 mg\/g, which corresponds to 30 mg nicotine per pouch \u2013 perfect for experienced users looking for maximum effect and full flavor. With 20 slim-format pouches per box and a net weight of 12 grams, this nicotine pouch is smooth, discreet and powerful \u2013 for those who do not compromise on taste or strength. Product info: Type: Nicotine pouch (tobacco-free) Flavor: Berry (strawberry\/lychee) Format: Slim Nicotine: 50 mg\/g (30 mg\/pouch) Number of pouches: 20 Net weight: 12 g","og_url":"https:\/\/arabpouches.com\/fr\/pablo-exclusive-strawberry-lychee-30-mg-pouch\/","og_site_name":"Arab Pouches","article_modified_time":"2025-09-17T02:29:22+00:00","og_image":[{"width":278,"height":278,"url":"https:\/\/arabpouches.com\/wp-content\/uploads\/2025\/08\/b2f91b57-be98-46f2-87ce-eabb89b62ef7.png","type":"image\/png"}],"twitter_card":"summary_large_image","twitter_misc":{"Prix":"&#36;7.90","Disponibilit\u00e9":"En stock"},"schema":{"@context":"https:\/\/schema.org","@graph":[{"@type":"WebPage","@id":"https:\/\/arabpouches.com\/pablo-exclusive-strawberry-lychee-30-mg-pouch\/","url":"https:\/\/arabpouches.com\/pablo-exclusive-strawberry-lychee-30-mg-pouch\/","name":"PABLO Exclusive Fraise Lychee - Sachets Arabes","isPartOf":{"@id":"https:\/\/arabpouches.com\/#website"},"primaryImageOfPage":{"@id":"https:\/\/arabpouches.com\/pablo-exclusive-strawberry-lychee-30-mg-pouch\/#primaryimage"},"image":{"@id":"https:\/\/arabpouches.com\/pablo-exclusive-strawberry-lychee-30-mg-pouch\/#primaryimage"},"thumbnailUrl":"https:\/\/arabpouches.com\/wp-content\/uploads\/2025\/08\/b2f91b57-be98-46f2-87ce-eabb89b62ef7.png","datePublished":"2025-07-31T17:06:01+00:00","dateModified":"2025-09-17T02:29:22+00:00","breadcrumb":{"@id":"https:\/\/arabpouches.com\/pablo-exclusive-strawberry-lychee-30-mg-pouch\/#breadcrumb"},"inLanguage":"fr-FR","potentialAction":[{"@type":"ReadAction","target":["https:\/\/arabpouches.com\/pablo-exclusive-strawberry-lychee-30-mg-pouch\/"]}]},{"@type":"ImageObject","inLanguage":"fr-FR","@id":"https:\/\/arabpouches.com\/pablo-exclusive-strawberry-lychee-30-mg-pouch\/#primaryimage","url":"https:\/\/arabpouches.com\/wp-content\/uploads\/2025\/08\/b2f91b57-be98-46f2-87ce-eabb89b62ef7.png","contentUrl":"https:\/\/arabpouches.com\/wp-content\/uploads\/2025\/08\/b2f91b57-be98-46f2-87ce-eabb89b62ef7.png","width":278,"height":278},{"@type":"BreadcrumbList","@id":"https:\/\/arabpouches.com\/pablo-exclusive-strawberry-lychee-30-mg-pouch\/#breadcrumb","itemListElement":[{"@type":"ListItem","position":1,"name":"Home","item":"https:\/\/arabpouches.com\/"},{"@type":"ListItem","position":2,"name":"Shop","item":"https:\/\/arabpouches.com\/shop\/"},{"@type":"ListItem","position":3,"name":"PABLO Exclusive Strawberry Lychee"}]},{"@type":"WebSite","@id":"https:\/\/arabpouches.com\/#website","url":"https:\/\/arabpouches.com\/","name":"arabpouches.com","description":"Sachets de nicotine Moyen-Orient","publisher":{"@id":"https:\/\/arabpouches.com\/#organization"},"potentialAction":[{"@type":"SearchAction","target":{"@type":"EntryPoint","urlTemplate":"https:\/\/arabpouches.com\/?s={search_term_string}"},"query-input":{"@type":"PropertyValueSpecification","valueRequired":true,"valueName":"search_term_string"}}],"inLanguage":"fr-FR"},{"@type":"Organization","@id":"https:\/\/arabpouches.com\/#organization","name":"Pochettes arabes","url":"https:\/\/arabpouches.com\/","logo":{"@type":"ImageObject","inLanguage":"fr-FR","@id":"https:\/\/arabpouches.com\/#\/schema\/logo\/image\/","url":"https:\/\/arabpouches.com\/wp-content\/uploads\/2025\/06\/cropped-Untitled-design-100.png","contentUrl":"https:\/\/arabpouches.com\/wp-content\/uploads\/2025\/06\/cropped-Untitled-design-100.png","width":512,"height":512,"caption":"Arab Pouches"},"image":{"@id":"https:\/\/arabpouches.com\/#\/schema\/logo\/image\/"},"hasMerchantReturnPolicy":{"@type":"MerchantReturnPolicy","merchantReturnLink":"https:\/\/arabpouches.com\/fr\/politique-de-remboursement-et-de-retour\/"}}]},"product_brand":"PABLO","product_price_amount":"7.90","product_price_currency":"USD","og_availability":"instock","product_availability":"instock","product_retailer_item_id":"PAB-LYCH-30MG","product_condition":"new"},"_links":{"self":[{"href":"https:\/\/arabpouches.com\/fr\/wp-json\/wp\/v2\/product\/1444","targetHints":{"allow":["GET"]}}],"collection":[{"href":"https:\/\/arabpouches.com\/fr\/wp-json\/wp\/v2\/product"}],"about":[{"href":"https:\/\/arabpouches.com\/fr\/wp-json\/wp\/v2\/types\/product"}],"wp:featuredmedia":[{"embeddable":true,"href":"https:\/\/arabpouches.com\/fr\/wp-json\/wp\/v2\/media\/1647"}],"wp:attachment":[{"href":"https:\/\/arabpouches.com\/fr\/wp-json\/wp\/v2\/media?parent=1444"}],"wp:term":[{"taxonomy":"product_brand","embeddable":true,"href":"https:\/\/arabpouches.com\/fr\/wp-json\/wp\/v2\/product_brand?post=1444"},{"taxonomy":"product_cat","embeddable":true,"href":"https:\/\/arabpouches.com\/fr\/wp-json\/wp\/v2\/product_cat?post=1444"},{"taxonomy":"product_tag","embeddable":true,"href":"https:\/\/arabpouches.com\/fr\/wp-json\/wp\/v2\/product_tag?post=1444"}],"curies":[{"name":"wp","href":"https:\/\/api.w.org\/{rel}","templated":true}]}}