{"id":1440,"date":"2025-07-31T17:05:59","date_gmt":"2025-07-31T17:05:59","guid":{"rendered":"https:\/\/arabpouches.com\/nois-extreme-blueberry-50-mg-g\/"},"modified":"2025-09-17T02:29:22","modified_gmt":"2025-09-17T02:29:22","slug":"nois-extreme-blueberry-50-mg-g","status":"publish","type":"product","link":"https:\/\/arabpouches.com\/fr\/nois-extreme-blueberry-50-mg-g\/","title":{"rendered":"NOIS Extreme Blueberry"},"content":{"rendered":"<p>Plongez dans une vague intense de myrtilles. Des baies m\u00fbres et sucr\u00e9es rencontrent la puissance de la nicotine pour une exp\u00e9rience audacieuse et juteuse. Equilibre parfait entre saveur fruit\u00e9e et puissance.<\/p>\n<p>50 mg\/g | 25 mg par sachet | 27 sachets<\/p>","protected":false},"excerpt":{"rendered":"<p>Plongez dans une vague intense de myrtilles. Des baies m\u00fbres et sucr\u00e9es rencontrent la puissance de la nicotine pour une exp\u00e9rience audacieuse et juteuse. Equilibre parfait entre saveur fruit\u00e9e et puissance.<\/p>\n<p>50 mg\/g | 25 mg par sachet | 27 sachets<\/p>","protected":false},"featured_media":1480,"template":"","meta":[],"product_brand":[273],"product_cat":[124],"product_tag":[172],"class_list":{"0":"post-1440","1":"product","2":"type-product","3":"status-publish","4":"has-post-thumbnail","6":"product_brand-nois","7":"product_cat-nois","8":"product_tag-extreme-20mg","10":"first","11":"instock","12":"sale","13":"shipping-taxable","14":"purchasable","15":"product-type-simple"},"yoast_head":"<!-- This site is optimized with the Yoast SEO Premium plugin v25.9 (Yoast SEO v26.0) - https:\/\/yoast.com\/wordpress\/plugins\/seo\/ -->\n<title>NOIS Extreme Blueberry - Arab Pouches<\/title>\n<meta name=\"robots\" content=\"index, follow, max-snippet:-1, max-image-preview:large, max-video-preview:-1\" \/>\n<link rel=\"canonical\" href=\"https:\/\/arabpouches.com\/fr\/nois-extreme-blueberry-50-mg-g\/\" \/>\n<meta property=\"og:locale\" content=\"fr_FR\" \/>\n<meta property=\"og:type\" content=\"article\" \/>\n<meta property=\"og:title\" content=\"NOIS Extreme Blueberry\" \/>\n<meta property=\"og:description\" content=\"Dive into an intense blueberry wave. Sweet, ripe berries meet full-force nicotine power for a bold, juicy experience. Perfect balance of fruity flavor and strength.  50 mg\/g | 25 mg per pouch | 27 pouches\" \/>\n<meta property=\"og:url\" content=\"https:\/\/arabpouches.com\/fr\/nois-extreme-blueberry-50-mg-g\/\" \/>\n<meta property=\"og:site_name\" content=\"Arab Pouches\" \/>\n<meta property=\"article:modified_time\" content=\"2025-09-17T02:29:22+00:00\" \/>\n<meta property=\"og:image\" content=\"https:\/\/arabpouches.com\/wp-content\/uploads\/2025\/08\/ExtremeBlueberry50.png\" \/>\n\t<meta property=\"og:image:width\" content=\"1024\" \/>\n\t<meta property=\"og:image:height\" content=\"1024\" \/>\n\t<meta property=\"og:image:type\" content=\"image\/png\" \/>\n<meta name=\"twitter:card\" content=\"summary_large_image\" \/>\n<meta name=\"twitter:label1\" content=\"Prix\" \/>\n\t<meta name=\"twitter:data1\" content=\"&#036;7.90\" \/>\n\t<meta name=\"twitter:label2\" content=\"Disponibilit\u00e9\" \/>\n\t<meta name=\"twitter:data2\" content=\"En stock\" \/>\n<script type=\"application\/ld+json\" class=\"yoast-schema-graph\">{\"@context\":\"https:\/\/schema.org\",\"@graph\":[{\"@type\":\"WebPage\",\"@id\":\"https:\/\/arabpouches.com\/nois-extreme-blueberry-50-mg-g\/\",\"url\":\"https:\/\/arabpouches.com\/nois-extreme-blueberry-50-mg-g\/\",\"name\":\"NOIS Extreme Blueberry - Arab Pouches\",\"isPartOf\":{\"@id\":\"https:\/\/arabpouches.com\/#website\"},\"primaryImageOfPage\":{\"@id\":\"https:\/\/arabpouches.com\/nois-extreme-blueberry-50-mg-g\/#primaryimage\"},\"image\":{\"@id\":\"https:\/\/arabpouches.com\/nois-extreme-blueberry-50-mg-g\/#primaryimage\"},\"thumbnailUrl\":\"https:\/\/arabpouches.com\/wp-content\/uploads\/2025\/08\/ExtremeBlueberry50.png\",\"datePublished\":\"2025-07-31T17:05:59+00:00\",\"dateModified\":\"2025-09-17T02:29:22+00:00\",\"breadcrumb\":{\"@id\":\"https:\/\/arabpouches.com\/nois-extreme-blueberry-50-mg-g\/#breadcrumb\"},\"inLanguage\":\"fr-FR\",\"potentialAction\":[{\"@type\":\"ReadAction\",\"target\":[\"https:\/\/arabpouches.com\/nois-extreme-blueberry-50-mg-g\/\"]}]},{\"@type\":\"ImageObject\",\"inLanguage\":\"fr-FR\",\"@id\":\"https:\/\/arabpouches.com\/nois-extreme-blueberry-50-mg-g\/#primaryimage\",\"url\":\"https:\/\/arabpouches.com\/wp-content\/uploads\/2025\/08\/ExtremeBlueberry50.png\",\"contentUrl\":\"https:\/\/arabpouches.com\/wp-content\/uploads\/2025\/08\/ExtremeBlueberry50.png\",\"width\":1024,\"height\":1024},{\"@type\":\"BreadcrumbList\",\"@id\":\"https:\/\/arabpouches.com\/nois-extreme-blueberry-50-mg-g\/#breadcrumb\",\"itemListElement\":[{\"@type\":\"ListItem\",\"position\":1,\"name\":\"Home\",\"item\":\"https:\/\/arabpouches.com\/\"},{\"@type\":\"ListItem\",\"position\":2,\"name\":\"Shop\",\"item\":\"https:\/\/arabpouches.com\/shop\/\"},{\"@type\":\"ListItem\",\"position\":3,\"name\":\"NOIS Extreme Blueberry\"}]},{\"@type\":\"WebSite\",\"@id\":\"https:\/\/arabpouches.com\/#website\",\"url\":\"https:\/\/arabpouches.com\/\",\"name\":\"arabpouches.com\",\"description\":\"Nicotine Pouches Middle East\",\"publisher\":{\"@id\":\"https:\/\/arabpouches.com\/#organization\"},\"potentialAction\":[{\"@type\":\"SearchAction\",\"target\":{\"@type\":\"EntryPoint\",\"urlTemplate\":\"https:\/\/arabpouches.com\/?s={search_term_string}\"},\"query-input\":{\"@type\":\"PropertyValueSpecification\",\"valueRequired\":true,\"valueName\":\"search_term_string\"}}],\"inLanguage\":\"fr-FR\"},{\"@type\":\"Organization\",\"@id\":\"https:\/\/arabpouches.com\/#organization\",\"name\":\"Arab Pouches\",\"url\":\"https:\/\/arabpouches.com\/\",\"logo\":{\"@type\":\"ImageObject\",\"inLanguage\":\"fr-FR\",\"@id\":\"https:\/\/arabpouches.com\/#\/schema\/logo\/image\/\",\"url\":\"https:\/\/arabpouches.com\/wp-content\/uploads\/2025\/06\/cropped-Untitled-design-100.png\",\"contentUrl\":\"https:\/\/arabpouches.com\/wp-content\/uploads\/2025\/06\/cropped-Untitled-design-100.png\",\"width\":512,\"height\":512,\"caption\":\"Arab Pouches\"},\"image\":{\"@id\":\"https:\/\/arabpouches.com\/#\/schema\/logo\/image\/\"},\"hasMerchantReturnPolicy\":{\"@type\":\"MerchantReturnPolicy\",\"merchantReturnLink\":\"https:\/\/arabpouches.com\/fr\/politique-de-remboursement-et-de-retour\/\"}}]}<\/script>\n<meta property=\"product:brand\" content=\"NOIS\" \/>\n<meta property=\"product:price:amount\" content=\"7.90\" \/>\n<meta property=\"product:price:currency\" content=\"USD\" \/>\n<meta property=\"og:availability\" content=\"instock\" \/>\n<meta property=\"product:availability\" content=\"instock\" \/>\n<meta property=\"product:retailer_item_id\" content=\"NOIS-BLUE-50MG\" \/>\n<meta property=\"product:condition\" content=\"new\" \/>\n<!-- \/ Yoast SEO Premium plugin. -->","yoast_head_json":{"title":"NOIS Extreme Blueberry - Sachets arabes","robots":{"index":"index","follow":"follow","max-snippet":"max-snippet:-1","max-image-preview":"max-image-preview:large","max-video-preview":"max-video-preview:-1"},"canonical":"https:\/\/arabpouches.com\/fr\/nois-extreme-blueberry-50-mg-g\/","og_locale":"fr_FR","og_type":"article","og_title":"NOIS Extreme Blueberry","og_description":"Dive into an intense blueberry wave. Sweet, ripe berries meet full-force nicotine power for a bold, juicy experience. Perfect balance of fruity flavor and strength.  50 mg\/g | 25 mg per pouch | 27 pouches","og_url":"https:\/\/arabpouches.com\/fr\/nois-extreme-blueberry-50-mg-g\/","og_site_name":"Arab Pouches","article_modified_time":"2025-09-17T02:29:22+00:00","og_image":[{"width":1024,"height":1024,"url":"https:\/\/arabpouches.com\/wp-content\/uploads\/2025\/08\/ExtremeBlueberry50.png","type":"image\/png"}],"twitter_card":"summary_large_image","twitter_misc":{"Prix":"&#36;7.90","Disponibilit\u00e9":"En stock"},"schema":{"@context":"https:\/\/schema.org","@graph":[{"@type":"WebPage","@id":"https:\/\/arabpouches.com\/nois-extreme-blueberry-50-mg-g\/","url":"https:\/\/arabpouches.com\/nois-extreme-blueberry-50-mg-g\/","name":"NOIS Extreme Blueberry - Sachets arabes","isPartOf":{"@id":"https:\/\/arabpouches.com\/#website"},"primaryImageOfPage":{"@id":"https:\/\/arabpouches.com\/nois-extreme-blueberry-50-mg-g\/#primaryimage"},"image":{"@id":"https:\/\/arabpouches.com\/nois-extreme-blueberry-50-mg-g\/#primaryimage"},"thumbnailUrl":"https:\/\/arabpouches.com\/wp-content\/uploads\/2025\/08\/ExtremeBlueberry50.png","datePublished":"2025-07-31T17:05:59+00:00","dateModified":"2025-09-17T02:29:22+00:00","breadcrumb":{"@id":"https:\/\/arabpouches.com\/nois-extreme-blueberry-50-mg-g\/#breadcrumb"},"inLanguage":"fr-FR","potentialAction":[{"@type":"ReadAction","target":["https:\/\/arabpouches.com\/nois-extreme-blueberry-50-mg-g\/"]}]},{"@type":"ImageObject","inLanguage":"fr-FR","@id":"https:\/\/arabpouches.com\/nois-extreme-blueberry-50-mg-g\/#primaryimage","url":"https:\/\/arabpouches.com\/wp-content\/uploads\/2025\/08\/ExtremeBlueberry50.png","contentUrl":"https:\/\/arabpouches.com\/wp-content\/uploads\/2025\/08\/ExtremeBlueberry50.png","width":1024,"height":1024},{"@type":"BreadcrumbList","@id":"https:\/\/arabpouches.com\/nois-extreme-blueberry-50-mg-g\/#breadcrumb","itemListElement":[{"@type":"ListItem","position":1,"name":"Home","item":"https:\/\/arabpouches.com\/"},{"@type":"ListItem","position":2,"name":"Shop","item":"https:\/\/arabpouches.com\/shop\/"},{"@type":"ListItem","position":3,"name":"NOIS Extreme Blueberry"}]},{"@type":"WebSite","@id":"https:\/\/arabpouches.com\/#website","url":"https:\/\/arabpouches.com\/","name":"arabpouches.com","description":"Sachets de nicotine Moyen-Orient","publisher":{"@id":"https:\/\/arabpouches.com\/#organization"},"potentialAction":[{"@type":"SearchAction","target":{"@type":"EntryPoint","urlTemplate":"https:\/\/arabpouches.com\/?s={search_term_string}"},"query-input":{"@type":"PropertyValueSpecification","valueRequired":true,"valueName":"search_term_string"}}],"inLanguage":"fr-FR"},{"@type":"Organization","@id":"https:\/\/arabpouches.com\/#organization","name":"Pochettes arabes","url":"https:\/\/arabpouches.com\/","logo":{"@type":"ImageObject","inLanguage":"fr-FR","@id":"https:\/\/arabpouches.com\/#\/schema\/logo\/image\/","url":"https:\/\/arabpouches.com\/wp-content\/uploads\/2025\/06\/cropped-Untitled-design-100.png","contentUrl":"https:\/\/arabpouches.com\/wp-content\/uploads\/2025\/06\/cropped-Untitled-design-100.png","width":512,"height":512,"caption":"Arab Pouches"},"image":{"@id":"https:\/\/arabpouches.com\/#\/schema\/logo\/image\/"},"hasMerchantReturnPolicy":{"@type":"MerchantReturnPolicy","merchantReturnLink":"https:\/\/arabpouches.com\/fr\/politique-de-remboursement-et-de-retour\/"}}]},"product_brand":"NOIS","product_price_amount":"7.90","product_price_currency":"USD","og_availability":"instock","product_availability":"instock","product_retailer_item_id":"NOIS-BLUE-50MG","product_condition":"new"},"_links":{"self":[{"href":"https:\/\/arabpouches.com\/fr\/wp-json\/wp\/v2\/product\/1440","targetHints":{"allow":["GET"]}}],"collection":[{"href":"https:\/\/arabpouches.com\/fr\/wp-json\/wp\/v2\/product"}],"about":[{"href":"https:\/\/arabpouches.com\/fr\/wp-json\/wp\/v2\/types\/product"}],"wp:featuredmedia":[{"embeddable":true,"href":"https:\/\/arabpouches.com\/fr\/wp-json\/wp\/v2\/media\/1480"}],"wp:attachment":[{"href":"https:\/\/arabpouches.com\/fr\/wp-json\/wp\/v2\/media?parent=1440"}],"wp:term":[{"taxonomy":"product_brand","embeddable":true,"href":"https:\/\/arabpouches.com\/fr\/wp-json\/wp\/v2\/product_brand?post=1440"},{"taxonomy":"product_cat","embeddable":true,"href":"https:\/\/arabpouches.com\/fr\/wp-json\/wp\/v2\/product_cat?post=1440"},{"taxonomy":"product_tag","embeddable":true,"href":"https:\/\/arabpouches.com\/fr\/wp-json\/wp\/v2\/product_tag?post=1440"}],"curies":[{"name":"wp","href":"https:\/\/api.w.org\/{rel}","templated":true}]}}