{"id":1425,"date":"2025-07-31T17:05:57","date_gmt":"2025-07-31T17:05:57","guid":{"rendered":"https:\/\/arabpouches.com\/nyhet-zyn-menthol-ice-slim-super-strong-13-5-mg-pouch\/"},"modified":"2025-09-17T02:52:08","modified_gmt":"2025-09-17T02:52:08","slug":"nyhet-zyn-menthol-ice-slim-super-strong-13-5-mg-pouch","status":"publish","type":"product","link":"https:\/\/arabpouches.com\/fr\/nyhet-zyn-menthol-ice-slim-super-strong-13-5-mg-pouch\/","title":{"rendered":"ZYN Menthol Ice Slim Super Strong"},"content":{"rendered":"<p data-start=\"203\" data-end=\"260\"><strong data-start=\"203\" data-end=\"260\">ZYN Menthol Ice - Menthol intense avec une touche arctique<\/strong><\/p>\n<p data-start=\"262\" data-end=\"374\"><span class=\"relative -mx-px my-[-0.2rem] rounded px-px py-[0.2rem] transition-colors duration-100 ease-in-out\">Anciennement connu sous le nom de Deep Freeze, ZYN Menthol Ice Slim Super Strong offre un puissant ar\u00f4me de menthol avec un coup de fouet glac\u00e9 et rafra\u00eechissant.<\/span> <span class=\"relative -mx-px my-[-0.2rem] rounded px-px py-[0.2rem] transition-colors duration-100 ease-in-out\">Con\u00e7us pour les utilisateurs exp\u00e9riment\u00e9s, ces sachets sans tabac offrent une exp\u00e9rience nicotinique propre et puissante.<\/span><span class=\"\" data-state=\"closed\"><\/span><\/p>\n<p data-start=\"376\" data-end=\"452\"><span class=\"relative -mx-px my-[-0.2rem] rounded px-px py-[0.2rem] transition-colors duration-100 ease-in-out\">Avec environ 13,5 mg de nicotine par sachet, le format fin et sec assure une tenue discr\u00e8te, un \u00e9coulement minimal et une lib\u00e9ration rapide de la nicotine.<\/span><\/p>\n<p data-start=\"376\" data-end=\"452\"><span class=\"ms-1 inline-flex max-w-full items-center relative top-[-0.094rem] animate-[show_150ms_ease-in]\"><a href=\"https:\/\/snuzyn.com\/products\/zyn-menthol-ice-ultra-strong?srsltid=AfmBOopVqp1PHYTuABeUN7Rx8M1PJO188CWcbZmOU-MlMMqqgnf7iMmJ&amp;utm_source=chatgpt.com\" rel=\"noopener\" class=\"flex h-4.5 overflow-hidden rounded-xl px-2 text-[0.5625em] font-medium text-token-text-secondary! bg-[#F4F4F4]! dark:bg-[#303030]! transition-colors duration-150 ease-in-out\" target=\"_blank\"><span class=\"relative start-0 bottom-0 flex h-full w-full items-center\"><span class=\"flex h-4 w-full items-center justify-between\"><span class=\"max-w-full grow truncate overflow-hidden text-center\"><\/span><\/span><\/span><\/a><\/span><strong data-start=\"454\" data-end=\"471\">Faits concernant le produit<\/strong><\/p>\n<ul data-start=\"473\" data-end=\"887\">\n<li data-start=\"473\" data-end=\"491\">\n<p data-start=\"475\" data-end=\"491\"><strong data-start=\"475\" data-end=\"485\">Marque :<\/strong> ZYN<\/p>\n<\/li>\n<li data-start=\"492\" data-end=\"549\">\n<p data-start=\"494\" data-end=\"549\"><strong data-start=\"494\" data-end=\"507\">La force :<\/strong> <span class=\"relative -mx-px my-[-0.2rem] rounded px-px py-[0.2rem] transition-colors duration-100 ease-in-out\">Super fort<\/span><\/p>\n<\/li>\n<li data-start=\"550\" data-end=\"603\">\n<p data-start=\"552\" data-end=\"603\"><strong data-start=\"552\" data-end=\"561\">Type :<\/strong> <span class=\"relative -mx-px my-[-0.2rem] rounded px-px py-[0.2rem] transition-colors duration-100 ease-in-out\">Sachets de nicotine (sans tabac)<\/span><\/p>\n<\/li>\n<li data-start=\"604\" data-end=\"624\">\n<p data-start=\"606\" data-end=\"624\"><strong data-start=\"606\" data-end=\"617\">Format :<\/strong> Mince<\/p>\n<\/li>\n<li data-start=\"625\" data-end=\"688\">\n<p data-start=\"627\" data-end=\"688\"><strong data-start=\"627\" data-end=\"646\">Profil de saveur :<\/strong> <span class=\"relative -mx-px my-[-0.2rem] rounded px-px py-[0.2rem] transition-colors duration-100 ease-in-out\">Menthol<\/span><\/p>\n<\/li>\n<li data-start=\"689\" data-end=\"754\">\n<p data-start=\"691\" data-end=\"754\"><strong data-start=\"691\" data-end=\"712\">Teneur en nicotine :<\/strong> <span class=\"relative -mx-px my-[-0.2rem] rounded px-px py-[0.2rem] transition-colors duration-100 ease-in-out\">13,5 mg\/pochette<\/span><\/p>\n<\/li>\n<li data-start=\"755\" data-end=\"782\">\n<p data-start=\"757\" data-end=\"782\"><strong data-start=\"757\" data-end=\"777\">Sachets par bo\u00eete :<\/strong> 21<\/p>\n<\/li>\n<li data-start=\"783\" data-end=\"887\">\n<p data-start=\"785\" data-end=\"887\"><strong data-start=\"785\" data-end=\"808\">Poids net par bo\u00eete :<\/strong> <span class=\"relative -mx-px my-[-0.2rem] rounded px-px py-[0.2rem] transition-colors duration-100 ease-in-out\">14.3 g<\/span><\/p>\n<\/li>\n<\/ul>\n<p data-start=\"889\" data-end=\"967\"><span class=\"relative -mx-px my-[-0.2rem] rounded px-px py-[0.2rem] transition-colors duration-100 ease-in-out\">D\u00e9couvrez la sensation menthol\u00e9e ultime avec ZYN Menthol Ice - o\u00f9 l'ar\u00f4me intense rencontre la super puissance.<\/span><\/p>","protected":false},"excerpt":{"rendered":"<p data-start=\"203\" data-end=\"260\"><strong data-start=\"203\" data-end=\"260\">ZYN Menthol Ice - Menthol intense avec une touche arctique<\/strong><\/p>\n<p data-start=\"262\" data-end=\"374\"><span class=\"relative -mx-px my-[-0.2rem] rounded px-px py-[0.2rem] transition-colors duration-100 ease-in-out\">Anciennement connu sous le nom de Deep Freeze, ZYN Menthol Ice Slim Super Strong offre un puissant ar\u00f4me de menthol avec un coup de fouet glac\u00e9 et rafra\u00eechissant.<\/span> <span class=\"relative -mx-px my-[-0.2rem] rounded px-px py-[0.2rem] transition-colors duration-100 ease-in-out\">Con\u00e7us pour les utilisateurs exp\u00e9riment\u00e9s, ces sachets sans tabac offrent une exp\u00e9rience nicotinique propre et puissante.<\/span><span class=\"\" data-state=\"closed\"><\/span><\/p>\n<p data-start=\"376\" data-end=\"452\"><span class=\"relative -mx-px my-[-0.2rem] rounded px-px py-[0.2rem] transition-colors duration-100 ease-in-out\">Avec environ 13,5 mg de nicotine par sachet, le format fin et sec assure une tenue discr\u00e8te, un \u00e9coulement minimal et une lib\u00e9ration rapide de la nicotine.<\/span><\/p>\n<p data-start=\"376\" data-end=\"452\"><span class=\"ms-1 inline-flex max-w-full items-center relative top-[-0.094rem] animate-[show_150ms_ease-in]\"><a href=\"https:\/\/snuzyn.com\/products\/zyn-menthol-ice-ultra-strong?srsltid=AfmBOopVqp1PHYTuABeUN7Rx8M1PJO188CWcbZmOU-MlMMqqgnf7iMmJ&amp;utm_source=chatgpt.com\" rel=\"noopener\" class=\"flex h-4.5 overflow-hidden rounded-xl px-2 text-[0.5625em] font-medium text-token-text-secondary! bg-[#F4F4F4]! dark:bg-[#303030]! transition-colors duration-150 ease-in-out\" target=\"_blank\"><span class=\"relative start-0 bottom-0 flex h-full w-full items-center\"><span class=\"flex h-4 w-full items-center justify-between\"><span class=\"max-w-full grow truncate overflow-hidden text-center\"><\/span><\/span><\/span><\/a><\/span><strong data-start=\"454\" data-end=\"471\">Faits concernant le produit<\/strong><\/p>\n<ul data-start=\"473\" data-end=\"887\">\n<li data-start=\"473\" data-end=\"491\">\n<p data-start=\"475\" data-end=\"491\"><strong data-start=\"475\" data-end=\"485\">Marque :<\/strong> ZYN<\/p>\n<\/li>\n<li data-start=\"492\" data-end=\"549\">\n<p data-start=\"494\" data-end=\"549\"><strong data-start=\"494\" data-end=\"507\">La force :<\/strong> <span class=\"relative -mx-px my-[-0.2rem] rounded px-px py-[0.2rem] transition-colors duration-100 ease-in-out\">Super fort<\/span><\/p>\n<\/li>\n<li data-start=\"550\" data-end=\"603\">\n<p data-start=\"552\" data-end=\"603\"><strong data-start=\"552\" data-end=\"561\">Type :<\/strong> <span class=\"relative -mx-px my-[-0.2rem] rounded px-px py-[0.2rem] transition-colors duration-100 ease-in-out\">Sachets de nicotine (sans tabac)<\/span><\/p>\n<\/li>\n<li data-start=\"604\" data-end=\"624\">\n<p data-start=\"606\" data-end=\"624\"><strong data-start=\"606\" data-end=\"617\">Format :<\/strong> Mince<\/p>\n<\/li>\n<li data-start=\"625\" data-end=\"688\">\n<p data-start=\"627\" data-end=\"688\"><strong data-start=\"627\" data-end=\"646\">Profil de saveur :<\/strong> <span class=\"relative -mx-px my-[-0.2rem] rounded px-px py-[0.2rem] transition-colors duration-100 ease-in-out\">Menthol<\/span><\/p>\n<\/li>\n<li data-start=\"689\" data-end=\"754\">\n<p data-start=\"691\" data-end=\"754\"><strong data-start=\"691\" data-end=\"712\">Teneur en nicotine :<\/strong> <span class=\"relative -mx-px my-[-0.2rem] rounded px-px py-[0.2rem] transition-colors duration-100 ease-in-out\">13,5 mg\/pochette<\/span><\/p>\n<\/li>\n<li data-start=\"755\" data-end=\"782\">\n<p data-start=\"757\" data-end=\"782\"><strong data-start=\"757\" data-end=\"777\">Sachets par bo\u00eete :<\/strong> 21<\/p>\n<\/li>\n<li data-start=\"783\" data-end=\"887\">\n<p data-start=\"785\" data-end=\"887\"><strong data-start=\"785\" data-end=\"808\">Poids net par bo\u00eete :<\/strong> <span class=\"relative -mx-px my-[-0.2rem] rounded px-px py-[0.2rem] transition-colors duration-100 ease-in-out\">14.3 g<\/span><\/p>\n<\/li>\n<\/ul>\n<p data-start=\"889\" data-end=\"967\"><span class=\"relative -mx-px my-[-0.2rem] rounded px-px py-[0.2rem] transition-colors duration-100 ease-in-out\">D\u00e9couvrez la sensation menthol\u00e9e ultime avec ZYN Menthol Ice - o\u00f9 l'ar\u00f4me intense rencontre la super puissance.<\/span><\/p>","protected":false},"featured_media":1622,"template":"","meta":[],"product_brand":[294],"product_cat":[49],"product_tag":[171],"class_list":{"0":"post-1425","1":"product","2":"type-product","3":"status-publish","4":"has-post-thumbnail","6":"product_brand-zyn","7":"product_cat-zyn","8":"product_tag-strong-12-20mg","10":"first","11":"instock","12":"sale","13":"shipping-taxable","14":"purchasable","15":"product-type-simple"},"yoast_head":"<!-- This site is optimized with the Yoast SEO Premium plugin v25.9 (Yoast SEO v26.0) - https:\/\/yoast.com\/wordpress\/plugins\/seo\/ -->\n<title>ZYN Menthol Ice Slim Super Strong - Arab Pouches<\/title>\n<meta name=\"robots\" content=\"index, follow, max-snippet:-1, max-image-preview:large, max-video-preview:-1\" \/>\n<link rel=\"canonical\" href=\"https:\/\/arabpouches.com\/fr\/nyhet-zyn-menthol-ice-slim-super-strong-13-5-mg-pouch\/\" \/>\n<meta property=\"og:locale\" content=\"fr_FR\" \/>\n<meta property=\"og:type\" content=\"article\" \/>\n<meta property=\"og:title\" content=\"ZYN Menthol Ice Slim Super Strong\" \/>\n<meta property=\"og:description\" content=\"ZYN Menthol Ice \u2013 Intense menthol with an arctic edge Formerly known as Deep Freeze, ZYN Menthol Ice Slim Super Strong delivers a powerful menthol flavor with an icy, refreshing kick. Designed for experienced users, these tobacco-free pouches offer a clean, potent nicotine experience. With approximately 13.5 mg of nicotine per pouch, the slim, dry format ensures a discreet fit, minimal drip, and rapid nicotine release. Product Facts  Brand: ZYN  Strength: Super Strong  Type: Nicotine pouches (tobacco-free)  Format: Slim  Flavor profile: Menthol  Nicotine content: 13.5 mg\/pouch  Pouches per can: 21  Net weight per can: 14.3 g  Experience the ultimate menthol sensation with ZYN Menthol Ice \u2013 where intense flavor meets Super strength.\" \/>\n<meta property=\"og:url\" content=\"https:\/\/arabpouches.com\/fr\/nyhet-zyn-menthol-ice-slim-super-strong-13-5-mg-pouch\/\" \/>\n<meta property=\"og:site_name\" content=\"Arab Pouches\" \/>\n<meta property=\"article:modified_time\" content=\"2025-09-17T02:52:08+00:00\" \/>\n<meta property=\"og:image\" content=\"https:\/\/arabpouches.com\/wp-content\/uploads\/2025\/08\/Zyn-menthol-ice.png\" \/>\n\t<meta property=\"og:image:width\" content=\"500\" \/>\n\t<meta property=\"og:image:height\" content=\"500\" \/>\n\t<meta property=\"og:image:type\" content=\"image\/png\" \/>\n<meta name=\"twitter:card\" content=\"summary_large_image\" \/>\n<meta name=\"twitter:label1\" content=\"Prix\" \/>\n\t<meta name=\"twitter:data1\" content=\"&#036;7.90\" \/>\n\t<meta name=\"twitter:label2\" content=\"Disponibilit\u00e9\" \/>\n\t<meta name=\"twitter:data2\" content=\"En stock\" \/>\n<script type=\"application\/ld+json\" class=\"yoast-schema-graph\">{\"@context\":\"https:\/\/schema.org\",\"@graph\":[{\"@type\":\"WebPage\",\"@id\":\"https:\/\/arabpouches.com\/nyhet-zyn-menthol-ice-slim-super-strong-13-5-mg-pouch\/\",\"url\":\"https:\/\/arabpouches.com\/nyhet-zyn-menthol-ice-slim-super-strong-13-5-mg-pouch\/\",\"name\":\"ZYN Menthol Ice Slim Super Strong - Arab Pouches\",\"isPartOf\":{\"@id\":\"https:\/\/arabpouches.com\/#website\"},\"primaryImageOfPage\":{\"@id\":\"https:\/\/arabpouches.com\/nyhet-zyn-menthol-ice-slim-super-strong-13-5-mg-pouch\/#primaryimage\"},\"image\":{\"@id\":\"https:\/\/arabpouches.com\/nyhet-zyn-menthol-ice-slim-super-strong-13-5-mg-pouch\/#primaryimage\"},\"thumbnailUrl\":\"https:\/\/arabpouches.com\/wp-content\/uploads\/2025\/08\/Zyn-menthol-ice.png\",\"datePublished\":\"2025-07-31T17:05:57+00:00\",\"dateModified\":\"2025-09-17T02:52:08+00:00\",\"breadcrumb\":{\"@id\":\"https:\/\/arabpouches.com\/nyhet-zyn-menthol-ice-slim-super-strong-13-5-mg-pouch\/#breadcrumb\"},\"inLanguage\":\"fr-FR\",\"potentialAction\":[{\"@type\":\"ReadAction\",\"target\":[\"https:\/\/arabpouches.com\/nyhet-zyn-menthol-ice-slim-super-strong-13-5-mg-pouch\/\"]}]},{\"@type\":\"ImageObject\",\"inLanguage\":\"fr-FR\",\"@id\":\"https:\/\/arabpouches.com\/nyhet-zyn-menthol-ice-slim-super-strong-13-5-mg-pouch\/#primaryimage\",\"url\":\"https:\/\/arabpouches.com\/wp-content\/uploads\/2025\/08\/Zyn-menthol-ice.png\",\"contentUrl\":\"https:\/\/arabpouches.com\/wp-content\/uploads\/2025\/08\/Zyn-menthol-ice.png\",\"width\":500,\"height\":500},{\"@type\":\"BreadcrumbList\",\"@id\":\"https:\/\/arabpouches.com\/nyhet-zyn-menthol-ice-slim-super-strong-13-5-mg-pouch\/#breadcrumb\",\"itemListElement\":[{\"@type\":\"ListItem\",\"position\":1,\"name\":\"Home\",\"item\":\"https:\/\/arabpouches.com\/\"},{\"@type\":\"ListItem\",\"position\":2,\"name\":\"Shop\",\"item\":\"https:\/\/arabpouches.com\/shop\/\"},{\"@type\":\"ListItem\",\"position\":3,\"name\":\"ZYN Menthol Ice Slim Super Strong\"}]},{\"@type\":\"WebSite\",\"@id\":\"https:\/\/arabpouches.com\/#website\",\"url\":\"https:\/\/arabpouches.com\/\",\"name\":\"arabpouches.com\",\"description\":\"Nicotine Pouches Middle East\",\"publisher\":{\"@id\":\"https:\/\/arabpouches.com\/#organization\"},\"potentialAction\":[{\"@type\":\"SearchAction\",\"target\":{\"@type\":\"EntryPoint\",\"urlTemplate\":\"https:\/\/arabpouches.com\/?s={search_term_string}\"},\"query-input\":{\"@type\":\"PropertyValueSpecification\",\"valueRequired\":true,\"valueName\":\"search_term_string\"}}],\"inLanguage\":\"fr-FR\"},{\"@type\":\"Organization\",\"@id\":\"https:\/\/arabpouches.com\/#organization\",\"name\":\"Arab Pouches\",\"url\":\"https:\/\/arabpouches.com\/\",\"logo\":{\"@type\":\"ImageObject\",\"inLanguage\":\"fr-FR\",\"@id\":\"https:\/\/arabpouches.com\/#\/schema\/logo\/image\/\",\"url\":\"https:\/\/arabpouches.com\/wp-content\/uploads\/2025\/06\/cropped-Untitled-design-100.png\",\"contentUrl\":\"https:\/\/arabpouches.com\/wp-content\/uploads\/2025\/06\/cropped-Untitled-design-100.png\",\"width\":512,\"height\":512,\"caption\":\"Arab Pouches\"},\"image\":{\"@id\":\"https:\/\/arabpouches.com\/#\/schema\/logo\/image\/\"},\"hasMerchantReturnPolicy\":{\"@type\":\"MerchantReturnPolicy\",\"merchantReturnLink\":\"https:\/\/arabpouches.com\/fr\/politique-de-remboursement-et-de-retour\/\"}}]}<\/script>\n<meta property=\"product:brand\" content=\"ZYN\" \/>\n<meta property=\"product:price:amount\" content=\"7.90\" \/>\n<meta property=\"product:price:currency\" content=\"USD\" \/>\n<meta property=\"og:availability\" content=\"instock\" \/>\n<meta property=\"product:availability\" content=\"instock\" \/>\n<meta property=\"product:retailer_item_id\" content=\"ZYN-MENT-13.5MG\" \/>\n<meta property=\"product:condition\" content=\"new\" \/>\n<!-- \/ Yoast SEO Premium plugin. -->","yoast_head_json":{"title":"ZYN Menthol Ice Slim Super Strong - Sachets Arabes","robots":{"index":"index","follow":"follow","max-snippet":"max-snippet:-1","max-image-preview":"max-image-preview:large","max-video-preview":"max-video-preview:-1"},"canonical":"https:\/\/arabpouches.com\/fr\/nyhet-zyn-menthol-ice-slim-super-strong-13-5-mg-pouch\/","og_locale":"fr_FR","og_type":"article","og_title":"ZYN Menthol Ice Slim Super Strong","og_description":"ZYN Menthol Ice \u2013 Intense menthol with an arctic edge Formerly known as Deep Freeze, ZYN Menthol Ice Slim Super Strong delivers a powerful menthol flavor with an icy, refreshing kick. Designed for experienced users, these tobacco-free pouches offer a clean, potent nicotine experience. With approximately 13.5 mg of nicotine per pouch, the slim, dry format ensures a discreet fit, minimal drip, and rapid nicotine release. Product Facts  Brand: ZYN  Strength: Super Strong  Type: Nicotine pouches (tobacco-free)  Format: Slim  Flavor profile: Menthol  Nicotine content: 13.5 mg\/pouch  Pouches per can: 21  Net weight per can: 14.3 g  Experience the ultimate menthol sensation with ZYN Menthol Ice \u2013 where intense flavor meets Super strength.","og_url":"https:\/\/arabpouches.com\/fr\/nyhet-zyn-menthol-ice-slim-super-strong-13-5-mg-pouch\/","og_site_name":"Arab Pouches","article_modified_time":"2025-09-17T02:52:08+00:00","og_image":[{"width":500,"height":500,"url":"https:\/\/arabpouches.com\/wp-content\/uploads\/2025\/08\/Zyn-menthol-ice.png","type":"image\/png"}],"twitter_card":"summary_large_image","twitter_misc":{"Prix":"&#36;7.90","Disponibilit\u00e9":"En stock"},"schema":{"@context":"https:\/\/schema.org","@graph":[{"@type":"WebPage","@id":"https:\/\/arabpouches.com\/nyhet-zyn-menthol-ice-slim-super-strong-13-5-mg-pouch\/","url":"https:\/\/arabpouches.com\/nyhet-zyn-menthol-ice-slim-super-strong-13-5-mg-pouch\/","name":"ZYN Menthol Ice Slim Super Strong - Sachets Arabes","isPartOf":{"@id":"https:\/\/arabpouches.com\/#website"},"primaryImageOfPage":{"@id":"https:\/\/arabpouches.com\/nyhet-zyn-menthol-ice-slim-super-strong-13-5-mg-pouch\/#primaryimage"},"image":{"@id":"https:\/\/arabpouches.com\/nyhet-zyn-menthol-ice-slim-super-strong-13-5-mg-pouch\/#primaryimage"},"thumbnailUrl":"https:\/\/arabpouches.com\/wp-content\/uploads\/2025\/08\/Zyn-menthol-ice.png","datePublished":"2025-07-31T17:05:57+00:00","dateModified":"2025-09-17T02:52:08+00:00","breadcrumb":{"@id":"https:\/\/arabpouches.com\/nyhet-zyn-menthol-ice-slim-super-strong-13-5-mg-pouch\/#breadcrumb"},"inLanguage":"fr-FR","potentialAction":[{"@type":"ReadAction","target":["https:\/\/arabpouches.com\/nyhet-zyn-menthol-ice-slim-super-strong-13-5-mg-pouch\/"]}]},{"@type":"ImageObject","inLanguage":"fr-FR","@id":"https:\/\/arabpouches.com\/nyhet-zyn-menthol-ice-slim-super-strong-13-5-mg-pouch\/#primaryimage","url":"https:\/\/arabpouches.com\/wp-content\/uploads\/2025\/08\/Zyn-menthol-ice.png","contentUrl":"https:\/\/arabpouches.com\/wp-content\/uploads\/2025\/08\/Zyn-menthol-ice.png","width":500,"height":500},{"@type":"BreadcrumbList","@id":"https:\/\/arabpouches.com\/nyhet-zyn-menthol-ice-slim-super-strong-13-5-mg-pouch\/#breadcrumb","itemListElement":[{"@type":"ListItem","position":1,"name":"Home","item":"https:\/\/arabpouches.com\/"},{"@type":"ListItem","position":2,"name":"Shop","item":"https:\/\/arabpouches.com\/shop\/"},{"@type":"ListItem","position":3,"name":"ZYN Menthol Ice Slim Super Strong"}]},{"@type":"WebSite","@id":"https:\/\/arabpouches.com\/#website","url":"https:\/\/arabpouches.com\/","name":"arabpouches.com","description":"Sachets de nicotine Moyen-Orient","publisher":{"@id":"https:\/\/arabpouches.com\/#organization"},"potentialAction":[{"@type":"SearchAction","target":{"@type":"EntryPoint","urlTemplate":"https:\/\/arabpouches.com\/?s={search_term_string}"},"query-input":{"@type":"PropertyValueSpecification","valueRequired":true,"valueName":"search_term_string"}}],"inLanguage":"fr-FR"},{"@type":"Organization","@id":"https:\/\/arabpouches.com\/#organization","name":"Pochettes arabes","url":"https:\/\/arabpouches.com\/","logo":{"@type":"ImageObject","inLanguage":"fr-FR","@id":"https:\/\/arabpouches.com\/#\/schema\/logo\/image\/","url":"https:\/\/arabpouches.com\/wp-content\/uploads\/2025\/06\/cropped-Untitled-design-100.png","contentUrl":"https:\/\/arabpouches.com\/wp-content\/uploads\/2025\/06\/cropped-Untitled-design-100.png","width":512,"height":512,"caption":"Arab Pouches"},"image":{"@id":"https:\/\/arabpouches.com\/#\/schema\/logo\/image\/"},"hasMerchantReturnPolicy":{"@type":"MerchantReturnPolicy","merchantReturnLink":"https:\/\/arabpouches.com\/fr\/politique-de-remboursement-et-de-retour\/"}}]},"product_brand":"ZYN","product_price_amount":"7.90","product_price_currency":"USD","og_availability":"instock","product_availability":"instock","product_retailer_item_id":"ZYN-MENT-13.5MG","product_condition":"new"},"_links":{"self":[{"href":"https:\/\/arabpouches.com\/fr\/wp-json\/wp\/v2\/product\/1425","targetHints":{"allow":["GET"]}}],"collection":[{"href":"https:\/\/arabpouches.com\/fr\/wp-json\/wp\/v2\/product"}],"about":[{"href":"https:\/\/arabpouches.com\/fr\/wp-json\/wp\/v2\/types\/product"}],"wp:featuredmedia":[{"embeddable":true,"href":"https:\/\/arabpouches.com\/fr\/wp-json\/wp\/v2\/media\/1622"}],"wp:attachment":[{"href":"https:\/\/arabpouches.com\/fr\/wp-json\/wp\/v2\/media?parent=1425"}],"wp:term":[{"taxonomy":"product_brand","embeddable":true,"href":"https:\/\/arabpouches.com\/fr\/wp-json\/wp\/v2\/product_brand?post=1425"},{"taxonomy":"product_cat","embeddable":true,"href":"https:\/\/arabpouches.com\/fr\/wp-json\/wp\/v2\/product_cat?post=1425"},{"taxonomy":"product_tag","embeddable":true,"href":"https:\/\/arabpouches.com\/fr\/wp-json\/wp\/v2\/product_tag?post=1425"}],"curies":[{"name":"wp","href":"https:\/\/api.w.org\/{rel}","templated":true}]}}