{"id":1422,"date":"2025-07-31T17:05:00","date_gmt":"2025-07-31T17:05:00","guid":{"rendered":"https:\/\/arabpouches.com\/garant-extreme-edition-28-mg-pouch\/"},"modified":"2025-09-17T02:17:58","modified_gmt":"2025-09-17T02:17:58","slug":"garant-extreme-edition-28-mg-pouch","status":"publish","type":"product","link":"https:\/\/arabpouches.com\/fr\/garant-extreme-edition-28-mg-pouch\/","title":{"rendered":"Garant Edition Extr\u00eame"},"content":{"rendered":"<h2 data-start=\"153\" data-end=\"211\">Garant Extreme Edition - Saveur pure, intensit\u00e9 maximale<\/h2>\n<p data-start=\"213\" data-end=\"296\"><strong data-start=\"213\" data-end=\"296\">Menthe pure et glac\u00e9e avec une force implacable - tranchante, douce et ultra-puissante.<\/strong><\/p>\n<p data-start=\"298\" data-end=\"528\"><strong data-start=\"298\" data-end=\"323\">Garant Edition Extr\u00eame<\/strong> offre une exp\u00e9rience de menthe non filtr\u00e9e avec une explosion de menthol audacieuse con\u00e7ue pour les utilisateurs s\u00e9rieux. C'est un sachet sans fioritures qui frappe fort et reste vif, id\u00e9al pour ceux qui exigent \u00e0 la fois force et simplicit\u00e9.<\/p>\n<p data-start=\"530\" data-end=\"661\">Avec environ <strong>28<\/strong><strong data-start=\"543\" data-end=\"577\">\u00a0mg de nicotine par sachet<\/strong>, le <strong data-start=\"583\" data-end=\"598\">Format \u00e9troit<\/strong> assure une distribution discr\u00e8te, avec peu de gouttes et une puissance durable.<\/p>\n<p data-start=\"663\" data-end=\"749\">Comme toujours, <strong data-start=\"674\" data-end=\"695\">100% sans tabac<\/strong>Il s'agit d'un programme d'une grande qualit\u00e9, d'une force redoutable, destin\u00e9 \u00e0 des personnes vraiment exp\u00e9riment\u00e9es.<\/p>\n<hr data-start=\"751\" data-end=\"754\">\n<h3 data-start=\"756\" data-end=\"773\">Faits concernant le produit<\/h3>\n<ul data-start=\"775\" data-end=\"1052\">\n<li data-start=\"775\" data-end=\"795\">\n<p data-start=\"777\" data-end=\"795\"><strong data-start=\"777\" data-end=\"787\">Marque :<\/strong> Garant<\/p>\n<\/li>\n<li data-start=\"796\" data-end=\"821\">\n<p data-start=\"798\" data-end=\"821\"><strong data-start=\"798\" data-end=\"811\">La force :<\/strong> Extr\u00eame<\/p>\n<\/li>\n<li data-start=\"822\" data-end=\"867\">\n<p data-start=\"824\" data-end=\"867\"><strong data-start=\"824\" data-end=\"833\">Type :<\/strong> Sachets de nicotine (sans tabac)<\/p>\n<\/li>\n<li data-start=\"868\" data-end=\"888\">\n<p data-start=\"870\" data-end=\"888\"><strong data-start=\"870\" data-end=\"881\">Format :<\/strong> Mince<\/p>\n<\/li>\n<li data-start=\"889\" data-end=\"933\">\n<p data-start=\"891\" data-end=\"933\"><strong data-start=\"891\" data-end=\"910\">Profil de saveur :<\/strong> Menthe forte, menthol<\/p>\n<\/li>\n<li data-start=\"934\" data-end=\"982\">\n<p data-start=\"936\" data-end=\"982\"><strong data-start=\"936\" data-end=\"957\">Teneur en nicotine :<\/strong> 28 mg\/pochette<\/p>\n<\/li>\n<li data-start=\"983\" data-end=\"1018\">\n<p data-start=\"985\" data-end=\"1018\"><strong data-start=\"985\" data-end=\"1005\">Sachets par bo\u00eete :<\/strong> 27<\/p>\n<\/li>\n<li data-start=\"1019\" data-end=\"1052\">\n<p data-start=\"1021\" data-end=\"1052\"><strong data-start=\"1021\" data-end=\"1044\">Poids net par bo\u00eete :<\/strong> ~16 g<\/p>\n<\/li>\n<\/ul>","protected":false},"excerpt":{"rendered":"<h2 data-start=\"153\" data-end=\"211\">Garant Extreme Edition - Saveur pure, intensit\u00e9 maximale<\/h2>\n<p data-start=\"213\" data-end=\"296\"><strong data-start=\"213\" data-end=\"296\">Menthe pure et glac\u00e9e avec une force implacable - tranchante, douce et ultra-puissante.<\/strong><\/p>\n<p data-start=\"298\" data-end=\"528\"><strong data-start=\"298\" data-end=\"323\">Garant Edition Extr\u00eame<\/strong> offre une exp\u00e9rience de menthe non filtr\u00e9e avec une explosion de menthol audacieuse con\u00e7ue pour les utilisateurs s\u00e9rieux. C'est un sachet sans fioritures qui frappe fort et reste vif, id\u00e9al pour ceux qui exigent \u00e0 la fois force et simplicit\u00e9.<\/p>\n<p data-start=\"530\" data-end=\"661\">Avec environ <strong>28<\/strong><strong data-start=\"543\" data-end=\"577\">\u00a0mg de nicotine par sachet<\/strong>, le <strong data-start=\"583\" data-end=\"598\">Format \u00e9troit<\/strong> assure une distribution discr\u00e8te, avec peu de gouttes et une puissance durable.<\/p>\n<p data-start=\"663\" data-end=\"749\">Comme toujours, <strong data-start=\"674\" data-end=\"695\">100% sans tabac<\/strong>Il s'agit d'un programme d'une grande qualit\u00e9, d'une force redoutable, destin\u00e9 \u00e0 des personnes vraiment exp\u00e9riment\u00e9es.<\/p>\n<hr data-start=\"751\" data-end=\"754\">\n<h3 data-start=\"756\" data-end=\"773\">Faits concernant le produit<\/h3>\n<ul data-start=\"775\" data-end=\"1052\">\n<li data-start=\"775\" data-end=\"795\">\n<p data-start=\"777\" data-end=\"795\"><strong data-start=\"777\" data-end=\"787\">Marque :<\/strong> Garant<\/p>\n<\/li>\n<li data-start=\"796\" data-end=\"821\">\n<p data-start=\"798\" data-end=\"821\"><strong data-start=\"798\" data-end=\"811\">La force :<\/strong> Extr\u00eame<\/p>\n<\/li>\n<li data-start=\"822\" data-end=\"867\">\n<p data-start=\"824\" data-end=\"867\"><strong data-start=\"824\" data-end=\"833\">Type :<\/strong> Sachets de nicotine (sans tabac)<\/p>\n<\/li>\n<li data-start=\"868\" data-end=\"888\">\n<p data-start=\"870\" data-end=\"888\"><strong data-start=\"870\" data-end=\"881\">Format :<\/strong> Mince<\/p>\n<\/li>\n<li data-start=\"889\" data-end=\"933\">\n<p data-start=\"891\" data-end=\"933\"><strong data-start=\"891\" data-end=\"910\">Profil de saveur :<\/strong> Menthe forte, menthol<\/p>\n<\/li>\n<li data-start=\"934\" data-end=\"982\">\n<p data-start=\"936\" data-end=\"982\"><strong data-start=\"936\" data-end=\"957\">Teneur en nicotine :<\/strong> 28 mg\/pochette<\/p>\n<\/li>\n<li data-start=\"983\" data-end=\"1018\">\n<p data-start=\"985\" data-end=\"1018\"><strong data-start=\"985\" data-end=\"1005\">Sachets par bo\u00eete :<\/strong> 27<\/p>\n<\/li>\n<li data-start=\"1019\" data-end=\"1052\">\n<p data-start=\"1021\" data-end=\"1052\"><strong data-start=\"1021\" data-end=\"1044\">Poids net par bo\u00eete :<\/strong> ~16 g<\/p>\n<\/li>\n<\/ul>","protected":false},"featured_media":1495,"template":"","meta":[],"product_brand":[266],"product_cat":[122],"product_tag":[172],"class_list":{"0":"post-1422","1":"product","2":"type-product","3":"status-publish","4":"has-post-thumbnail","6":"product_brand-garant","7":"product_cat-garant","8":"product_tag-extreme-20mg","10":"first","11":"instock","12":"sale","13":"shipping-taxable","14":"purchasable","15":"product-type-simple"},"yoast_head":"<!-- This site is optimized with the Yoast SEO Premium plugin v25.9 (Yoast SEO v26.0) - https:\/\/yoast.com\/wordpress\/plugins\/seo\/ -->\n<title>Garant Extreme Edition - Arab Pouches<\/title>\n<meta name=\"robots\" content=\"index, follow, max-snippet:-1, max-image-preview:large, max-video-preview:-1\" \/>\n<link rel=\"canonical\" href=\"https:\/\/arabpouches.com\/fr\/garant-extreme-edition-28-mg-pouch\/\" \/>\n<meta property=\"og:locale\" content=\"fr_FR\" \/>\n<meta property=\"og:type\" content=\"article\" \/>\n<meta property=\"og:title\" content=\"Garant Extreme Edition\" \/>\n<meta property=\"og:description\" content=\"Garant Extreme Edition \u2013 Clean flavor, maximum intensity Pure and icy mint with relentless strength \u2013 sharp, smooth, and ultra-powerful. Garant Extreme Edition delivers an unfiltered mint experience with a bold menthol blast designed for serious users. It\u2019s a no-frills pouch that hits hard and stays crisp, ideal for those who demand both strength and simplicity. With approx. 28\u00a0mg of nicotine per pouch, the Slim format ensures a discreet, low-drip delivery with long-lasting power. As always, 100% tobacco-free, fiercely strong, and made for the truly experienced. Product Facts  Brand: Garant  Strength: Extreme  Type: Nicotine pouches (tobacco-free)  Format: Slim  Flavor profile: Strong mint, menthol  Nicotine content: 28 mg\/pouch  Pouches per can: 27  Net weight per can: ~16 g\" \/>\n<meta property=\"og:url\" content=\"https:\/\/arabpouches.com\/fr\/garant-extreme-edition-28-mg-pouch\/\" \/>\n<meta property=\"og:site_name\" content=\"Arab Pouches\" \/>\n<meta property=\"article:modified_time\" content=\"2025-09-17T02:17:58+00:00\" \/>\n<meta property=\"og:image\" content=\"https:\/\/arabpouches.com\/wp-content\/uploads\/2025\/08\/extreme_TOP_3.png\" \/>\n\t<meta property=\"og:image:width\" content=\"1080\" \/>\n\t<meta property=\"og:image:height\" content=\"1080\" \/>\n\t<meta property=\"og:image:type\" content=\"image\/png\" \/>\n<meta name=\"twitter:card\" content=\"summary_large_image\" \/>\n<meta name=\"twitter:label1\" content=\"Prix\" \/>\n\t<meta name=\"twitter:data1\" content=\"&#036;7.90\" \/>\n\t<meta name=\"twitter:label2\" content=\"Disponibilit\u00e9\" \/>\n\t<meta name=\"twitter:data2\" content=\"En stock\" \/>\n<script type=\"application\/ld+json\" class=\"yoast-schema-graph\">{\"@context\":\"https:\/\/schema.org\",\"@graph\":[{\"@type\":\"WebPage\",\"@id\":\"https:\/\/arabpouches.com\/garant-extreme-edition-28-mg-pouch\/\",\"url\":\"https:\/\/arabpouches.com\/garant-extreme-edition-28-mg-pouch\/\",\"name\":\"Garant Extreme Edition - Arab Pouches\",\"isPartOf\":{\"@id\":\"https:\/\/arabpouches.com\/#website\"},\"primaryImageOfPage\":{\"@id\":\"https:\/\/arabpouches.com\/garant-extreme-edition-28-mg-pouch\/#primaryimage\"},\"image\":{\"@id\":\"https:\/\/arabpouches.com\/garant-extreme-edition-28-mg-pouch\/#primaryimage\"},\"thumbnailUrl\":\"https:\/\/arabpouches.com\/wp-content\/uploads\/2025\/08\/extreme_TOP_3.png\",\"datePublished\":\"2025-07-31T17:05:00+00:00\",\"dateModified\":\"2025-09-17T02:17:58+00:00\",\"breadcrumb\":{\"@id\":\"https:\/\/arabpouches.com\/garant-extreme-edition-28-mg-pouch\/#breadcrumb\"},\"inLanguage\":\"fr-FR\",\"potentialAction\":[{\"@type\":\"ReadAction\",\"target\":[\"https:\/\/arabpouches.com\/garant-extreme-edition-28-mg-pouch\/\"]}]},{\"@type\":\"ImageObject\",\"inLanguage\":\"fr-FR\",\"@id\":\"https:\/\/arabpouches.com\/garant-extreme-edition-28-mg-pouch\/#primaryimage\",\"url\":\"https:\/\/arabpouches.com\/wp-content\/uploads\/2025\/08\/extreme_TOP_3.png\",\"contentUrl\":\"https:\/\/arabpouches.com\/wp-content\/uploads\/2025\/08\/extreme_TOP_3.png\",\"width\":1080,\"height\":1080},{\"@type\":\"BreadcrumbList\",\"@id\":\"https:\/\/arabpouches.com\/garant-extreme-edition-28-mg-pouch\/#breadcrumb\",\"itemListElement\":[{\"@type\":\"ListItem\",\"position\":1,\"name\":\"Home\",\"item\":\"https:\/\/arabpouches.com\/\"},{\"@type\":\"ListItem\",\"position\":2,\"name\":\"Shop\",\"item\":\"https:\/\/arabpouches.com\/shop\/\"},{\"@type\":\"ListItem\",\"position\":3,\"name\":\"Garant Extreme Edition\"}]},{\"@type\":\"WebSite\",\"@id\":\"https:\/\/arabpouches.com\/#website\",\"url\":\"https:\/\/arabpouches.com\/\",\"name\":\"arabpouches.com\",\"description\":\"Nicotine Pouches Middle East\",\"publisher\":{\"@id\":\"https:\/\/arabpouches.com\/#organization\"},\"potentialAction\":[{\"@type\":\"SearchAction\",\"target\":{\"@type\":\"EntryPoint\",\"urlTemplate\":\"https:\/\/arabpouches.com\/?s={search_term_string}\"},\"query-input\":{\"@type\":\"PropertyValueSpecification\",\"valueRequired\":true,\"valueName\":\"search_term_string\"}}],\"inLanguage\":\"fr-FR\"},{\"@type\":\"Organization\",\"@id\":\"https:\/\/arabpouches.com\/#organization\",\"name\":\"Arab Pouches\",\"url\":\"https:\/\/arabpouches.com\/\",\"logo\":{\"@type\":\"ImageObject\",\"inLanguage\":\"fr-FR\",\"@id\":\"https:\/\/arabpouches.com\/#\/schema\/logo\/image\/\",\"url\":\"https:\/\/arabpouches.com\/wp-content\/uploads\/2025\/06\/cropped-Untitled-design-100.png\",\"contentUrl\":\"https:\/\/arabpouches.com\/wp-content\/uploads\/2025\/06\/cropped-Untitled-design-100.png\",\"width\":512,\"height\":512,\"caption\":\"Arab Pouches\"},\"image\":{\"@id\":\"https:\/\/arabpouches.com\/#\/schema\/logo\/image\/\"},\"hasMerchantReturnPolicy\":{\"@type\":\"MerchantReturnPolicy\",\"merchantReturnLink\":\"https:\/\/arabpouches.com\/fr\/politique-de-remboursement-et-de-retour\/\"}}]}<\/script>\n<meta property=\"product:brand\" content=\"GARANT\" \/>\n<meta property=\"product:price:amount\" content=\"7.90\" \/>\n<meta property=\"product:price:currency\" content=\"USD\" \/>\n<meta property=\"og:availability\" content=\"instock\" \/>\n<meta property=\"product:availability\" content=\"instock\" \/>\n<meta property=\"product:retailer_item_id\" content=\"GRA-EXTR-50MG\" \/>\n<meta property=\"product:condition\" content=\"new\" \/>\n<!-- \/ Yoast SEO Premium plugin. -->","yoast_head_json":{"title":"Garant Extreme Edition - Pochettes arabes","robots":{"index":"index","follow":"follow","max-snippet":"max-snippet:-1","max-image-preview":"max-image-preview:large","max-video-preview":"max-video-preview:-1"},"canonical":"https:\/\/arabpouches.com\/fr\/garant-extreme-edition-28-mg-pouch\/","og_locale":"fr_FR","og_type":"article","og_title":"Garant Extreme Edition","og_description":"Garant Extreme Edition \u2013 Clean flavor, maximum intensity Pure and icy mint with relentless strength \u2013 sharp, smooth, and ultra-powerful. Garant Extreme Edition delivers an unfiltered mint experience with a bold menthol blast designed for serious users. It\u2019s a no-frills pouch that hits hard and stays crisp, ideal for those who demand both strength and simplicity. With approx. 28\u00a0mg of nicotine per pouch, the Slim format ensures a discreet, low-drip delivery with long-lasting power. As always, 100% tobacco-free, fiercely strong, and made for the truly experienced. Product Facts  Brand: Garant  Strength: Extreme  Type: Nicotine pouches (tobacco-free)  Format: Slim  Flavor profile: Strong mint, menthol  Nicotine content: 28 mg\/pouch  Pouches per can: 27  Net weight per can: ~16 g","og_url":"https:\/\/arabpouches.com\/fr\/garant-extreme-edition-28-mg-pouch\/","og_site_name":"Arab Pouches","article_modified_time":"2025-09-17T02:17:58+00:00","og_image":[{"width":1080,"height":1080,"url":"https:\/\/arabpouches.com\/wp-content\/uploads\/2025\/08\/extreme_TOP_3.png","type":"image\/png"}],"twitter_card":"summary_large_image","twitter_misc":{"Prix":"&#36;7.90","Disponibilit\u00e9":"En stock"},"schema":{"@context":"https:\/\/schema.org","@graph":[{"@type":"WebPage","@id":"https:\/\/arabpouches.com\/garant-extreme-edition-28-mg-pouch\/","url":"https:\/\/arabpouches.com\/garant-extreme-edition-28-mg-pouch\/","name":"Garant Extreme Edition - Pochettes arabes","isPartOf":{"@id":"https:\/\/arabpouches.com\/#website"},"primaryImageOfPage":{"@id":"https:\/\/arabpouches.com\/garant-extreme-edition-28-mg-pouch\/#primaryimage"},"image":{"@id":"https:\/\/arabpouches.com\/garant-extreme-edition-28-mg-pouch\/#primaryimage"},"thumbnailUrl":"https:\/\/arabpouches.com\/wp-content\/uploads\/2025\/08\/extreme_TOP_3.png","datePublished":"2025-07-31T17:05:00+00:00","dateModified":"2025-09-17T02:17:58+00:00","breadcrumb":{"@id":"https:\/\/arabpouches.com\/garant-extreme-edition-28-mg-pouch\/#breadcrumb"},"inLanguage":"fr-FR","potentialAction":[{"@type":"ReadAction","target":["https:\/\/arabpouches.com\/garant-extreme-edition-28-mg-pouch\/"]}]},{"@type":"ImageObject","inLanguage":"fr-FR","@id":"https:\/\/arabpouches.com\/garant-extreme-edition-28-mg-pouch\/#primaryimage","url":"https:\/\/arabpouches.com\/wp-content\/uploads\/2025\/08\/extreme_TOP_3.png","contentUrl":"https:\/\/arabpouches.com\/wp-content\/uploads\/2025\/08\/extreme_TOP_3.png","width":1080,"height":1080},{"@type":"BreadcrumbList","@id":"https:\/\/arabpouches.com\/garant-extreme-edition-28-mg-pouch\/#breadcrumb","itemListElement":[{"@type":"ListItem","position":1,"name":"Home","item":"https:\/\/arabpouches.com\/"},{"@type":"ListItem","position":2,"name":"Shop","item":"https:\/\/arabpouches.com\/shop\/"},{"@type":"ListItem","position":3,"name":"Garant Extreme Edition"}]},{"@type":"WebSite","@id":"https:\/\/arabpouches.com\/#website","url":"https:\/\/arabpouches.com\/","name":"arabpouches.com","description":"Sachets de nicotine Moyen-Orient","publisher":{"@id":"https:\/\/arabpouches.com\/#organization"},"potentialAction":[{"@type":"SearchAction","target":{"@type":"EntryPoint","urlTemplate":"https:\/\/arabpouches.com\/?s={search_term_string}"},"query-input":{"@type":"PropertyValueSpecification","valueRequired":true,"valueName":"search_term_string"}}],"inLanguage":"fr-FR"},{"@type":"Organization","@id":"https:\/\/arabpouches.com\/#organization","name":"Pochettes arabes","url":"https:\/\/arabpouches.com\/","logo":{"@type":"ImageObject","inLanguage":"fr-FR","@id":"https:\/\/arabpouches.com\/#\/schema\/logo\/image\/","url":"https:\/\/arabpouches.com\/wp-content\/uploads\/2025\/06\/cropped-Untitled-design-100.png","contentUrl":"https:\/\/arabpouches.com\/wp-content\/uploads\/2025\/06\/cropped-Untitled-design-100.png","width":512,"height":512,"caption":"Arab Pouches"},"image":{"@id":"https:\/\/arabpouches.com\/#\/schema\/logo\/image\/"},"hasMerchantReturnPolicy":{"@type":"MerchantReturnPolicy","merchantReturnLink":"https:\/\/arabpouches.com\/fr\/politique-de-remboursement-et-de-retour\/"}}]},"product_brand":"GARANT","product_price_amount":"7.90","product_price_currency":"USD","og_availability":"instock","product_availability":"instock","product_retailer_item_id":"GRA-EXTR-50MG","product_condition":"new"},"_links":{"self":[{"href":"https:\/\/arabpouches.com\/fr\/wp-json\/wp\/v2\/product\/1422","targetHints":{"allow":["GET"]}}],"collection":[{"href":"https:\/\/arabpouches.com\/fr\/wp-json\/wp\/v2\/product"}],"about":[{"href":"https:\/\/arabpouches.com\/fr\/wp-json\/wp\/v2\/types\/product"}],"wp:featuredmedia":[{"embeddable":true,"href":"https:\/\/arabpouches.com\/fr\/wp-json\/wp\/v2\/media\/1495"}],"wp:attachment":[{"href":"https:\/\/arabpouches.com\/fr\/wp-json\/wp\/v2\/media?parent=1422"}],"wp:term":[{"taxonomy":"product_brand","embeddable":true,"href":"https:\/\/arabpouches.com\/fr\/wp-json\/wp\/v2\/product_brand?post=1422"},{"taxonomy":"product_cat","embeddable":true,"href":"https:\/\/arabpouches.com\/fr\/wp-json\/wp\/v2\/product_cat?post=1422"},{"taxonomy":"product_tag","embeddable":true,"href":"https:\/\/arabpouches.com\/fr\/wp-json\/wp\/v2\/product_tag?post=1422"}],"curies":[{"name":"wp","href":"https:\/\/api.w.org\/{rel}","templated":true}]}}