{"id":1418,"date":"2025-07-31T17:05:00","date_gmt":"2025-07-31T17:05:00","guid":{"rendered":"https:\/\/arabpouches.com\/garant-extreme-ice-peach-28-mg-pouch\/"},"modified":"2025-09-17T02:22:18","modified_gmt":"2025-09-17T02:22:18","slug":"garant-extreme-ice-peach-28-mg-pouch","status":"publish","type":"product","link":"https:\/\/arabpouches.com\/fr\/garant-extreme-ice-peach-28-mg-pouch\/","title":{"rendered":"Garant Extreme Ice Peach"},"content":{"rendered":"<h2 data-start=\"172\" data-end=\"230\">Garant Extreme Ice Peach - P\u00eache juteuse avec un punch glac\u00e9<\/h2>\n<p data-start=\"232\" data-end=\"316\"><strong data-start=\"232\" data-end=\"316\">La p\u00eache sucr\u00e9e, m\u00fbrie au soleil, rencontre le menthol arctique - fruit\u00e9, frais et ultra-fort.<\/strong><\/p>\n<p data-start=\"318\" data-end=\"530\"><strong data-start=\"318\" data-end=\"345\">Grant Extreme Ice Peach<\/strong> allie la douceur de la p\u00eache \u00e0 un fini menthol\u00e9 rafra\u00eechissant. Id\u00e9al pour les utilisateurs qui appr\u00e9cient les saveurs fruit\u00e9es avec une puissance de nicotine importante et un hit net et pr\u00e9cis.<\/p>\n<p data-start=\"532\" data-end=\"662\">Avec environ <strong>28<\/strong><strong data-start=\"545\" data-end=\"579\">\u00a0mg de nicotine par sachet<\/strong>, le <strong data-start=\"585\" data-end=\"600\">Format \u00e9troit<\/strong> offre un confort discret, un faible taux d'\u00e9coulement et un effet durable.<\/p>\n<p data-start=\"664\" data-end=\"750\">Comme toujours, <strong data-start=\"675\" data-end=\"696\">100% sans tabac<\/strong>Il s'agit d'un produit de qualit\u00e9, aux saveurs intenses, destin\u00e9 aux utilisateurs exp\u00e9riment\u00e9s.<\/p>\n<hr data-start=\"752\" data-end=\"755\">\n<h3 data-start=\"757\" data-end=\"774\">Faits concernant le produit<\/h3>\n<ul data-start=\"776\" data-end=\"1047\">\n<li data-start=\"776\" data-end=\"796\">\n<p data-start=\"778\" data-end=\"796\"><strong data-start=\"778\" data-end=\"788\">Marque :<\/strong> Garant<\/p>\n<\/li>\n<li data-start=\"797\" data-end=\"822\">\n<p data-start=\"799\" data-end=\"822\"><strong data-start=\"799\" data-end=\"812\">La force :<\/strong> Extr\u00eame<\/p>\n<\/li>\n<li data-start=\"823\" data-end=\"868\">\n<p data-start=\"825\" data-end=\"868\"><strong data-start=\"825\" data-end=\"834\">Type :<\/strong> Sachets de nicotine (sans tabac)<\/p>\n<\/li>\n<li data-start=\"869\" data-end=\"889\">\n<p data-start=\"871\" data-end=\"889\"><strong data-start=\"871\" data-end=\"882\">Format :<\/strong> Mince<\/p>\n<\/li>\n<li data-start=\"890\" data-end=\"928\">\n<p data-start=\"892\" data-end=\"928\"><strong data-start=\"892\" data-end=\"911\">Profil de saveur :<\/strong> P\u00eache, menthol<\/p>\n<\/li>\n<li data-start=\"929\" data-end=\"977\">\n<p data-start=\"931\" data-end=\"977\"><strong data-start=\"931\" data-end=\"952\">Teneur en nicotine :<\/strong> 28 mg\/pochette<\/p>\n<\/li>\n<li data-start=\"978\" data-end=\"1013\">\n<p data-start=\"980\" data-end=\"1013\"><strong data-start=\"980\" data-end=\"1000\">Sachets par bo\u00eete :<\/strong> 27<\/p>\n<\/li>\n<li data-start=\"1014\" data-end=\"1047\">\n<p data-start=\"1016\" data-end=\"1047\"><strong data-start=\"1016\" data-end=\"1039\">Poids net par bo\u00eete :<\/strong> 16 g<\/p>\n<\/li>\n<\/ul>","protected":false},"excerpt":{"rendered":"<h2 data-start=\"172\" data-end=\"230\">Garant Extreme Ice Peach - P\u00eache juteuse avec un punch glac\u00e9<\/h2>\n<p data-start=\"232\" data-end=\"316\"><strong data-start=\"232\" data-end=\"316\">La p\u00eache sucr\u00e9e, m\u00fbrie au soleil, rencontre le menthol arctique - fruit\u00e9, frais et ultra-fort.<\/strong><\/p>\n<p data-start=\"318\" data-end=\"530\"><strong data-start=\"318\" data-end=\"345\">Grant Extreme Ice Peach<\/strong> allie la douceur de la p\u00eache \u00e0 un fini menthol\u00e9 rafra\u00eechissant. Id\u00e9al pour les utilisateurs qui appr\u00e9cient les saveurs fruit\u00e9es avec une puissance de nicotine importante et un hit net et pr\u00e9cis.<\/p>\n<p data-start=\"532\" data-end=\"662\">Avec environ <strong>28<\/strong><strong data-start=\"545\" data-end=\"579\">\u00a0mg de nicotine par sachet<\/strong>, le <strong data-start=\"585\" data-end=\"600\">Format \u00e9troit<\/strong> offre un confort discret, un faible taux d'\u00e9coulement et un effet durable.<\/p>\n<p data-start=\"664\" data-end=\"750\">Comme toujours, <strong data-start=\"675\" data-end=\"696\">100% sans tabac<\/strong>Il s'agit d'un produit de qualit\u00e9, aux saveurs intenses, destin\u00e9 aux utilisateurs exp\u00e9riment\u00e9s.<\/p>\n<hr data-start=\"752\" data-end=\"755\">\n<h3 data-start=\"757\" data-end=\"774\">Faits concernant le produit<\/h3>\n<ul data-start=\"776\" data-end=\"1047\">\n<li data-start=\"776\" data-end=\"796\">\n<p data-start=\"778\" data-end=\"796\"><strong data-start=\"778\" data-end=\"788\">Marque :<\/strong> Garant<\/p>\n<\/li>\n<li data-start=\"797\" data-end=\"822\">\n<p data-start=\"799\" data-end=\"822\"><strong data-start=\"799\" data-end=\"812\">La force :<\/strong> Extr\u00eame<\/p>\n<\/li>\n<li data-start=\"823\" data-end=\"868\">\n<p data-start=\"825\" data-end=\"868\"><strong data-start=\"825\" data-end=\"834\">Type :<\/strong> Sachets de nicotine (sans tabac)<\/p>\n<\/li>\n<li data-start=\"869\" data-end=\"889\">\n<p data-start=\"871\" data-end=\"889\"><strong data-start=\"871\" data-end=\"882\">Format :<\/strong> Mince<\/p>\n<\/li>\n<li data-start=\"890\" data-end=\"928\">\n<p data-start=\"892\" data-end=\"928\"><strong data-start=\"892\" data-end=\"911\">Profil de saveur :<\/strong> P\u00eache, menthol<\/p>\n<\/li>\n<li data-start=\"929\" data-end=\"977\">\n<p data-start=\"931\" data-end=\"977\"><strong data-start=\"931\" data-end=\"952\">Teneur en nicotine :<\/strong> 28 mg\/pochette<\/p>\n<\/li>\n<li data-start=\"978\" data-end=\"1013\">\n<p data-start=\"980\" data-end=\"1013\"><strong data-start=\"980\" data-end=\"1000\">Sachets par bo\u00eete :<\/strong> 27<\/p>\n<\/li>\n<li data-start=\"1014\" data-end=\"1047\">\n<p data-start=\"1016\" data-end=\"1047\"><strong data-start=\"1016\" data-end=\"1039\">Poids net par bo\u00eete :<\/strong> 16 g<\/p>\n<\/li>\n<\/ul>","protected":false},"featured_media":1500,"template":"","meta":[],"product_brand":[266],"product_cat":[122],"product_tag":[172],"class_list":{"0":"post-1418","1":"product","2":"type-product","3":"status-publish","4":"has-post-thumbnail","6":"product_brand-garant","7":"product_cat-garant","8":"product_tag-extreme-20mg","10":"first","11":"instock","12":"sale","13":"shipping-taxable","14":"purchasable","15":"product-type-simple"},"yoast_head":"<!-- This site is optimized with the Yoast SEO Premium plugin v25.9 (Yoast SEO v26.0) - https:\/\/yoast.com\/wordpress\/plugins\/seo\/ -->\n<title>Garant Extreme Ice Peach - Arab Pouches<\/title>\n<meta name=\"robots\" content=\"index, follow, max-snippet:-1, max-image-preview:large, max-video-preview:-1\" \/>\n<link rel=\"canonical\" href=\"https:\/\/arabpouches.com\/fr\/garant-extreme-ice-peach-28-mg-pouch\/\" \/>\n<meta property=\"og:locale\" content=\"fr_FR\" \/>\n<meta property=\"og:type\" content=\"article\" \/>\n<meta property=\"og:title\" content=\"Garant Extreme Ice Peach\" \/>\n<meta property=\"og:description\" content=\"Garant Extreme Ice Peach \u2013 Juicy peach with an icy punch Sweet, sun-ripened peach meets arctic menthol \u2013 fruity, fresh, and ultra-strong. Grant Extreme Ice Peach blends the smooth sweetness of peach with a chilling menthol finish for a refreshing twist. Ideal for users who enjoy fruity flavors with serious nicotine power and a crisp, clean hit. With approx. 28\u00a0mg of nicotine per pouch, the Slim format provides discreet comfort, low drip, and a long-lasting kick. As always, 100% tobacco-free, intensely flavorful, and made for experienced users. Product Facts  Brand: Garant  Strength: Extreme  Type: Nicotine pouches (tobacco-free)  Format: Slim  Flavor profile: Peach, menthol  Nicotine content: 28 mg\/pouch  Pouches per can: 27  Net weight per can: 16 g\" \/>\n<meta property=\"og:url\" content=\"https:\/\/arabpouches.com\/fr\/garant-extreme-ice-peach-28-mg-pouch\/\" \/>\n<meta property=\"og:site_name\" content=\"Arab Pouches\" \/>\n<meta property=\"article:modified_time\" content=\"2025-09-17T02:22:18+00:00\" \/>\n<meta property=\"og:image\" content=\"https:\/\/arabpouches.com\/wp-content\/uploads\/2025\/08\/3214515.png\" \/>\n\t<meta property=\"og:image:width\" content=\"500\" \/>\n\t<meta property=\"og:image:height\" content=\"500\" \/>\n\t<meta property=\"og:image:type\" content=\"image\/png\" \/>\n<meta name=\"twitter:card\" content=\"summary_large_image\" \/>\n<meta name=\"twitter:label1\" content=\"Prix\" \/>\n\t<meta name=\"twitter:data1\" content=\"&#036;7.90\" \/>\n\t<meta name=\"twitter:label2\" content=\"Disponibilit\u00e9\" \/>\n\t<meta name=\"twitter:data2\" content=\"En stock\" \/>\n<script type=\"application\/ld+json\" class=\"yoast-schema-graph\">{\"@context\":\"https:\/\/schema.org\",\"@graph\":[{\"@type\":\"WebPage\",\"@id\":\"https:\/\/arabpouches.com\/garant-extreme-ice-peach-28-mg-pouch\/\",\"url\":\"https:\/\/arabpouches.com\/garant-extreme-ice-peach-28-mg-pouch\/\",\"name\":\"Garant Extreme Ice Peach - Arab Pouches\",\"isPartOf\":{\"@id\":\"https:\/\/arabpouches.com\/#website\"},\"primaryImageOfPage\":{\"@id\":\"https:\/\/arabpouches.com\/garant-extreme-ice-peach-28-mg-pouch\/#primaryimage\"},\"image\":{\"@id\":\"https:\/\/arabpouches.com\/garant-extreme-ice-peach-28-mg-pouch\/#primaryimage\"},\"thumbnailUrl\":\"https:\/\/arabpouches.com\/wp-content\/uploads\/2025\/08\/3214515.png\",\"datePublished\":\"2025-07-31T17:05:00+00:00\",\"dateModified\":\"2025-09-17T02:22:18+00:00\",\"breadcrumb\":{\"@id\":\"https:\/\/arabpouches.com\/garant-extreme-ice-peach-28-mg-pouch\/#breadcrumb\"},\"inLanguage\":\"fr-FR\",\"potentialAction\":[{\"@type\":\"ReadAction\",\"target\":[\"https:\/\/arabpouches.com\/garant-extreme-ice-peach-28-mg-pouch\/\"]}]},{\"@type\":\"ImageObject\",\"inLanguage\":\"fr-FR\",\"@id\":\"https:\/\/arabpouches.com\/garant-extreme-ice-peach-28-mg-pouch\/#primaryimage\",\"url\":\"https:\/\/arabpouches.com\/wp-content\/uploads\/2025\/08\/3214515.png\",\"contentUrl\":\"https:\/\/arabpouches.com\/wp-content\/uploads\/2025\/08\/3214515.png\",\"width\":500,\"height\":500},{\"@type\":\"BreadcrumbList\",\"@id\":\"https:\/\/arabpouches.com\/garant-extreme-ice-peach-28-mg-pouch\/#breadcrumb\",\"itemListElement\":[{\"@type\":\"ListItem\",\"position\":1,\"name\":\"Home\",\"item\":\"https:\/\/arabpouches.com\/\"},{\"@type\":\"ListItem\",\"position\":2,\"name\":\"Shop\",\"item\":\"https:\/\/arabpouches.com\/shop\/\"},{\"@type\":\"ListItem\",\"position\":3,\"name\":\"Garant Extreme Ice Peach\"}]},{\"@type\":\"WebSite\",\"@id\":\"https:\/\/arabpouches.com\/#website\",\"url\":\"https:\/\/arabpouches.com\/\",\"name\":\"arabpouches.com\",\"description\":\"Nicotine Pouches Middle East\",\"publisher\":{\"@id\":\"https:\/\/arabpouches.com\/#organization\"},\"potentialAction\":[{\"@type\":\"SearchAction\",\"target\":{\"@type\":\"EntryPoint\",\"urlTemplate\":\"https:\/\/arabpouches.com\/?s={search_term_string}\"},\"query-input\":{\"@type\":\"PropertyValueSpecification\",\"valueRequired\":true,\"valueName\":\"search_term_string\"}}],\"inLanguage\":\"fr-FR\"},{\"@type\":\"Organization\",\"@id\":\"https:\/\/arabpouches.com\/#organization\",\"name\":\"Arab Pouches\",\"url\":\"https:\/\/arabpouches.com\/\",\"logo\":{\"@type\":\"ImageObject\",\"inLanguage\":\"fr-FR\",\"@id\":\"https:\/\/arabpouches.com\/#\/schema\/logo\/image\/\",\"url\":\"https:\/\/arabpouches.com\/wp-content\/uploads\/2025\/06\/cropped-Untitled-design-100.png\",\"contentUrl\":\"https:\/\/arabpouches.com\/wp-content\/uploads\/2025\/06\/cropped-Untitled-design-100.png\",\"width\":512,\"height\":512,\"caption\":\"Arab Pouches\"},\"image\":{\"@id\":\"https:\/\/arabpouches.com\/#\/schema\/logo\/image\/\"},\"hasMerchantReturnPolicy\":{\"@type\":\"MerchantReturnPolicy\",\"merchantReturnLink\":\"https:\/\/arabpouches.com\/fr\/politique-de-remboursement-et-de-retour\/\"}}]}<\/script>\n<meta property=\"product:brand\" content=\"GARANT\" \/>\n<meta property=\"product:price:amount\" content=\"7.90\" \/>\n<meta property=\"product:price:currency\" content=\"USD\" \/>\n<meta property=\"og:availability\" content=\"instock\" \/>\n<meta property=\"product:availability\" content=\"instock\" \/>\n<meta property=\"product:retailer_item_id\" content=\"GRA-PEAC-50MG\" \/>\n<meta property=\"product:condition\" content=\"new\" \/>\n<!-- \/ Yoast SEO Premium plugin. -->","yoast_head_json":{"title":"Garant Extreme Ice Peach - Sachets Arabes","robots":{"index":"index","follow":"follow","max-snippet":"max-snippet:-1","max-image-preview":"max-image-preview:large","max-video-preview":"max-video-preview:-1"},"canonical":"https:\/\/arabpouches.com\/fr\/garant-extreme-ice-peach-28-mg-pouch\/","og_locale":"fr_FR","og_type":"article","og_title":"Garant Extreme Ice Peach","og_description":"Garant Extreme Ice Peach \u2013 Juicy peach with an icy punch Sweet, sun-ripened peach meets arctic menthol \u2013 fruity, fresh, and ultra-strong. Grant Extreme Ice Peach blends the smooth sweetness of peach with a chilling menthol finish for a refreshing twist. Ideal for users who enjoy fruity flavors with serious nicotine power and a crisp, clean hit. With approx. 28\u00a0mg of nicotine per pouch, the Slim format provides discreet comfort, low drip, and a long-lasting kick. As always, 100% tobacco-free, intensely flavorful, and made for experienced users. Product Facts  Brand: Garant  Strength: Extreme  Type: Nicotine pouches (tobacco-free)  Format: Slim  Flavor profile: Peach, menthol  Nicotine content: 28 mg\/pouch  Pouches per can: 27  Net weight per can: 16 g","og_url":"https:\/\/arabpouches.com\/fr\/garant-extreme-ice-peach-28-mg-pouch\/","og_site_name":"Arab Pouches","article_modified_time":"2025-09-17T02:22:18+00:00","og_image":[{"width":500,"height":500,"url":"https:\/\/arabpouches.com\/wp-content\/uploads\/2025\/08\/3214515.png","type":"image\/png"}],"twitter_card":"summary_large_image","twitter_misc":{"Prix":"&#36;7.90","Disponibilit\u00e9":"En stock"},"schema":{"@context":"https:\/\/schema.org","@graph":[{"@type":"WebPage","@id":"https:\/\/arabpouches.com\/garant-extreme-ice-peach-28-mg-pouch\/","url":"https:\/\/arabpouches.com\/garant-extreme-ice-peach-28-mg-pouch\/","name":"Garant Extreme Ice Peach - Sachets Arabes","isPartOf":{"@id":"https:\/\/arabpouches.com\/#website"},"primaryImageOfPage":{"@id":"https:\/\/arabpouches.com\/garant-extreme-ice-peach-28-mg-pouch\/#primaryimage"},"image":{"@id":"https:\/\/arabpouches.com\/garant-extreme-ice-peach-28-mg-pouch\/#primaryimage"},"thumbnailUrl":"https:\/\/arabpouches.com\/wp-content\/uploads\/2025\/08\/3214515.png","datePublished":"2025-07-31T17:05:00+00:00","dateModified":"2025-09-17T02:22:18+00:00","breadcrumb":{"@id":"https:\/\/arabpouches.com\/garant-extreme-ice-peach-28-mg-pouch\/#breadcrumb"},"inLanguage":"fr-FR","potentialAction":[{"@type":"ReadAction","target":["https:\/\/arabpouches.com\/garant-extreme-ice-peach-28-mg-pouch\/"]}]},{"@type":"ImageObject","inLanguage":"fr-FR","@id":"https:\/\/arabpouches.com\/garant-extreme-ice-peach-28-mg-pouch\/#primaryimage","url":"https:\/\/arabpouches.com\/wp-content\/uploads\/2025\/08\/3214515.png","contentUrl":"https:\/\/arabpouches.com\/wp-content\/uploads\/2025\/08\/3214515.png","width":500,"height":500},{"@type":"BreadcrumbList","@id":"https:\/\/arabpouches.com\/garant-extreme-ice-peach-28-mg-pouch\/#breadcrumb","itemListElement":[{"@type":"ListItem","position":1,"name":"Home","item":"https:\/\/arabpouches.com\/"},{"@type":"ListItem","position":2,"name":"Shop","item":"https:\/\/arabpouches.com\/shop\/"},{"@type":"ListItem","position":3,"name":"Garant Extreme Ice Peach"}]},{"@type":"WebSite","@id":"https:\/\/arabpouches.com\/#website","url":"https:\/\/arabpouches.com\/","name":"arabpouches.com","description":"Sachets de nicotine Moyen-Orient","publisher":{"@id":"https:\/\/arabpouches.com\/#organization"},"potentialAction":[{"@type":"SearchAction","target":{"@type":"EntryPoint","urlTemplate":"https:\/\/arabpouches.com\/?s={search_term_string}"},"query-input":{"@type":"PropertyValueSpecification","valueRequired":true,"valueName":"search_term_string"}}],"inLanguage":"fr-FR"},{"@type":"Organization","@id":"https:\/\/arabpouches.com\/#organization","name":"Pochettes arabes","url":"https:\/\/arabpouches.com\/","logo":{"@type":"ImageObject","inLanguage":"fr-FR","@id":"https:\/\/arabpouches.com\/#\/schema\/logo\/image\/","url":"https:\/\/arabpouches.com\/wp-content\/uploads\/2025\/06\/cropped-Untitled-design-100.png","contentUrl":"https:\/\/arabpouches.com\/wp-content\/uploads\/2025\/06\/cropped-Untitled-design-100.png","width":512,"height":512,"caption":"Arab Pouches"},"image":{"@id":"https:\/\/arabpouches.com\/#\/schema\/logo\/image\/"},"hasMerchantReturnPolicy":{"@type":"MerchantReturnPolicy","merchantReturnLink":"https:\/\/arabpouches.com\/fr\/politique-de-remboursement-et-de-retour\/"}}]},"product_brand":"GARANT","product_price_amount":"7.90","product_price_currency":"USD","og_availability":"instock","product_availability":"instock","product_retailer_item_id":"GRA-PEAC-50MG","product_condition":"new"},"_links":{"self":[{"href":"https:\/\/arabpouches.com\/fr\/wp-json\/wp\/v2\/product\/1418","targetHints":{"allow":["GET"]}}],"collection":[{"href":"https:\/\/arabpouches.com\/fr\/wp-json\/wp\/v2\/product"}],"about":[{"href":"https:\/\/arabpouches.com\/fr\/wp-json\/wp\/v2\/types\/product"}],"wp:featuredmedia":[{"embeddable":true,"href":"https:\/\/arabpouches.com\/fr\/wp-json\/wp\/v2\/media\/1500"}],"wp:attachment":[{"href":"https:\/\/arabpouches.com\/fr\/wp-json\/wp\/v2\/media?parent=1418"}],"wp:term":[{"taxonomy":"product_brand","embeddable":true,"href":"https:\/\/arabpouches.com\/fr\/wp-json\/wp\/v2\/product_brand?post=1418"},{"taxonomy":"product_cat","embeddable":true,"href":"https:\/\/arabpouches.com\/fr\/wp-json\/wp\/v2\/product_cat?post=1418"},{"taxonomy":"product_tag","embeddable":true,"href":"https:\/\/arabpouches.com\/fr\/wp-json\/wp\/v2\/product_tag?post=1418"}],"curies":[{"name":"wp","href":"https:\/\/api.w.org\/{rel}","templated":true}]}}