{"id":133,"date":"2025-06-25T00:44:11","date_gmt":"2025-06-25T00:44:11","guid":{"rendered":"https:\/\/arabpouches.com\/?post_type=product&#038;p=133"},"modified":"2025-09-17T02:19:22","modified_gmt":"2025-09-17T02:19:22","slug":"velo-ruby-blush-berry-slim-56-mg-pouch","status":"publish","type":"product","link":"https:\/\/arabpouches.com\/fr\/velo-ruby-blush-berry-slim-56-mg-pouch\/","title":{"rendered":"VELO Ruby Blush Berry Slim"},"content":{"rendered":"<p><meta charset=\"utf-8\"><meta charset=\"utf-8\"><\/p>\n<p data-mce-fragment=\"1\"><strong data-mce-fragment=\"1\">Savourez l'\u00e9clat de Velo Ruby Berry Slim - Une explosion de baies rouges avec une acidit\u00e9 subtile !<\/strong><\/p>\n<p data-mce-fragment=\"1\">Plongez dans le monde rafra\u00eechissant de Velo Ruby Berry Slim, o\u00f9 chaque sachet offre un go\u00fbt cristallin de baies rouges, compl\u00e9t\u00e9 par un subtil soup\u00e7on d'acidit\u00e9. Fabriqu\u00e9 \u00e0 la perfection, Velo Ruby Berry poss\u00e8de un taux de nicotine \"normal\", garantissant une exp\u00e9rience snus \u00e9quilibr\u00e9e et agr\u00e9able.<\/p>\n<p><strong>En 2024, VELO Blushy Berry sera lanc\u00e9 ! Il s'agit d'un nouveau design de VELO Ruby Berry, mais avec le m\u00eame go\u00fbt qu'aujourd'hui.<\/strong><\/p>\n<p data-mce-fragment=\"1\"><strong data-mce-fragment=\"1\">Caract\u00e9ristiques principales de Velo Ruby Berry Slim :<\/strong><\/p>\n<ul data-mce-fragment=\"1\">\n<li data-mce-fragment=\"1\">\n<p data-mce-fragment=\"1\"><strong data-mce-fragment=\"1\">Saveur vibrante de baies rouges :<\/strong> Faites plaisir \u00e0 votre palais avec le go\u00fbt vif et clair des baies rouges, cr\u00e9ant une explosion de bienfaits fruit\u00e9s avec chaque sachet Slim.<\/p>\n<\/li>\n<li data-mce-fragment=\"1\">\n<p data-mce-fragment=\"1\"><strong data-mce-fragment=\"1\">Acidit\u00e9 subtile :<\/strong> D\u00e9couvrez une d\u00e9licieuse touche d'acidit\u00e9 qui rehausse le profil g\u00e9n\u00e9ral de la saveur, ajoutant une dimension nuanc\u00e9e \u00e0 votre plaisir du snus.<\/p>\n<\/li>\n<li data-mce-fragment=\"1\">\n<p data-mce-fragment=\"1\"><strong data-mce-fragment=\"1\">Intensit\u00e9 de la nicotine \"normale\" :<\/strong> Velo Ruby Berry Slim trouve l'\u00e9quilibre parfait avec un taux de nicotine \"normal\", procurant un coup de fouet satisfaisant sans \u00eatre trop intense.<\/p>\n<\/li>\n<\/ul>\n<p data-mce-fragment=\"1\">Plongez dans le monde de Velo Ruby Berry Slim, o\u00f9 la sophistication des saveurs rencontre l'\u00e9quilibre. \u00c9levez votre exp\u00e9rience snus avec ce m\u00e9lange bien con\u00e7u, parfait pour ceux qui appr\u00e9cient l'\u00e9clat des baies rouges dans un format mince et pratique. Choisissez Velo Ruby Berry Slim et red\u00e9finissez vos moments avec une explosion de fra\u00eecheur des baies.<\/p>\n<p><\/p>","protected":false},"excerpt":{"rendered":"<p data-mce-fragment=\"1\"><strong data-mce-fragment=\"1\">Savourez l'\u00e9clat de Velo Ruby Berry Slim - Une explosion de baies rouges avec une acidit\u00e9 subtile !<\/strong><\/p>\n<p data-mce-fragment=\"1\">Plongez dans le monde rafra\u00eechissant de Velo Ruby Berry Slim, o\u00f9 chaque sachet offre un go\u00fbt cristallin de baies rouges, compl\u00e9t\u00e9 par un subtil soup\u00e7on d'acidit\u00e9. Fabriqu\u00e9 \u00e0 la perfection, Velo Ruby Berry poss\u00e8de un taux de nicotine \"normal\", garantissant une exp\u00e9rience snus \u00e9quilibr\u00e9e et agr\u00e9able.<\/p>\n<p><strong>En 2024, VELO Blushy Berry sera lanc\u00e9 ! Il s'agit d'un nouveau design de VELO Ruby Berry, mais avec le m\u00eame go\u00fbt qu'aujourd'hui.<\/strong><\/p>\n<p data-mce-fragment=\"1\"><strong data-mce-fragment=\"1\">Caract\u00e9ristiques principales de Velo Ruby Berry Slim :<\/strong><\/p>\n<ul data-mce-fragment=\"1\">\n<li data-mce-fragment=\"1\">\n<p data-mce-fragment=\"1\"><strong data-mce-fragment=\"1\">Saveur vibrante de baies rouges :<\/strong> Faites plaisir \u00e0 votre palais avec le go\u00fbt vif et clair des baies rouges, cr\u00e9ant une explosion de bienfaits fruit\u00e9s avec chaque sachet Slim.<\/p>\n<\/li>\n<li data-mce-fragment=\"1\">\n<p data-mce-fragment=\"1\"><strong data-mce-fragment=\"1\">Acidit\u00e9 subtile :<\/strong> D\u00e9couvrez une d\u00e9licieuse touche d'acidit\u00e9 qui rehausse le profil g\u00e9n\u00e9ral de la saveur, ajoutant une dimension nuanc\u00e9e \u00e0 votre plaisir du snus.<\/p>\n<\/li>\n<li data-mce-fragment=\"1\">\n<p data-mce-fragment=\"1\"><strong data-mce-fragment=\"1\">Intensit\u00e9 de la nicotine \"normale\" :<\/strong> Velo Ruby Berry Slim trouve l'\u00e9quilibre parfait avec un taux de nicotine \"normal\", procurant un coup de fouet satisfaisant sans \u00eatre trop intense.<\/p>\n<\/li>\n<\/ul>\n<p data-mce-fragment=\"1\">Plongez dans le monde de Velo Ruby Berry Slim, o\u00f9 la sophistication des saveurs rencontre l'\u00e9quilibre. \u00c9levez votre exp\u00e9rience snus avec ce m\u00e9lange bien con\u00e7u, parfait pour ceux qui appr\u00e9cient l'\u00e9clat des baies rouges dans un format mince et pratique. Choisissez Velo Ruby Berry Slim et red\u00e9finissez vos moments avec une explosion de fra\u00eecheur des baies.<\/p>\n<p><\/p>","protected":false},"featured_media":179,"template":"","meta":[],"product_brand":[276],"product_cat":[23],"product_tag":[169],"class_list":{"0":"post-133","1":"product","2":"type-product","3":"status-publish","4":"has-post-thumbnail","6":"product_brand-velo","7":"product_cat-velo","8":"product_tag-light-1-6mg","10":"first","11":"instock","12":"sale","13":"shipping-taxable","14":"purchasable","15":"product-type-simple"},"yoast_head":"<!-- This site is optimized with the Yoast SEO Premium plugin v25.9 (Yoast SEO v26.0) - https:\/\/yoast.com\/wordpress\/plugins\/seo\/ -->\n<title>VELO Ruby Blush Berry Slim - Arab Pouches<\/title>\n<meta name=\"robots\" content=\"index, follow, max-snippet:-1, max-image-preview:large, max-video-preview:-1\" \/>\n<link rel=\"canonical\" href=\"https:\/\/arabpouches.com\/fr\/velo-ruby-blush-berry-slim-56-mg-pouch\/\" \/>\n<meta property=\"og:locale\" content=\"fr_FR\" \/>\n<meta property=\"og:type\" content=\"article\" \/>\n<meta property=\"og:title\" content=\"VELO Ruby Blush Berry Slim\" \/>\n<meta property=\"og:description\" content=\"Savor the Vibrance of Velo Ruby Berry Slim - A Burst of Red Berries with Subtle Acidity! Immerse yourself in the refreshing world of Velo Ruby Berry Slim, where every pouch delivers a crystal-clear taste of red berries, complemented by a subtle hint of acidity. Crafted to perfection, Velo Ruby Berry boasts a &#039;Normal&#039; nicotine strength, ensuring a balanced and enjoyable snus experience.In 2024, VELO Blushy Berry will be launched! It&#039;s a redesign of VELO Ruby Berry but with the same taste as today. Key Features of Velo Ruby Berry Slim:  Vibrant Red Berry Flavor: Indulge your palate with the vivid and clear taste of red berries, creating a burst of fruity goodness with every Slim pouch.  Subtle Acidity: Experience a delightful touch of acidity that enhances the overall flavor profile, adding a nuanced dimension to your snus enjoyment.  &#039;Normal&#039; Nicotine Strength: Velo Ruby Berry Slim strikes the perfect balance with a &#039;Normal&#039; nicotine strength, providing a satisfying kick without overwhelming intensity.  Immerse yourself in the world of Velo Ruby Berry Slim, where flavor sophistication meets balance. Elevate your snus experience with this thoughtfully crafted blend, perfect for those who appreciate the vibrancy of red berries in a slim and convenient format. Choose Velo Ruby Berry Slim and redefine your moments with a burst of berry freshness.\" \/>\n<meta property=\"og:url\" content=\"https:\/\/arabpouches.com\/fr\/velo-ruby-blush-berry-slim-56-mg-pouch\/\" \/>\n<meta property=\"og:site_name\" content=\"Arab Pouches\" \/>\n<meta property=\"article:modified_time\" content=\"2025-09-17T02:19:22+00:00\" \/>\n<meta property=\"og:image\" content=\"https:\/\/arabpouches.com\/wp-content\/uploads\/2025\/06\/image543.png\" \/>\n\t<meta property=\"og:image:width\" content=\"640\" \/>\n\t<meta property=\"og:image:height\" content=\"640\" \/>\n\t<meta property=\"og:image:type\" content=\"image\/png\" \/>\n<meta name=\"twitter:card\" content=\"summary_large_image\" \/>\n<meta name=\"twitter:label1\" content=\"Prix\" \/>\n\t<meta name=\"twitter:data1\" content=\"&#036;7.90\" \/>\n\t<meta name=\"twitter:label2\" content=\"Disponibilit\u00e9\" \/>\n\t<meta name=\"twitter:data2\" content=\"En stock\" \/>\n<script type=\"application\/ld+json\" class=\"yoast-schema-graph\">{\"@context\":\"https:\/\/schema.org\",\"@graph\":[{\"@type\":\"WebPage\",\"@id\":\"https:\/\/arabpouches.com\/velo-ruby-blush-berry-slim-56-mg-pouch\/\",\"url\":\"https:\/\/arabpouches.com\/velo-ruby-blush-berry-slim-56-mg-pouch\/\",\"name\":\"VELO Ruby Blush Berry Slim - Arab Pouches\",\"isPartOf\":{\"@id\":\"https:\/\/arabpouches.com\/#website\"},\"primaryImageOfPage\":{\"@id\":\"https:\/\/arabpouches.com\/velo-ruby-blush-berry-slim-56-mg-pouch\/#primaryimage\"},\"image\":{\"@id\":\"https:\/\/arabpouches.com\/velo-ruby-blush-berry-slim-56-mg-pouch\/#primaryimage\"},\"thumbnailUrl\":\"https:\/\/arabpouches.com\/wp-content\/uploads\/2025\/06\/image543.png\",\"datePublished\":\"2025-06-25T00:44:11+00:00\",\"dateModified\":\"2025-09-17T02:19:22+00:00\",\"breadcrumb\":{\"@id\":\"https:\/\/arabpouches.com\/velo-ruby-blush-berry-slim-56-mg-pouch\/#breadcrumb\"},\"inLanguage\":\"fr-FR\",\"potentialAction\":[{\"@type\":\"ReadAction\",\"target\":[\"https:\/\/arabpouches.com\/velo-ruby-blush-berry-slim-56-mg-pouch\/\"]}]},{\"@type\":\"ImageObject\",\"inLanguage\":\"fr-FR\",\"@id\":\"https:\/\/arabpouches.com\/velo-ruby-blush-berry-slim-56-mg-pouch\/#primaryimage\",\"url\":\"https:\/\/arabpouches.com\/wp-content\/uploads\/2025\/06\/image543.png\",\"contentUrl\":\"https:\/\/arabpouches.com\/wp-content\/uploads\/2025\/06\/image543.png\",\"width\":640,\"height\":640},{\"@type\":\"BreadcrumbList\",\"@id\":\"https:\/\/arabpouches.com\/velo-ruby-blush-berry-slim-56-mg-pouch\/#breadcrumb\",\"itemListElement\":[{\"@type\":\"ListItem\",\"position\":1,\"name\":\"Home\",\"item\":\"https:\/\/arabpouches.com\/\"},{\"@type\":\"ListItem\",\"position\":2,\"name\":\"Shop\",\"item\":\"https:\/\/arabpouches.com\/shop\/\"},{\"@type\":\"ListItem\",\"position\":3,\"name\":\"VELO Ruby Blush Berry Slim\"}]},{\"@type\":\"WebSite\",\"@id\":\"https:\/\/arabpouches.com\/#website\",\"url\":\"https:\/\/arabpouches.com\/\",\"name\":\"arabpouches.com\",\"description\":\"Nicotine Pouches Middle East\",\"publisher\":{\"@id\":\"https:\/\/arabpouches.com\/#organization\"},\"potentialAction\":[{\"@type\":\"SearchAction\",\"target\":{\"@type\":\"EntryPoint\",\"urlTemplate\":\"https:\/\/arabpouches.com\/?s={search_term_string}\"},\"query-input\":{\"@type\":\"PropertyValueSpecification\",\"valueRequired\":true,\"valueName\":\"search_term_string\"}}],\"inLanguage\":\"fr-FR\"},{\"@type\":\"Organization\",\"@id\":\"https:\/\/arabpouches.com\/#organization\",\"name\":\"Arab Pouches\",\"url\":\"https:\/\/arabpouches.com\/\",\"logo\":{\"@type\":\"ImageObject\",\"inLanguage\":\"fr-FR\",\"@id\":\"https:\/\/arabpouches.com\/#\/schema\/logo\/image\/\",\"url\":\"https:\/\/arabpouches.com\/wp-content\/uploads\/2025\/06\/cropped-Untitled-design-100.png\",\"contentUrl\":\"https:\/\/arabpouches.com\/wp-content\/uploads\/2025\/06\/cropped-Untitled-design-100.png\",\"width\":512,\"height\":512,\"caption\":\"Arab Pouches\"},\"image\":{\"@id\":\"https:\/\/arabpouches.com\/#\/schema\/logo\/image\/\"},\"hasMerchantReturnPolicy\":{\"@type\":\"MerchantReturnPolicy\",\"merchantReturnLink\":\"https:\/\/arabpouches.com\/fr\/politique-de-remboursement-et-de-retour\/\"}}]}<\/script>\n<meta property=\"product:brand\" content=\"VELO\" \/>\n<meta property=\"product:price:amount\" content=\"7.90\" \/>\n<meta property=\"product:price:currency\" content=\"USD\" \/>\n<meta property=\"og:availability\" content=\"instock\" \/>\n<meta property=\"product:availability\" content=\"instock\" \/>\n<meta property=\"product:retailer_item_id\" content=\"VEL-5.6-BER\" \/>\n<meta property=\"product:condition\" content=\"new\" \/>\n<!-- \/ Yoast SEO Premium plugin. -->","yoast_head_json":{"title":"VELO Ruby Blush Berry Slim - Arab Pouches","robots":{"index":"index","follow":"follow","max-snippet":"max-snippet:-1","max-image-preview":"max-image-preview:large","max-video-preview":"max-video-preview:-1"},"canonical":"https:\/\/arabpouches.com\/fr\/velo-ruby-blush-berry-slim-56-mg-pouch\/","og_locale":"fr_FR","og_type":"article","og_title":"VELO Ruby Blush Berry Slim","og_description":"Savor the Vibrance of Velo Ruby Berry Slim - A Burst of Red Berries with Subtle Acidity! Immerse yourself in the refreshing world of Velo Ruby Berry Slim, where every pouch delivers a crystal-clear taste of red berries, complemented by a subtle hint of acidity. Crafted to perfection, Velo Ruby Berry boasts a 'Normal' nicotine strength, ensuring a balanced and enjoyable snus experience.In 2024, VELO Blushy Berry will be launched! It's a redesign of VELO Ruby Berry but with the same taste as today. Key Features of Velo Ruby Berry Slim:  Vibrant Red Berry Flavor: Indulge your palate with the vivid and clear taste of red berries, creating a burst of fruity goodness with every Slim pouch.  Subtle Acidity: Experience a delightful touch of acidity that enhances the overall flavor profile, adding a nuanced dimension to your snus enjoyment.  'Normal' Nicotine Strength: Velo Ruby Berry Slim strikes the perfect balance with a 'Normal' nicotine strength, providing a satisfying kick without overwhelming intensity.  Immerse yourself in the world of Velo Ruby Berry Slim, where flavor sophistication meets balance. Elevate your snus experience with this thoughtfully crafted blend, perfect for those who appreciate the vibrancy of red berries in a slim and convenient format. Choose Velo Ruby Berry Slim and redefine your moments with a burst of berry freshness.","og_url":"https:\/\/arabpouches.com\/fr\/velo-ruby-blush-berry-slim-56-mg-pouch\/","og_site_name":"Arab Pouches","article_modified_time":"2025-09-17T02:19:22+00:00","og_image":[{"width":640,"height":640,"url":"https:\/\/arabpouches.com\/wp-content\/uploads\/2025\/06\/image543.png","type":"image\/png"}],"twitter_card":"summary_large_image","twitter_misc":{"Prix":"&#36;7.90","Disponibilit\u00e9":"En stock"},"schema":{"@context":"https:\/\/schema.org","@graph":[{"@type":"WebPage","@id":"https:\/\/arabpouches.com\/velo-ruby-blush-berry-slim-56-mg-pouch\/","url":"https:\/\/arabpouches.com\/velo-ruby-blush-berry-slim-56-mg-pouch\/","name":"VELO Ruby Blush Berry Slim - Arab Pouches","isPartOf":{"@id":"https:\/\/arabpouches.com\/#website"},"primaryImageOfPage":{"@id":"https:\/\/arabpouches.com\/velo-ruby-blush-berry-slim-56-mg-pouch\/#primaryimage"},"image":{"@id":"https:\/\/arabpouches.com\/velo-ruby-blush-berry-slim-56-mg-pouch\/#primaryimage"},"thumbnailUrl":"https:\/\/arabpouches.com\/wp-content\/uploads\/2025\/06\/image543.png","datePublished":"2025-06-25T00:44:11+00:00","dateModified":"2025-09-17T02:19:22+00:00","breadcrumb":{"@id":"https:\/\/arabpouches.com\/velo-ruby-blush-berry-slim-56-mg-pouch\/#breadcrumb"},"inLanguage":"fr-FR","potentialAction":[{"@type":"ReadAction","target":["https:\/\/arabpouches.com\/velo-ruby-blush-berry-slim-56-mg-pouch\/"]}]},{"@type":"ImageObject","inLanguage":"fr-FR","@id":"https:\/\/arabpouches.com\/velo-ruby-blush-berry-slim-56-mg-pouch\/#primaryimage","url":"https:\/\/arabpouches.com\/wp-content\/uploads\/2025\/06\/image543.png","contentUrl":"https:\/\/arabpouches.com\/wp-content\/uploads\/2025\/06\/image543.png","width":640,"height":640},{"@type":"BreadcrumbList","@id":"https:\/\/arabpouches.com\/velo-ruby-blush-berry-slim-56-mg-pouch\/#breadcrumb","itemListElement":[{"@type":"ListItem","position":1,"name":"Home","item":"https:\/\/arabpouches.com\/"},{"@type":"ListItem","position":2,"name":"Shop","item":"https:\/\/arabpouches.com\/shop\/"},{"@type":"ListItem","position":3,"name":"VELO Ruby Blush Berry Slim"}]},{"@type":"WebSite","@id":"https:\/\/arabpouches.com\/#website","url":"https:\/\/arabpouches.com\/","name":"arabpouches.com","description":"Sachets de nicotine Moyen-Orient","publisher":{"@id":"https:\/\/arabpouches.com\/#organization"},"potentialAction":[{"@type":"SearchAction","target":{"@type":"EntryPoint","urlTemplate":"https:\/\/arabpouches.com\/?s={search_term_string}"},"query-input":{"@type":"PropertyValueSpecification","valueRequired":true,"valueName":"search_term_string"}}],"inLanguage":"fr-FR"},{"@type":"Organization","@id":"https:\/\/arabpouches.com\/#organization","name":"Pochettes arabes","url":"https:\/\/arabpouches.com\/","logo":{"@type":"ImageObject","inLanguage":"fr-FR","@id":"https:\/\/arabpouches.com\/#\/schema\/logo\/image\/","url":"https:\/\/arabpouches.com\/wp-content\/uploads\/2025\/06\/cropped-Untitled-design-100.png","contentUrl":"https:\/\/arabpouches.com\/wp-content\/uploads\/2025\/06\/cropped-Untitled-design-100.png","width":512,"height":512,"caption":"Arab Pouches"},"image":{"@id":"https:\/\/arabpouches.com\/#\/schema\/logo\/image\/"},"hasMerchantReturnPolicy":{"@type":"MerchantReturnPolicy","merchantReturnLink":"https:\/\/arabpouches.com\/fr\/politique-de-remboursement-et-de-retour\/"}}]},"product_brand":"VELO","product_price_amount":"7.90","product_price_currency":"USD","og_availability":"instock","product_availability":"instock","product_retailer_item_id":"VEL-5.6-BER","product_condition":"new"},"_links":{"self":[{"href":"https:\/\/arabpouches.com\/fr\/wp-json\/wp\/v2\/product\/133","targetHints":{"allow":["GET"]}}],"collection":[{"href":"https:\/\/arabpouches.com\/fr\/wp-json\/wp\/v2\/product"}],"about":[{"href":"https:\/\/arabpouches.com\/fr\/wp-json\/wp\/v2\/types\/product"}],"wp:featuredmedia":[{"embeddable":true,"href":"https:\/\/arabpouches.com\/fr\/wp-json\/wp\/v2\/media\/179"}],"wp:attachment":[{"href":"https:\/\/arabpouches.com\/fr\/wp-json\/wp\/v2\/media?parent=133"}],"wp:term":[{"taxonomy":"product_brand","embeddable":true,"href":"https:\/\/arabpouches.com\/fr\/wp-json\/wp\/v2\/product_brand?post=133"},{"taxonomy":"product_cat","embeddable":true,"href":"https:\/\/arabpouches.com\/fr\/wp-json\/wp\/v2\/product_cat?post=133"},{"taxonomy":"product_tag","embeddable":true,"href":"https:\/\/arabpouches.com\/fr\/wp-json\/wp\/v2\/product_tag?post=133"}],"curies":[{"name":"wp","href":"https:\/\/api.w.org\/{rel}","templated":true}]}}