{"id":128,"date":"2025-06-25T00:44:10","date_gmt":"2025-06-25T00:44:10","guid":{"rendered":"https:\/\/arabpouches.com\/?post_type=product&#038;p=128"},"modified":"2025-09-17T02:29:30","modified_gmt":"2025-09-17T02:29:30","slug":"velo-mint-slim-witty-spearmint-56-mg-pouch","status":"publish","type":"product","link":"https:\/\/arabpouches.com\/fr\/velo-mint-slim-witty-spearmint-56-mg-pouch\/","title":{"rendered":"VELO Mint Slim (menthe verte)"},"content":{"rendered":"<p><meta charset=\"utf-8\"><meta charset=\"utf-8\"><\/p>\n<p data-mce-fragment=\"1\">Embarquez pour un voyage de pure satisfaction avec Velo Mint Slim, un sachet blanc m\u00e9ticuleusement fabriqu\u00e9 qui capture l'essence exquise de la menthe verte et du menthol. Dans ce m\u00e9lange exceptionnel, Velo recherche habilement l'\u00e9quilibre parfait, mariant la douceur \u00e0 un go\u00fbt de menthe durable qui persiste d\u00e9licieusement. Plongez dans l'art de l'\u00e9quilibre des saveurs avec Velo Mint Slim.<\/p>\n<p><strong>Nouveau design, m\u00eame go\u00fbt ! En 2024, VELO Mint Slim sera remplac\u00e9 par : VELO Witty Spearmint.<\/strong><\/p>\n<p data-mce-fragment=\"1\"><strong data-mce-fragment=\"1\">Caract\u00e9ristiques principales de Velo Mint Slim :<\/strong><\/p>\n<ul data-mce-fragment=\"1\">\n<li data-mce-fragment=\"1\">\n<p data-mce-fragment=\"1\"><strong data-mce-fragment=\"1\">Fusion rafra\u00eechissante de menthe verte et de menthol :<\/strong> Ravissez vos sens avec le m\u00e9lange harmonieux de menthe verte et de menthol, cr\u00e9ant une symphonie rafra\u00eechissante qui captive votre palais \u00e0 chaque sachet.<\/p>\n<\/li>\n<li data-mce-fragment=\"1\">\n<p data-mce-fragment=\"1\"><strong data-mce-fragment=\"1\">\u00c9quilibre parfait de la douceur :<\/strong> Velo Mint Slim est con\u00e7u avec pr\u00e9cision pour atteindre l'\u00e9quilibre id\u00e9al entre la douceur et la fra\u00eecheur de la menthe, garantissant une exp\u00e9rience satisfaisante et compl\u00e8te.<\/p>\n<\/li>\n<li data-mce-fragment=\"1\">\n<p data-mce-fragment=\"1\"><strong data-mce-fragment=\"1\">Go\u00fbt de menthe longue dur\u00e9e :<\/strong> D\u00e9couvrez une sensation durable de menthe, gr\u00e2ce \u00e0 Velo qui vous offre un sachet dont la fra\u00eecheur persiste.<\/p>\n<\/li>\n<\/ul>\n<p data-mce-fragment=\"1\">\u00c9levez votre voyage snus avec Velo Mint Slim, o\u00f9 chaque sachet est une c\u00e9l\u00e9bration de l'harmonie des saveurs. Plongez dans le monde rafra\u00eechissant de Velo et choisissez Mint Slim pour une sensation in\u00e9gal\u00e9e et \u00e9quilibr\u00e9e.<\/p>\n<p><\/p>","protected":false},"excerpt":{"rendered":"<p data-mce-fragment=\"1\">Embarquez pour un voyage de pure satisfaction avec Velo Mint Slim, un sachet blanc m\u00e9ticuleusement fabriqu\u00e9 qui capture l'essence exquise de la menthe verte et du menthol. Dans ce m\u00e9lange exceptionnel, Velo recherche habilement l'\u00e9quilibre parfait, mariant la douceur \u00e0 un go\u00fbt de menthe durable qui persiste d\u00e9licieusement. Plongez dans l'art de l'\u00e9quilibre des saveurs avec Velo Mint Slim.<\/p>\n<p><strong>Nouveau design, m\u00eame go\u00fbt ! En 2024, VELO Mint Slim sera remplac\u00e9 par : VELO Witty Spearmint.<\/strong><\/p>\n<p data-mce-fragment=\"1\"><strong data-mce-fragment=\"1\">Caract\u00e9ristiques principales de Velo Mint Slim :<\/strong><\/p>\n<ul data-mce-fragment=\"1\">\n<li data-mce-fragment=\"1\">\n<p data-mce-fragment=\"1\"><strong data-mce-fragment=\"1\">Fusion rafra\u00eechissante de menthe verte et de menthol :<\/strong> Ravissez vos sens avec le m\u00e9lange harmonieux de menthe verte et de menthol, cr\u00e9ant une symphonie rafra\u00eechissante qui captive votre palais \u00e0 chaque sachet.<\/p>\n<\/li>\n<li data-mce-fragment=\"1\">\n<p data-mce-fragment=\"1\"><strong data-mce-fragment=\"1\">\u00c9quilibre parfait de la douceur :<\/strong> Velo Mint Slim est con\u00e7u avec pr\u00e9cision pour atteindre l'\u00e9quilibre id\u00e9al entre la douceur et la fra\u00eecheur de la menthe, garantissant une exp\u00e9rience satisfaisante et compl\u00e8te.<\/p>\n<\/li>\n<li data-mce-fragment=\"1\">\n<p data-mce-fragment=\"1\"><strong data-mce-fragment=\"1\">Go\u00fbt de menthe longue dur\u00e9e :<\/strong> D\u00e9couvrez une sensation durable de menthe, gr\u00e2ce \u00e0 Velo qui vous offre un sachet dont la fra\u00eecheur persiste.<\/p>\n<\/li>\n<\/ul>\n<p data-mce-fragment=\"1\">\u00c9levez votre voyage snus avec Velo Mint Slim, o\u00f9 chaque sachet est une c\u00e9l\u00e9bration de l'harmonie des saveurs. Plongez dans le monde rafra\u00eechissant de Velo et choisissez Mint Slim pour une sensation in\u00e9gal\u00e9e et \u00e9quilibr\u00e9e.<\/p>\n<p><\/p>","protected":false},"featured_media":164,"template":"","meta":[],"product_brand":[276],"product_cat":[23],"product_tag":[169],"class_list":{"0":"post-128","1":"product","2":"type-product","3":"status-publish","4":"has-post-thumbnail","6":"product_brand-velo","7":"product_cat-velo","8":"product_tag-light-1-6mg","10":"first","11":"instock","12":"sale","13":"shipping-taxable","14":"purchasable","15":"product-type-simple"},"yoast_head":"<!-- This site is optimized with the Yoast SEO Premium plugin v25.9 (Yoast SEO v26.0) - https:\/\/yoast.com\/wordpress\/plugins\/seo\/ -->\n<title>VELO Mint Slim (Witty Spearmint) - Arab Pouches<\/title>\n<meta name=\"robots\" content=\"index, follow, max-snippet:-1, max-image-preview:large, max-video-preview:-1\" \/>\n<link rel=\"canonical\" href=\"https:\/\/arabpouches.com\/fr\/velo-mint-slim-witty-spearmint-56-mg-pouch\/\" \/>\n<meta property=\"og:locale\" content=\"fr_FR\" \/>\n<meta property=\"og:type\" content=\"article\" \/>\n<meta property=\"og:title\" content=\"VELO Mint Slim (Witty Spearmint)\" \/>\n<meta property=\"og:description\" content=\"Embark on a journey of pure satisfaction with Velo Mint Slim, a meticulously crafted white pouch that captures the exquisite essence of spearmint and menthol. In this exceptional blend, Velo skillfully seeks the perfect balance, marrying sweetness with a enduring minty taste that lingers delightfully. Immerse yourself in the art of flavor equilibrium with Velo Mint Slim.New design, same taste! In 2024, VELO Mint Slim will be replaced with: VELO Witty Spearmint. Key Features of Velo Mint Slim:  Refreshing Spearmint and Menthol Fusion: Delight your senses with the harmonious blend of spearmint and menthol, creating a refreshing symphony that captivates your palate with each pouch.  Perfect Sweetness Balance: Velo Mint Slim is crafted with precision to achieve the ideal balance between sweetness and minty freshness, ensuring a satisfying and well-rounded experience.  Long-Lasting Minty Taste: Experience a lasting sensation of mint, as Velo brings you a pouch that delivers a lingering freshness that stays with you.  Elevate your snus journey with Velo Mint Slim, where every pouch is a celebration of flavor harmony. Immerse yourself in the refreshing world of Velo and choose Mint Slim for an unparalleled and balanced sensation.\" \/>\n<meta property=\"og:url\" content=\"https:\/\/arabpouches.com\/fr\/velo-mint-slim-witty-spearmint-56-mg-pouch\/\" \/>\n<meta property=\"og:site_name\" content=\"Arab Pouches\" \/>\n<meta property=\"article:modified_time\" content=\"2025-09-17T02:29:30+00:00\" \/>\n<meta property=\"og:image\" content=\"https:\/\/arabpouches.com\/wp-content\/uploads\/2025\/06\/products-velo-mint-slim.png\" \/>\n\t<meta property=\"og:image:width\" content=\"555\" \/>\n\t<meta property=\"og:image:height\" content=\"555\" \/>\n\t<meta property=\"og:image:type\" content=\"image\/png\" \/>\n<meta name=\"twitter:card\" content=\"summary_large_image\" \/>\n<meta name=\"twitter:label1\" content=\"Prix\" \/>\n\t<meta name=\"twitter:data1\" content=\"&#036;7.90\" \/>\n\t<meta name=\"twitter:label2\" content=\"Disponibilit\u00e9\" \/>\n\t<meta name=\"twitter:data2\" content=\"En stock\" \/>\n<script type=\"application\/ld+json\" class=\"yoast-schema-graph\">{\"@context\":\"https:\/\/schema.org\",\"@graph\":[{\"@type\":\"WebPage\",\"@id\":\"https:\/\/arabpouches.com\/velo-mint-slim-witty-spearmint-56-mg-pouch\/\",\"url\":\"https:\/\/arabpouches.com\/velo-mint-slim-witty-spearmint-56-mg-pouch\/\",\"name\":\"VELO Mint Slim (Witty Spearmint) - Arab Pouches\",\"isPartOf\":{\"@id\":\"https:\/\/arabpouches.com\/#website\"},\"primaryImageOfPage\":{\"@id\":\"https:\/\/arabpouches.com\/velo-mint-slim-witty-spearmint-56-mg-pouch\/#primaryimage\"},\"image\":{\"@id\":\"https:\/\/arabpouches.com\/velo-mint-slim-witty-spearmint-56-mg-pouch\/#primaryimage\"},\"thumbnailUrl\":\"https:\/\/arabpouches.com\/wp-content\/uploads\/2025\/06\/products-velo-mint-slim.png\",\"datePublished\":\"2025-06-25T00:44:10+00:00\",\"dateModified\":\"2025-09-17T02:29:30+00:00\",\"breadcrumb\":{\"@id\":\"https:\/\/arabpouches.com\/velo-mint-slim-witty-spearmint-56-mg-pouch\/#breadcrumb\"},\"inLanguage\":\"fr-FR\",\"potentialAction\":[{\"@type\":\"ReadAction\",\"target\":[\"https:\/\/arabpouches.com\/velo-mint-slim-witty-spearmint-56-mg-pouch\/\"]}]},{\"@type\":\"ImageObject\",\"inLanguage\":\"fr-FR\",\"@id\":\"https:\/\/arabpouches.com\/velo-mint-slim-witty-spearmint-56-mg-pouch\/#primaryimage\",\"url\":\"https:\/\/arabpouches.com\/wp-content\/uploads\/2025\/06\/products-velo-mint-slim.png\",\"contentUrl\":\"https:\/\/arabpouches.com\/wp-content\/uploads\/2025\/06\/products-velo-mint-slim.png\",\"width\":555,\"height\":555},{\"@type\":\"BreadcrumbList\",\"@id\":\"https:\/\/arabpouches.com\/velo-mint-slim-witty-spearmint-56-mg-pouch\/#breadcrumb\",\"itemListElement\":[{\"@type\":\"ListItem\",\"position\":1,\"name\":\"Home\",\"item\":\"https:\/\/arabpouches.com\/\"},{\"@type\":\"ListItem\",\"position\":2,\"name\":\"Shop\",\"item\":\"https:\/\/arabpouches.com\/shop\/\"},{\"@type\":\"ListItem\",\"position\":3,\"name\":\"VELO Mint Slim (Witty Spearmint)\"}]},{\"@type\":\"WebSite\",\"@id\":\"https:\/\/arabpouches.com\/#website\",\"url\":\"https:\/\/arabpouches.com\/\",\"name\":\"arabpouches.com\",\"description\":\"Nicotine Pouches Middle East\",\"publisher\":{\"@id\":\"https:\/\/arabpouches.com\/#organization\"},\"potentialAction\":[{\"@type\":\"SearchAction\",\"target\":{\"@type\":\"EntryPoint\",\"urlTemplate\":\"https:\/\/arabpouches.com\/?s={search_term_string}\"},\"query-input\":{\"@type\":\"PropertyValueSpecification\",\"valueRequired\":true,\"valueName\":\"search_term_string\"}}],\"inLanguage\":\"fr-FR\"},{\"@type\":\"Organization\",\"@id\":\"https:\/\/arabpouches.com\/#organization\",\"name\":\"Arab Pouches\",\"url\":\"https:\/\/arabpouches.com\/\",\"logo\":{\"@type\":\"ImageObject\",\"inLanguage\":\"fr-FR\",\"@id\":\"https:\/\/arabpouches.com\/#\/schema\/logo\/image\/\",\"url\":\"https:\/\/arabpouches.com\/wp-content\/uploads\/2025\/06\/cropped-Untitled-design-100.png\",\"contentUrl\":\"https:\/\/arabpouches.com\/wp-content\/uploads\/2025\/06\/cropped-Untitled-design-100.png\",\"width\":512,\"height\":512,\"caption\":\"Arab Pouches\"},\"image\":{\"@id\":\"https:\/\/arabpouches.com\/#\/schema\/logo\/image\/\"},\"hasMerchantReturnPolicy\":{\"@type\":\"MerchantReturnPolicy\",\"merchantReturnLink\":\"https:\/\/arabpouches.com\/fr\/politique-de-remboursement-et-de-retour\/\"}}]}<\/script>\n<meta property=\"product:brand\" content=\"VELO\" \/>\n<meta property=\"product:price:amount\" content=\"7.90\" \/>\n<meta property=\"product:price:currency\" content=\"USD\" \/>\n<meta property=\"og:availability\" content=\"instock\" \/>\n<meta property=\"product:availability\" content=\"instock\" \/>\n<meta property=\"product:retailer_item_id\" content=\"VEL-5.6-SPE\" \/>\n<meta property=\"product:condition\" content=\"new\" \/>\n<!-- \/ Yoast SEO Premium plugin. -->","yoast_head_json":{"title":"VELO Menthe Mince (menthe verte) - Sachets arabes","robots":{"index":"index","follow":"follow","max-snippet":"max-snippet:-1","max-image-preview":"max-image-preview:large","max-video-preview":"max-video-preview:-1"},"canonical":"https:\/\/arabpouches.com\/fr\/velo-mint-slim-witty-spearmint-56-mg-pouch\/","og_locale":"fr_FR","og_type":"article","og_title":"VELO Mint Slim (Witty Spearmint)","og_description":"Embark on a journey of pure satisfaction with Velo Mint Slim, a meticulously crafted white pouch that captures the exquisite essence of spearmint and menthol. In this exceptional blend, Velo skillfully seeks the perfect balance, marrying sweetness with a enduring minty taste that lingers delightfully. Immerse yourself in the art of flavor equilibrium with Velo Mint Slim.New design, same taste! In 2024, VELO Mint Slim will be replaced with: VELO Witty Spearmint. Key Features of Velo Mint Slim:  Refreshing Spearmint and Menthol Fusion: Delight your senses with the harmonious blend of spearmint and menthol, creating a refreshing symphony that captivates your palate with each pouch.  Perfect Sweetness Balance: Velo Mint Slim is crafted with precision to achieve the ideal balance between sweetness and minty freshness, ensuring a satisfying and well-rounded experience.  Long-Lasting Minty Taste: Experience a lasting sensation of mint, as Velo brings you a pouch that delivers a lingering freshness that stays with you.  Elevate your snus journey with Velo Mint Slim, where every pouch is a celebration of flavor harmony. Immerse yourself in the refreshing world of Velo and choose Mint Slim for an unparalleled and balanced sensation.","og_url":"https:\/\/arabpouches.com\/fr\/velo-mint-slim-witty-spearmint-56-mg-pouch\/","og_site_name":"Arab Pouches","article_modified_time":"2025-09-17T02:29:30+00:00","og_image":[{"width":555,"height":555,"url":"https:\/\/arabpouches.com\/wp-content\/uploads\/2025\/06\/products-velo-mint-slim.png","type":"image\/png"}],"twitter_card":"summary_large_image","twitter_misc":{"Prix":"&#36;7.90","Disponibilit\u00e9":"En stock"},"schema":{"@context":"https:\/\/schema.org","@graph":[{"@type":"WebPage","@id":"https:\/\/arabpouches.com\/velo-mint-slim-witty-spearmint-56-mg-pouch\/","url":"https:\/\/arabpouches.com\/velo-mint-slim-witty-spearmint-56-mg-pouch\/","name":"VELO Menthe Mince (menthe verte) - Sachets arabes","isPartOf":{"@id":"https:\/\/arabpouches.com\/#website"},"primaryImageOfPage":{"@id":"https:\/\/arabpouches.com\/velo-mint-slim-witty-spearmint-56-mg-pouch\/#primaryimage"},"image":{"@id":"https:\/\/arabpouches.com\/velo-mint-slim-witty-spearmint-56-mg-pouch\/#primaryimage"},"thumbnailUrl":"https:\/\/arabpouches.com\/wp-content\/uploads\/2025\/06\/products-velo-mint-slim.png","datePublished":"2025-06-25T00:44:10+00:00","dateModified":"2025-09-17T02:29:30+00:00","breadcrumb":{"@id":"https:\/\/arabpouches.com\/velo-mint-slim-witty-spearmint-56-mg-pouch\/#breadcrumb"},"inLanguage":"fr-FR","potentialAction":[{"@type":"ReadAction","target":["https:\/\/arabpouches.com\/velo-mint-slim-witty-spearmint-56-mg-pouch\/"]}]},{"@type":"ImageObject","inLanguage":"fr-FR","@id":"https:\/\/arabpouches.com\/velo-mint-slim-witty-spearmint-56-mg-pouch\/#primaryimage","url":"https:\/\/arabpouches.com\/wp-content\/uploads\/2025\/06\/products-velo-mint-slim.png","contentUrl":"https:\/\/arabpouches.com\/wp-content\/uploads\/2025\/06\/products-velo-mint-slim.png","width":555,"height":555},{"@type":"BreadcrumbList","@id":"https:\/\/arabpouches.com\/velo-mint-slim-witty-spearmint-56-mg-pouch\/#breadcrumb","itemListElement":[{"@type":"ListItem","position":1,"name":"Home","item":"https:\/\/arabpouches.com\/"},{"@type":"ListItem","position":2,"name":"Shop","item":"https:\/\/arabpouches.com\/shop\/"},{"@type":"ListItem","position":3,"name":"VELO Mint Slim (Witty Spearmint)"}]},{"@type":"WebSite","@id":"https:\/\/arabpouches.com\/#website","url":"https:\/\/arabpouches.com\/","name":"arabpouches.com","description":"Sachets de nicotine Moyen-Orient","publisher":{"@id":"https:\/\/arabpouches.com\/#organization"},"potentialAction":[{"@type":"SearchAction","target":{"@type":"EntryPoint","urlTemplate":"https:\/\/arabpouches.com\/?s={search_term_string}"},"query-input":{"@type":"PropertyValueSpecification","valueRequired":true,"valueName":"search_term_string"}}],"inLanguage":"fr-FR"},{"@type":"Organization","@id":"https:\/\/arabpouches.com\/#organization","name":"Pochettes arabes","url":"https:\/\/arabpouches.com\/","logo":{"@type":"ImageObject","inLanguage":"fr-FR","@id":"https:\/\/arabpouches.com\/#\/schema\/logo\/image\/","url":"https:\/\/arabpouches.com\/wp-content\/uploads\/2025\/06\/cropped-Untitled-design-100.png","contentUrl":"https:\/\/arabpouches.com\/wp-content\/uploads\/2025\/06\/cropped-Untitled-design-100.png","width":512,"height":512,"caption":"Arab Pouches"},"image":{"@id":"https:\/\/arabpouches.com\/#\/schema\/logo\/image\/"},"hasMerchantReturnPolicy":{"@type":"MerchantReturnPolicy","merchantReturnLink":"https:\/\/arabpouches.com\/fr\/politique-de-remboursement-et-de-retour\/"}}]},"product_brand":"VELO","product_price_amount":"7.90","product_price_currency":"USD","og_availability":"instock","product_availability":"instock","product_retailer_item_id":"VEL-5.6-SPE","product_condition":"new"},"_links":{"self":[{"href":"https:\/\/arabpouches.com\/fr\/wp-json\/wp\/v2\/product\/128","targetHints":{"allow":["GET"]}}],"collection":[{"href":"https:\/\/arabpouches.com\/fr\/wp-json\/wp\/v2\/product"}],"about":[{"href":"https:\/\/arabpouches.com\/fr\/wp-json\/wp\/v2\/types\/product"}],"wp:featuredmedia":[{"embeddable":true,"href":"https:\/\/arabpouches.com\/fr\/wp-json\/wp\/v2\/media\/164"}],"wp:attachment":[{"href":"https:\/\/arabpouches.com\/fr\/wp-json\/wp\/v2\/media?parent=128"}],"wp:term":[{"taxonomy":"product_brand","embeddable":true,"href":"https:\/\/arabpouches.com\/fr\/wp-json\/wp\/v2\/product_brand?post=128"},{"taxonomy":"product_cat","embeddable":true,"href":"https:\/\/arabpouches.com\/fr\/wp-json\/wp\/v2\/product_cat?post=128"},{"taxonomy":"product_tag","embeddable":true,"href":"https:\/\/arabpouches.com\/fr\/wp-json\/wp\/v2\/product_tag?post=128"}],"curies":[{"name":"wp","href":"https:\/\/api.w.org\/{rel}","templated":true}]}}