{"id":3,"date":"2025-06-25T00:17:50","date_gmt":"2025-06-25T00:17:50","guid":{"rendered":"https:\/\/arabpouches.com\/?page_id=3"},"modified":"2025-08-10T11:28:31","modified_gmt":"2025-08-10T11:28:31","slug":"politique-de-confidentialite","status":"publish","type":"page","link":"https:\/\/arabpouches.com\/fr\/politique-de-confidentialite\/","title":{"rendered":"Politique de confidentialit\u00e9"},"content":{"rendered":"<p>NICO POUCH LTD Politique de confidentialit\u00e9.<br>This Privacy Policy describes how NICO POUCH LTD (the &#8220;Site&#8221;, &#8220;we&#8221;, &#8220;us&#8221;, or &#8220;our&#8221;) collects, uses, and discloses your personal information when you visit, use our services, or make a purchase from arabpouches.com (the &#8220;Site&#8221;) or otherwise communicate with us (collectively, the &#8220;Services&#8221;). For purposes of this Privacy Policy, &#8220;you&#8221; and &#8220;your&#8221; means you as the user of the Services, whether you are a customer, website visitor, or another individual whose information we have collected pursuant to this Privacy Policy.<br>Veuillez lire attentivement la pr\u00e9sente politique de confidentialit\u00e9. En utilisant et en acc\u00e9dant \u00e0 l'un des services, vous acceptez la collecte, l'utilisation et la divulgation de vos informations telles que d\u00e9crites dans la pr\u00e9sente politique de protection de la vie priv\u00e9e. Si vous n'acceptez pas cette politique de confidentialit\u00e9, veuillez ne pas utiliser les services ni y acc\u00e9der.<\/p>\n\n\n\n<h2 class=\"wp-block-heading\">Modifications de la pr\u00e9sente politique de confidentialit\u00e9<\/h2>\n\n\n\n<p>We may update this Privacy Policy from time to time, including to reflect changes to our practices or for other operational, legal, or regulatory reasons. We will post the revised Privacy Policy on the Site, update the &#8220;Last updated&#8221; date and take any other steps required by applicable law.<\/p>\n\n\n\n<h2 class=\"wp-block-heading\">Comment nous collectons et utilisons vos informations personnelles<\/h2>\n\n\n\n<p>Pour fournir les services, nous collectons et avons collect\u00e9 au cours des 12 derniers mois des informations personnelles vous concernant \u00e0 partir de diverses sources, comme indiqu\u00e9 ci-dessous.<br>ci-dessous. Les informations que nous recueillons et utilisons varient en fonction de la mani\u00e8re dont vous interagissez avec nous.<br>Outre les utilisations sp\u00e9cifiques d\u00e9crites ci-dessous, nous pouvons utiliser les informations que nous recueillons \u00e0 votre sujet pour communiquer avec vous, fournir les services, nous conformer aux r\u00e8gles suivantes<br>toute obligation l\u00e9gale applicable, appliquer toute condition de service applicable et prot\u00e9ger ou d\u00e9fendre les services, nos droits et les droits de nos utilisateurs, ou<br>d'autres.<\/p>\n\n\n\n<h2 class=\"wp-block-heading\">Quelles sont les informations personnelles que nous recueillons ?<\/h2>\n\n\n\n<p>Les types d'informations personnelles que nous obtenons \u00e0 votre sujet d\u00e9pendent de la mani\u00e8re dont vous interagissez avec notre site et utilisez nos services. Lorsque nous utilisons le terme<br>&#8220;personal information&#8221;, we are referring to information that identifies, relates to, describes or can be associated with you. The following sections<br>d\u00e9crire les cat\u00e9gories et les types sp\u00e9cifiques d'informations personnelles que nous collectons.<\/p>\n\n\n\n<h2 class=\"wp-block-heading\">Informations que nous recueillons directement aupr\u00e8s de vous<\/h2>\n\n\n\n<p>Les informations que vous nous soumettez directement par l'interm\u00e9diaire de nos services peuvent inclure :<\/p>\n\n\n\n<ul class=\"wp-block-list\">\n<li>Coordonn\u00e9es de base : nom, adresse, num\u00e9ro de t\u00e9l\u00e9phone, adresse \u00e9lectronique.<\/li>\n\n\n\n<li>Informations relatives \u00e0 la commande, notamment votre nom, votre adresse de facturation, votre adresse de livraison, votre confirmation de paiement, votre adresse \u00e9lectronique et votre num\u00e9ro de t\u00e9l\u00e9phone.<\/li>\n\n\n\n<li>Informations sur le compte, y compris votre nom d'utilisateur, votre mot de passe et vos questions de s\u00e9curit\u00e9.<\/li>\n\n\n\n<li>Informations sur les achats, y compris les articles que vous avez consult\u00e9s, mis dans votre panier ou ajout\u00e9s \u00e0 votre liste de souhaits.<\/li>\n<\/ul>\n\n\n\n<p>les informations relatives \u00e0 l'assistance \u00e0 la client\u00e8le, y compris les informations que vous choisissez d'inclure dans vos communications avec nous, par exemple lorsque vous envoyez un message par l'interm\u00e9diaire des services. Certaines fonctionnalit\u00e9s des services peuvent n\u00e9cessiter que vous nous fournissiez directement certaines informations vous concernant. Vous pouvez choisir de ne pas fournir ces informations, mais cela peut vous emp\u00eacher d'utiliser ou d'acc\u00e9der \u00e0 ces fonctions.<\/p>\n\n\n\n<h2 class=\"wp-block-heading\">Informations collect\u00e9es par le biais de cookies<\/h2>\n\n\n\n<p>We also automatically collect certain information about your interaction with the Services (&#8220;Usage Data&#8221;). To do this, we may use cookies, pixels and similar technologies (&#8220;Cookies&#8221;). Usage Data may include information about how you access and use our Site and your account, including device information, browser information, information about your network connection, your IP address and other information regarding your interaction with the Services<\/p>\n\n\n\n<h2 class=\"wp-block-heading\">Informations obtenues aupr\u00e8s de tiers<\/h2>\n\n\n\n<p>Enfin, nous pouvons obtenir des informations vous concernant aupr\u00e8s de tiers, y compris de vendeurs et de prestataires de services qui peuvent collecter des informations sur notre site web.<br>comme par exemple :<\/p>\n\n\n\n<ul class=\"wp-block-list\">\n<li>Les entreprises qui soutiennent notre site et nos services, telles que Woocomerce.<\/li>\n\n\n\n<li>Nos prestataires de services de paiement, qui recueillent les informations relatives au paiement (par exemple, le compte bancaire, les informations relatives \u00e0 la carte de cr\u00e9dit ou de d\u00e9bit, l'adresse de facturation) pour traiter votre paiement afin d'ex\u00e9cuter vos commandes et de vous fournir les produits ou services que vous avez demand\u00e9s, dans le but d'ex\u00e9cuter notre contrat avec vous.<\/li>\n\n\n\n<li>Lorsque vous visitez notre site, ouvrez ou cliquez sur les courriels que nous vous envoyons, ou interagissez avec nos services ou nos publicit\u00e9s, nous, ou les tiers avec lesquels nous travaillons, pouvons collecter automatiquement certaines informations \u00e0 l'aide de technologies de suivi en ligne telles que les pixels, les balises web, les kits de d\u00e9veloppement de logiciels, les biblioth\u00e8ques de tiers et les cookies.<\/li>\n<\/ul>\n\n\n\n<p>Any information we obtain from third parties will be treated in accordance with this Privacy Policy. We are not responsible or liable for the accuracy of the information provided to us by third parties and are not responsible for any third party&#8217;s policies or practices. For more information, see the section below, Third Party Websites and Links.<\/p>\n\n\n\n<h2 class=\"wp-block-heading\">Comment nous utilisons vos informations personnelles<\/h2>\n\n\n\n<ul class=\"wp-block-list\">\n<li>Fourniture de produits et de services. Nous utilisons vos informations personnelles pour vous fournir les services afin d'ex\u00e9cuter notre contrat avec vous, notamment pour traiter vos paiements, ex\u00e9cuter vos commandes, vous envoyer des notifications relatives \u00e0 votre compte, vos achats, vos retours, vos \u00e9changes ou d'autres transactions, pour cr\u00e9er, maintenir et g\u00e9rer votre compte, pour organiser l'exp\u00e9dition, faciliter les retours et les \u00e9changes et pour vous permettre de publier des avis.<\/li>\n\n\n\n<li>Marketing et publicit\u00e9. Nous utilisons vos informations personnelles \u00e0 des fins de marketing et de promotion, notamment pour vous envoyer des communications marketing, publicitaires et promotionnelles par courrier \u00e9lectronique, SMS ou courrier postal, et pour vous pr\u00e9senter des publicit\u00e9s pour des produits ou des services. Cela peut inclure l'utilisation de vos informations personnelles pour mieux adapter les services et la publicit\u00e9 sur notre site et d'autres sites web.<\/li>\n\n\n\n<li>S\u00e9curit\u00e9 et pr\u00e9vention de la fraude. Nous utilisons vos informations personnelles pour d\u00e9tecter, enqu\u00eater ou prendre des mesures concernant d'\u00e9ventuelles activit\u00e9s frauduleuses, ill\u00e9gales ou malveillantes. Si vous choisissez d'utiliser les services et d'ouvrir un compte, vous \u00eates responsable de la s\u00e9curit\u00e9 de vos donn\u00e9es d'identification. Nous vous recommandons vivement de ne pas partager votre nom d'utilisateur, votre mot de passe ou d'autres donn\u00e9es d'acc\u00e8s avec qui que ce soit. Si vous pensez que votre compte a \u00e9t\u00e9 compromis, veuillez nous contacter imm\u00e9diatement.<\/li>\n\n\n\n<li>Communiquer avec vous. Nous utilisons vos informations personnelles pour vous fournir une assistance \u00e0 la client\u00e8le et am\u00e9liorer nos services. Ceci est dans notre int\u00e9r\u00eat l\u00e9gitime afin d'\u00eatre \u00e0 votre \u00e9coute, de vous fournir des services efficaces et de maintenir notre relation commerciale avec vous.<\/li>\n<\/ul>\n\n\n\n<h2 class=\"wp-block-heading\">Comment nous divulguons les informations personnelles<\/h2>\n\n\n\n<p>Dans certaines circonstances, nous pouvons divulguer vos informations personnelles \u00e0 des tiers \u00e0 des fins l\u00e9gitimes, sous r\u00e9serve de la pr\u00e9sente politique de protection de la vie priv\u00e9e. Ces circonstances peuvent inclure<\/p>\n\n\n\n<ul class=\"wp-block-list\">\n<li>avec des fournisseurs ou d'autres tiers qui fournissent des services en notre nom (par exemple, la gestion informatique, le traitement des paiements, l'analyse des donn\u00e9es, l'assistance \u00e0 la client\u00e8le),<br>stockage en nuage, traitement des commandes et exp\u00e9dition).<\/li>\n\n\n\n<li>Avec des partenaires commerciaux et marketing, pour vous fournir des services et faire de la publicit\u00e9. Nos partenaires commerciaux et marketing utiliseront vos informations conform\u00e9ment \u00e0 leurs propres avis de confidentialit\u00e9.<\/li>\n\n\n\n<li>Lorsque vous nous dirigez, nous demandez ou consentez d'une autre mani\u00e8re \u00e0 ce que nous divulguions certaines informations \u00e0 des tiers, par exemple pour vous exp\u00e9dier des produits ou par le biais de votre utilisation de widgets de m\u00e9dias sociaux ou d'int\u00e9grations de connexion, avec votre consentement.<\/li>\n\n\n\n<li>avec nos affili\u00e9s ou d'autres membres de notre groupe, dans le cadre de nos int\u00e9r\u00eats l\u00e9gitimes \u00e0 g\u00e9rer une entreprise prosp\u00e8re.<\/li>\n\n\n\n<li>dans le cadre d'une transaction commerciale telle qu'une fusion ou une faillite, pour se conformer \u00e0 toute obligation l\u00e9gale applicable (y compris pour r\u00e9pondre \u00e0 des citations \u00e0 compara\u00eetre, \u00e0 des mandats de recherche et \u00e0 des demandes similaires), pour appliquer toute condition de service applicable et pour prot\u00e9ger ou d\u00e9fendre les services, nos droits et les droits de nos utilisateurs ou d'autres personnes.<\/li>\n<\/ul>\n\n\n\n<p>We have, in the past 12 months disclosed the following categories of personal information and sensitive personal information (denoted by *) about users for the purposes set out above in &#8220;How we Collect and Use your Personal Information&#8221; and &#8220;How we Disclose Personal Information&#8221;:<\/p>\n\n\n\n<h2 class=\"wp-block-heading\">Cat\u00e9gorie :<\/h2>\n\n\n\n<ul class=\"wp-block-list\">\n<li>Identifiants tels que les coordonn\u00e9es de base et certaines informations relatives aux commandes et aux comptes<\/li>\n\n\n\n<li>les informations commerciales telles que les informations relatives aux commandes, aux achats et au service client\u00e8le<\/li>\n\n\n\n<li>l'activit\u00e9 sur Internet ou sur d'autres r\u00e9seaux similaires, comme les donn\u00e9es d'utilisation<\/li>\n<\/ul>\n\n\n\n<h2 class=\"wp-block-heading\">Cat\u00e9gories de b\u00e9n\u00e9ficiaires :<\/h2>\n\n\n\n<ul class=\"wp-block-list\">\n<li>les fournisseurs et les tiers qui fournissent des services en notre nom (tels que les fournisseurs de services Internet, les soci\u00e9t\u00e9s de traitement des paiements, les partenaires d'ex\u00e9cution, les partenaires d'assistance \u00e0 la client\u00e8le et les fournisseurs de services d'analyse des donn\u00e9es)<\/li>\n\n\n\n<li>Partenaires commerciaux et marketing<\/li>\n\n\n\n<li>Affili\u00e9s<\/li>\n<\/ul>\n\n\n\n<p>Nous n'utilisons ni ne divulguons d'informations personnelles sensibles dans le but de d\u00e9duire des caract\u00e9ristiques vous concernant.<\/p>\n\n\n\n<p>We have &#8220;sold&#8221; and &#8220;shared&#8221; (as those terms are defined in applicable law) personal information over the preceding 12 months for the purpose of engaging in advertising and marketing activities, as follows.<\/p>\n\n\n\n<h2 class=\"wp-block-heading\">Cat\u00e9gorie d'informations personnelles<\/h2>\n\n\n\n<ul class=\"wp-block-list\">\n<li>Identifiants tels que les coordonn\u00e9es de base et certaines informations relatives aux commandes et aux comptes<\/li>\n\n\n\n<li>Informations commerciales telles que les enregistrements des produits ou services achet\u00e9s et les informations relatives aux achats.<\/li>\n\n\n\n<li>l'activit\u00e9 sur Internet ou sur d'autres r\u00e9seaux similaires, comme les donn\u00e9es d'utilisation<\/li>\n<\/ul>\n\n\n\n<h2 class=\"wp-block-heading\">Cat\u00e9gories de b\u00e9n\u00e9ficiaires<\/h2>\n\n\n\n<ul class=\"wp-block-list\">\n<li>Partenaires commerciaux et marketing<\/li>\n<\/ul>\n\n\n\n<h2 class=\"wp-block-heading\">Contenu g\u00e9n\u00e9r\u00e9 par l'utilisateur<\/h2>\n\n\n\n<p>Les services peuvent vous permettre de publier des critiques de produits et d'autres contenus g\u00e9n\u00e9r\u00e9s par les utilisateurs. Si vous choisissez de soumettre un contenu g\u00e9n\u00e9r\u00e9 par l'utilisateur dans une zone publique des services, ce contenu sera public et accessible \u00e0 tous.<br>Nous ne contr\u00f4lons pas qui aura acc\u00e8s aux informations que vous choisissez de mettre \u00e0 la disposition des autres, et nous ne pouvons pas garantir que les parties qui ont acc\u00e8s \u00e0 ces informations respecteront votre vie priv\u00e9e ou en assureront la s\u00e9curit\u00e9. Nous ne sommes pas responsables de la confidentialit\u00e9 ou de la s\u00e9curit\u00e9 des informations que vous mettez \u00e0 la disposition du public, ni de l'exactitude, de l'utilisation ou de la mauvaise utilisation des informations que vous divulguez ou que vous recevez de tiers.<\/p>\n\n\n\n<h2 class=\"wp-block-heading\">Sites web et liens de tiers<\/h2>\n\n\n\n<p>Notre site peut fournir des liens vers des sites web ou d'autres plateformes en ligne exploit\u00e9s par des tiers. Si vous suivez des liens vers des sites qui ne sont pas affili\u00e9s ou contr\u00f4l\u00e9s par nous, vous devez prendre connaissance de leurs politiques de confidentialit\u00e9 et de s\u00e9curit\u00e9 et de leurs autres conditions g\u00e9n\u00e9rales. Nous ne garantissons pas et ne sommes pas responsables de la confidentialit\u00e9 ou de la s\u00e9curit\u00e9 de ces sites, ni de l'exactitude, de l'exhaustivit\u00e9 ou de la fiabilit\u00e9 des informations qui s'y trouvent. Les informations que vous fournissez sur des sites publics ou semi-publics, y compris les informations que vous partagez sur des plateformes de r\u00e9seaux sociaux de tiers, peuvent \u00e9galement \u00eatre consult\u00e9es par d'autres utilisateurs des services et\/ou par les utilisateurs de l'internet.<br>les utilisateurs de ces plateformes tierces, sans limitation quant \u00e0 leur utilisation par nous ou par un tiers. L'inclusion de ces liens n'implique pas, en soi, l'approbation du contenu de ces plates-formes ou de leurs propri\u00e9taires ou op\u00e9rateurs, sauf dans la mesure o\u00f9 cela est indiqu\u00e9 dans les services.<\/p>\n\n\n\n<h2 class=\"wp-block-heading\">Children&#8217;s Data<\/h2>\n\n\n\n<p>Les services ne sont pas destin\u00e9s \u00e0 \u00eatre utilis\u00e9s par des enfants et nous ne collectons pas sciemment d'informations personnelles concernant des enfants. Si vous \u00eates le parent ou le tuteur d'un enfant qui nous a fourni ses informations personnelles, vous pouvez nous contacter en utilisant les coordonn\u00e9es indiqu\u00e9es ci-dessous pour demander leur suppression.<br>As of the Effective Date of this Privacy Policy, we do not have actual knowledge that we &#8220;share&#8221; or &#8220;sell&#8221; (as those terms are defined in applicable law) personal information of individuals under 18 years of age.<\/p>\n\n\n\n<h2 class=\"wp-block-heading\">S\u00e9curit\u00e9 et conservation des informations<\/h2>\n\n\n\n<p>Please be aware that no security measures are perfect or impenetrable, and we cannot guarantee &#8220;perfect security.&#8221; In addition, any information you send to us may not be secure while in transit. We recommend that you do not use unsecure channels to communicate sensitive or confidential information to us.<br>La dur\u00e9e de conservation de vos informations personnelles d\u00e9pend de diff\u00e9rents facteurs, comme le fait que nous ayons besoin de ces informations pour g\u00e9rer votre compte, fournir les services, nous conformer \u00e0 des obligations l\u00e9gales, r\u00e9soudre des litiges ou appliquer d'autres contrats et politiques en vigueur.<\/p>\n\n\n\n<h2 class=\"wp-block-heading\">Vos droits et vos choix<\/h2>\n\n\n\n<p>En fonction de votre lieu de r\u00e9sidence, vous pouvez b\u00e9n\u00e9ficier de tout ou partie des droits \u00e9num\u00e9r\u00e9s ci-dessous en ce qui concerne vos donn\u00e9es \u00e0 caract\u00e8re personnel. Toutefois, ces droits ne sont pas<br>absolue, ne peut s'appliquer que dans certaines circonstances et, dans certains cas, nous pouvons refuser votre demande comme le permet la loi.<\/p>\n\n\n\n<p>Droit d'acc\u00e8s \/ d'information. Vous pouvez avoir le droit de demander l'acc\u00e8s aux informations personnelles que nous d\u00e9tenons \u00e0 votre sujet, y compris les d\u00e9tails relatifs \u00e0 la mani\u00e8re dont nous utilisons et partageons vos informations.<\/p>\n\n\n\n<p>Droit de suppression. Vous avez le droit de nous demander de supprimer les informations personnelles que nous conservons \u00e0 votre sujet.<\/p>\n\n\n\n<p>Droit de rectification. Vous pouvez avoir le droit de nous demander de corriger les informations personnelles inexactes que nous conservons \u00e0 votre sujet.<\/p>\n\n\n\n<p><\/p>","protected":false},"excerpt":{"rendered":"<p>NICO POUCH LTD Privacy Policy.This Privacy Policy describes how NICO POUCH LTD (the &#8220;Site&#8221;, &#8220;we&#8221;, &#8220;us&#8221;, or &#8220;our&#8221;) collects, uses, and discloses your personal information when you visit, use our services, or make a purchase from arabpouches.com (the &#8220;Site&#8221;) or otherwise communicate with us (collectively, the &#8220;Services&#8221;). For purposes of this Privacy Policy, &#8220;you&#8221; and [&hellip;]<\/p>","protected":false},"author":1,"featured_media":0,"parent":0,"menu_order":0,"comment_status":"closed","ping_status":"open","template":"","meta":{"footnotes":""},"class_list":["post-3","page","type-page","status-publish","hentry"],"yoast_head":"<!-- This site is optimized with the Yoast SEO Premium plugin v25.9 (Yoast SEO v26.0) - https:\/\/yoast.com\/wordpress\/plugins\/seo\/ -->\n<title>Privacy Policy - Arab Pouches<\/title>\n<meta name=\"robots\" content=\"index, follow, max-snippet:-1, max-image-preview:large, max-video-preview:-1\" \/>\n<link rel=\"canonical\" href=\"https:\/\/arabpouches.com\/fr\/politique-de-confidentialite\/\" \/>\n<meta property=\"og:locale\" content=\"fr_FR\" \/>\n<meta property=\"og:type\" content=\"article\" \/>\n<meta property=\"og:title\" content=\"Privacy Policy\" \/>\n<meta property=\"og:description\" content=\"NICO POUCH LTD Privacy Policy.This Privacy Policy describes how NICO POUCH LTD (the &#8220;Site&#8221;, &#8220;we&#8221;, &#8220;us&#8221;, or &#8220;our&#8221;) collects, uses, and discloses your personal information when you visit, use our services, or make a purchase from arabpouches.com (the &#8220;Site&#8221;) or otherwise communicate with us (collectively, the &#8220;Services&#8221;). For purposes of this Privacy Policy, &#8220;you&#8221; and [&hellip;]\" \/>\n<meta property=\"og:url\" content=\"https:\/\/arabpouches.com\/fr\/politique-de-confidentialite\/\" \/>\n<meta property=\"og:site_name\" content=\"Arab Pouches\" \/>\n<meta property=\"article:modified_time\" content=\"2025-08-10T11:28:31+00:00\" \/>\n<meta name=\"twitter:card\" content=\"summary_large_image\" \/>\n<meta name=\"twitter:label1\" content=\"Dur\u00e9e de lecture estim\u00e9e\" \/>\n\t<meta name=\"twitter:data1\" content=\"10 minutes\" \/>\n<script type=\"application\/ld+json\" class=\"yoast-schema-graph\">{\"@context\":\"https:\/\/schema.org\",\"@graph\":[{\"@type\":\"WebPage\",\"@id\":\"https:\/\/arabpouches.com\/privacy-policy\/\",\"url\":\"https:\/\/arabpouches.com\/privacy-policy\/\",\"name\":\"Privacy Policy - Arab Pouches\",\"isPartOf\":{\"@id\":\"https:\/\/arabpouches.com\/#website\"},\"datePublished\":\"2025-06-25T00:17:50+00:00\",\"dateModified\":\"2025-08-10T11:28:31+00:00\",\"breadcrumb\":{\"@id\":\"https:\/\/arabpouches.com\/privacy-policy\/#breadcrumb\"},\"inLanguage\":\"fr-FR\",\"potentialAction\":[{\"@type\":\"ReadAction\",\"target\":[\"https:\/\/arabpouches.com\/privacy-policy\/\"]}]},{\"@type\":\"BreadcrumbList\",\"@id\":\"https:\/\/arabpouches.com\/privacy-policy\/#breadcrumb\",\"itemListElement\":[{\"@type\":\"ListItem\",\"position\":1,\"name\":\"Home\",\"item\":\"https:\/\/arabpouches.com\/\"},{\"@type\":\"ListItem\",\"position\":2,\"name\":\"Privacy Policy\"}]},{\"@type\":\"WebSite\",\"@id\":\"https:\/\/arabpouches.com\/#website\",\"url\":\"https:\/\/arabpouches.com\/\",\"name\":\"arabpouches.com\",\"description\":\"Nicotine Pouches Middle East\",\"publisher\":{\"@id\":\"https:\/\/arabpouches.com\/#organization\"},\"potentialAction\":[{\"@type\":\"SearchAction\",\"target\":{\"@type\":\"EntryPoint\",\"urlTemplate\":\"https:\/\/arabpouches.com\/?s={search_term_string}\"},\"query-input\":{\"@type\":\"PropertyValueSpecification\",\"valueRequired\":true,\"valueName\":\"search_term_string\"}}],\"inLanguage\":\"fr-FR\"},{\"@type\":\"Organization\",\"@id\":\"https:\/\/arabpouches.com\/#organization\",\"name\":\"Arab Pouches\",\"url\":\"https:\/\/arabpouches.com\/\",\"logo\":{\"@type\":\"ImageObject\",\"inLanguage\":\"fr-FR\",\"@id\":\"https:\/\/arabpouches.com\/#\/schema\/logo\/image\/\",\"url\":\"https:\/\/arabpouches.com\/wp-content\/uploads\/2025\/06\/cropped-Untitled-design-100.png\",\"contentUrl\":\"https:\/\/arabpouches.com\/wp-content\/uploads\/2025\/06\/cropped-Untitled-design-100.png\",\"width\":512,\"height\":512,\"caption\":\"Arab Pouches\"},\"image\":{\"@id\":\"https:\/\/arabpouches.com\/#\/schema\/logo\/image\/\"},\"hasMerchantReturnPolicy\":{\"@type\":\"MerchantReturnPolicy\",\"merchantReturnLink\":\"https:\/\/arabpouches.com\/fr\/politique-de-remboursement-et-de-retour\/\"}}]}<\/script>\n<!-- \/ Yoast SEO Premium plugin. -->","yoast_head_json":{"title":"Politique de confidentialit\u00e9 - Arab Pouches","robots":{"index":"index","follow":"follow","max-snippet":"max-snippet:-1","max-image-preview":"max-image-preview:large","max-video-preview":"max-video-preview:-1"},"canonical":"https:\/\/arabpouches.com\/fr\/politique-de-confidentialite\/","og_locale":"fr_FR","og_type":"article","og_title":"Privacy Policy","og_description":"NICO POUCH LTD Privacy Policy.This Privacy Policy describes how NICO POUCH LTD (the &#8220;Site&#8221;, &#8220;we&#8221;, &#8220;us&#8221;, or &#8220;our&#8221;) collects, uses, and discloses your personal information when you visit, use our services, or make a purchase from arabpouches.com (the &#8220;Site&#8221;) or otherwise communicate with us (collectively, the &#8220;Services&#8221;). For purposes of this Privacy Policy, &#8220;you&#8221; and [&hellip;]","og_url":"https:\/\/arabpouches.com\/fr\/politique-de-confidentialite\/","og_site_name":"Arab Pouches","article_modified_time":"2025-08-10T11:28:31+00:00","twitter_card":"summary_large_image","twitter_misc":{"Dur\u00e9e de lecture estim\u00e9e":"10 minutes"},"schema":{"@context":"https:\/\/schema.org","@graph":[{"@type":"WebPage","@id":"https:\/\/arabpouches.com\/privacy-policy\/","url":"https:\/\/arabpouches.com\/privacy-policy\/","name":"Politique de confidentialit\u00e9 - Arab Pouches","isPartOf":{"@id":"https:\/\/arabpouches.com\/#website"},"datePublished":"2025-06-25T00:17:50+00:00","dateModified":"2025-08-10T11:28:31+00:00","breadcrumb":{"@id":"https:\/\/arabpouches.com\/privacy-policy\/#breadcrumb"},"inLanguage":"fr-FR","potentialAction":[{"@type":"ReadAction","target":["https:\/\/arabpouches.com\/privacy-policy\/"]}]},{"@type":"BreadcrumbList","@id":"https:\/\/arabpouches.com\/privacy-policy\/#breadcrumb","itemListElement":[{"@type":"ListItem","position":1,"name":"Home","item":"https:\/\/arabpouches.com\/"},{"@type":"ListItem","position":2,"name":"Privacy Policy"}]},{"@type":"WebSite","@id":"https:\/\/arabpouches.com\/#website","url":"https:\/\/arabpouches.com\/","name":"arabpouches.com","description":"Sachets de nicotine Moyen-Orient","publisher":{"@id":"https:\/\/arabpouches.com\/#organization"},"potentialAction":[{"@type":"SearchAction","target":{"@type":"EntryPoint","urlTemplate":"https:\/\/arabpouches.com\/?s={search_term_string}"},"query-input":{"@type":"PropertyValueSpecification","valueRequired":true,"valueName":"search_term_string"}}],"inLanguage":"fr-FR"},{"@type":"Organization","@id":"https:\/\/arabpouches.com\/#organization","name":"Pochettes arabes","url":"https:\/\/arabpouches.com\/","logo":{"@type":"ImageObject","inLanguage":"fr-FR","@id":"https:\/\/arabpouches.com\/#\/schema\/logo\/image\/","url":"https:\/\/arabpouches.com\/wp-content\/uploads\/2025\/06\/cropped-Untitled-design-100.png","contentUrl":"https:\/\/arabpouches.com\/wp-content\/uploads\/2025\/06\/cropped-Untitled-design-100.png","width":512,"height":512,"caption":"Arab Pouches"},"image":{"@id":"https:\/\/arabpouches.com\/#\/schema\/logo\/image\/"},"hasMerchantReturnPolicy":{"@type":"MerchantReturnPolicy","merchantReturnLink":"https:\/\/arabpouches.com\/fr\/politique-de-remboursement-et-de-retour\/"}}]}},"_links":{"self":[{"href":"https:\/\/arabpouches.com\/fr\/wp-json\/wp\/v2\/pages\/3","targetHints":{"allow":["GET"]}}],"collection":[{"href":"https:\/\/arabpouches.com\/fr\/wp-json\/wp\/v2\/pages"}],"about":[{"href":"https:\/\/arabpouches.com\/fr\/wp-json\/wp\/v2\/types\/page"}],"author":[{"embeddable":true,"href":"https:\/\/arabpouches.com\/fr\/wp-json\/wp\/v2\/users\/1"}],"replies":[{"embeddable":true,"href":"https:\/\/arabpouches.com\/fr\/wp-json\/wp\/v2\/comments?post=3"}],"version-history":[{"count":0,"href":"https:\/\/arabpouches.com\/fr\/wp-json\/wp\/v2\/pages\/3\/revisions"}],"wp:attachment":[{"href":"https:\/\/arabpouches.com\/fr\/wp-json\/wp\/v2\/media?parent=3"}],"curies":[{"name":"wp","href":"https:\/\/api.w.org\/{rel}","templated":true}]}}