{"id":2048,"date":"2025-08-10T05:37:12","date_gmt":"2025-08-10T05:37:12","guid":{"rendered":"https:\/\/arabpouches.com\/?page_id=2048"},"modified":"2025-09-07T08:01:56","modified_gmt":"2025-09-07T08:01:56","slug":"politique-dexpedition","status":"publish","type":"page","link":"https:\/\/arabpouches.com\/fr\/politique-dexpedition\/","title":{"rendered":"Politique d'exp\u00e9dition"},"content":{"rendered":"<p>Derni\u00e8re mise \u00e0 jour le 17 avril 2025<\/p>\n\n\n\n<p>This Shipping &amp; Delivery Policy is part of our Terms of Service (&#8220;Terms&#8221;) and should be therefore read alongside our main Terms: <a href=\"https:\/\/arabpouches.com\/fr\/conditions-de-service\/\">https:\/\/arabpouches.com\/terms-of-service<\/a>. <\/p>\n\n\n\n<p>Veuillez lire attentivement notre politique d'exp\u00e9dition et de livraison lorsque vous achetez nos produits. Cette politique s'applique \u00e0 toutes les commandes que vous passez avec nous.<\/p>\n\n\n\n<h3 class=\"wp-block-heading\">D\u00c9LAIS DE TRAITEMENT<\/h3>\n\n\n\n<p>Les commandes pass\u00e9es avant 14 heures sont exp\u00e9di\u00e9es le jour m\u00eame. Dans de rares cas, il faut compter jusqu'\u00e0 trois jours ouvrables pour le traitement des commandes. Les commandes ne seront pas trait\u00e9es les jours f\u00e9ri\u00e9s ou les week-ends.<\/p>\n\n\n\n<h3 class=\"wp-block-heading\">SUIVI DES COMMANDES<\/h3>\n\n\n\n<p>Toutes les commandes sont exp\u00e9di\u00e9es avec un suivi. Veuillez suivre votre commande sur le site web du transporteur.<br><br>Une fois la commande termin\u00e9e, vous recevrez un courriel de confirmation et un courriel contenant les informations de suivi.<\/p>\n\n\n\n<h3 class=\"wp-block-heading\">QUELLES SONT MES OPTIONS DE LIVRAISON ?<\/h3>\n\n\n\n<p>Nous proposons diff\u00e9rentes options d'exp\u00e9dition. Tous les envois sont g\u00e9r\u00e9s par nous (NICO POUCH LTD) et nos partenaires d'exp\u00e9dition et courriers. Les options d'exp\u00e9dition varient en fonction de la destination, veuillez passer \u00e0 la caisse pour voir quelles sont les options disponibles pour votre lieu de r\u00e9sidence.<br><strong>Frais d'exp\u00e9dition<\/strong><br>Les frais d'exp\u00e9dition seront calcul\u00e9s une fois que vous aurez indiqu\u00e9 votre adresse de livraison. Les frais varient en fonction du transporteur et du lieu de livraison. Des remises sont possibles sur les frais d'exp\u00e9dition.<strong><br>Livraison gratuite<\/strong><br>Nous offrons la livraison gratuite pour les commandes qui atteignent le seuil de livraison gratuite affich\u00e9 sur la page du panier.<\/p>\n\n\n\n<h3 class=\"wp-block-heading\">D\u00c9LAIS DE LIVRAISON<\/h3>\n\n\n\n<p>Les d\u00e9lais de livraison peuvent varier en fonction du lieu et des retards impr\u00e9vus du transporteur.<br><strong>Exp\u00e9dition du stand<\/strong> Le d\u00e9lai est g\u00e9n\u00e9ralement de 4 \u00e0 8 jours<br><strong>Exp\u00e9dition express<\/strong> prend g\u00e9n\u00e9ralement de 2 \u00e0 4 jours.<\/p>\n\n\n\n<h3 class=\"wp-block-heading\">QUESTIONS D'ORDRE<\/h3>\n\n\n\n<p><strong>Perdu ou endommag\u00e9<br><\/strong>Si votre colis est perdu ou arrive endommag\u00e9, veuillez nous envoyer un courriel \u00e0 contact@arabpouches.com dans les 7 jours suivant la date de livraison estim\u00e9e. Nous nous mettrons d'accord avec le transporteur pour r\u00e9soudre le probl\u00e8me rapidement.<\/p>\n\n\n\n<p><strong>Adresse incorrecte<\/strong><br>Nous rappelons \u00e0 nos clients qu'ils doivent v\u00e9rifier soigneusement les d\u00e9tails de l'exp\u00e9dition avant de passer commande. NICO POUCH LTD n'est pas responsable des retards, des colis perdus ou des frais suppl\u00e9mentaires r\u00e9sultant d'une adresse incorrecte ou incompl\u00e8te fournie lors de la commande. Si une commande nous est retourn\u00e9e en raison d'une adresse incorrecte, les frais de r\u00e9exp\u00e9dition seront \u00e0 la charge du client.<\/p>\n\n\n\n<h3 class=\"wp-block-heading\"><strong>EXP\u00c9DITION INTERNATIONALE<\/strong><\/h3>\n\n\n\n<p>Les commandes sont exp\u00e9di\u00e9es depuis notre entrep\u00f4t su\u00e9dois. Les colis peuvent \u00eatre soumis \u00e0 des taxes apr\u00e8s d\u00e9douanement.  <\/p>\n\n\n\n<p>Nous livrons dans les pays suivants :<br>&#8211; United Arab Emirates <br>&#8211; Saudi Arabia<br>-\u00c9gypte <\/p>\n\n\n\n<p><strong>Douanes, droits et taxes<\/strong><br>Veuillez noter que nous pouvons \u00eatre soumis \u00e0 diverses r\u00e8gles et restrictions concernant certaines livraisons internationales et que vous pouvez \u00eatre soumis \u00e0 des taxes et droits suppl\u00e9mentaires sur lesquels nous n'avons aucun contr\u00f4le. Si tel est le cas, il vous incombe de vous conformer aux lois applicables dans votre pays de r\u00e9sidence et de prendre en charge ces co\u00fbts ou taxes suppl\u00e9mentaires. Nous ne sommes pas responsables des retards de douane.<\/p>\n\n\n\n<p><br><strong>QUESTIONS SUR LES RETOURS ?<br><\/strong>Si vous avez des questions concernant les retours, veuillez consulter notre politique de retour : <a href=\"https:\/\/arabpouches.com\/fr\/politique-de-remboursement-et-de-retour\/\">https:\/\/arabpouches.com\/refund-returns<\/a>\/.<br><strong>COMMENT NOUS CONTACTER AU SUJET DE CETTE POLITIQUE ?<br><\/strong>Si vous avez d'autres questions ou commentaires, vous pouvez nous contacter \u00e0 l'adresse suivante :<br>Courriel : contact@arabpouches.com<\/p>","protected":false},"excerpt":{"rendered":"<p>Last updated April 17, 2025 This Shipping &amp; Delivery Policy is part of our Terms of Service (&#8220;Terms&#8221;) and should be therefore read alongside our main Terms: https:\/\/arabpouches.com\/terms-of-service. Please carefully review our Shipping &amp; Delivery Policy when purchasing our products. This policy will apply to any order you place with us. PROCESSING TIMES Orders completed [&hellip;]<\/p>","protected":false},"author":1,"featured_media":0,"parent":0,"menu_order":0,"comment_status":"closed","ping_status":"closed","template":"","meta":{"footnotes":""},"class_list":["post-2048","page","type-page","status-publish","hentry"],"yoast_head":"<!-- This site is optimized with the Yoast SEO Premium plugin v25.9 (Yoast SEO v26.0) - https:\/\/yoast.com\/wordpress\/plugins\/seo\/ -->\n<title>Shipping Policy - Arab Pouches<\/title>\n<meta name=\"robots\" content=\"index, follow, max-snippet:-1, max-image-preview:large, max-video-preview:-1\" \/>\n<link rel=\"canonical\" href=\"https:\/\/arabpouches.com\/fr\/politique-dexpedition\/\" \/>\n<meta property=\"og:locale\" content=\"fr_FR\" \/>\n<meta property=\"og:type\" content=\"article\" \/>\n<meta property=\"og:title\" content=\"Shipping Policy\" \/>\n<meta property=\"og:description\" content=\"Last updated April 17, 2025 This Shipping &amp; Delivery Policy is part of our Terms of Service (&#8220;Terms&#8221;) and should be therefore read alongside our main Terms: https:\/\/arabpouches.com\/terms-of-service. Please carefully review our Shipping &amp; Delivery Policy when purchasing our products. This policy will apply to any order you place with us. PROCESSING TIMES Orders completed [&hellip;]\" \/>\n<meta property=\"og:url\" content=\"https:\/\/arabpouches.com\/fr\/politique-dexpedition\/\" \/>\n<meta property=\"og:site_name\" content=\"Arab Pouches\" \/>\n<meta property=\"article:modified_time\" content=\"2025-09-07T08:01:56+00:00\" \/>\n<meta name=\"twitter:card\" content=\"summary_large_image\" \/>\n<meta name=\"twitter:label1\" content=\"Dur\u00e9e de lecture estim\u00e9e\" \/>\n\t<meta name=\"twitter:data1\" content=\"2 minutes\" \/>\n<script type=\"application\/ld+json\" class=\"yoast-schema-graph\">{\"@context\":\"https:\/\/schema.org\",\"@graph\":[{\"@type\":\"WebPage\",\"@id\":\"https:\/\/arabpouches.com\/shipping-policy\/\",\"url\":\"https:\/\/arabpouches.com\/shipping-policy\/\",\"name\":\"Shipping Policy - Arab Pouches\",\"isPartOf\":{\"@id\":\"https:\/\/arabpouches.com\/#website\"},\"datePublished\":\"2025-08-10T05:37:12+00:00\",\"dateModified\":\"2025-09-07T08:01:56+00:00\",\"breadcrumb\":{\"@id\":\"https:\/\/arabpouches.com\/shipping-policy\/#breadcrumb\"},\"inLanguage\":\"fr-FR\",\"potentialAction\":[{\"@type\":\"ReadAction\",\"target\":[\"https:\/\/arabpouches.com\/shipping-policy\/\"]}]},{\"@type\":\"BreadcrumbList\",\"@id\":\"https:\/\/arabpouches.com\/shipping-policy\/#breadcrumb\",\"itemListElement\":[{\"@type\":\"ListItem\",\"position\":1,\"name\":\"Home\",\"item\":\"https:\/\/arabpouches.com\/\"},{\"@type\":\"ListItem\",\"position\":2,\"name\":\"Shipping Policy\"}]},{\"@type\":\"WebSite\",\"@id\":\"https:\/\/arabpouches.com\/#website\",\"url\":\"https:\/\/arabpouches.com\/\",\"name\":\"arabpouches.com\",\"description\":\"Nicotine Pouches Middle East\",\"publisher\":{\"@id\":\"https:\/\/arabpouches.com\/#organization\"},\"potentialAction\":[{\"@type\":\"SearchAction\",\"target\":{\"@type\":\"EntryPoint\",\"urlTemplate\":\"https:\/\/arabpouches.com\/?s={search_term_string}\"},\"query-input\":{\"@type\":\"PropertyValueSpecification\",\"valueRequired\":true,\"valueName\":\"search_term_string\"}}],\"inLanguage\":\"fr-FR\"},{\"@type\":\"Organization\",\"@id\":\"https:\/\/arabpouches.com\/#organization\",\"name\":\"Arab Pouches\",\"url\":\"https:\/\/arabpouches.com\/\",\"logo\":{\"@type\":\"ImageObject\",\"inLanguage\":\"fr-FR\",\"@id\":\"https:\/\/arabpouches.com\/#\/schema\/logo\/image\/\",\"url\":\"https:\/\/arabpouches.com\/wp-content\/uploads\/2025\/06\/cropped-Untitled-design-100.png\",\"contentUrl\":\"https:\/\/arabpouches.com\/wp-content\/uploads\/2025\/06\/cropped-Untitled-design-100.png\",\"width\":512,\"height\":512,\"caption\":\"Arab Pouches\"},\"image\":{\"@id\":\"https:\/\/arabpouches.com\/#\/schema\/logo\/image\/\"},\"hasMerchantReturnPolicy\":{\"@type\":\"MerchantReturnPolicy\",\"merchantReturnLink\":\"https:\/\/arabpouches.com\/fr\/politique-de-remboursement-et-de-retour\/\"}}]}<\/script>\n<!-- \/ Yoast SEO Premium plugin. -->","yoast_head_json":{"title":"Politique d'exp\u00e9dition - Pochettes arabes","robots":{"index":"index","follow":"follow","max-snippet":"max-snippet:-1","max-image-preview":"max-image-preview:large","max-video-preview":"max-video-preview:-1"},"canonical":"https:\/\/arabpouches.com\/fr\/politique-dexpedition\/","og_locale":"fr_FR","og_type":"article","og_title":"Shipping Policy","og_description":"Last updated April 17, 2025 This Shipping &amp; Delivery Policy is part of our Terms of Service (&#8220;Terms&#8221;) and should be therefore read alongside our main Terms: https:\/\/arabpouches.com\/terms-of-service. Please carefully review our Shipping &amp; Delivery Policy when purchasing our products. This policy will apply to any order you place with us. PROCESSING TIMES Orders completed [&hellip;]","og_url":"https:\/\/arabpouches.com\/fr\/politique-dexpedition\/","og_site_name":"Arab Pouches","article_modified_time":"2025-09-07T08:01:56+00:00","twitter_card":"summary_large_image","twitter_misc":{"Dur\u00e9e de lecture estim\u00e9e":"2 minutes"},"schema":{"@context":"https:\/\/schema.org","@graph":[{"@type":"WebPage","@id":"https:\/\/arabpouches.com\/shipping-policy\/","url":"https:\/\/arabpouches.com\/shipping-policy\/","name":"Politique d'exp\u00e9dition - Pochettes arabes","isPartOf":{"@id":"https:\/\/arabpouches.com\/#website"},"datePublished":"2025-08-10T05:37:12+00:00","dateModified":"2025-09-07T08:01:56+00:00","breadcrumb":{"@id":"https:\/\/arabpouches.com\/shipping-policy\/#breadcrumb"},"inLanguage":"fr-FR","potentialAction":[{"@type":"ReadAction","target":["https:\/\/arabpouches.com\/shipping-policy\/"]}]},{"@type":"BreadcrumbList","@id":"https:\/\/arabpouches.com\/shipping-policy\/#breadcrumb","itemListElement":[{"@type":"ListItem","position":1,"name":"Home","item":"https:\/\/arabpouches.com\/"},{"@type":"ListItem","position":2,"name":"Shipping Policy"}]},{"@type":"WebSite","@id":"https:\/\/arabpouches.com\/#website","url":"https:\/\/arabpouches.com\/","name":"arabpouches.com","description":"Sachets de nicotine Moyen-Orient","publisher":{"@id":"https:\/\/arabpouches.com\/#organization"},"potentialAction":[{"@type":"SearchAction","target":{"@type":"EntryPoint","urlTemplate":"https:\/\/arabpouches.com\/?s={search_term_string}"},"query-input":{"@type":"PropertyValueSpecification","valueRequired":true,"valueName":"search_term_string"}}],"inLanguage":"fr-FR"},{"@type":"Organization","@id":"https:\/\/arabpouches.com\/#organization","name":"Pochettes arabes","url":"https:\/\/arabpouches.com\/","logo":{"@type":"ImageObject","inLanguage":"fr-FR","@id":"https:\/\/arabpouches.com\/#\/schema\/logo\/image\/","url":"https:\/\/arabpouches.com\/wp-content\/uploads\/2025\/06\/cropped-Untitled-design-100.png","contentUrl":"https:\/\/arabpouches.com\/wp-content\/uploads\/2025\/06\/cropped-Untitled-design-100.png","width":512,"height":512,"caption":"Arab Pouches"},"image":{"@id":"https:\/\/arabpouches.com\/#\/schema\/logo\/image\/"},"hasMerchantReturnPolicy":{"@type":"MerchantReturnPolicy","merchantReturnLink":"https:\/\/arabpouches.com\/fr\/politique-de-remboursement-et-de-retour\/"}}]}},"_links":{"self":[{"href":"https:\/\/arabpouches.com\/fr\/wp-json\/wp\/v2\/pages\/2048","targetHints":{"allow":["GET"]}}],"collection":[{"href":"https:\/\/arabpouches.com\/fr\/wp-json\/wp\/v2\/pages"}],"about":[{"href":"https:\/\/arabpouches.com\/fr\/wp-json\/wp\/v2\/types\/page"}],"author":[{"embeddable":true,"href":"https:\/\/arabpouches.com\/fr\/wp-json\/wp\/v2\/users\/1"}],"replies":[{"embeddable":true,"href":"https:\/\/arabpouches.com\/fr\/wp-json\/wp\/v2\/comments?post=2048"}],"version-history":[{"count":0,"href":"https:\/\/arabpouches.com\/fr\/wp-json\/wp\/v2\/pages\/2048\/revisions"}],"wp:attachment":[{"href":"https:\/\/arabpouches.com\/fr\/wp-json\/wp\/v2\/media?parent=2048"}],"curies":[{"name":"wp","href":"https:\/\/api.w.org\/{rel}","templated":true}]}}