{"id":10,"date":"2025-06-25T00:24:01","date_gmt":"2025-06-25T00:24:01","guid":{"rendered":"https:\/\/arabpouches.com\/cart\/"},"modified":"2025-06-25T13:15:48","modified_gmt":"2025-06-25T13:15:48","slug":"chariot","status":"publish","type":"page","link":"https:\/\/arabpouches.com\/fr\/chariot\/","title":{"rendered":"Chariot"},"content":{"rendered":"<div data-block-name=\"woocommerce\/cart\" class=\"wp-block-woocommerce-cart alignwide is-loading\">\n<div data-block-name=\"woocommerce\/filled-cart-block\" class=\"wp-block-woocommerce-filled-cart-block\">\n<div data-block-name=\"woocommerce\/cart-items-block\" class=\"wp-block-woocommerce-cart-items-block\">\n<div data-block-name=\"woocommerce\/cart-line-items-block\" class=\"wp-block-woocommerce-cart-line-items-block\"><\/div>\n\n\n\n<div data-block-name=\"woocommerce\/cart-cross-sells-block\" class=\"wp-block-woocommerce-cart-cross-sells-block\">\n<h2 class=\"wp-block-heading has-large-font-size\">Vous pourriez \u00eatre int\u00e9ress\u00e9 par...<\/h2>\n\n\n\n<div data-block-name=\"woocommerce\/cart-cross-sells-products-block\" class=\"wp-block-woocommerce-cart-cross-sells-products-block\"><\/div>\n<\/div>\n<\/div>\n\n\n\n<div data-block-name=\"woocommerce\/cart-totals-block\" class=\"wp-block-woocommerce-cart-totals-block\">\n<div data-block-name=\"woocommerce\/cart-order-summary-block\" class=\"wp-block-woocommerce-cart-order-summary-block\">\n<div data-block-name=\"woocommerce\/cart-order-summary-heading-block\" class=\"wp-block-woocommerce-cart-order-summary-heading-block\"><\/div><div data-block-name=\"woocommerce\/cart-order-summary-coupon-form-block\" class=\"wp-block-woocommerce-cart-order-summary-coupon-form-block\"><\/div><div data-block-name=\"woocommerce\/cart-order-summary-totals-block\" class=\"wp-block-woocommerce-cart-order-summary-totals-block\">\n<div data-block-name=\"woocommerce\/cart-order-summary-subtotal-block\" class=\"wp-block-woocommerce-cart-order-summary-subtotal-block\"><\/div>\n<div data-block-name=\"woocommerce\/cart-order-summary-discount-block\" class=\"wp-block-woocommerce-cart-order-summary-discount-block\"><\/div>\n<div data-block-name=\"woocommerce\/cart-order-summary-fee-block\" class=\"wp-block-woocommerce-cart-order-summary-fee-block\"><\/div>\n<div data-block-name=\"woocommerce\/cart-order-summary-shipping-block\" class=\"wp-block-woocommerce-cart-order-summary-shipping-block\"><\/div>\n<div data-block-name=\"woocommerce\/cart-order-summary-taxes-block\" class=\"wp-block-woocommerce-cart-order-summary-taxes-block\"><\/div><\/div>\n<\/div>\n\n\n\n<div data-block-name=\"woocommerce\/cart-express-payment-block\" class=\"wp-block-woocommerce-cart-express-payment-block\"><\/div>\n\n\n\n<div data-block-name=\"woocommerce\/proceed-to-checkout-block\" class=\"wp-block-woocommerce-proceed-to-checkout-block\"><\/div>\n\n\n\n<div data-block-name=\"woocommerce\/cart-accepted-payment-methods-block\" class=\"wp-block-woocommerce-cart-accepted-payment-methods-block\"><\/div>\n<\/div>\n<\/div>\n\n\n\n<div data-block-name=\"woocommerce\/empty-cart-block\" class=\"wp-block-woocommerce-empty-cart-block\">\n<h2 class=\"wp-block-heading has-text-align-center with-empty-cart-icon wc-block-cart__empty-cart__title\">Votre panier est actuellement vide !<\/h2>\n\n\n\n<hr class=\"wp-block-separator has-alpha-channel-opacity is-style-dots\"\/>\n\n\n\n<h2 class=\"wp-block-heading has-text-align-center\">Nouveau en magasin<\/h2>\n\n\n<div data-block-name=\"woocommerce\/product-new\" data-columns=\"4\" data-rows=\"1\" class=\"wc-block-grid wp-block-product-new wp-block-woocommerce-product-new wc-block-product-new has-4-columns\"><ul class=\"wc-block-grid__products\"><li class=\"wc-block-grid__product\">\n\t\t\t\t<a href=\"https:\/\/arabpouches.com\/fr\/zyn-slim-gentle-mint-6-5-mg-sachet\/\" class=\"wc-block-grid__product-link\">\n\t\t\t\t\t<div class=\"wc-block-grid__product-onsale\">\n\t\t\t<span aria-hidden=\"true\" data-no-translation=\"\" data-trp-gettext=\"\">Promo<\/span>\n\t\t\t<span class=\"screen-reader-text\" data-no-translation=\"\" data-trp-gettext=\"\">Produit en promotion<\/span>\n\t\t<\/div>\n\t\t\t\t\t<div class=\"wc-block-grid__product-image\"><div class=\"asnp-sale-badge-image-wrapper\" style=\"display:block; position:relative;\"><img fetchpriority=\"high\" decoding=\"async\" width=\"300\" height=\"300\" src=\"https:\/\/arabpouches.com\/wp-content\/uploads\/2025\/08\/zyn-gentle-mint-300x300.png\" class=\"attachment-woocommerce_thumbnail size-woocommerce_thumbnail\" alt=\"ZYN Slim Gentle Mint\" srcset=\"https:\/\/arabpouches.com\/wp-content\/uploads\/2025\/08\/zyn-gentle-mint-300x300.png 300w, https:\/\/arabpouches.com\/wp-content\/uploads\/2025\/08\/zyn-gentle-mint-100x100.png 100w, https:\/\/arabpouches.com\/wp-content\/uploads\/2025\/08\/zyn-gentle-mint-150x150.png 150w, https:\/\/arabpouches.com\/wp-content\/uploads\/2025\/08\/zyn-gentle-mint-12x12.png 12w, https:\/\/arabpouches.com\/wp-content\/uploads\/2025\/08\/zyn-gentle-mint-40x40.png 40w, https:\/\/arabpouches.com\/wp-content\/uploads\/2025\/08\/zyn-gentle-mint.png 500w\" sizes=\"(max-width: 300px) 100vw, 300px\" \/><div class=\"asnp-esb-badge-element asnp-esb-productBadge asnp-esb-productBadge-33 asnp-esb-css-label-on-image\"><div class=\"asnp-esb-badge-33\"><span class=\"asnp-esb-inner-span2-33\"><\/span><div class=\"asnp-esb-inner-span1-33\"><div class=\"asnp-esb-inner-span4-33\">6,5 MG\/POCHETTE<\/div><\/div><\/div><\/div><\/div><\/div>\n\t\t\t\t\t<div class=\"wc-block-grid__product-title\">ZYN Slim Gentle Mint<\/div>\n\t\t\t\t<\/a>\n\t\t\t\t<div class=\"wc-block-grid__product-price price\"><span class=\"wmc-cache-pid\" data-wmc_product_id=\"1653\"><del aria-hidden=\"true\"><span class=\"woocommerce-Price-amount amount\"><span class=\"woocommerce-Price-currencySymbol\">&#036;<\/span>11.00<\/span><\/del> <span class=\"screen-reader-text\" data-no-translation=\"\" data-trp-gettext=\"\">Le prix original \u00e9tait : &#036;11.00.<\/span><ins aria-hidden=\"true\"><span class=\"woocommerce-Price-amount amount\"><span class=\"woocommerce-Price-currencySymbol\">&#036;<\/span>7.90<\/span><\/ins><span class=\"screen-reader-text\" data-no-translation=\"\" data-trp-gettext=\"\">Le prix actuel est : &#036;7.90.<\/span><\/span><\/div>\n\t\t\t\t\n\t\t\t\t<div class=\"wp-block-button wc-block-grid__product-add-to-cart\"><a href=\"\/fr\/wp-json\/wp\/v2\/pages\/10?add-to-cart=1653\" aria-label=\"Ajouter au panier : &quot;ZYN Slim Gentle Mint\" data-quantity=\"1\" data-product_id=\"1653\" data-product_sku=\"ZYN-6M-GENTLE\" data-price=\"7.9\" rel=\"nofollow\" class=\"wp-block-button__link  add_to_cart_button ajax_add_to_cart\" data-no-translation=\"\" data-trp-gettext=\"\" data-no-translation-aria-label=\"\">Ajouter au panier<\/a><\/div>\n\t\t\t<\/li><li class=\"wc-block-grid__product\">\n\t\t\t\t<a href=\"https:\/\/arabpouches.com\/fr\/velo-mango-flame-10-mg-sachet\/\" class=\"wc-block-grid__product-link\">\n\t\t\t\t\t<div class=\"wc-block-grid__product-onsale\">\n\t\t\t<span aria-hidden=\"true\" data-no-translation=\"\" data-trp-gettext=\"\">Promo<\/span>\n\t\t\t<span class=\"screen-reader-text\" data-no-translation=\"\" data-trp-gettext=\"\">Produit en promotion<\/span>\n\t\t<\/div>\n\t\t\t\t\t<div class=\"wc-block-grid__product-image\"><img decoding=\"async\" width=\"300\" height=\"300\" src=\"https:\/\/arabpouches.com\/wp-content\/uploads\/2025\/08\/Xsp3zTbAIfT2wxmKh12IMGOsWY8UHBpNIYyJrHub-300x300.png\" class=\"attachment-woocommerce_thumbnail size-woocommerce_thumbnail\" alt=\"VELO Mango Flame\" srcset=\"https:\/\/arabpouches.com\/wp-content\/uploads\/2025\/08\/Xsp3zTbAIfT2wxmKh12IMGOsWY8UHBpNIYyJrHub-300x300.png 300w, https:\/\/arabpouches.com\/wp-content\/uploads\/2025\/08\/Xsp3zTbAIfT2wxmKh12IMGOsWY8UHBpNIYyJrHub-150x150.png 150w, https:\/\/arabpouches.com\/wp-content\/uploads\/2025\/08\/Xsp3zTbAIfT2wxmKh12IMGOsWY8UHBpNIYyJrHub-12x12.png 12w, https:\/\/arabpouches.com\/wp-content\/uploads\/2025\/08\/Xsp3zTbAIfT2wxmKh12IMGOsWY8UHBpNIYyJrHub-100x100.png 100w, https:\/\/arabpouches.com\/wp-content\/uploads\/2025\/08\/Xsp3zTbAIfT2wxmKh12IMGOsWY8UHBpNIYyJrHub-40x40.png 40w, https:\/\/arabpouches.com\/wp-content\/uploads\/2025\/08\/Xsp3zTbAIfT2wxmKh12IMGOsWY8UHBpNIYyJrHub.png 493w\" sizes=\"(max-width: 300px) 100vw, 300px\" \/><\/div>\n\t\t\t\t\t<div class=\"wc-block-grid__product-title\">VELO Mango Flame<\/div>\n\t\t\t\t<\/a>\n\t\t\t\t<div class=\"wc-block-grid__product-price price\"><span class=\"wmc-cache-pid\" data-wmc_product_id=\"1650\"><del aria-hidden=\"true\"><span class=\"woocommerce-Price-amount amount\"><span class=\"woocommerce-Price-currencySymbol\">&#036;<\/span>11.00<\/span><\/del> <span class=\"screen-reader-text\" data-no-translation=\"\" data-trp-gettext=\"\">Le prix original \u00e9tait : &#036;11.00.<\/span><ins aria-hidden=\"true\"><span class=\"woocommerce-Price-amount amount\"><span class=\"woocommerce-Price-currencySymbol\">&#036;<\/span>7.90<\/span><\/ins><span class=\"screen-reader-text\" data-no-translation=\"\" data-trp-gettext=\"\">Le prix actuel est : &#036;7.90.<\/span><\/span><\/div>\n\t\t\t\t\n\t\t\t\t<div class=\"wp-block-button wc-block-grid__product-add-to-cart\"><a href=\"\/fr\/wp-json\/wp\/v2\/pages\/10?add-to-cart=1650\" aria-label=\"Ajouter au panier : &quot;VELO Mango Flame\" data-quantity=\"1\" data-product_id=\"1650\" data-product_sku=\"VEL-MFLAME-10MG\" data-price=\"7.9\" rel=\"nofollow\" class=\"wp-block-button__link  add_to_cart_button ajax_add_to_cart\" data-no-translation=\"\" data-trp-gettext=\"\" data-no-translation-aria-label=\"\">Ajouter au panier<\/a><\/div>\n\t\t\t<\/li><li class=\"wc-block-grid__product\">\n\t\t\t\t<a href=\"https:\/\/arabpouches.com\/fr\/zyn-slim-menthe-verte-6-5-mg-sachet\/\" class=\"wc-block-grid__product-link\">\n\t\t\t\t\t<div class=\"wc-block-grid__product-onsale\">\n\t\t\t<span aria-hidden=\"true\" data-no-translation=\"\" data-trp-gettext=\"\">Promo<\/span>\n\t\t\t<span class=\"screen-reader-text\" data-no-translation=\"\" data-trp-gettext=\"\">Produit en promotion<\/span>\n\t\t<\/div>\n\t\t\t\t\t<div class=\"wc-block-grid__product-image\"><div class=\"asnp-sale-badge-image-wrapper\" style=\"display:block; position:relative;\"><img decoding=\"async\" width=\"300\" height=\"300\" src=\"https:\/\/arabpouches.com\/wp-content\/uploads\/2025\/08\/3_f3d260ad-21e3-4382-91e9-5831f49a1990-300x300.png\" class=\"attachment-woocommerce_thumbnail size-woocommerce_thumbnail\" alt=\"ZYN Slim Menthe verte\" srcset=\"https:\/\/arabpouches.com\/wp-content\/uploads\/2025\/08\/3_f3d260ad-21e3-4382-91e9-5831f49a1990-300x300.png 300w, https:\/\/arabpouches.com\/wp-content\/uploads\/2025\/08\/3_f3d260ad-21e3-4382-91e9-5831f49a1990-100x100.png 100w, https:\/\/arabpouches.com\/wp-content\/uploads\/2025\/08\/3_f3d260ad-21e3-4382-91e9-5831f49a1990-150x150.png 150w, https:\/\/arabpouches.com\/wp-content\/uploads\/2025\/08\/3_f3d260ad-21e3-4382-91e9-5831f49a1990-12x12.png 12w, https:\/\/arabpouches.com\/wp-content\/uploads\/2025\/08\/3_f3d260ad-21e3-4382-91e9-5831f49a1990-40x40.png 40w, https:\/\/arabpouches.com\/wp-content\/uploads\/2025\/08\/3_f3d260ad-21e3-4382-91e9-5831f49a1990.png 500w\" sizes=\"(max-width: 300px) 100vw, 300px\" \/><div class=\"asnp-esb-badge-element asnp-esb-productBadge asnp-esb-productBadge-33 asnp-esb-css-label-on-image\"><div class=\"asnp-esb-badge-33\"><span class=\"asnp-esb-inner-span2-33\"><\/span><div class=\"asnp-esb-inner-span1-33\"><div class=\"asnp-esb-inner-span4-33\">6,5 MG\/POCHETTE<\/div><\/div><\/div><\/div><\/div><\/div>\n\t\t\t\t\t<div class=\"wc-block-grid__product-title\">ZYN Slim Menthe verte<\/div>\n\t\t\t\t<\/a>\n\t\t\t\t<div class=\"wc-block-grid__product-price price\"><span class=\"wmc-cache-pid\" data-wmc_product_id=\"1474\"><del aria-hidden=\"true\"><span class=\"woocommerce-Price-amount amount\"><span class=\"woocommerce-Price-currencySymbol\">&#036;<\/span>11.00<\/span><\/del> <span class=\"screen-reader-text\" data-no-translation=\"\" data-trp-gettext=\"\">Le prix original \u00e9tait : &#036;11.00.<\/span><ins aria-hidden=\"true\"><span class=\"woocommerce-Price-amount amount\"><span class=\"woocommerce-Price-currencySymbol\">&#036;<\/span>7.90<\/span><\/ins><span class=\"screen-reader-text\" data-no-translation=\"\" data-trp-gettext=\"\">Le prix actuel est : &#036;7.90.<\/span><\/span><\/div>\n\t\t\t\t\n\t\t\t\t<div class=\"wp-block-button wc-block-grid__product-add-to-cart\"><a href=\"\/fr\/wp-json\/wp\/v2\/pages\/10?add-to-cart=1474\" aria-label=\"Ajouter au panier : &quot;ZYN Slim Spearmint\" data-quantity=\"1\" data-product_id=\"1474\" data-product_sku=\"ZYN-6.5M-SPEAR\" data-price=\"7.9\" rel=\"nofollow\" class=\"wp-block-button__link  add_to_cart_button ajax_add_to_cart\" data-no-translation=\"\" data-trp-gettext=\"\" data-no-translation-aria-label=\"\">Ajouter au panier<\/a><\/div>\n\t\t\t<\/li><li class=\"wc-block-grid__product\">\n\t\t\t\t<a href=\"https:\/\/arabpouches.com\/fr\/pablo-exclusive-kiwi-strong-30-mg-sachet\/\" class=\"wc-block-grid__product-link\">\n\t\t\t\t\t<div class=\"wc-block-grid__product-onsale\">\n\t\t\t<span aria-hidden=\"true\" data-no-translation=\"\" data-trp-gettext=\"\">Promo<\/span>\n\t\t\t<span class=\"screen-reader-text\" data-no-translation=\"\" data-trp-gettext=\"\">Produit en promotion<\/span>\n\t\t<\/div>\n\t\t\t\t\t<div class=\"wc-block-grid__product-image\"><div class=\"asnp-sale-badge-image-wrapper\" style=\"display:block; position:relative;\"><img loading=\"lazy\" decoding=\"async\" width=\"278\" height=\"278\" src=\"https:\/\/arabpouches.com\/wp-content\/uploads\/2025\/08\/07776bdf-0b57-4146-a270-1a121322aed1.png\" class=\"attachment-woocommerce_thumbnail size-woocommerce_thumbnail\" alt=\"PABLO Exclusive Kiwi Strong\" srcset=\"https:\/\/arabpouches.com\/wp-content\/uploads\/2025\/08\/07776bdf-0b57-4146-a270-1a121322aed1.png 278w, https:\/\/arabpouches.com\/wp-content\/uploads\/2025\/08\/07776bdf-0b57-4146-a270-1a121322aed1-100x100.png 100w, https:\/\/arabpouches.com\/wp-content\/uploads\/2025\/08\/07776bdf-0b57-4146-a270-1a121322aed1-150x150.png 150w, https:\/\/arabpouches.com\/wp-content\/uploads\/2025\/08\/07776bdf-0b57-4146-a270-1a121322aed1-12x12.png 12w, https:\/\/arabpouches.com\/wp-content\/uploads\/2025\/08\/07776bdf-0b57-4146-a270-1a121322aed1-40x40.png 40w\" sizes=\"(max-width: 278px) 100vw, 278px\" \/><div class=\"asnp-esb-badge-element asnp-esb-productBadge asnp-esb-productBadge-26 asnp-esb-css-label-on-image\"><div class=\"asnp-esb-badge-26\"><span class=\"asnp-esb-inner-span2-26\"><\/span><div class=\"asnp-esb-inner-span1-26\"><div class=\"asnp-esb-inner-span4-26\">30 MG\/POUCHE<\/div><\/div><\/div><\/div><\/div><\/div>\n\t\t\t\t\t<div class=\"wc-block-grid__product-title\">PABLO Exclusive Kiwi Strong<\/div>\n\t\t\t\t<\/a>\n\t\t\t\t<div class=\"wc-block-grid__product-price price\"><span class=\"wmc-cache-pid\" data-wmc_product_id=\"1448\"><del aria-hidden=\"true\"><span class=\"woocommerce-Price-amount amount\"><span class=\"woocommerce-Price-currencySymbol\">&#036;<\/span>11.00<\/span><\/del> <span class=\"screen-reader-text\" data-no-translation=\"\" data-trp-gettext=\"\">Le prix original \u00e9tait : &#036;11.00.<\/span><ins aria-hidden=\"true\"><span class=\"woocommerce-Price-amount amount\"><span class=\"woocommerce-Price-currencySymbol\">&#036;<\/span>7.90<\/span><\/ins><span class=\"screen-reader-text\" data-no-translation=\"\" data-trp-gettext=\"\">Le prix actuel est : &#036;7.90.<\/span><\/span><\/div>\n\t\t\t\t\n\t\t\t\t<div class=\"wp-block-button wc-block-grid__product-add-to-cart\"><a href=\"\/fr\/wp-json\/wp\/v2\/pages\/10?add-to-cart=1448\" aria-label=\"Ajouter au panier : &quot;PABLO Exclusive Kiwi Strong\" data-quantity=\"1\" data-product_id=\"1448\" data-product_sku=\"PAB-KIW-30MG\" data-price=\"7.9\" rel=\"nofollow\" class=\"wp-block-button__link  add_to_cart_button ajax_add_to_cart\" data-no-translation=\"\" data-trp-gettext=\"\" data-no-translation-aria-label=\"\">Ajouter au panier<\/a><\/div>\n\t\t\t<\/li><\/ul><\/div><\/div>\n<\/div>","protected":false},"excerpt":{"rendered":"","protected":false},"author":1,"featured_media":0,"parent":0,"menu_order":0,"comment_status":"closed","ping_status":"closed","template":"","meta":{"footnotes":""},"class_list":["post-10","page","type-page","status-publish","hentry"],"yoast_head":"<!-- This site is optimized with the Yoast SEO Premium plugin v25.9 (Yoast SEO v26.0) - https:\/\/yoast.com\/wordpress\/plugins\/seo\/ -->\n<title>Cart - Arab Pouches<\/title>\n<meta name=\"robots\" content=\"index, follow, max-snippet:-1, max-image-preview:large, max-video-preview:-1\" \/>\n<link rel=\"canonical\" href=\"https:\/\/arabpouches.com\/fr\/chariot\/\" \/>\n<meta property=\"og:locale\" content=\"fr_FR\" \/>\n<meta property=\"og:type\" content=\"article\" \/>\n<meta property=\"og:title\" content=\"Cart\" \/>\n<meta property=\"og:url\" content=\"https:\/\/arabpouches.com\/fr\/chariot\/\" \/>\n<meta property=\"og:site_name\" content=\"Arab Pouches\" \/>\n<meta property=\"article:modified_time\" content=\"2025-06-25T13:15:48+00:00\" \/>\n<meta name=\"twitter:card\" content=\"summary_large_image\" \/>\n<script type=\"application\/ld+json\" class=\"yoast-schema-graph\">{\"@context\":\"https:\/\/schema.org\",\"@graph\":[{\"@type\":\"WebPage\",\"@id\":\"https:\/\/arabpouches.com\/cart\/\",\"url\":\"https:\/\/arabpouches.com\/cart\/\",\"name\":\"Cart - Arab Pouches\",\"isPartOf\":{\"@id\":\"https:\/\/arabpouches.com\/#website\"},\"datePublished\":\"2025-06-25T00:24:01+00:00\",\"dateModified\":\"2025-06-25T13:15:48+00:00\",\"breadcrumb\":{\"@id\":\"https:\/\/arabpouches.com\/cart\/#breadcrumb\"},\"inLanguage\":\"fr-FR\",\"potentialAction\":[{\"@type\":\"ReadAction\",\"target\":[\"https:\/\/arabpouches.com\/cart\/\"]}]},{\"@type\":\"BreadcrumbList\",\"@id\":\"https:\/\/arabpouches.com\/cart\/#breadcrumb\",\"itemListElement\":[{\"@type\":\"ListItem\",\"position\":1,\"name\":\"Home\",\"item\":\"https:\/\/arabpouches.com\/\"},{\"@type\":\"ListItem\",\"position\":2,\"name\":\"Cart\"}]},{\"@type\":\"WebSite\",\"@id\":\"https:\/\/arabpouches.com\/#website\",\"url\":\"https:\/\/arabpouches.com\/\",\"name\":\"arabpouches.com\",\"description\":\"Nicotine Pouches Middle East\",\"publisher\":{\"@id\":\"https:\/\/arabpouches.com\/#organization\"},\"potentialAction\":[{\"@type\":\"SearchAction\",\"target\":{\"@type\":\"EntryPoint\",\"urlTemplate\":\"https:\/\/arabpouches.com\/?s={search_term_string}\"},\"query-input\":{\"@type\":\"PropertyValueSpecification\",\"valueRequired\":true,\"valueName\":\"search_term_string\"}}],\"inLanguage\":\"fr-FR\"},{\"@type\":\"Organization\",\"@id\":\"https:\/\/arabpouches.com\/#organization\",\"name\":\"Arab Pouches\",\"url\":\"https:\/\/arabpouches.com\/\",\"logo\":{\"@type\":\"ImageObject\",\"inLanguage\":\"fr-FR\",\"@id\":\"https:\/\/arabpouches.com\/#\/schema\/logo\/image\/\",\"url\":\"https:\/\/arabpouches.com\/wp-content\/uploads\/2025\/06\/cropped-Untitled-design-100.png\",\"contentUrl\":\"https:\/\/arabpouches.com\/wp-content\/uploads\/2025\/06\/cropped-Untitled-design-100.png\",\"width\":512,\"height\":512,\"caption\":\"Arab Pouches\"},\"image\":{\"@id\":\"https:\/\/arabpouches.com\/#\/schema\/logo\/image\/\"},\"hasMerchantReturnPolicy\":{\"@type\":\"MerchantReturnPolicy\",\"merchantReturnLink\":\"https:\/\/arabpouches.com\/fr\/politique-de-remboursement-et-de-retour\/\"}}]}<\/script>\n<!-- \/ Yoast SEO Premium plugin. -->","yoast_head_json":{"title":"Chariot - Pochettes arabes","robots":{"index":"index","follow":"follow","max-snippet":"max-snippet:-1","max-image-preview":"max-image-preview:large","max-video-preview":"max-video-preview:-1"},"canonical":"https:\/\/arabpouches.com\/fr\/chariot\/","og_locale":"fr_FR","og_type":"article","og_title":"Cart","og_url":"https:\/\/arabpouches.com\/fr\/chariot\/","og_site_name":"Arab Pouches","article_modified_time":"2025-06-25T13:15:48+00:00","twitter_card":"summary_large_image","schema":{"@context":"https:\/\/schema.org","@graph":[{"@type":"WebPage","@id":"https:\/\/arabpouches.com\/cart\/","url":"https:\/\/arabpouches.com\/cart\/","name":"Chariot - Pochettes arabes","isPartOf":{"@id":"https:\/\/arabpouches.com\/#website"},"datePublished":"2025-06-25T00:24:01+00:00","dateModified":"2025-06-25T13:15:48+00:00","breadcrumb":{"@id":"https:\/\/arabpouches.com\/cart\/#breadcrumb"},"inLanguage":"fr-FR","potentialAction":[{"@type":"ReadAction","target":["https:\/\/arabpouches.com\/cart\/"]}]},{"@type":"BreadcrumbList","@id":"https:\/\/arabpouches.com\/cart\/#breadcrumb","itemListElement":[{"@type":"ListItem","position":1,"name":"Home","item":"https:\/\/arabpouches.com\/"},{"@type":"ListItem","position":2,"name":"Cart"}]},{"@type":"WebSite","@id":"https:\/\/arabpouches.com\/#website","url":"https:\/\/arabpouches.com\/","name":"arabpouches.com","description":"Sachets de nicotine Moyen-Orient","publisher":{"@id":"https:\/\/arabpouches.com\/#organization"},"potentialAction":[{"@type":"SearchAction","target":{"@type":"EntryPoint","urlTemplate":"https:\/\/arabpouches.com\/?s={search_term_string}"},"query-input":{"@type":"PropertyValueSpecification","valueRequired":true,"valueName":"search_term_string"}}],"inLanguage":"fr-FR"},{"@type":"Organization","@id":"https:\/\/arabpouches.com\/#organization","name":"Pochettes arabes","url":"https:\/\/arabpouches.com\/","logo":{"@type":"ImageObject","inLanguage":"fr-FR","@id":"https:\/\/arabpouches.com\/#\/schema\/logo\/image\/","url":"https:\/\/arabpouches.com\/wp-content\/uploads\/2025\/06\/cropped-Untitled-design-100.png","contentUrl":"https:\/\/arabpouches.com\/wp-content\/uploads\/2025\/06\/cropped-Untitled-design-100.png","width":512,"height":512,"caption":"Arab Pouches"},"image":{"@id":"https:\/\/arabpouches.com\/#\/schema\/logo\/image\/"},"hasMerchantReturnPolicy":{"@type":"MerchantReturnPolicy","merchantReturnLink":"https:\/\/arabpouches.com\/fr\/politique-de-remboursement-et-de-retour\/"}}]}},"_links":{"self":[{"href":"https:\/\/arabpouches.com\/fr\/wp-json\/wp\/v2\/pages\/10","targetHints":{"allow":["GET"]}}],"collection":[{"href":"https:\/\/arabpouches.com\/fr\/wp-json\/wp\/v2\/pages"}],"about":[{"href":"https:\/\/arabpouches.com\/fr\/wp-json\/wp\/v2\/types\/page"}],"author":[{"embeddable":true,"href":"https:\/\/arabpouches.com\/fr\/wp-json\/wp\/v2\/users\/1"}],"replies":[{"embeddable":true,"href":"https:\/\/arabpouches.com\/fr\/wp-json\/wp\/v2\/comments?post=10"}],"version-history":[{"count":0,"href":"https:\/\/arabpouches.com\/fr\/wp-json\/wp\/v2\/pages\/10\/revisions"}],"wp:attachment":[{"href":"https:\/\/arabpouches.com\/fr\/wp-json\/wp\/v2\/media?parent=10"}],"curies":[{"name":"wp","href":"https:\/\/api.w.org\/{rel}","templated":true}]}}